{"id":14585,"date":"2026-04-08T16:21:15","date_gmt":"2026-04-08T14:21:15","guid":{"rendered":"https:\/\/deep-space-astronomy.ch\/?post_type=product&#038;p=14585"},"modified":"2026-04-08T16:21:30","modified_gmt":"2026-04-08T14:21:30","slug":"skywatcher-explorer-130m-motorise","status":"publish","type":"product","link":"https:\/\/deep-space-astronomy.ch\/de\/produkt\/skywatcher-explorer-130m-motorise\/","title":{"rendered":"Skywatcher Explorer 130M Motorisiert"},"content":{"rendered":"<h3>Skywatcher Explorer 130M Motorisiert: 130-mm-Newton-Teleskop mit automatischer Nachf\u00fchrung und \u00e4quatorialer Montierung<\/h3>\n<p>Die <strong>Skywatcher Explorer 130M Motorisiert<\/strong> ist ein vielseitiges und leistungsstarkes Teleskop, das sowohl f\u00fcr ernsthafte Anf\u00e4nger als auch f\u00fcr Amateure, die schnell Fortschritte machen wollen, perfekt geeignet ist. Auf der Grundlage des ber\u00fchmten Explorer-130M-Modells enth\u00e4lt diese erweiterte Version ein <strong>Antriebsmotor f\u00fcr Rechtsaufstieg<\/strong>, Die neue Generation von Teleskopen, die eine automatische Verfolgung von Himmelsobjekten erm\u00f6glicht, sorgt f\u00fcr einen deutlich h\u00f6heren Beobachtungskomfort.<\/p>\n<p>Mit einer \u00d6ffnung von 130 mm und einer pr\u00e4zisen \u00e4quatorialen Montierung ist dieses Teleskop ein hervorragender Einstieg in die fortgeschrittene Praxis der Astronomie.<\/p>\n<h3>130-mm-Optik: Leistungsstark und vielseitig<\/h3>\n<p>Der Explorer 130M ist mit einem Hauptspiegel von <strong>130 mm<\/strong>, und bietet die M\u00f6glichkeit, Licht zu sammeln <strong>30 % gr\u00f6\u00dfer als ein 114-mm-Modell<\/strong>. Diese Blende f\u00e4ngt mehr Licht ein und zeigt feinere Details, besonders bei Deep-Sky-Objekten.<\/p>\n<p>Mit einer Brennweite von <strong>900 mm (f\/6,92)<\/strong>, Dieses Teleskop bietet ein hervorragendes Gleichgewicht zwischen Vergr\u00f6\u00dferung und Sichtfeld. Es ist ideal zum Beobachten :<\/p>\n<ul>\n<li>die Krater und Reliefs auf dem Mond genau zu erkennen<\/li>\n<li>Planeten wie Jupiter, Saturn und Mars<\/li>\n<li>die hellsten Nebel und Galaxien<\/li>\n<li>offene und kugelf\u00f6rmige Sternhaufen<\/li>\n<\/ul>\n<p>Seine theoretische Maximalvergr\u00f6\u00dferung von <strong>x260<\/strong> erm\u00f6glicht es, eine Vielzahl von Himmelsobjekten detailliert zu erforschen, wobei ein brauchbares und kontrastreiches Bild erhalten bleibt.<\/p>\n<h3>Motorisierte \u00e4quatoriale Montierung EQ2: Automatische Nachf\u00fchrung und Komfort<\/h3>\n<p>Die <strong>\u00e4quatoriale Montierung EQ2<\/strong> erm\u00f6glicht die genaue Verfolgung von Himmelsobjekten nach der Ausrichtung auf den Himmelspol. Sie gleicht die Erdrotation aus und h\u00e4lt das beobachtete Objekt im Sichtfeld.<\/p>\n<p>Das Hinzuf\u00fcgen eines <strong>Motor an der Rektaszensionsachse (RA)<\/strong> bringt echten Benutzerkomfort :<\/p>\n<ul>\n<li>automatische Verfolgung von Objekten ohne st\u00e4ndiges Eingreifen<\/li>\n<li>fl\u00fcssigeres und angenehmeres Beobachten<\/li>\n<li>ideal f\u00fcr lange Beobachtungssessions<\/li>\n<\/ul>\n<p>Der Motor wird \u00fcber eine <strong>Multigeschwindigkeitsschl\u00e4ger<\/strong>, Die Nachf\u00fchrgeschwindigkeit kann je nach beobachtetem Objekt (Mond, Planetar oder Sideral) genau eingestellt werden.<\/p>\n<p>Die manuelle Steuerung langsamer Bewegungen ist weiterhin f\u00fcr Feinanpassungen auf der RA- und DEC-Achse verf\u00fcgbar.<\/p>\n<h3>Umfassendes und vielseitiges Zubeh\u00f6r<\/h3>\n<p>Der Skywatcher Explorer 130M wird mit allem notwendigen Zubeh\u00f6r geliefert, damit Sie sofort loslegen k\u00f6nnen:<\/p>\n<ul>\n<li>Okulare 25 mm und 10 mm (Format 1,25\u2033)<\/li>\n<li>2x Barlow-Linse zur Erweiterung des Vergr\u00f6\u00dferungsbereichs<\/li>\n<li>Sucher mit rotem Punkt f\u00fcr eine schnelle und intuitive Orientierung<\/li>\n<\/ul>\n<p>Mit diesen Ger\u00e4ten lassen sich mehrere n\u00fctzliche Vergr\u00f6\u00dferungen erzielen: <strong>x36, x72, x90 und x180<\/strong>, Die Daten werden in einer Vielzahl von Formaten gespeichert, die eine gro\u00dfe Bandbreite an Beobachtungen ohne Qualit\u00e4tsverlust abdecken.<\/p>\n<h3>Stabile und transportable Struktur<\/h3>\n<p>Das Teleskop ruht auf einem <strong>verstellbares Aluminiumstativ<\/strong>, und bietet einen guten Kompromiss zwischen Leichtigkeit und Stabilit\u00e4t. Dank der integrierten Zubeh\u00f6rablage sind die Okulare beim Beobachten immer griffbereit.<\/p>\n<p>Relativ leicht zu transportieren und zu installieren, eignet sich dieses Modell hervorragend f\u00fcr den Gebrauch zu Hause wie auch f\u00fcr Ausfl\u00fcge ins Freie.<\/p>\n<h3>Eine ausgezeichnete Wahl, um sich in der Astronomie weiterzuentwickeln<\/h3>\n<p>Das motorisierte Explorer 130M ist ein besonders interessantes Instrument f\u00fcr diejenigen, die mehr als nur ein Einsteigerteleskop suchen. Seine Motorisierung ist ein erster Schritt in Richtung fortgeschrittener Praktiken wie leichte Astrofotografie oder l\u00e4ngere Beobachtungen bei hoher Vergr\u00f6\u00dferung.<\/p>\n<p>Seine Vielseitigkeit erm\u00f6glicht es, den Nachthimmel in vollen Z\u00fcgen zu genie\u00dfen, sei es das Sonnensystem oder Deep-Sky-Objekte, und bietet gleichzeitig viel Raum f\u00fcr Verbesserungen.<\/p>\n<h3>Tabelle der technischen Daten<\/h3>\n<table border=\"1\" cellspacing=\"0\" cellpadding=\"8\">\n<tbody>\n<tr>\n<th>Merkmal<\/th>\n<th>Detail<\/th>\n<\/tr>\n<tr>\n<td>Optischer Typ<\/td>\n<td>Newton (Reflektor)<\/td>\n<\/tr>\n<tr>\n<td>Durchmesser<\/td>\n<td>130 mm<\/td>\n<\/tr>\n<tr>\n<td>Brennweite<\/td>\n<td>900 mm<\/td>\n<\/tr>\n<tr>\n<td>Fokusbericht<\/td>\n<td>f\/6.92<\/td>\n<\/tr>\n<tr>\n<td>Mitgelieferte Vergr\u00f6\u00dferungen<\/td>\n<td>x36, x72, x90, x180<\/td>\n<\/tr>\n<tr>\n<td>Maximale Vergr\u00f6\u00dferung<\/td>\n<td>x260<\/td>\n<\/tr>\n<tr>\n<td>Rahmen<\/td>\n<td>\u00c4quatorial EQ2 motorisiert<\/td>\n<\/tr>\n<tr>\n<td>Motorisierung<\/td>\n<td>RA-Motor mit Multi-Gang-Racket<\/td>\n<\/tr>\n<tr>\n<td>Zubeh\u00f6r<\/td>\n<td>Okulare 10 mm &amp; 25 mm, Barlow x2, Rotpunktsucher<\/td>\n<\/tr>\n<tr>\n<td>Stativ<\/td>\n<td>Aluminium mit Tablett<\/td>\n<\/tr>\n<\/tbody>\n<\/table>\n<h3>Schlussfolgerung<\/h3>\n<p>Die <strong>Skywatcher Explorer 130M motorisiert<\/strong> ist ein komplettes, leistungsstarkes und komfortables Teleskop. Mit seinem eingebauten Motor, der guten \u00d6ffnung und dem mitgelieferten Zubeh\u00f6r ist es eine ausgezeichnete Wahl f\u00fcr Astronomen, die sich weiterentwickeln m\u00f6chten und dabei von einer pr\u00e4zisen automatischen Nachf\u00fchrung und einem optimierten Beobachtungserlebnis profitieren m\u00f6chten.<\/p>","protected":false},"excerpt":{"rendered":"<p>Skywatcher Explorer 130M Motoris\u00e9 : t\u00e9lescope Newton 130 mm avec suivi automatique et monture \u00e9quatoriale Le Skywatcher Explorer 130M Motoris\u00e9 est un t\u00e9lescope polyvalent et performant, parfaitement adapt\u00e9 aux astronomes d\u00e9butants s\u00e9rieux ainsi qu\u2019aux amateurs souhaitant progresser rapidement. Bas\u00e9 sur le c\u00e9l\u00e8bre mod\u00e8le Explorer-130M, cette version enrichie int\u00e8gre un moteur d\u2019entra\u00eenement en ascension droite, permettant [&hellip;]<\/p>\n","protected":false},"featured_media":14586,"comment_status":"open","ping_status":"closed","template":"","meta":[],"product_brand":[822],"product_cat":[392,762,20,747],"product_tag":[],"class_list":{"0":"post-14585","1":"product","2":"type-product","3":"status-publish","4":"has-post-thumbnail","6":"product_brand-sky-watcher","7":"product_cat-telescopes_reflecteurs","8":"product_cat-equatoriales","9":"product_cat-montures","10":"product_cat-newton","12":"first","13":"on_supplier","14":"taxable","15":"shipping-taxable","16":"purchasable","17":"product-type-simple"},"_links":{"self":[{"href":"https:\/\/deep-space-astronomy.ch\/de\/wp-json\/wp\/v2\/product\/14585","targetHints":{"allow":["GET"]}}],"collection":[{"href":"https:\/\/deep-space-astronomy.ch\/de\/wp-json\/wp\/v2\/product"}],"about":[{"href":"https:\/\/deep-space-astronomy.ch\/de\/wp-json\/wp\/v2\/types\/product"}],"replies":[{"embeddable":true,"href":"https:\/\/deep-space-astronomy.ch\/de\/wp-json\/wp\/v2\/comments?post=14585"}],"wp:featuredmedia":[{"embeddable":true,"href":"https:\/\/deep-space-astronomy.ch\/de\/wp-json\/wp\/v2\/media\/14586"}],"wp:attachment":[{"href":"https:\/\/deep-space-astronomy.ch\/de\/wp-json\/wp\/v2\/media?parent=14585"}],"wp:term":[{"taxonomy":"product_brand","embeddable":true,"href":"https:\/\/deep-space-astronomy.ch\/de\/wp-json\/wp\/v2\/product_brand?post=14585"},{"taxonomy":"product_cat","embeddable":true,"href":"https:\/\/deep-space-astronomy.ch\/de\/wp-json\/wp\/v2\/product_cat?post=14585"},{"taxonomy":"product_tag","embeddable":true,"href":"https:\/\/deep-space-astronomy.ch\/de\/wp-json\/wp\/v2\/product_tag?post=14585"}],"curies":[{"name":"wp","href":"https:\/\/api.w.org\/{rel}","templated":true}]}}