{"id":14588,"date":"2026-04-08T16:29:01","date_gmt":"2026-04-08T14:29:01","guid":{"rendered":"https:\/\/deep-space-astronomy.ch\/?post_type=product&#038;p=14588"},"modified":"2026-04-08T16:29:15","modified_gmt":"2026-04-08T14:29:15","slug":"skywatcher-explorer-130-eq2","status":"publish","type":"product","link":"https:\/\/deep-space-astronomy.ch\/de\/produkt\/skywatcher-explorer-130-eq2\/","title":{"rendered":"Skywatcher Explorer 130 EQ2"},"content":{"rendered":"<h3>Skywatcher Explorer 130 EQ2: Vielseitiges 130-mm-Newton-Teleskop f\u00fcr anspruchsvolle Anf\u00e4nger<\/h3>\n<p>Die <strong>Skywatcher Explorer 130 EQ2<\/strong> ist ein anerkanntes und preisgekr\u00f6ntes Teleskop, das sowohl von ernsthaften Anf\u00e4ngern als auch von erfahreneren Amateurastronomen besonders gesch\u00e4tzt wird. Mit seinem ausgezeichneten Preis-Leistungs-Verh\u00e4ltnis und seiner ausgewogenen Leistung ist es die ideale Wahl, um die Beobachtung des Nachthimmels zu entdecken und zu vertiefen.<\/p>\n<p>Mit einem Durchmesser von 130 mm und einer pr\u00e4zisen \u00e4quatorialen Montierung bietet dieses Teleskop ein stabiles, komfortables und entdeckungsreiches Beobachtungserlebnis.<\/p>\n<h3>130-mm-Optik: Leistungsstark und vielseitig<\/h3>\n<p>Der Explorer 130 ist mit einem Hauptspiegel von <strong>130 mm<\/strong>, und bietet die M\u00f6glichkeit, Licht zu sammeln <strong>30 % gr\u00f6\u00dfer als ein 114-mm-Modell<\/strong>. Diese Blende f\u00e4ngt mehr Licht ein und erm\u00f6glicht es, schw\u00e4chere Objekte mit mehr Details zu beobachten.<\/p>\n<p>Seine Brennweite von <strong>900 mm (f\/6,92)<\/strong> bietet einen hervorragenden Kompromiss zwischen Vergr\u00f6\u00dferung und Sichtfeld und ist daher besonders vielseitig. Es eignet sich hervorragend zum Beobachten von :<\/p>\n<ul>\n<li>den Mond mit hoher Detailgenauigkeit<\/li>\n<li>helle Planeten wie Jupiter und Saturn<\/li>\n<li>leuchtende Nebel und Galaxien<\/li>\n<li>offene und kugelf\u00f6rmige Sternhaufen<\/li>\n<\/ul>\n<p>Mit einer theoretischen Maximalvergr\u00f6\u00dferung von <strong>x260<\/strong>, Mit diesem Teleskop k\u00f6nnen Sie eine Vielzahl von Himmelsobjekten bei guter Bildqualit\u00e4t gr\u00fcndlich erforschen.<\/p>\n<h3>\u00c4quatoriale Montierung EQ2: fl\u00fcssige und pr\u00e4zise Nachf\u00fchrung<\/h3>\n<p>Das Teleskop ist auf einem <strong>\u00e4quatoriale Montierung EQ2<\/strong>, Die Verfolgung von Himmelsobjekten soll erleichtert werden. Nach einer Ausrichtung auf den Himmelspol gleicht sie die Erdrotation aus und h\u00e4lt das beobachtete Objekt im Blickfeld.<\/p>\n<p>Die <strong>Befehle f\u00fcr langsame Bewegungen<\/strong> auf der Rektaszensions- (RA) und Deklinationsachse (DEC) erm\u00f6glichen eine pr\u00e4zise und fl\u00fcssige Justierung, die besonders bei Beobachtungen mit hoher Vergr\u00f6\u00dferung hilfreich ist.<\/p>\n<p>Diese Montierung ist eine hervorragende Einf\u00fchrung in fortgeschrittene Beobachtungstechniken und die manuelle Verfolgung von Himmelsobjekten.<\/p>\n<h3>Umfangreiches Zubeh\u00f6r f\u00fcr den sofortigen Einsatz<\/h3>\n<p>Der Skywatcher Explorer 130 EQ2 wird mit einer Reihe von wichtigem Zubeh\u00f6r geliefert:<\/p>\n<ul>\n<li>Okulare 25 mm und 10 mm (Format 1,25\u2033)<\/li>\n<li>2x Barlow-Linse, um die Vergr\u00f6\u00dferung zu vervielfachen<\/li>\n<li>Sucher mit rotem Punkt f\u00fcr eine schnelle und intuitive Orientierung<\/li>\n<\/ul>\n<p>Mit diesem Zubeh\u00f6r lassen sich mehrere n\u00fctzliche Vergr\u00f6\u00dferungen erzielen: <strong>x36, x72, x90 und x180<\/strong>, Diese Objektive eignen sich f\u00fcr verschiedene Arten der Beobachtung, ohne die Bildqualit\u00e4t zu beeintr\u00e4chtigen.<\/p>\n<h3>Stabile Struktur und leicht zu transportieren<\/h3>\n<p>Das Teleskop ruht auf einem <strong>verstellbares Aluminiumstativ<\/strong>, Das Okular bietet eine gute Stabilit\u00e4t, ist aber dennoch leicht und transportabel. Die integrierte Zubeh\u00f6rablage sorgt daf\u00fcr, dass die Okulare w\u00e4hrend der Beobachtungssessions stets griffbereit sind.<\/p>\n<p>Dieses Modell eignet sich sowohl f\u00fcr den regelm\u00e4\u00dfigen Gebrauch zu Hause als auch f\u00fcr Beobachtungen im Freien.<\/p>\n<h3>Ein ausgezeichnetes Teleskop, um Fortschritte zu machen<\/h3>\n<p>Der Explorer 130 EQ2 ist ein erweiterbares Instrument, das schnelle Fortschritte in der Astronomie erm\u00f6glicht. Seine starke Optik und die \u00e4quatoriale Montierung bieten eine solide Grundlage, um seine F\u00e4higkeiten zu erweitern und den Nachthimmel weiter zu erforschen.<\/p>\n<p>Er ist auch ein ausgezeichneter Schritt, bevor man zu fortgeschritteneren oder motorisierten Ger\u00e4ten \u00fcbergeht.<\/p>\n<h3>Tabelle der technischen Daten<\/h3>\n<table border=\"1\" cellspacing=\"0\" cellpadding=\"8\">\n<tbody>\n<tr>\n<th>Merkmal<\/th>\n<th>Detail<\/th>\n<\/tr>\n<tr>\n<td>Optischer Typ<\/td>\n<td>Newton (Reflektor)<\/td>\n<\/tr>\n<tr>\n<td>Durchmesser<\/td>\n<td>130 mm<\/td>\n<\/tr>\n<tr>\n<td>Brennweite<\/td>\n<td>900 mm<\/td>\n<\/tr>\n<tr>\n<td>Fokusbericht<\/td>\n<td>f\/6.92<\/td>\n<\/tr>\n<tr>\n<td>Mitgelieferte Vergr\u00f6\u00dferungen<\/td>\n<td>x36, x72, x90, x180<\/td>\n<\/tr>\n<tr>\n<td>Maximale Vergr\u00f6\u00dferung<\/td>\n<td>x260<\/td>\n<\/tr>\n<tr>\n<td>Okulare<\/td>\n<td>25 mm und 10 mm (1,25\u2033)<\/td>\n<\/tr>\n<tr>\n<td>Zubeh\u00f6r<\/td>\n<td>Barlow x2, Rotpunktsucher<\/td>\n<\/tr>\n<tr>\n<td>Rahmen<\/td>\n<td>\u00c4quatorial EQ2<\/td>\n<\/tr>\n<tr>\n<td>Stativ<\/td>\n<td>Aluminium mit Tablett<\/td>\n<\/tr>\n<\/tbody>\n<\/table>\n<h3>Schlussfolgerung<\/h3>\n<p>Die <strong>Skywatcher Explorer 130 EQ2<\/strong> ist ein zuverl\u00e4ssiges, leistungsstarkes und vielseitiges Teleskop, das sich perfekt f\u00fcr ambitionierte Anf\u00e4ngerastronomen eignet. Mit seiner guten \u00d6ffnung, dem umfangreichen Zubeh\u00f6r und der \u00e4quatorialen Montierung erm\u00f6glicht es Ihnen, die Wunder des Nachthimmels in vollen Z\u00fcgen zu genie\u00dfen und gleichzeitig Ihre F\u00e4higkeiten in der astronomischen Beobachtung zu erweitern.<\/p>","protected":false},"excerpt":{"rendered":"<p>Skywatcher Explorer 130 EQ2 : t\u00e9lescope Newton 130 mm polyvalent pour d\u00e9butants exigeants Le Skywatcher Explorer 130 EQ2 est un t\u00e9lescope reconnu et prim\u00e9, particuli\u00e8rement appr\u00e9ci\u00e9 des astronomes d\u00e9butants s\u00e9rieux ainsi que des amateurs plus exp\u00e9riment\u00e9s. Gr\u00e2ce \u00e0 son excellent rapport qualit\u00e9\/prix et \u00e0 ses performances \u00e9quilibr\u00e9es, il constitue un choix id\u00e9al pour d\u00e9couvrir et [&hellip;]<\/p>\n","protected":false},"featured_media":14589,"comment_status":"open","ping_status":"closed","template":"","meta":[],"product_brand":[822],"product_cat":[815,762,20,747,392],"product_tag":[],"class_list":{"0":"post-14588","1":"product","2":"type-product","3":"status-publish","4":"has-post-thumbnail","6":"product_brand-sky-watcher","7":"product_cat-debutants","8":"product_cat-equatoriales","9":"product_cat-montures","10":"product_cat-newton","11":"product_cat-telescopes_reflecteurs","13":"first","14":"on_supplier","15":"taxable","16":"shipping-taxable","17":"purchasable","18":"product-type-simple"},"_links":{"self":[{"href":"https:\/\/deep-space-astronomy.ch\/de\/wp-json\/wp\/v2\/product\/14588","targetHints":{"allow":["GET"]}}],"collection":[{"href":"https:\/\/deep-space-astronomy.ch\/de\/wp-json\/wp\/v2\/product"}],"about":[{"href":"https:\/\/deep-space-astronomy.ch\/de\/wp-json\/wp\/v2\/types\/product"}],"replies":[{"embeddable":true,"href":"https:\/\/deep-space-astronomy.ch\/de\/wp-json\/wp\/v2\/comments?post=14588"}],"wp:featuredmedia":[{"embeddable":true,"href":"https:\/\/deep-space-astronomy.ch\/de\/wp-json\/wp\/v2\/media\/14589"}],"wp:attachment":[{"href":"https:\/\/deep-space-astronomy.ch\/de\/wp-json\/wp\/v2\/media?parent=14588"}],"wp:term":[{"taxonomy":"product_brand","embeddable":true,"href":"https:\/\/deep-space-astronomy.ch\/de\/wp-json\/wp\/v2\/product_brand?post=14588"},{"taxonomy":"product_cat","embeddable":true,"href":"https:\/\/deep-space-astronomy.ch\/de\/wp-json\/wp\/v2\/product_cat?post=14588"},{"taxonomy":"product_tag","embeddable":true,"href":"https:\/\/deep-space-astronomy.ch\/de\/wp-json\/wp\/v2\/product_tag?post=14588"}],"curies":[{"name":"wp","href":"https:\/\/api.w.org\/{rel}","templated":true}]}}