{"id":14602,"date":"2026-04-09T10:23:31","date_gmt":"2026-04-09T08:23:31","guid":{"rendered":"https:\/\/deep-space-astronomy.ch\/?post_type=product&#038;p=14602"},"modified":"2026-04-09T10:23:46","modified_gmt":"2026-04-09T08:23:46","slug":"skywatcher-skymax-90-ota","status":"publish","type":"product","link":"https:\/\/deep-space-astronomy.ch\/de\/produkt\/skywatcher-skymax-90-ota\/","title":{"rendered":"Skywatcher Skymax-90 OTA"},"content":{"rendered":"<h3>Skywatcher Skymax-90 OTA: Kompakter, pr\u00e4ziser optischer Maksutov-Tubus, ideal f\u00fcr die Planetenbeobachtung<\/h3>\n<p>Die <strong>Skywatcher Skymax-90 OTA<\/strong> ist ein optischer Tubus vom Typ Maksutov-Cassegrain, der auf hohe Leistung in einem extrem kompakten Format ausgelegt ist. Er ist ideal f\u00fcr Anf\u00e4nger und erfahrene Astronomen, die ein tragbares Instrument suchen, und vereint einfache Bedienung, optische Qualit\u00e4t und Vielseitigkeit.<\/p>\n<p>Trotz seiner geringen Gr\u00f6\u00dfe ist dieses Teleskop in der Lage, detaillierte und kontrastreiche Bilder zu liefern, insbesondere von den hellen Objekten des Nachthimmels. Es ist daher eine ausgezeichnete Wahl f\u00fcr schnelle Beobachtungen oder improvisierte Sitzungen.<\/p>\n<h3>90 mm Maksutov-Optik: hohe Aufl\u00f6sung und au\u00dfergew\u00f6hnlicher Kontrast<\/h3>\n<p>Ausgestattet mit einer \u00d6ffnung von <strong>90 mm<\/strong> und einer langen Brennweite von <strong>1250 mm (f\/13.88)<\/strong>, Das Skymax-90T ist speziell f\u00fcr Beobachtungen mit hoher Vergr\u00f6\u00dferung optimiert. Sein Maksutov-Cassegrain-Design sorgt f\u00fcr eine effektive Korrektur optischer Aberrationen und liefert gestochen scharfe Bilder.<\/p>\n<p>Die Spiegel profitieren von der Behandlung <strong>Radiant\u2122 Aluminum Quarz (RAQ\u2122)<\/strong>, und bietet bis zu <strong>94 % Reflektivit\u00e4t<\/strong>. Diese Behandlung verbessert die Helligkeit, den Kontrast und die Haltbarkeit und sorgt so f\u00fcr eine gleichbleibende Leistung im Laufe der Zeit.<\/p>\n<p>Dieses Teleskop wird besonders empfohlen f\u00fcr :<\/p>\n<ul>\n<li>die detaillierte Beobachtung des Mondes<\/li>\n<li>Planeten wie Jupiter, Saturn und Mars<\/li>\n<li>Doppelsterne, die eine gute Aufl\u00f6sung erfordern<\/li>\n<\/ul>\n<p>Seine maximale Vergr\u00f6\u00dferung von <strong>x180<\/strong> erm\u00f6glicht es, seine F\u00e4higkeiten voll auszusch\u00f6pfen und gleichzeitig ein stabiles und genaues Bild zu erhalten.<\/p>\n<h3>Ultrakompaktes Format: ideal f\u00fcr den Transport<\/h3>\n<p>Eine der gr\u00f6\u00dften St\u00e4rken des Skymax-90T ist seine Kompaktheit. Dank seines geschlossenen Designs und der langen, zusammengefalteten Brennweite l\u00e4sst er sich leicht transportieren und lagern. Er passt perfekt in eine Tasche oder in die Reiseausr\u00fcstung.<\/p>\n<p>Dieses Format macht sie zu einem idealen Begleiter f\u00fcr :<\/p>\n<ul>\n<li>die Beobachtungen unterwegs<\/li>\n<li>Ferien oder Wochenenden<\/li>\n<li>Nutzer mit wenig Platz<\/li>\n<\/ul>\n<p>Dank seiner Robustheit und einfachen Installation ist es auch f\u00fcr unerfahrene Nutzer schnell einsatzbereit.<\/p>\n<h3>Kompatibel mit Fotografie und Erdbeobachtung<\/h3>\n<p>Das Skymax-90 ist nicht auf die Astronomie beschr\u00e4nkt. Er kann dank seiner hervorragenden Vergr\u00f6\u00dferungsf\u00e4higkeit und seines hohen Kontrasts auch f\u00fcr die Erdbeobachtung verwendet werden.<\/p>\n<p>Er wird mit einem <strong>Universaladapter f\u00fcr Smartphones<\/strong>, Sie k\u00f6nnen die Bilder einfach aufnehmen:<\/p>\n<ul>\n<li>des Mondes<\/li>\n<li>der Planeten<\/li>\n<li>von entfernten irdischen Subjekten<\/li>\n<\/ul>\n<p>Die Fokussierung durch Verschieben des Hauptspiegels bietet eine hohe Genauigkeit und einen gro\u00dfen Einstellbereich, ideal sowohl f\u00fcr die Fotografie als auch f\u00fcr die visuelle Beobachtung.<\/p>\n<h3>Hohe Flexibilit\u00e4t bei der Montage<\/h3>\n<p>Der optische Tubus verf\u00fcgt \u00fcber eine <strong>45 mm Schwalbenschwanz<\/strong>, die mit vielen auf dem Markt erh\u00e4ltlichen Brillengestellen kompatibel ist. Er ist au\u00dferdem mit einem <strong>gewinde f\u00fcr fotostative<\/strong>, Die meisten Sch\u00fclerinnen und Sch\u00fcler sind mit einem speziellen, mitgelieferten Adapter ausgestattet, der eine schnelle Installation auf einem Standardst\u00e4nder erm\u00f6glicht.<\/p>\n<p>Diese doppelte Kompatibilit\u00e4t macht den Skymax-90 extrem vielseitig und anpassungsf\u00e4hig f\u00fcr verschiedene Zwecke, vom einfachen Fotostativ bis hin zu einer fortgeschrittenen astronomischen Montierung.<\/p>\n<h3>Inklusive Zubeh\u00f6r f\u00fcr den sofortigen Einsatz<\/h3>\n<p>Der Skymax-90 OTA wird mit einem umfangreichen Zubeh\u00f6rpaket geliefert:<\/p>\n<ul>\n<li>Okulare 20 mm und 10 mm (1,25\u2033)<\/li>\n<li>abgewinkelte Umlenkung 31,7 mm (1,25\u2033)<\/li>\n<li>Sucher mit rotem Punkt zum schnellen Auffinden<\/li>\n<li>universeller Smartphone-Adapter (54 bis 90 mm)<\/li>\n<\/ul>\n<p>Mit diesem Zubeh\u00f6r lassen sich Vergr\u00f6\u00dferungen von <strong>x62.5 und x125<\/strong>, Diese beiden Ger\u00e4te sind perfekt f\u00fcr die Beobachtung von Planeten geeignet.<\/p>\n<h3>Ein ideales Teleskop f\u00fcr den regelm\u00e4\u00dfigen Gebrauch<\/h3>\n<p>Dank seiner Benutzerfreundlichkeit, Kompaktheit und optischen Leistung ist der Skymax-90 ein Instrument, das h\u00e4ufig verwendet wird. Es erfordert keine langen Vorbereitungen und kann schnell aufgebaut werden, um bei g\u00fcnstigen Bedingungen in den Genuss einer Beobachtung zu kommen.<\/p>\n<p>Es ist eine ausgezeichnete Wahl f\u00fcr Benutzer, die ein Teleskop w\u00fcnschen, das immer einsatzbereit ist, ohne Kompromisse bei der Bildqualit\u00e4t eingehen zu m\u00fcssen.<\/p>\n<h3>Tabelle der technischen Daten<\/h3>\n<table border=\"1\" cellspacing=\"0\" cellpadding=\"8\">\n<tbody>\n<tr>\n<th>Merkmal<\/th>\n<th>Detail<\/th>\n<\/tr>\n<tr>\n<td>Optischer Typ<\/td>\n<td>Maksutov-Cassegrain<\/td>\n<\/tr>\n<tr>\n<td>Durchmesser<\/td>\n<td>90 mm<\/td>\n<\/tr>\n<tr>\n<td>Brennweite<\/td>\n<td>1250 mm<\/td>\n<\/tr>\n<tr>\n<td>Fokusbericht<\/td>\n<td>f\/13.88<\/td>\n<\/tr>\n<tr>\n<td>Mitgelieferte Vergr\u00f6\u00dferungen<\/td>\n<td>x62.5 und x125<\/td>\n<\/tr>\n<tr>\n<td>Maximale Vergr\u00f6\u00dferung<\/td>\n<td>x180<\/td>\n<\/tr>\n<tr>\n<td>Optische Verarbeitung<\/td>\n<td>RAQ\u2122 (94% Reflektivit\u00e4t)<\/td>\n<\/tr>\n<tr>\n<td>Fokussieren<\/td>\n<td>Verschieben des Hauptspiegels<\/td>\n<\/tr>\n<tr>\n<td>Befestigung<\/td>\n<td>Fotostativgewinde + Schwalbenschwanz 45 mm<\/td>\n<\/tr>\n<tr>\n<td>Zubeh\u00f6r<\/td>\n<td>10 mm &amp; 20 mm Okulare, gewinkeltes Umlenkrad, Sucher, Smartphone-Adapter<\/td>\n<\/tr>\n<\/tbody>\n<\/table>\n<h3>Schlussfolgerung<\/h3>\n<p>Die <strong>Skywatcher Skymax-90 OTA<\/strong> ist ein kompaktes, leistungsstarkes und \u00e4u\u00dferst praktisches Teleskop. Es ist ideal f\u00fcr Planeten- und Mondbeobachtungen sowie f\u00fcr Beobachtungen unterwegs und bietet eine hervorragende Bildqualit\u00e4t in einem kleinen Format, was es zum perfekten Begleiter f\u00fcr alle Astronomiefans macht.<\/p>","protected":false},"excerpt":{"rendered":"<p>Skywatcher Skymax-90 OTA : tube optique Maksutov compact, pr\u00e9cis et id\u00e9al pour l\u2019observation plan\u00e9taire Le Skywatcher Skymax-90 OTA est un tube optique de type Maksutov-Cassegrain con\u00e7u pour offrir des performances \u00e9lev\u00e9es dans un format extr\u00eamement compact. Id\u00e9al pour les astronomes d\u00e9butants comme pour les observateurs exp\u00e9riment\u00e9s \u00e0 la recherche d\u2019un instrument portable, il combine simplicit\u00e9 [&hellip;]<\/p>\n","protected":false},"featured_media":14603,"comment_status":"open","ping_status":"closed","template":"","meta":[],"product_brand":[822],"product_cat":[392,752],"product_tag":[],"class_list":{"0":"post-14602","1":"product","2":"type-product","3":"status-publish","4":"has-post-thumbnail","6":"product_brand-sky-watcher","7":"product_cat-telescopes_reflecteurs","8":"product_cat-maksutov-cassegrain","10":"first","11":"on_supplier","12":"taxable","13":"shipping-taxable","14":"purchasable","15":"product-type-simple"},"_links":{"self":[{"href":"https:\/\/deep-space-astronomy.ch\/de\/wp-json\/wp\/v2\/product\/14602","targetHints":{"allow":["GET"]}}],"collection":[{"href":"https:\/\/deep-space-astronomy.ch\/de\/wp-json\/wp\/v2\/product"}],"about":[{"href":"https:\/\/deep-space-astronomy.ch\/de\/wp-json\/wp\/v2\/types\/product"}],"replies":[{"embeddable":true,"href":"https:\/\/deep-space-astronomy.ch\/de\/wp-json\/wp\/v2\/comments?post=14602"}],"wp:featuredmedia":[{"embeddable":true,"href":"https:\/\/deep-space-astronomy.ch\/de\/wp-json\/wp\/v2\/media\/14603"}],"wp:attachment":[{"href":"https:\/\/deep-space-astronomy.ch\/de\/wp-json\/wp\/v2\/media?parent=14602"}],"wp:term":[{"taxonomy":"product_brand","embeddable":true,"href":"https:\/\/deep-space-astronomy.ch\/de\/wp-json\/wp\/v2\/product_brand?post=14602"},{"taxonomy":"product_cat","embeddable":true,"href":"https:\/\/deep-space-astronomy.ch\/de\/wp-json\/wp\/v2\/product_cat?post=14602"},{"taxonomy":"product_tag","embeddable":true,"href":"https:\/\/deep-space-astronomy.ch\/de\/wp-json\/wp\/v2\/product_tag?post=14602"}],"curies":[{"name":"wp","href":"https:\/\/api.w.org\/{rel}","templated":true}]}}