{"id":14605,"date":"2026-04-09T10:35:06","date_gmt":"2026-04-09T08:35:06","guid":{"rendered":"https:\/\/deep-space-astronomy.ch\/?post_type=product&#038;p=14605"},"modified":"2026-04-09T10:35:21","modified_gmt":"2026-04-09T08:35:21","slug":"skywatcher-skymax-102-eq2","status":"publish","type":"product","link":"https:\/\/deep-space-astronomy.ch\/de\/produkt\/skywatcher-skymax-102-eq2\/","title":{"rendered":"Skywatcher Skymax-102 EQ2"},"content":{"rendered":"<h3>Skywatcher Skymax-102 EQ2: Kompaktes und leistungsstarkes 102mm Maksutov-Teleskop mit \u00e4quatorialer Montierung<\/h3>\n<p>Die <strong>Skywatcher Skymax-102 EQ2<\/strong> ist ein Maksutov-Cassegrain-Teleskop, das Kompaktheit, Pr\u00e4zision und Leistung vereint. Es wurde sowohl f\u00fcr anspruchsvolle Anf\u00e4nger als auch f\u00fcr erfahrene Amateurastronomen entwickelt und bietet eine bemerkenswerte Leistung bei der Planeten- und Mondbeobachtung, w\u00e4hrend es gleichzeitig leicht zu transportieren ist.<\/p>\n<p>Mit seiner langbrennweitigen Optik und der stabilen \u00e4quatorialen Montierung ist es ein hervorragendes Instrument f\u00fcr detaillierte und komfortable Beobachtungen des Nachthimmels.<\/p>\n<h3>102 mm Maksutov-Optik: Kontrast und hohe Aufl\u00f6sung<\/h3>\n<p>Ausgestattet mit einer \u00d6ffnung von <strong>102 mm<\/strong> und einer Brennweite von <strong>1300 mm (f\/12.74)<\/strong>, Das Skymax-102 EQ2 wurde speziell f\u00fcr Beobachtungen mit hoher Vergr\u00f6\u00dferung entwickelt. Seine optische Maksutov-Cassegrain-Formel reduziert Aberrationen und liefert scharfe, kontrastreiche und detailreiche Bilder.<\/p>\n<p>Mit einer Lichtsammelkapazit\u00e4t <strong>28 % gr\u00f6\u00dfer als ein 90-mm-Modell<\/strong>, In der Regel ist es f\u00fcr eine genaue Beobachtung geeignet:<\/p>\n<ul>\n<li>Krater und Mondformationen<\/li>\n<li>Planeten wie Jupiter, Saturn und Mars<\/li>\n<li>Doppelsterne<\/li>\n<\/ul>\n<p>Seine theoretische Maximalvergr\u00f6\u00dferung von <strong>x204<\/strong> erm\u00f6glicht es, sein optisches Potenzial voll auszusch\u00f6pfen, insbesondere bei Planetenbeobachtungen.<\/p>\n<h3>\u00c4quatoriale Montierung EQ2: Pr\u00e4zise Verfolgung und leichteres Lernen<\/h3>\n<p>Der Skymax-102 wird mit einer <strong>\u00e4quatoriale Montierung EQ2<\/strong>, ist ideal f\u00fcr die genaue Verfolgung von Himmelsobjekten. Nach der Ausrichtung auf den Himmelspol gleicht sie die Erdrotation aus und sorgt daf\u00fcr, dass das beobachtete Objekt im Sichtfeld bleibt.<\/p>\n<p>Die <strong>Befehle f\u00fcr langsame Bewegungen<\/strong> auf der Rektaszensions- (RA) und Deklinationsachse (DEC) sorgen f\u00fcr eine fl\u00fcssige und pr\u00e4zise Nachf\u00fchrung, die besonders bei hoher Vergr\u00f6\u00dferung n\u00fctzlich ist.<\/p>\n<p>Diese Montierung ist eine ausgezeichnete Grundlage, um astronomische Beobachtungstechniken zu erlernen und sich zu fortgeschritteneren Praktiken weiterzuentwickeln.<\/p>\n<h3>Kompakt, robust und leicht zu transportieren<\/h3>\n<p>Dank seines kompakten Designs ist der Skymax-102 EQ2 leicht zu transportieren und zu installieren. Er stellt einen hervorragenden Kompromiss zwischen Leistung und Mobilit\u00e4t dar und ist ideal f\u00fcr den regelm\u00e4\u00dfigen Gebrauch zu Hause oder unterwegs.<\/p>\n<p>Die <strong>verstellbares Aluminiumstativ<\/strong> sorgt f\u00fcr eine gute Stabilit\u00e4t und ist gleichzeitig leicht. Die integrierte Zubeh\u00f6rablage sorgt daf\u00fcr, dass die Okulare w\u00e4hrend der Beobachtungssessions immer griffbereit sind.<\/p>\n<h3>Pr\u00e4zise Fokussierung und optimiertes Design<\/h3>\n<p>Die Fokussierung erfolgt \u00fcber eine <strong>Verschiebung des Hauptspiegels<\/strong>, Die Kamera verf\u00fcgt \u00fcber eine hohe Genauigkeit und einen gro\u00dfen Einstellbereich. Dieses System erm\u00f6glicht es, unter verschiedenen Beobachtungsbedingungen ein scharfes Bild zu erhalten.<\/p>\n<p>Der um 90\u00b0 abgewinkelte Umlenker (1,25\u2033) sorgt f\u00fcr optimalen Beobachtungskomfort, insbesondere wenn das Teleskop in den Himmel gerichtet ist.<\/p>\n<h3>Inklusive Zubeh\u00f6r<\/h3>\n<p>Der Skymax-102 EQ2 wird mit einer Reihe von wichtigem Zubeh\u00f6r f\u00fcr den Anfang geliefert:<\/p>\n<ul>\n<li>Okulare 25 mm und 10 mm (1,25\u2033)<\/li>\n<li>Sucher mit rotem Punkt zum schnellen Auffinden<\/li>\n<li>abgewinkelte Umlenkung 90\u00b0<\/li>\n<\/ul>\n<p>Mit diesem Zubeh\u00f6r lassen sich Vergr\u00f6\u00dferungen von <strong>x52 und x130<\/strong>, Diese Teleskope sind perfekt f\u00fcr die Beobachtung von Planeten und dem Mond geeignet.<\/p>\n<h3>Leistung und Nutzung<\/h3>\n<p>Das Skymax-102 EQ2 ist dank seines hohen Kontrasts und seiner langen Brennweite besonders gut f\u00fcr Planeten und den Mond geeignet. Er eignet sich auch f\u00fcr die Beobachtung von Doppelsternen und einigen hellen Deep-Sky-Objekten.<\/p>\n<p>Es ist leicht zu erlernen und eignet sich ideal f\u00fcr Benutzer, die in der Astronomie Fortschritte machen und gleichzeitig ein zuverl\u00e4ssiges und langlebiges Instrument besitzen m\u00f6chten.<\/p>\n<h3>Tabelle der technischen Daten<\/h3>\n<table border=\"1\" cellspacing=\"0\" cellpadding=\"8\">\n<tbody>\n<tr>\n<th>Merkmal<\/th>\n<th>Detail<\/th>\n<\/tr>\n<tr>\n<td>Optischer Typ<\/td>\n<td>Maksutov-Cassegrain<\/td>\n<\/tr>\n<tr>\n<td>Durchmesser<\/td>\n<td>102 mm<\/td>\n<\/tr>\n<tr>\n<td>Brennweite<\/td>\n<td>1300 mm<\/td>\n<\/tr>\n<tr>\n<td>Fokusbericht<\/td>\n<td>f\/12.74<\/td>\n<\/tr>\n<tr>\n<td>Mitgelieferte Vergr\u00f6\u00dferungen<\/td>\n<td>x52 und x130<\/td>\n<\/tr>\n<tr>\n<td>Maximale Vergr\u00f6\u00dferung<\/td>\n<td>x204<\/td>\n<\/tr>\n<tr>\n<td>Fokussieren<\/td>\n<td>Verschieben des Hauptspiegels<\/td>\n<\/tr>\n<tr>\n<td>Rahmen<\/td>\n<td>\u00c4quatorial EQ2<\/td>\n<\/tr>\n<tr>\n<td>Stativ<\/td>\n<td>Aluminium mit Tablett<\/td>\n<\/tr>\n<tr>\n<td>Zubeh\u00f6r<\/td>\n<td>Okulare 10 mm &amp; 25 mm, abgewinkelter Umlenkspiegel, Rotpunktsucher<\/td>\n<\/tr>\n<\/tbody>\n<\/table>\n<h3>Schlussfolgerung<\/h3>\n<p>Die <strong>Skywatcher Skymax-102 EQ2<\/strong> ist ein kompaktes, pr\u00e4zises und leistungsstarkes Teleskop, das sich ideal f\u00fcr die Planeten- und Mondbeobachtung eignet. Die \u00e4quatoriale Montierung, die optische Qualit\u00e4t und die einfache Bedienung machen es zu einer ausgezeichneten Wahl f\u00fcr Astronomen, die sich mit einem zuverl\u00e4ssigen und vielseitigen Instrument weiterentwickeln m\u00f6chten.<\/p>","protected":false},"excerpt":{"rendered":"<p>Skywatcher Skymax-102 EQ2 : t\u00e9lescope Maksutov 102 mm compact et performant avec monture \u00e9quatoriale Le Skywatcher Skymax-102 EQ2 est un t\u00e9lescope Maksutov-Cassegrain alliant compacit\u00e9, pr\u00e9cision et puissance. Con\u00e7u pour les astronomes d\u00e9butants exigeants comme pour les amateurs exp\u00e9riment\u00e9s, il offre des performances remarquables en observation plan\u00e9taire et lunaire, tout en restant facilement transportable. Gr\u00e2ce \u00e0 [&hellip;]<\/p>\n","protected":false},"featured_media":14606,"comment_status":"open","ping_status":"closed","template":"","meta":[],"product_brand":[],"product_cat":[392,762,752,20],"product_tag":[],"class_list":{"0":"post-14605","1":"product","2":"type-product","3":"status-publish","4":"has-post-thumbnail","6":"product_cat-telescopes_reflecteurs","7":"product_cat-equatoriales","8":"product_cat-maksutov-cassegrain","9":"product_cat-montures","11":"first","12":"on_supplier","13":"taxable","14":"shipping-taxable","15":"purchasable","16":"product-type-simple"},"_links":{"self":[{"href":"https:\/\/deep-space-astronomy.ch\/de\/wp-json\/wp\/v2\/product\/14605","targetHints":{"allow":["GET"]}}],"collection":[{"href":"https:\/\/deep-space-astronomy.ch\/de\/wp-json\/wp\/v2\/product"}],"about":[{"href":"https:\/\/deep-space-astronomy.ch\/de\/wp-json\/wp\/v2\/types\/product"}],"replies":[{"embeddable":true,"href":"https:\/\/deep-space-astronomy.ch\/de\/wp-json\/wp\/v2\/comments?post=14605"}],"wp:featuredmedia":[{"embeddable":true,"href":"https:\/\/deep-space-astronomy.ch\/de\/wp-json\/wp\/v2\/media\/14606"}],"wp:attachment":[{"href":"https:\/\/deep-space-astronomy.ch\/de\/wp-json\/wp\/v2\/media?parent=14605"}],"wp:term":[{"taxonomy":"product_brand","embeddable":true,"href":"https:\/\/deep-space-astronomy.ch\/de\/wp-json\/wp\/v2\/product_brand?post=14605"},{"taxonomy":"product_cat","embeddable":true,"href":"https:\/\/deep-space-astronomy.ch\/de\/wp-json\/wp\/v2\/product_cat?post=14605"},{"taxonomy":"product_tag","embeddable":true,"href":"https:\/\/deep-space-astronomy.ch\/de\/wp-json\/wp\/v2\/product_tag?post=14605"}],"curies":[{"name":"wp","href":"https:\/\/api.w.org\/{rel}","templated":true}]}}