{"id":14611,"date":"2026-04-09T12:19:14","date_gmt":"2026-04-09T10:19:14","guid":{"rendered":"https:\/\/deep-space-astronomy.ch\/?post_type=product&#038;p=14611"},"modified":"2026-04-09T12:19:36","modified_gmt":"2026-04-09T10:19:36","slug":"skywatcher-skymax-127t-ota","status":"publish","type":"product","link":"https:\/\/deep-space-astronomy.ch\/de\/produkt\/skywatcher-skymax-127t-ota\/","title":{"rendered":"Skywatcher Skymax-127T OTA"},"content":{"rendered":"<h3>Skywatcher Skymax-127T OTA: Leistungsstarker und kompakter 127 mm Maksutov-Tubus f\u00fcr die Planetenbeobachtung<\/h3>\n<p>Die <strong>Skywatcher Skymax-127T OTA<\/strong> ist ein optischer Maksutov-Cassegrain-Tubus, der Leistung, Pr\u00e4zision und Kompaktheit vereint. Er wurde f\u00fcr anspruchsvolle Astronomen entwickelt und bietet eine bemerkenswerte Leistung bei der Planeten- und Mondbeobachtung, wobei er leicht transportierbar ist.<\/p>\n<p>Mit einem Durchmesser von 127 mm und einer langen Brennweite bietet dieses Teleskop ein hohes Ma\u00df an Detailgenauigkeit und Kontrast - ideal, um die hellsten Objekte am Nachthimmel zu erkunden.<\/p>\n<h3>127 mm Maksutov-Optik: hohe Aufl\u00f6sung und fortschrittliche Leistung<\/h3>\n<p>Ausgestattet mit einer \u00d6ffnung von <strong>127 mm<\/strong> und einer Brennweite von <strong>1500 mm (f\/11,8)<\/strong>, Das Skymax-127T wurde f\u00fcr Beobachtungen bei hoher Vergr\u00f6\u00dferung entwickelt. Seine optische Maksutov-Cassegrain-Formel korrigiert effektiv Aberrationen und sorgt f\u00fcr scharfe, kontrastreiche und detailreiche Bilder.<\/p>\n<p>Die Spiegel profitieren von der Behandlung <strong>Radiant\u2122 Aluminum Quarz (RAQ\u2122)<\/strong>, und bietet bis zu <strong>94 % Reflektivit\u00e4t<\/strong>, Dies verbessert die Helligkeit und die Haltbarkeit des optischen Systems.<\/p>\n<p>Dieses Teleskop ist besonders gut geeignet f\u00fcr :<\/p>\n<ul>\n<li>die detaillierte Beobachtung der Mondoberfl\u00e4che<\/li>\n<li>Planeten wie Jupiter, Saturn und Mars<\/li>\n<li>Doppelsterne dank seiner guten Aufl\u00f6sung<\/li>\n<\/ul>\n<p>Mit einer theoretischen Maximalvergr\u00f6\u00dferung von <strong>x254<\/strong>, Wenn Sie sich f\u00fcr ein bestimmtes Thema interessieren, k\u00f6nnen Sie die F\u00e4higkeiten Ihrer Optik voll aussch\u00f6pfen.<\/p>\n<h3>Kompakte Gr\u00f6\u00dfe f\u00fcr maximale Leistung<\/h3>\n<p>Trotz seiner hohen Leistung bleibt das Skymax-127T kompakt und leicht zu transportieren. Sein geschlossenes Design und die gefaltete Brennweite erm\u00f6glichen es, ein leistungsstarkes Instrument zu nutzen, ohne den Platzbedarf eines herk\u00f6mmlichen Teleskops mit gleicher Brennweite.<\/p>\n<p>Es ist ideal f\u00fcr :<\/p>\n<ul>\n<li>die Beobachtungen unterwegs<\/li>\n<li>Nutzer, die ein leistungsstarkes, aber platzsparendes Instrument suchen<\/li>\n<li>schnelle Installationen ohne Einschr\u00e4nkungen<\/li>\n<\/ul>\n<h3>Kompatibel mit vielseitiger Fotografie und Beobachtung<\/h3>\n<p>Der Skymax-127T wird mit einem <strong>Universaladapter f\u00fcr Smartphones<\/strong>, mit dem Sie ganz einfach Bilder des Mondes und der Planeten aufnehmen k\u00f6nnen. Es ist eine hervorragende L\u00f6sung, um ohne komplizierte Ausr\u00fcstung in die Astrofotografie einzusteigen.<\/p>\n<p>Dank seiner langen Brennweite eignet es sich auch f\u00fcr die Erdbeobachtung \u00fcber gro\u00dfe Entfernungen.<\/p>\n<p>Die Fokussierung erfolgt \u00fcber einen <strong>Verschiebung des Hauptspiegels<\/strong>, Die meisten Sch\u00fclerinnen und Sch\u00fcler sind in der Lage, sich auf ihre eigenen Bed\u00fcrfnisse einzustellen.<\/p>\n<h3>Hohe Kompatibilit\u00e4t und einfache Installation<\/h3>\n<p>Der optische Tubus verf\u00fcgt \u00fcber eine <strong>Schwalbenschwanz Typ Sky-Watcher\/Vixen, 45 mm<\/strong>, die mit vielen auf dem Markt erh\u00e4ltlichen Brillengestellen kompatibel ist. Er ist au\u00dferdem mit einem <strong>Standardgewinde 1\/4\u2033-20<\/strong>, Die Kamera kann auf ein Fotostativ montiert werden.<\/p>\n<p>Diese doppelte Kompatibilit\u00e4t bietet eine gro\u00dfe Anwendungsfreiheit, von der einfachen portablen Montage bis hin zu einer fortgeschrittenen Konfiguration.<\/p>\n<h3>Inklusive Zubeh\u00f6r<\/h3>\n<p>Der Skymax-127T OTA wird mit einem umfangreichen Zubeh\u00f6rpaket geliefert :<\/p>\n<ul>\n<li>Okulare 20 mm und 10 mm (1,25\u2033)<\/li>\n<li>abgewinkelte Umlenkung 90\u00b0 (1,25\u2033)<\/li>\n<li>Sucher roter Punkt<\/li>\n<li>universeller Smartphone-Adapter (54 bis 90 mm)<\/li>\n<\/ul>\n<p>Mit diesem Zubeh\u00f6r lassen sich Vergr\u00f6\u00dferungen von <strong>x75 und x150<\/strong>, Die meisten von ihnen sind f\u00fcr detaillierte Beobachtungen geeignet.<\/p>\n<h3>Ein leistungsstarkes und erweiterbares Teleskop<\/h3>\n<p>Der Skymax-127 ist eine ausgezeichnete Wahl f\u00fcr Astronomen, die ein kompaktes, aber leistungsstarkes Instrument w\u00fcnschen. Es bietet eine Leistung, die an gr\u00f6\u00dfere Modelle heranreicht, und ist dabei einfach zu bedienen und zu transportieren.<\/p>\n<p>Es kann auch mit zus\u00e4tzlichem Zubeh\u00f6r (Okulare, Filter, motorisierte Montierungen) aufger\u00fcstet werden, um die Astronomie noch weiter voranzutreiben.<\/p>\n<h3>Tabelle der technischen Daten<\/h3>\n<table border=\"1\" cellspacing=\"0\" cellpadding=\"8\">\n<tbody>\n<tr>\n<th>Merkmal<\/th>\n<th>Detail<\/th>\n<\/tr>\n<tr>\n<td>Optischer Typ<\/td>\n<td>Maksutov-Cassegrain<\/td>\n<\/tr>\n<tr>\n<td>Durchmesser<\/td>\n<td>127 mm<\/td>\n<\/tr>\n<tr>\n<td>Brennweite<\/td>\n<td>1500 mm<\/td>\n<\/tr>\n<tr>\n<td>Fokusbericht<\/td>\n<td>f\/11.8<\/td>\n<\/tr>\n<tr>\n<td>Mitgelieferte Vergr\u00f6\u00dferungen<\/td>\n<td>x75 und x150<\/td>\n<\/tr>\n<tr>\n<td>Maximale Vergr\u00f6\u00dferung<\/td>\n<td>x254<\/td>\n<\/tr>\n<tr>\n<td>Optische Verarbeitung<\/td>\n<td>RAQ\u2122 (94% Reflektivit\u00e4t)<\/td>\n<\/tr>\n<tr>\n<td>Fokussieren<\/td>\n<td>Verschieben des Hauptspiegels<\/td>\n<\/tr>\n<tr>\n<td>Befestigung<\/td>\n<td>Stativgewinde 1\/4\u2033-20 + Schwalbenschwanz 45 mm<\/td>\n<\/tr>\n<tr>\n<td>Zubeh\u00f6r<\/td>\n<td>10 mm &amp; 20 mm Okulare, gewinkeltes Umlenkrad, Sucher, Smartphone-Adapter<\/td>\n<\/tr>\n<\/tbody>\n<\/table>\n<h3>Schlussfolgerung<\/h3>\n<p>Die <strong>Skywatcher Skymax-127 OTA<\/strong> ist ein leistungsstarker, kompakter und vielseitiger optischer Tubus. Er ist ideal f\u00fcr Planeten- und Mondbeobachtungen, bietet eine hervorragende Bildqualit\u00e4t und ist einfach zu bedienen. Das macht ihn zur ersten Wahl f\u00fcr anspruchsvolle Astronomen, die ein leistungsstarkes und transportables Instrument w\u00fcnschen.<\/p>","protected":false},"excerpt":{"rendered":"<p>Skywatcher Skymax-127T OTA : tube optique Maksutov 127 mm puissant et compact pour l\u2019observation plan\u00e9taire Le Skywatcher Skymax-127T OTA est un tube optique Maksutov-Cassegrain alliant puissance, pr\u00e9cision et compacit\u00e9. Con\u00e7u pour les astronomes exigeants, il offre des performances remarquables en observation plan\u00e9taire et lunaire, tout en restant facilement transportable. Gr\u00e2ce \u00e0 son diam\u00e8tre de 127 [&hellip;]<\/p>\n","protected":false},"featured_media":14612,"comment_status":"open","ping_status":"closed","template":"","meta":[],"product_brand":[822],"product_cat":[752,392],"product_tag":[],"class_list":{"0":"post-14611","1":"product","2":"type-product","3":"status-publish","4":"has-post-thumbnail","6":"product_brand-sky-watcher","7":"product_cat-maksutov-cassegrain","8":"product_cat-telescopes_reflecteurs","10":"first","11":"on_supplier","12":"taxable","13":"shipping-taxable","14":"purchasable","15":"product-type-simple"},"_links":{"self":[{"href":"https:\/\/deep-space-astronomy.ch\/de\/wp-json\/wp\/v2\/product\/14611","targetHints":{"allow":["GET"]}}],"collection":[{"href":"https:\/\/deep-space-astronomy.ch\/de\/wp-json\/wp\/v2\/product"}],"about":[{"href":"https:\/\/deep-space-astronomy.ch\/de\/wp-json\/wp\/v2\/types\/product"}],"replies":[{"embeddable":true,"href":"https:\/\/deep-space-astronomy.ch\/de\/wp-json\/wp\/v2\/comments?post=14611"}],"wp:featuredmedia":[{"embeddable":true,"href":"https:\/\/deep-space-astronomy.ch\/de\/wp-json\/wp\/v2\/media\/14612"}],"wp:attachment":[{"href":"https:\/\/deep-space-astronomy.ch\/de\/wp-json\/wp\/v2\/media?parent=14611"}],"wp:term":[{"taxonomy":"product_brand","embeddable":true,"href":"https:\/\/deep-space-astronomy.ch\/de\/wp-json\/wp\/v2\/product_brand?post=14611"},{"taxonomy":"product_cat","embeddable":true,"href":"https:\/\/deep-space-astronomy.ch\/de\/wp-json\/wp\/v2\/product_cat?post=14611"},{"taxonomy":"product_tag","embeddable":true,"href":"https:\/\/deep-space-astronomy.ch\/de\/wp-json\/wp\/v2\/product_tag?post=14611"}],"curies":[{"name":"wp","href":"https:\/\/api.w.org\/{rel}","templated":true}]}}