{"id":14614,"date":"2026-04-09T12:55:12","date_gmt":"2026-04-09T10:55:12","guid":{"rendered":"https:\/\/deep-space-astronomy.ch\/?post_type=product&#038;p=14614"},"modified":"2026-04-09T12:56:56","modified_gmt":"2026-04-09T10:56:56","slug":"sky-watcher-skymax-127-eq3-2","status":"publish","type":"product","link":"https:\/\/deep-space-astronomy.ch\/de\/produkt\/sky-watcher-skymax-127-eq3-2\/","title":{"rendered":"Sky-Watcher SKYMAX-127 EQ3-2"},"content":{"rendered":"<h3>Sky-Watcher SKYMAX-127 EQ3-2: Kompakte Leistung f\u00fcr die Planetenbeobachtung<\/h3>\n<p>Die <strong>Sky-Watcher SKYMAX-127 EQ3-2<\/strong> ist ein katadioptrisches Teleskop vom Typ Maksutov-Cassegrain, das f\u00fcr anspruchsvolle Amateurastronomen entwickelt wurde, die Folgendes kombinieren m\u00f6chten <strong>optische Leistung, Kompaktheit und Benutzerfreundlichkeit<\/strong>. Ideal f\u00fcr die Beobachtung von <strong>Planeten, des Mondes und der Doppelsterne<\/strong>, Dieses Modell bietet dank seiner langbrennweitigen Optik und der mehrschichtigen Beschichtung eine hervorragende Bildqualit\u00e4t.<\/p>\n<p>Mit einem Durchmesser von <strong>127 mm<\/strong> und seinem fortschrittlichen Design erfasst dieses Teleskop <strong>55% mehr Licht als ein 102-mm-Modell<\/strong>, Das Ergebnis sind hellere und detailreichere Bilder. Seine Brennweite von <strong>1500 mm (f\/11,81)<\/strong> erm\u00f6glicht hohe Vergr\u00f6\u00dferungen bei gleichzeitig hervorragendem Kontrast - perfekt f\u00fcr die Beobachtung von <strong>Mondkrater, die Ringe des Saturn oder die Wolkenb\u00e4nder des Jupiter<\/strong>.<\/p>\n<h3>Hochaufl\u00f6sende Optik f\u00fcr scharfe Bilder<\/h3>\n<p>Der SKYMAX-127 ist mit Prim\u00e4r- und Sekund\u00e4rspiegeln ausgestattet, die von der Behandlung <strong>Radiant\u2122 Aluminum Quarz (RAQ\u2122)<\/strong>Die meisten von ihnen haben eine <strong>Reflexionsverm\u00f6gen von bis zu 94%<\/strong>. Diese Behandlung sorgt f\u00fcr eine optimale Lichtdurchl\u00e4ssigkeit, wodurch die Sch\u00e4rfe und Genauigkeit der beobachteten Details verbessert wird und eine hervorragende Haltbarkeit gew\u00e4hrleistet wird.<\/p>\n<p>Sein Fokussierungssystem durch Verschieben des Hauptspiegels erm\u00f6glicht eine feine und pr\u00e4zise Einstellung, die f\u00fcr gestochen scharfe Bilder unerl\u00e4sslich ist, insbesondere bei Beobachtungen mit hoher Vergr\u00f6\u00dferung.<\/p>\n<h3>\u00c4quatoriale Montierung EQ3-2: Pr\u00e4zise Verfolgung des Himmels<\/h3>\n<p>Das Teleskop wird mit der <strong>\u00e4quatoriale Montierung EQ3-2 Deluxe<\/strong>, ist eine ideale L\u00f6sung f\u00fcr die genaue Verfolgung von Himmelsobjekten. Wenn sie richtig auf die Polachse ausgerichtet ist, gleicht diese Montierung die Erdrotation aus, indem sie die <strong>langsame Bewegungsschl\u00e4uche<\/strong>, So k\u00f6nnen Sie die Sterne w\u00e4hrend der Beobachtung leichter verfolgen.<\/p>\n<p>Diese Montierung ist besonders beliebt bei Anf\u00e4ngern, die sich zu fortgeschrittenen Beobachtungen oder sogar zur einfachen Astrofotografie weiterentwickeln m\u00f6chten. Sie wird auf einem <strong>robustes Aluminiumstativ<\/strong> mit Zubeh\u00f6rtablett, das Stabilit\u00e4t und Komfort bei der Verwendung garantiert.<\/p>\n<h3>Ein kompaktes und vielseitiges Teleskop<\/h3>\n<p>Trotz seiner beeindruckenden Leistung bleibt der SKYMAX-127 <strong>kompakt und leicht transportierbar<\/strong>. Sie ist die ideale Wahl f\u00fcr mobile Astronomen oder solche mit begrenztem Platzangebot. Das geschlossene Design sch\u00fctzt au\u00dferdem die Optik vor Staub und reduziert interne Turbulenzen, wodurch eine bessere Bildqualit\u00e4t gew\u00e4hrleistet wird.<\/p>\n<p>Er wird mit zwei Okularen von <strong>10 mm und 20 mm<\/strong>, Die Vergr\u00f6\u00dferungen betragen <strong>x150 und x75<\/strong>. Die theoretisch maximale Vergr\u00f6\u00dferung erreicht <strong>x254<\/strong>, Die meisten von ihnen sind in der Lage, die hellsten Himmelsobjekte im Detail zu erforschen.<\/p>\n<h3>Beobachtung und Astrofotografie mit dem Smartphone<\/h3>\n<p>Das Teleskop beinhaltet einen <strong>Universaladapter f\u00fcr Smartphones<\/strong>, das mit Ger\u00e4ten mit einer Breite von 54 bis 90 mm kompatibel ist. Mit diesem Zubeh\u00f6r k\u00f6nnen Sie ganz einfach Bilder des Mondes oder der Planeten direkt von Ihrem Handy aus aufnehmen. Ideal, um Ihre Beobachtungen mit anderen zu teilen oder mit der Astrofotografie zu beginnen.<\/p>\n<p>Der Rotpunktsucher erleichtert das Anvisieren von Objekten am Himmel und macht die Verwendung des Teleskops auch f\u00fcr Anf\u00e4nger leicht zug\u00e4nglich.<\/p>\n<h3>Technische Daten des Sky-Watcher SKYMAX-127 EQ3-2<\/h3>\n<table border=\"1\" cellspacing=\"0\" cellpadding=\"8\">\n<tbody>\n<tr>\n<th>Merkmal<\/th>\n<th>Detail<\/th>\n<\/tr>\n<tr>\n<td>Optischer Typ<\/td>\n<td>Maksutov-Cassegrain<\/td>\n<\/tr>\n<tr>\n<td>Durchmesser<\/td>\n<td>127 mm<\/td>\n<\/tr>\n<tr>\n<td>Brennweite<\/td>\n<td>1500 mm<\/td>\n<\/tr>\n<tr>\n<td>Fokusbericht<\/td>\n<td>f\/11.81<\/td>\n<\/tr>\n<tr>\n<td>Mitgelieferte Vergr\u00f6\u00dferungen<\/td>\n<td>x75 \/ x150<\/td>\n<\/tr>\n<tr>\n<td>Maximale Vergr\u00f6\u00dferung<\/td>\n<td>x254<\/td>\n<\/tr>\n<tr>\n<td>Optische Verarbeitung<\/td>\n<td>RAQ\u2122 (94% Reflektivit\u00e4t)<\/td>\n<\/tr>\n<tr>\n<td>Inklusive Okulare<\/td>\n<td>10 mm und 20 mm (1.25\u2033)<\/td>\n<\/tr>\n<tr>\n<td>Forscher<\/td>\n<td>roter Punkt<\/td>\n<\/tr>\n<tr>\n<td>Abgewinkelte Umlenkung<\/td>\n<td>1.25\u2033 \/ 31.7 mm<\/td>\n<\/tr>\n<tr>\n<td>Rahmen<\/td>\n<td>EQ3-2 \u00e4quatorial Deluxe<\/td>\n<\/tr>\n<tr>\n<td>Stativ<\/td>\n<td>Aluminium mit Zubeh\u00f6rtablett<\/td>\n<\/tr>\n<tr>\n<td>Fokussieren<\/td>\n<td>Durch Verschieben des Hauptspiegels<\/td>\n<\/tr>\n<tr>\n<td>Inklusive Zubeh\u00f6r<\/td>\n<td>Universeller Smartphone-Adapter<\/td>\n<\/tr>\n<\/tbody>\n<\/table>\n<h3>Warum sollte man sich f\u00fcr den SKYMAX-127 EQ3-2 entscheiden?<\/h3>\n<p>Die <strong>Sky-Watcher SKYMAX-127 EQ3-2<\/strong> ist ein ausgezeichneter Kompromiss zwischen <strong>leistungsstark, pr\u00e4zise und tragbar<\/strong>. Es eignet sich perfekt f\u00fcr Amateurastronomen, die die Objekte des Sonnensystems im Detail beobachten und gleichzeitig von einer erweiterbaren Ausr\u00fcstung profitieren m\u00f6chten. Die \u00e4quatoriale Montierung und die optische Qualit\u00e4t machen es zu einer zuverl\u00e4ssigen und langlebigen Wahl f\u00fcr den Fortschritt in der Astronomie. <span style=\"color: #ffffff;\">Vielseitigkeit, lange Brennweite.<\/span><\/p>","protected":false},"excerpt":{"rendered":"<p>Sky-Watcher SKYMAX-127 EQ3-2 : puissance compacte pour l\u2019observation plan\u00e9taire Le Sky-Watcher SKYMAX-127 EQ3-2 est un t\u00e9lescope catadioptrique de type Maksutov-Cassegrain con\u00e7u pour les astronomes amateurs exigeants souhaitant allier performance optique, compacit\u00e9 et facilit\u00e9 d\u2019utilisation. Id\u00e9al pour l\u2019observation des plan\u00e8tes, de la Lune et des \u00e9toiles doubles, ce mod\u00e8le offre une qualit\u00e9 d\u2019image remarquable gr\u00e2ce \u00e0 [&hellip;]<\/p>\n","protected":false},"featured_media":14615,"comment_status":"open","ping_status":"closed","template":"","meta":[],"product_brand":[822],"product_cat":[762,752,20,392],"product_tag":[],"class_list":{"0":"post-14614","1":"product","2":"type-product","3":"status-publish","4":"has-post-thumbnail","6":"product_brand-sky-watcher","7":"product_cat-equatoriales","8":"product_cat-maksutov-cassegrain","9":"product_cat-montures","10":"product_cat-telescopes_reflecteurs","12":"first","13":"on_supplier","14":"taxable","15":"shipping-taxable","16":"purchasable","17":"product-type-simple"},"_links":{"self":[{"href":"https:\/\/deep-space-astronomy.ch\/de\/wp-json\/wp\/v2\/product\/14614","targetHints":{"allow":["GET"]}}],"collection":[{"href":"https:\/\/deep-space-astronomy.ch\/de\/wp-json\/wp\/v2\/product"}],"about":[{"href":"https:\/\/deep-space-astronomy.ch\/de\/wp-json\/wp\/v2\/types\/product"}],"replies":[{"embeddable":true,"href":"https:\/\/deep-space-astronomy.ch\/de\/wp-json\/wp\/v2\/comments?post=14614"}],"wp:featuredmedia":[{"embeddable":true,"href":"https:\/\/deep-space-astronomy.ch\/de\/wp-json\/wp\/v2\/media\/14615"}],"wp:attachment":[{"href":"https:\/\/deep-space-astronomy.ch\/de\/wp-json\/wp\/v2\/media?parent=14614"}],"wp:term":[{"taxonomy":"product_brand","embeddable":true,"href":"https:\/\/deep-space-astronomy.ch\/de\/wp-json\/wp\/v2\/product_brand?post=14614"},{"taxonomy":"product_cat","embeddable":true,"href":"https:\/\/deep-space-astronomy.ch\/de\/wp-json\/wp\/v2\/product_cat?post=14614"},{"taxonomy":"product_tag","embeddable":true,"href":"https:\/\/deep-space-astronomy.ch\/de\/wp-json\/wp\/v2\/product_tag?post=14614"}],"curies":[{"name":"wp","href":"https:\/\/api.w.org\/{rel}","templated":true}]}}