{"id":14617,"date":"2026-04-09T13:08:45","date_gmt":"2026-04-09T11:08:45","guid":{"rendered":"https:\/\/deep-space-astronomy.ch\/?post_type=product&#038;p=14617"},"modified":"2026-04-09T13:09:53","modified_gmt":"2026-04-09T11:09:53","slug":"sky-watcher-skymax-127-eq3-pro","status":"publish","type":"product","link":"https:\/\/deep-space-astronomy.ch\/de\/produkt\/sky-watcher-skymax-127-eq3-pro\/","title":{"rendered":"Sky-Watcher SKYMAX-127 EQ3 PRO"},"content":{"rendered":"<h3>Sky-Watcher SKYMAX-127 EQ3 PRO SynScan-Teleskop: Pr\u00e4zision und Go-To-Technologie<\/h3>\n<p>Die <strong>Sky-Watcher SKYMAX-127 EQ3 PRO SynScan<\/strong> ist ein kompaktes, leistungsstarkes katadioptrisches Teleskop, das f\u00fcr Astronomiebegeisterte entwickelt wurde, die Folgendes kombinieren m\u00f6chten <strong>herausragende optische Qualit\u00e4t und automatisierte Zeigertechnologie<\/strong>. Ideal f\u00fcr die Beobachtung von <strong>Planeten, des Mondes und der Doppelsterne<\/strong>, Er bietet detailreiche Bilder mit einem bemerkenswerten Kontrast.<\/p>\n<p>Dank seines Durchmessers von <strong>127 mm<\/strong>, Dieses Teleskop erfasst <strong>55% mehr Licht als ein 102-mm-Modell<\/strong>, Dies erm\u00f6glicht hellere und genauere Beobachtungen. Seine lange Brennweite von <strong>1500 mm (f\/11,81)<\/strong> eignet sich besonders f\u00fcr Beobachtungen mit hoher Vergr\u00f6\u00dferung, ideal zum Bewundern von <strong>Mondkrater, die Ringe des Saturn oder die atmosph\u00e4rischen Details des Jupiter<\/strong>.<\/p>\n<h3>Hochleistungsoptik f\u00fcr ein au\u00dfergew\u00f6hnliches Bild<\/h3>\n<p>Der SKYMAX-127 basiert auf einem optischen Design <strong>Maksutov-Cassegrain<\/strong>, bekannt f\u00fcr seine <strong>hohe Aufl\u00f6sung und sein ausgezeichneter Kontrast<\/strong>. Der Prim\u00e4r- und der Sekund\u00e4rspiegel profitieren von der Behandlung <strong>Radiant\u2122 Aluminum Quarz (RAQ\u2122)<\/strong>, und bietet bis zu <strong>94% Reflektivit\u00e4t<\/strong>. Diese Behandlung garantiert eine optimale Lichtdurchl\u00e4ssigkeit und eine l\u00e4ngere Haltbarkeit, auch nach vielen Jahren der Nutzung.<\/p>\n<p>Das Fokussierungssystem durch Verschieben des Hauptspiegels erm\u00f6glicht eine pr\u00e4zise Einstellung, die f\u00fcr scharfe Bilder bei hoher Vergr\u00f6\u00dferung unerl\u00e4sslich ist.<\/p>\n<h3>Montierung EQ3 PRO SynScan: Automatisches Go-To und umfassende Datenbank<\/h3>\n<p>Die eigentliche St\u00e4rke dieser Version liegt in ihrer <strong>Montierung EQ3 PRO SynScan\u2122 Go-To<\/strong>, Die neue, vollst\u00e4ndig motorisierte und von einem intelligenten Handheld gesteuerte Maschine. Sie erm\u00f6glicht <strong>automatisch auf \u00fcber 42 900 Himmelsobjekte zeigen<\/strong>, einschlie\u00dflich Kataloge <strong>Messier, NGC und IC<\/strong>.<\/p>\n<p>Dank dieser Technologie brauchen Sie nur ein Objekt auszuw\u00e4hlen, und das Teleskop wird automatisch darauf ausgerichtet, sodass die Astronomie auch f\u00fcr Anf\u00e4nger zug\u00e4nglich wird. Die motorisierte Nachf\u00fchrfunktion erm\u00f6glicht au\u00dferdem <strong>das Objekt im Feld zentriert halten<\/strong>, Das bedeutet, dass die Rotation der Erde ausgeglichen wird.<\/p>\n<p>Diese Montierung ist ideal f\u00fcr Beobachter, die Folgendes w\u00fcnschen <strong>bei der Installation Zeit sparen<\/strong> und den Nachthimmel sofort genie\u00dfen, ohne dass Sie sich mit den Konstellationen auskennen m\u00fcssen. Sie ist auch eine hervorragende Grundlage f\u00fcr den Einstieg in die Astrofotografie.<\/p>\n<h3>Ein kompaktes, transportables und erweiterbares Teleskop<\/h3>\n<p>Trotz seiner Kraft bleibt der SKYMAX-127 <strong>kompakt und leicht zu transportieren<\/strong>. Das geschlossene Design sch\u00fctzt die Optik vor Staub und begrenzt interne Turbulenzen, wodurch stabilere und kontrastreichere Bilder gew\u00e4hrleistet werden.<\/p>\n<p>Das robuste Aluminiumstativ mit Zubeh\u00f6rplatte sorgt f\u00fcr Stabilit\u00e4t beim Beobachten, w\u00e4hrend die integrierte Halterung f\u00fcr den Polsucher die genaue Ausrichtung der Montierung erleichtert.<\/p>\n<h3>Vereinfachte Beobachtung und Astrofotografie<\/h3>\n<p>Das Teleskop wird mit zwei Okularen von <strong>10 mm und 20 mm<\/strong>, Die Vergr\u00f6\u00dferungen betragen <strong>x150 und x75<\/strong>. Die theoretische maximale Vergr\u00f6\u00dferung von <strong>x254<\/strong> erm\u00f6glicht es, die feinsten Details von hellen Himmelsobjekten zu erforschen.<\/p>\n<p>Eine <strong>Universaladapter f\u00fcr Smartphones<\/strong> ist im Lieferumfang enthalten und mit Kameras mit einer Breite von 54 bis 90 mm kompatibel. Damit k\u00f6nnen Sie ganz einfach Bilder vom Mond und den Planeten aufnehmen. Ideal, um Ihre Beobachtungen weiterzugeben oder ohne komplizierte Ausr\u00fcstung mit der Astrofotografie zu beginnen.<\/p>\n<p>Der Rotpunktsucher erleichtert das anf\u00e4ngliche Anvisieren von Objekten und macht die Verwendung des Teleskops auch f\u00fcr Anf\u00e4nger intuitiv.<\/p>\n<h3>Technische Daten zum Sky-Watcher SKYMAX-127 EQ3 PRO SynScan<\/h3>\n<table border=\"1\" cellspacing=\"0\" cellpadding=\"8\">\n<tbody>\n<tr>\n<th>Merkmal<\/th>\n<th>Detail<\/th>\n<\/tr>\n<tr>\n<td>Optischer Typ<\/td>\n<td>Maksutov-Cassegrain<\/td>\n<\/tr>\n<tr>\n<td>Durchmesser<\/td>\n<td>127 mm<\/td>\n<\/tr>\n<tr>\n<td>Brennweite<\/td>\n<td>1500 mm<\/td>\n<\/tr>\n<tr>\n<td>Fokusbericht<\/td>\n<td>f\/11.81<\/td>\n<\/tr>\n<tr>\n<td>Mitgelieferte Vergr\u00f6\u00dferungen<\/td>\n<td>x75 \/ x150<\/td>\n<\/tr>\n<tr>\n<td>Maximale Vergr\u00f6\u00dferung<\/td>\n<td>x254<\/td>\n<\/tr>\n<tr>\n<td>Optische Verarbeitung<\/td>\n<td>RAQ\u2122 (94% Reflektivit\u00e4t)<\/td>\n<\/tr>\n<tr>\n<td>Inklusive Okulare<\/td>\n<td>10 mm und 20 mm (1.25\u2033)<\/td>\n<\/tr>\n<tr>\n<td>Forscher<\/td>\n<td>roter Punkt<\/td>\n<\/tr>\n<tr>\n<td>Abgewinkelte Umlenkung<\/td>\n<td>1.25\u2033 \/ 31.7 mm<\/td>\n<\/tr>\n<tr>\n<td>Rahmen<\/td>\n<td>EQ3 PRO SynScan\u2122 Go-To<\/td>\n<\/tr>\n<tr>\n<td>Datenbank<\/td>\n<td>42 900+ Objekte (Messier, NGC, IC)<\/td>\n<\/tr>\n<tr>\n<td>Ern\u00e4hrung<\/td>\n<td>12V DC<\/td>\n<\/tr>\n<tr>\n<td>Stativ<\/td>\n<td>Aluminium mit Zubeh\u00f6rtablett<\/td>\n<\/tr>\n<tr>\n<td>Fokussieren<\/td>\n<td>Durch Verschieben des Hauptspiegels<\/td>\n<\/tr>\n<tr>\n<td>Inklusive Zubeh\u00f6r<\/td>\n<td>Universeller Smartphone-Adapter<\/td>\n<\/tr>\n<\/tbody>\n<\/table>\n<h3>Warum sollte man sich f\u00fcr den SKYMAX-127 EQ3 PRO SynScan entscheiden?<\/h3>\n<p>Die <strong>Sky-Watcher SKYMAX-127 EQ3 PRO SynScan<\/strong> ist die ideale Wahl f\u00fcr Amateurastronomen, die eine <strong>leistungsstarkes, automatisiertes und einfach zu bedienendes Teleskop<\/strong>. Seine Kombination aus <strong>hochwertige Optik und intelligenter Go-To-Rahmen<\/strong> macht es zu einem vielseitigen Instrument, das perfekt geeignet ist, um den Himmel pr\u00e4zise und einfach zu erkunden. Egal, ob Sie Anf\u00e4nger oder fortgeschrittener Benutzer sind, mit diesem Modell k\u00f6nnen Sie Ihre Beobachtungen in vollen Z\u00fcgen genie\u00dfen und schnell Fortschritte in der Astronomie machen.<\/p>","protected":false},"excerpt":{"rendered":"<p>T\u00e9lescope Sky-Watcher SKYMAX-127 EQ3 PRO SynScan : pr\u00e9cision et technologie Go-To Le Sky-Watcher SKYMAX-127 EQ3 PRO SynScan est un t\u00e9lescope catadioptrique compact et performant, con\u00e7u pour les passionn\u00e9s d\u2019astronomie souhaitant combiner qualit\u00e9 optique exceptionnelle et technologie de pointage automatis\u00e9. Id\u00e9al pour l\u2019observation des plan\u00e8tes, de la Lune et des \u00e9toiles doubles, il offre des images [&hellip;]<\/p>\n","protected":false},"featured_media":14618,"comment_status":"open","ping_status":"closed","template":"","meta":[],"product_brand":[822],"product_cat":[392,762,752,20],"product_tag":[],"class_list":{"0":"post-14617","1":"product","2":"type-product","3":"status-publish","4":"has-post-thumbnail","6":"product_brand-sky-watcher","7":"product_cat-telescopes_reflecteurs","8":"product_cat-equatoriales","9":"product_cat-maksutov-cassegrain","10":"product_cat-montures","12":"first","13":"on_supplier","14":"taxable","15":"shipping-taxable","16":"purchasable","17":"product-type-simple"},"_links":{"self":[{"href":"https:\/\/deep-space-astronomy.ch\/de\/wp-json\/wp\/v2\/product\/14617","targetHints":{"allow":["GET"]}}],"collection":[{"href":"https:\/\/deep-space-astronomy.ch\/de\/wp-json\/wp\/v2\/product"}],"about":[{"href":"https:\/\/deep-space-astronomy.ch\/de\/wp-json\/wp\/v2\/types\/product"}],"replies":[{"embeddable":true,"href":"https:\/\/deep-space-astronomy.ch\/de\/wp-json\/wp\/v2\/comments?post=14617"}],"wp:featuredmedia":[{"embeddable":true,"href":"https:\/\/deep-space-astronomy.ch\/de\/wp-json\/wp\/v2\/media\/14618"}],"wp:attachment":[{"href":"https:\/\/deep-space-astronomy.ch\/de\/wp-json\/wp\/v2\/media?parent=14617"}],"wp:term":[{"taxonomy":"product_brand","embeddable":true,"href":"https:\/\/deep-space-astronomy.ch\/de\/wp-json\/wp\/v2\/product_brand?post=14617"},{"taxonomy":"product_cat","embeddable":true,"href":"https:\/\/deep-space-astronomy.ch\/de\/wp-json\/wp\/v2\/product_cat?post=14617"},{"taxonomy":"product_tag","embeddable":true,"href":"https:\/\/deep-space-astronomy.ch\/de\/wp-json\/wp\/v2\/product_tag?post=14617"}],"curies":[{"name":"wp","href":"https:\/\/api.w.org\/{rel}","templated":true}]}}