{"id":14641,"date":"2026-04-13T15:13:50","date_gmt":"2026-04-13T13:13:50","guid":{"rendered":"https:\/\/deep-space-astronomy.ch\/?post_type=product&#038;p=14641"},"modified":"2026-04-13T15:14:04","modified_gmt":"2026-04-13T13:14:04","slug":"sky-watcher-skymax-150-pro-eq5-pro","status":"publish","type":"product","link":"https:\/\/deep-space-astronomy.ch\/de\/produkt\/sky-watcher-skymax-150-pro-eq5-pro\/","title":{"rendered":"Sky-Watcher SKYMAX-150 Pro + EQ5 Pro"},"content":{"rendered":"<h3>Sky-Watcher SKYMAX-150 Pro + EQ5 Pro SynScan Teleskop: Leistung, Pr\u00e4zision und automatisiertes Go-To<\/h3>\n<p>Die <strong>Sky-Watcher SKYMAX-150 Pro + EQ5 Pro SynScan<\/strong> ist ein Maksutov-Cassegrain-Teleskop, das f\u00fcr anspruchsvolle Amateurastronomen entwickelt wurde, die Folgendes kombinieren m\u00f6chten <strong>hohe optische Leistung, pr\u00e4zise Verfolgung und fortschrittliche Automatisierung<\/strong>. Dank seines Durchmessers von <strong>150 mm<\/strong> und seiner langen Brennweite ist es ein ideales Instrument f\u00fcr die detaillierte Beobachtung der <strong>Mond, Planeten und Doppelsterne<\/strong>, Sie k\u00f6nnen aber immer noch einige helle Deep-Sky-Objekte betrachten.<\/p>\n<p>Mit einer Brennweite von <strong>1800 mm (f\/12)<\/strong>, Dieses Teleskop ist perfekt f\u00fcr Beobachtungen mit hoher Vergr\u00f6\u00dferung geeignet. Es erreicht eine Vergr\u00f6\u00dferung von <strong>x64<\/strong> mit dem mitgelieferten Okular und kann bis zu einer theoretischen Maximalvergr\u00f6\u00dferung von <strong>x450<\/strong> unter guten Bedingungen zu beobachten. Dieses Leistungsniveau erm\u00f6glicht eine genaue Beobachtung der <strong>Details von Mondkratern, den Ringen des Saturn, den Phasen der Venus oder den Wolkenb\u00e4ndern des Jupiter<\/strong>.<\/p>\n<h3>Eine hochaufl\u00f6sende Maksutov-Cassegrain-Optik<\/h3>\n<p>Der SKYMAX-150 basiert auf einem optischen Design, das f\u00fcr seine <strong>herausragende Bildqualit\u00e4t<\/strong>. Sein geschlossenes System begrenzt interne Turbulenzen und sch\u00fctzt die Optik wirksam vor Staub. Die Prim\u00e4r- und Sekund\u00e4rspiegel sind mit dem <strong>Radiant\u2122 Aluminum Quarz (RAQ\u2122)<\/strong>Die meisten von ihnen haben eine <strong>Reflexionsverm\u00f6gen von bis zu 94%<\/strong>. Diese Behandlung verbessert die Lichtdurchl\u00e4ssigkeit und sorgt f\u00fcr helle, kontrastreiche und scharfe Bilder.<\/p>\n<p>Das Fokussierungssystem durch Verschieben des Hauptspiegels erm\u00f6glicht eine stufenlose Feineinstellung, die f\u00fcr die perfekte Sch\u00e4rfe bei Beobachtungen mit hoher Vergr\u00f6\u00dferung unerl\u00e4sslich ist.<\/p>\n<h3>EQ5 Pro SynScan Go-To Montierung: Automatisierung und Pr\u00e4zision<\/h3>\n<p>Das Teleskop wird mit der <strong>\u00e4quatoriale Montierung EQ5 Pro SynScan\u2122 Go-To<\/strong>, Eine motorisierte L\u00f6sung, die die Beobachtung des Himmels erheblich erleichtert. Dank seiner Handsteuerung ist es m\u00f6glich <strong>automatisch auf Tausende von Himmelsobjekten zeigen<\/strong> ohne sie manuell suchen zu m\u00fcssen.<\/p>\n<p>Sobald die Ausrichtung mithilfe des <strong>eingebauter Polsucher<\/strong>, Wenn Sie sich f\u00fcr einen <strong>genaue \u00dcberwachung<\/strong> indem sie die Erdrotation ausgleicht. Diese Funktion sorgt daf\u00fcr, dass das beobachtete Objekt im Feld zentriert bleibt, was den Beobachtungskomfort erheblich steigert und die T\u00fcr zur\u2019<strong>Astrofotografie<\/strong>.<\/p>\n<p>Betrieb mit einem Netzteil <strong>12V DC<\/strong>, Diese Montierung ist ideal f\u00fcr den Einsatz auf dem Feld und zu Hause. Sie bietet einen hervorragenden Kompromiss zwischen Leistung, Benutzerfreundlichkeit und Erweiterbarkeit.<\/p>\n<h3>Beobachtungskomfort und Ausstattung inklusive<\/h3>\n<p>Das SKYMAX-150 wird mit einem <strong>2\u201d-Okular von 28 mm<\/strong>, Die anf\u00e4ngliche Vergr\u00f6\u00dferung von <strong>x64<\/strong>. Die <strong>abgewinkelte Umlenkung 2\u201d (50.8 mm)<\/strong> garantiert einen optimalen Beobachtungskomfort, insbesondere wenn das Teleskop auf den Zenit gerichtet ist.<\/p>\n<p>Die <strong>optischer Sucher 9\u00d750<\/strong> mit Halterung erleichtert das Auffinden von Objekten am Himmel, w\u00e4hrend die Gesamtqualit\u00e4t des Zubeh\u00f6rs f\u00fcr ein reibungsloses und angenehmes Erlebnis von Anfang an sorgt.<\/p>\n<p>Die Struktur beruht auf einem <strong>1,75\u201d-Stativ aus rostfreiem Stahl\u201d<\/strong>, Das Stativ ist mit einem stabilen Rahmen ausgestattet, der auch bei hoher Vergr\u00f6\u00dferung eine hervorragende Stabilit\u00e4t bietet. Die integrierte Zubeh\u00f6rablage sorgt daf\u00fcr, dass Ihre Ausr\u00fcstung w\u00e4hrend der Beobachtungssessions stets griffbereit ist.<\/p>\n<h3>Technische Daten zum Sky-Watcher SKYMAX-150 Pro + EQ5 Pro SynScan<\/h3>\n<table border=\"1\" cellspacing=\"0\" cellpadding=\"8\">\n<tbody>\n<tr>\n<th>Merkmal<\/th>\n<th>Detail<\/th>\n<\/tr>\n<tr>\n<td>Optischer Typ<\/td>\n<td>Maksutov-Cassegrain<\/td>\n<\/tr>\n<tr>\n<td>Durchmesser<\/td>\n<td>150 mm<\/td>\n<\/tr>\n<tr>\n<td>Brennweite<\/td>\n<td>1800 mm<\/td>\n<\/tr>\n<tr>\n<td>Fokusbericht<\/td>\n<td>f\/12<\/td>\n<\/tr>\n<tr>\n<td>Gelieferte Vergr\u00f6\u00dferung<\/td>\n<td>x64<\/td>\n<\/tr>\n<tr>\n<td>Maximale Vergr\u00f6\u00dferung<\/td>\n<td>x450<\/td>\n<\/tr>\n<tr>\n<td>Optische Verarbeitung<\/td>\n<td>RAQ\u2122 (94% Reflektivit\u00e4t)<\/td>\n<\/tr>\n<tr>\n<td>Inklusive Okular<\/td>\n<td>28 mm (2\u201d)<\/td>\n<\/tr>\n<tr>\n<td>Forscher<\/td>\n<td>9\u00d750 mit St\u00e4nder<\/td>\n<\/tr>\n<tr>\n<td>Abgewinkelte Umlenkung<\/td>\n<td>2\u201d \/ 50.8 mm<\/td>\n<\/tr>\n<tr>\n<td>Rahmen<\/td>\n<td>EQ5 Pro SynScan\u2122 Go-To<\/td>\n<\/tr>\n<tr>\n<td>Ern\u00e4hrung<\/td>\n<td>12V DC<\/td>\n<\/tr>\n<tr>\n<td>Stativ<\/td>\n<td>Edelstahl 1.75\u201d mit Tablett<\/td>\n<\/tr>\n<tr>\n<td>Fokussieren<\/td>\n<td>Durch Verschieben des Hauptspiegels<\/td>\n<\/tr>\n<tr>\n<td>Polsucher<\/td>\n<td>Integriert<\/td>\n<\/tr>\n<\/tbody>\n<\/table>\n<h3>Warum SKYMAX-150 Pro + EQ5 Pro SynScan w\u00e4hlen?<\/h3>\n<p>Die <strong>Sky-Watcher SKYMAX-150 Pro + EQ5 Pro SynScan<\/strong> ist eine ausgezeichnete Wahl f\u00fcr Astronomen, die einen Schritt weiter gehen wollen. Es kombiniert <strong>optische Leistung, mechanische Pr\u00e4zision und fortschrittliche Automatisierung<\/strong>, bietet ein komfortables und leistungsstarkes Beobachtungserlebnis. Es ist vielseitig und erweiterbar und erm\u00f6glicht es Ihnen, den Himmel mit Leichtigkeit zu erkunden und ernsthaft in die Astrofotografie einzusteigen.<\/p>","protected":false},"excerpt":{"rendered":"<p>T\u00e9lescope Sky-Watcher SKYMAX-150 Pro + EQ5 Pro SynScan : puissance, pr\u00e9cision et Go-To automatis\u00e9 Le Sky-Watcher SKYMAX-150 Pro + EQ5 Pro SynScan est un t\u00e9lescope de type Maksutov-Cassegrain con\u00e7u pour les astronomes amateurs exigeants souhaitant combiner haute performance optique, pr\u00e9cision de suivi et automatisation avanc\u00e9e. Gr\u00e2ce \u00e0 son diam\u00e8tre de 150 mm et sa longue [&hellip;]<\/p>\n","protected":false},"featured_media":14625,"comment_status":"open","ping_status":"closed","template":"","meta":[],"product_brand":[822],"product_cat":[392,762,752,20],"product_tag":[],"class_list":{"0":"post-14641","1":"product","2":"type-product","3":"status-publish","4":"has-post-thumbnail","6":"product_brand-sky-watcher","7":"product_cat-telescopes_reflecteurs","8":"product_cat-equatoriales","9":"product_cat-maksutov-cassegrain","10":"product_cat-montures","12":"first","13":"on_supplier","14":"taxable","15":"shipping-taxable","16":"purchasable","17":"product-type-simple"},"_links":{"self":[{"href":"https:\/\/deep-space-astronomy.ch\/de\/wp-json\/wp\/v2\/product\/14641","targetHints":{"allow":["GET"]}}],"collection":[{"href":"https:\/\/deep-space-astronomy.ch\/de\/wp-json\/wp\/v2\/product"}],"about":[{"href":"https:\/\/deep-space-astronomy.ch\/de\/wp-json\/wp\/v2\/types\/product"}],"replies":[{"embeddable":true,"href":"https:\/\/deep-space-astronomy.ch\/de\/wp-json\/wp\/v2\/comments?post=14641"}],"wp:featuredmedia":[{"embeddable":true,"href":"https:\/\/deep-space-astronomy.ch\/de\/wp-json\/wp\/v2\/media\/14625"}],"wp:attachment":[{"href":"https:\/\/deep-space-astronomy.ch\/de\/wp-json\/wp\/v2\/media?parent=14641"}],"wp:term":[{"taxonomy":"product_brand","embeddable":true,"href":"https:\/\/deep-space-astronomy.ch\/de\/wp-json\/wp\/v2\/product_brand?post=14641"},{"taxonomy":"product_cat","embeddable":true,"href":"https:\/\/deep-space-astronomy.ch\/de\/wp-json\/wp\/v2\/product_cat?post=14641"},{"taxonomy":"product_tag","embeddable":true,"href":"https:\/\/deep-space-astronomy.ch\/de\/wp-json\/wp\/v2\/product_tag?post=14641"}],"curies":[{"name":"wp","href":"https:\/\/api.w.org\/{rel}","templated":true}]}}