{"id":14644,"date":"2026-04-13T15:27:32","date_gmt":"2026-04-13T13:27:32","guid":{"rendered":"https:\/\/deep-space-astronomy.ch\/?post_type=product&#038;p=14644"},"modified":"2026-04-13T15:27:47","modified_gmt":"2026-04-13T13:27:47","slug":"sky-watcher-skymax-150-heq-5-r-pro","status":"publish","type":"product","link":"https:\/\/deep-space-astronomy.ch\/de\/produkt\/sky-watcher-skymax-150-heq-5-r-pro\/","title":{"rendered":"Sky-Watcher SKYMAX-150 HEQ-5 R PRO"},"content":{"rendered":"<h3>Sky-Watcher SKYMAX-150 HEQ-5 R PRO SynScan-Teleskop: Optische Leistung und hochpr\u00e4zise Montierung<\/h3>\n<p>Die <strong>Sky-Watcher SKYMAX-150 HEQ-5 R PRO SynScan<\/strong> ist ein Maksutov-Cassegrain-Teleskop der Spitzenklasse, das f\u00fcr fortgeschrittene und begeisterte Amateurastronomen entwickelt wurde, die von einem <strong>leistungsstarke Optik in Kombination mit einem robusten und pr\u00e4zisen \u00e4quatorialen Rahmen<\/strong>. Dank seines Durchmessers von <strong>150 mm<\/strong> und seiner langen Brennweite ist es ideal f\u00fcr die detaillierte Beobachtung von <strong>Mond, Planeten und Doppelsterne<\/strong>, Sie k\u00f6nnen aber auch helle Deep-Sky-Objekte betrachten.<\/p>\n<p>Mit einer Brennweite von <strong>1800 mm (f\/12)<\/strong>, Dieses Teleskop ist besonders f\u00fcr Beobachtungen mit hoher Vergr\u00f6\u00dferung geeignet. Es bietet eine Vergr\u00f6\u00dferung von <strong>x64<\/strong> mit dem mitgelieferten Okular und kann eine theoretische Maximalvergr\u00f6\u00dferung von <strong>x450<\/strong> unter guten Bedingungen zu beobachten. Dies erm\u00f6glicht eine genaue Beobachtung der <strong>Mondkrater, die Ringe des Saturn, die Wolkenb\u00e4nder des Jupiter oder die Details des Mars<\/strong>.<\/p>\n<h3>Eine hochaufl\u00f6sende Maksutov-Cassegrain-Optik<\/h3>\n<p>Die SKYMAX-150 verwendet ein optisches Design, das f\u00fcr seine <strong>herausragende Bildqualit\u00e4t<\/strong>. Sein geschlossener Tubus begrenzt interne Turbulenzen und sch\u00fctzt die Optik effektiv vor Staub, wodurch stabilere Bilder garantiert werden.<\/p>\n<p>Der Prim\u00e4r- und der Sekund\u00e4rspiegel verf\u00fcgen \u00fcber die Behandlung <strong>Radiant\u2122 Aluminum Quarz (RAQ\u2122)<\/strong>, und bietet bis zu <strong>94% Reflektivit\u00e4t<\/strong>. Diese Behandlung verbessert die Lichtdurchl\u00e4ssigkeit und sorgt f\u00fcr helle, kontrastreiche und scharfe Bilder sowie eine hervorragende Haltbarkeit.<\/p>\n<p>Die Fokussierung erfolgt durch Verschieben des Hauptspiegels und erm\u00f6glicht eine feine und pr\u00e4zise Einstellung, die unerl\u00e4sslich ist, um die F\u00e4higkeiten des Teleskops bei hoher Vergr\u00f6\u00dferung voll auszusch\u00f6pfen.<\/p>\n<h3>HEQ-5 R PRO SynScan-Mount: Robustheit und Pr\u00e4zision der n\u00e4chsten Generation<\/h3>\n<p>Das Teleskop ist mit der <strong>\u00e4quatoriale Montierung HEQ-5 R PRO SynScan\u2122 Go-To<\/strong>, eine verbesserte und modernisierte Version des ber\u00fchmten HEQ5. Dieses Gestell ist so konzipiert, dass es eine <strong>erh\u00f6hte Stabilit\u00e4t, bessere Trackinggenauigkeit und optimierte Tragf\u00e4higkeit<\/strong>, Die meisten Menschen, die sich mit dem Thema besch\u00e4ftigen, haben ein Interesse daran, sich mit dem Thema auseinanderzusetzen.<\/p>\n<p>Sie integriert <strong>Schrittmotoren auf beiden Achsen<\/strong>, Das sorgt f\u00fcr fl\u00fcssige und pr\u00e4zise Bewegungen. Dank des <strong>Go-To SynScan<\/strong>, Sie k\u00f6nnen auf eine umfangreiche Datenbank zugreifen und <strong>automatisch auf Tausende von Himmelsobjekten zeigen<\/strong> in wenigen Sekunden.<\/p>\n<p>Nach der Ausrichtung \u00fcber die Unterst\u00fctzung von <strong>eingebauter Polsucher<\/strong>, Wenn Sie sich f\u00fcr einen <strong>genaue und stabile Verfolgung<\/strong>, Die Rotation der Erde wird ausgeglichen, um Objekte im Feld zentriert zu halten. Betrieb mit einer Stromversorgung <strong>12V DC<\/strong>, Sie ist eine zuverl\u00e4ssige L\u00f6sung sowohl f\u00fcr die visuelle Beobachtung als auch f\u00fcr die Astrofotografie.<\/p>\n<h3>Beobachtungskomfort und Zubeh\u00f6r inklusive<\/h3>\n<p>Das SKYMAX-150 wird mit einem <strong>2-Zoll-Okular von 28 mm<\/strong>, mit einer Vergr\u00f6\u00dferung von <strong>x64<\/strong>. Die <strong>abgewinkelte Umlenkung 2\u201d (50.8 mm)<\/strong> verbessert den Beobachtungskomfort, insbesondere bei Objekten, die sich hoch am Himmel befinden.<\/p>\n<p>Die <strong>optischer Sucher 9\u00d750<\/strong> mit Halterung erleichtert das Auffinden von Himmelsobjekten und macht die Verwendung des Teleskops intuitiver und effizienter. Das mitgelieferte Zubeh\u00f6r erm\u00f6glicht eine schnelle Einarbeitung, auch f\u00fcr Benutzer, die sich zu einer fortgeschrittenen Nutzung weiterentwickeln m\u00f6chten.<\/p>\n<p>Das Ganze beruht auf einem <strong>1,75\u201d-Stativ aus rostfreiem Stahl\u201d<\/strong>, Dadurch wird eine hervorragende Stabilit\u00e4t auch bei Beobachtungen mit hoher Vergr\u00f6\u00dferung gew\u00e4hrleistet. Die integrierte Zubeh\u00f6rablage sorgt f\u00fcr zus\u00e4tzlichen Komfort w\u00e4hrend der Beobachtungssessions.<\/p>\n<h3>Technische Daten zum Sky-Watcher SKYMAX-150 HEQ-5 R PRO SynScan<\/h3>\n<table border=\"1\" cellspacing=\"0\" cellpadding=\"8\">\n<tbody>\n<tr>\n<th>Merkmal<\/th>\n<th>Detail<\/th>\n<\/tr>\n<tr>\n<td>Optischer Typ<\/td>\n<td>Maksutov-Cassegrain<\/td>\n<\/tr>\n<tr>\n<td>Durchmesser<\/td>\n<td>150 mm<\/td>\n<\/tr>\n<tr>\n<td>Brennweite<\/td>\n<td>1800 mm<\/td>\n<\/tr>\n<tr>\n<td>Fokusbericht<\/td>\n<td>f\/12<\/td>\n<\/tr>\n<tr>\n<td>Gelieferte Vergr\u00f6\u00dferung<\/td>\n<td>x64<\/td>\n<\/tr>\n<tr>\n<td>Maximale Vergr\u00f6\u00dferung<\/td>\n<td>x450<\/td>\n<\/tr>\n<tr>\n<td>Optische Verarbeitung<\/td>\n<td>RAQ\u2122 (94% Reflektivit\u00e4t)<\/td>\n<\/tr>\n<tr>\n<td>Inklusive Okular<\/td>\n<td>28 mm (2\u201d)<\/td>\n<\/tr>\n<tr>\n<td>Forscher<\/td>\n<td>9\u00d750 mit St\u00e4nder<\/td>\n<\/tr>\n<tr>\n<td>Abgewinkelte Umlenkung<\/td>\n<td>2\u201d \/ 50.8 mm<\/td>\n<\/tr>\n<tr>\n<td>Rahmen<\/td>\n<td>HEQ-5 R PRO SynScan\u2122 Go-To<\/td>\n<\/tr>\n<tr>\n<td>Motoren<\/td>\n<td>Doppelachse Schritt f\u00fcr Schritt<\/td>\n<\/tr>\n<tr>\n<td>Ern\u00e4hrung<\/td>\n<td>12V DC<\/td>\n<\/tr>\n<tr>\n<td>Stativ<\/td>\n<td>Edelstahl 1.75\u201d mit Tablett<\/td>\n<\/tr>\n<tr>\n<td>Fokussieren<\/td>\n<td>Durch Verschieben des Hauptspiegels<\/td>\n<\/tr>\n<tr>\n<td>Polsucher<\/td>\n<td>Integrierte Halterung<\/td>\n<\/tr>\n<\/tbody>\n<\/table>\n<h3>Warum sollte man sich f\u00fcr den SKYMAX-150 HEQ-5 R PRO SynScan entscheiden?<\/h3>\n<p>Die <strong>Sky-Watcher SKYMAX-150 HEQ-5 R PRO SynScan<\/strong> ist die ideale Wahl f\u00fcr Astronomen, die in eine leistungsf\u00e4hige und erweiterbare Ausr\u00fcstung investieren m\u00f6chten. Seine Kombination aus <strong>hochwertige Optik, robuster Rahmen und fortschrittliche Go-To-Technologie<\/strong> erm\u00f6glicht es Ihnen, den Nachthimmel in vollen Z\u00fcgen zu genie\u00dfen. Es ist vielseitig und pr\u00e4zise und bildet eine hervorragende Grundlage f\u00fcr detaillierte Beobachtungen ebenso wie f\u00fcr die Astrofotografie mit langer Belichtungszeit.<\/p>","protected":false},"excerpt":{"rendered":"<p>T\u00e9lescope Sky-Watcher SKYMAX-150 HEQ-5 R PRO SynScan : puissance optique et monture haute pr\u00e9cision Le Sky-Watcher SKYMAX-150 HEQ-5 R PRO SynScan est un t\u00e9lescope Maksutov-Cassegrain haut de gamme con\u00e7u pour les astronomes amateurs avanc\u00e9s et passionn\u00e9s souhaitant b\u00e9n\u00e9ficier d\u2019une optique puissante associ\u00e9e \u00e0 une monture \u00e9quatoriale robuste et pr\u00e9cise. Gr\u00e2ce \u00e0 son diam\u00e8tre de 150 [&hellip;]<\/p>\n","protected":false},"featured_media":14645,"comment_status":"open","ping_status":"closed","template":"","meta":[],"product_brand":[822],"product_cat":[392,762,752,20],"product_tag":[],"class_list":{"0":"post-14644","1":"product","2":"type-product","3":"status-publish","4":"has-post-thumbnail","6":"product_brand-sky-watcher","7":"product_cat-telescopes_reflecteurs","8":"product_cat-equatoriales","9":"product_cat-maksutov-cassegrain","10":"product_cat-montures","12":"first","13":"on_supplier","14":"taxable","15":"shipping-taxable","16":"purchasable","17":"product-type-simple"},"_links":{"self":[{"href":"https:\/\/deep-space-astronomy.ch\/de\/wp-json\/wp\/v2\/product\/14644","targetHints":{"allow":["GET"]}}],"collection":[{"href":"https:\/\/deep-space-astronomy.ch\/de\/wp-json\/wp\/v2\/product"}],"about":[{"href":"https:\/\/deep-space-astronomy.ch\/de\/wp-json\/wp\/v2\/types\/product"}],"replies":[{"embeddable":true,"href":"https:\/\/deep-space-astronomy.ch\/de\/wp-json\/wp\/v2\/comments?post=14644"}],"wp:featuredmedia":[{"embeddable":true,"href":"https:\/\/deep-space-astronomy.ch\/de\/wp-json\/wp\/v2\/media\/14645"}],"wp:attachment":[{"href":"https:\/\/deep-space-astronomy.ch\/de\/wp-json\/wp\/v2\/media?parent=14644"}],"wp:term":[{"taxonomy":"product_brand","embeddable":true,"href":"https:\/\/deep-space-astronomy.ch\/de\/wp-json\/wp\/v2\/product_brand?post=14644"},{"taxonomy":"product_cat","embeddable":true,"href":"https:\/\/deep-space-astronomy.ch\/de\/wp-json\/wp\/v2\/product_cat?post=14644"},{"taxonomy":"product_tag","embeddable":true,"href":"https:\/\/deep-space-astronomy.ch\/de\/wp-json\/wp\/v2\/product_tag?post=14644"}],"curies":[{"name":"wp","href":"https:\/\/api.w.org\/{rel}","templated":true}]}}