{"id":14659,"date":"2026-04-14T10:14:05","date_gmt":"2026-04-14T08:14:05","guid":{"rendered":"https:\/\/deep-space-astronomy.ch\/?post_type=product&#038;p=14659"},"modified":"2026-04-14T10:14:19","modified_gmt":"2026-04-14T08:14:19","slug":"sky-watcher-skymax-180-pro-eq5-pro","status":"publish","type":"product","link":"https:\/\/deep-space-astronomy.ch\/de\/produkt\/sky-watcher-skymax-180-pro-eq5-pro\/","title":{"rendered":"Sky-Watcher SKYMAX-180 PRO EQ5 PRO"},"content":{"rendered":"<h3>Sky-Watcher SKYMAX-180 PRO EQ5 PRO SynScan-Teleskop: Extreme Leistung und Go-To-Pr\u00e4zision<\/h3>\n<p>Die <strong>Sky-Watcher SKYMAX-180 PRO EQ5 PRO SynScan<\/strong> ist ein hochwertiges Maksutov-Cassegrain-Teleskop, das f\u00fcr begeisterte Astronomen auf der Suche nach <strong>au\u00dfergew\u00f6hnliche optische Leistung und ein automatisiertes Go-To-System<\/strong>. Mit seinem gro\u00dfen Durchmesser von <strong>180 mm<\/strong> und seiner langen Brennweite eignet er sich besonders f\u00fcr die detaillierte Beobachtung der <strong>Mond, Planeten und Doppelsterne<\/strong>, Sie k\u00f6nnen aber auch eine gute Leistung bei hellen Deep-Sky-Objekten erzielen.<\/p>\n<p>Ausgestattet mit einer beeindruckenden Brennweite von <strong>2700 mm (f\/15)<\/strong>, Dieses Teleskop ist f\u00fcr Beobachtungen mit sehr hoher Vergr\u00f6\u00dferung optimiert. Es erreicht Vergr\u00f6\u00dferungen von <strong>x108 und x270<\/strong> mit den mitgelieferten Okularen und kann bis zu einer theoretischen Maximalvergr\u00f6\u00dferung von <strong>x540<\/strong> unter idealen Bedingungen. Dieses Leistungsniveau erm\u00f6glicht es, mit bemerkenswerter Genauigkeit die <strong>Details von Mondkratern, die Aufteilung der Ringe des Saturns oder die atmosph\u00e4rischen Strukturen des Jupiters<\/strong>.<\/p>\n<h3>Eine hochpr\u00e4zise Maksutov-Cassegrain-Optik<\/h3>\n<p>Die SKYMAX-180 PRO nutzt ein optisches Design, das f\u00fcr seine <strong>hohe Aufl\u00f6sung und sein au\u00dfergew\u00f6hnlicher Kontrast<\/strong>. Sein geschlossener Tubus reduziert interne Turbulenzen und sch\u00fctzt die Optik effektiv vor Staub, wodurch eine stabile Bildqualit\u00e4t gew\u00e4hrleistet wird.<\/p>\n<p>Der Prim\u00e4r- und der Sekund\u00e4rspiegel werden mit der Technologie <strong>Radiant\u2122 Aluminum Quarz (RAQ\u2122)<\/strong>, und bietet bis zu <strong>94% Reflektivit\u00e4t<\/strong>. Diese Behandlung optimiert die Lichtdurchl\u00e4ssigkeit und sorgt f\u00fcr helle, scharfe und kontrastreiche Bilder sowie eine hervorragende Haltbarkeit.<\/p>\n<p>Die Fokussierung durch Verschieben des Hauptspiegels erm\u00f6glicht eine feine und pr\u00e4zise Einstellung, die unerl\u00e4sslich ist, um die F\u00e4higkeiten dieses hochvergr\u00f6\u00dfernden Teleskops voll auszusch\u00f6pfen.<\/p>\n<h3>EQ5 PRO SynScan Go-To Montierung: Pr\u00e4zision und Automatisierung<\/h3>\n<p>Das Teleskop ist mit der <strong>\u00e4quatoriale Montierung EQ5 PRO SynScan\u2122 Go-To<\/strong>, Eine leistungsstarke motorisierte L\u00f6sung, mit der Sie Tausende von Himmelsobjekten automatisch lokalisieren und verfolgen k\u00f6nnen.<\/p>\n<p>Dank seiner <strong>Schrittmotoren auf beiden Achsen<\/strong>, Das Gestell sorgt f\u00fcr fl\u00fcssige und pr\u00e4zise Bewegungen. Sobald die Ausrichtung mithilfe des <strong>eingebauter Polsucher<\/strong>, Sie gleicht die Erdrotation aus, um Objekte im Sichtfeld zentriert zu halten.<\/p>\n<p>Der SynScan-Racket bietet Zugang zu einer umfangreichen Datenbank mit Himmelsobjekten, wodurch die Erforschung des Himmels einfach und intuitiv wird, selbst f\u00fcr Benutzer, die schnelle Fortschritte in der Astronomie machen m\u00f6chten.<\/p>\n<p>Betrieb mit einem Netzteil <strong>12V DC<\/strong>, Diese Montierung bietet eine solide Grundlage f\u00fcr fortgeschrittene visuelle Beobachtung und erste Erfahrungen in der Astrofotografie.<\/p>\n<h3>Beobachtungskomfort und Ausstattung inklusive<\/h3>\n<p>Das SKYMAX-180 PRO wird mit zwei hochwertigen Okularen geliefert: einem <strong>SP 10 mm<\/strong> und ein <strong>LET 25 mm<\/strong>, Die Vergr\u00f6\u00dferungen betragen <strong>x270 und x108<\/strong>. Die <strong>abgewinkelte Umlenkung 2\u201d (50.8 mm)<\/strong> bietet optimalen Beobachtungskomfort, insbesondere bei hoch gelegenen Objekten.<\/p>\n<p>Die <strong>optischer Sucher 9\u00d750<\/strong> erleichtert das Auffinden von Himmelsobjekten, w\u00e4hrend das hochwertige Zubeh\u00f6r daf\u00fcr sorgt, dass die Benutzung schon bei den ersten Beobachtungen Spa\u00df macht.<\/p>\n<p>Das Ganze beruht auf einem <strong>1,75\u201d-Stativ aus rostfreiem Stahl\u201d<\/strong>, Das Teleskop ist mit einem stabilen Rahmen ausgestattet, der auch bei hoher Vergr\u00f6\u00dferung eine hervorragende Stabilit\u00e4t gew\u00e4hrleistet. Die integrierte Zubeh\u00f6rablage sorgt f\u00fcr zus\u00e4tzlichen Komfort w\u00e4hrend der Beobachtungssessions.<\/p>\n<h3>Technische Daten zum Sky-Watcher SKYMAX-180 PRO EQ5 PRO SynScan<\/h3>\n<table border=\"1\" cellspacing=\"0\" cellpadding=\"8\">\n<tbody>\n<tr>\n<th>Merkmal<\/th>\n<th>Detail<\/th>\n<\/tr>\n<tr>\n<td>Optischer Typ<\/td>\n<td>Maksutov-Cassegrain<\/td>\n<\/tr>\n<tr>\n<td>Durchmesser<\/td>\n<td>180 mm<\/td>\n<\/tr>\n<tr>\n<td>Brennweite<\/td>\n<td>2700 mm<\/td>\n<\/tr>\n<tr>\n<td>Fokusbericht<\/td>\n<td>f\/15<\/td>\n<\/tr>\n<tr>\n<td>Mitgelieferte Vergr\u00f6\u00dferungen<\/td>\n<td>x108 \/ x270<\/td>\n<\/tr>\n<tr>\n<td>Maximale Vergr\u00f6\u00dferung<\/td>\n<td>x540<\/td>\n<\/tr>\n<tr>\n<td>Optische Verarbeitung<\/td>\n<td>RAQ\u2122 (94% Reflektivit\u00e4t)<\/td>\n<\/tr>\n<tr>\n<td>Inklusive Okulare<\/td>\n<td>SP 10 mm &amp; LET 25 mm (1.25\u201d)<\/td>\n<\/tr>\n<tr>\n<td>Forscher<\/td>\n<td>9\u00d750 mit St\u00e4nder<\/td>\n<\/tr>\n<tr>\n<td>Abgewinkelte Umlenkung<\/td>\n<td>2\u201d \/ 50.8 mm<\/td>\n<\/tr>\n<tr>\n<td>Rahmen<\/td>\n<td>EQ5 PRO SynScan\u2122 Go-To<\/td>\n<\/tr>\n<tr>\n<td>Motoren<\/td>\n<td>Doppelachse Schritt f\u00fcr Schritt<\/td>\n<\/tr>\n<tr>\n<td>Ern\u00e4hrung<\/td>\n<td>12V DC<\/td>\n<\/tr>\n<tr>\n<td>Stativ<\/td>\n<td>Edelstahl 1.75\u201d mit Tablett<\/td>\n<\/tr>\n<tr>\n<td>Fokussieren<\/td>\n<td>Durch Verschieben des Hauptspiegels<\/td>\n<\/tr>\n<tr>\n<td>Polsucher<\/td>\n<td>Integriert<\/td>\n<\/tr>\n<\/tbody>\n<\/table>\n<h3>Warum sollte man sich f\u00fcr den SKYMAX-180 PRO EQ5 PRO SynScan entscheiden?<\/h3>\n<p>Die <strong>Sky-Watcher SKYMAX-180 PRO EQ5 PRO SynScan<\/strong> ist ein ideales Instrument f\u00fcr Astronomen, die nach einer <strong>maximale optische Leistung und fortschrittliche Verfolgungsgenauigkeit<\/strong>. Seine Kombination aus <strong>gro\u00dfer Durchmesser, lange Brennweite und leistungsstarkes Go-To-Mount-Geh\u00e4use<\/strong> macht es zur perfekten Wahl f\u00fcr detaillierte Planetenbeobachtungen und erste Erfahrungen mit der Astrofotografie. Es ist robust, pr\u00e4zise und erweiterbar und erm\u00f6glicht Ihnen, den Himmel mit einer beeindruckenden Detailgenauigkeit zu erkunden.<\/p>","protected":false},"excerpt":{"rendered":"<p>T\u00e9lescope Sky-Watcher SKYMAX-180 PRO EQ5 PRO SynScan : puissance extr\u00eame et pr\u00e9cision Go-To Le Sky-Watcher SKYMAX-180 PRO EQ5 PRO SynScan est un t\u00e9lescope Maksutov-Cassegrain haut de gamme con\u00e7u pour les astronomes passionn\u00e9s \u00e0 la recherche de performances optiques exceptionnelles et d\u2019un syst\u00e8me Go-To automatis\u00e9. Avec son large diam\u00e8tre de 180 mm et sa longue focale, [&hellip;]<\/p>\n","protected":false},"featured_media":14660,"comment_status":"open","ping_status":"closed","template":"","meta":[],"product_brand":[822],"product_cat":[392,762,752,20],"product_tag":[],"class_list":{"0":"post-14659","1":"product","2":"type-product","3":"status-publish","4":"has-post-thumbnail","6":"product_brand-sky-watcher","7":"product_cat-telescopes_reflecteurs","8":"product_cat-equatoriales","9":"product_cat-maksutov-cassegrain","10":"product_cat-montures","12":"first","13":"on_supplier","14":"taxable","15":"shipping-taxable","16":"purchasable","17":"product-type-simple"},"_links":{"self":[{"href":"https:\/\/deep-space-astronomy.ch\/de\/wp-json\/wp\/v2\/product\/14659","targetHints":{"allow":["GET"]}}],"collection":[{"href":"https:\/\/deep-space-astronomy.ch\/de\/wp-json\/wp\/v2\/product"}],"about":[{"href":"https:\/\/deep-space-astronomy.ch\/de\/wp-json\/wp\/v2\/types\/product"}],"replies":[{"embeddable":true,"href":"https:\/\/deep-space-astronomy.ch\/de\/wp-json\/wp\/v2\/comments?post=14659"}],"wp:featuredmedia":[{"embeddable":true,"href":"https:\/\/deep-space-astronomy.ch\/de\/wp-json\/wp\/v2\/media\/14660"}],"wp:attachment":[{"href":"https:\/\/deep-space-astronomy.ch\/de\/wp-json\/wp\/v2\/media?parent=14659"}],"wp:term":[{"taxonomy":"product_brand","embeddable":true,"href":"https:\/\/deep-space-astronomy.ch\/de\/wp-json\/wp\/v2\/product_brand?post=14659"},{"taxonomy":"product_cat","embeddable":true,"href":"https:\/\/deep-space-astronomy.ch\/de\/wp-json\/wp\/v2\/product_cat?post=14659"},{"taxonomy":"product_tag","embeddable":true,"href":"https:\/\/deep-space-astronomy.ch\/de\/wp-json\/wp\/v2\/product_tag?post=14659"}],"curies":[{"name":"wp","href":"https:\/\/api.w.org\/{rel}","templated":true}]}}