{"id":14666,"date":"2026-04-14T10:34:21","date_gmt":"2026-04-14T08:34:21","guid":{"rendered":"https:\/\/deep-space-astronomy.ch\/?post_type=product&#038;p=14666"},"modified":"2026-04-14T10:34:35","modified_gmt":"2026-04-14T08:34:35","slug":"sky-watcher-skymax-180-pro-eq6-r-pro","status":"publish","type":"product","link":"https:\/\/deep-space-astronomy.ch\/de\/produkt\/sky-watcher-skymax-180-pro-eq6-r-pro\/","title":{"rendered":"Sky-Watcher SKYMAX-180 PRO EQ6-R PRO"},"content":{"rendered":"<h3>Sky-Watcher SKYMAX-180 PRO EQ6-R PRO SynScan-Teleskop: Maximale Leistung und ultra-robuste Montierung<\/h3>\n<p>Die <strong>Sky-Watcher SKYMAX-180 PRO EQ6-R PRO SynScan<\/strong> ist ein Maksutov-Cassegrain-Teleskop der Spitzenklasse, das f\u00fcr anspruchsvolle Astronomen entwickelt wurde, die eine <strong>au\u00dfergew\u00f6hnliche optische Leistung in Kombination mit einem extrem robusten und pr\u00e4zisen \u00e4quatorialen Rahmen<\/strong>. Mit einem Durchmesser von <strong>180 mm<\/strong> und seiner langen Brennweite zeichnet er sich durch die detaillierte Beobachtung der <strong>Mond, Planeten und Doppelsterne<\/strong>, Sie k\u00f6nnen aber auch sehr gute Leistungen bei hellen Deep-Sky-Objekten erzielen.<\/p>\n<p>Seine Brennweite von <strong>2700 mm (f\/15)<\/strong> macht es zu einem idealen Instrument f\u00fcr Beobachtungen mit sehr hoher Vergr\u00f6\u00dferung. Es erm\u00f6glicht Vergr\u00f6\u00dferungen von <strong>x108 und x270<\/strong> mit den mitgelieferten Okularen und kann eine theoretische Maximalvergr\u00f6\u00dferung von <strong>x540<\/strong> unter optimalen Bedingungen. So k\u00f6nnen Sie mit bemerkenswerter Genauigkeit die <strong>Details von Mondkratern, die Aufteilung der Ringe des Saturns oder die atmosph\u00e4rischen Strukturen des Jupiters<\/strong>.<\/p>\n<h3>Eine hochpr\u00e4zise Maksutov-Cassegrain-Optik<\/h3>\n<p>Die SKYMAX-180 PRO basiert auf einem optischen Design, das f\u00fcr seine <strong>hohe Aufl\u00f6sung und sein ausgezeichneter Kontrast<\/strong>. Sein geschlossener Tubus begrenzt interne Turbulenzen und sch\u00fctzt die Optik effektiv vor Staub, wodurch eine stabile und lang anhaltende Bildqualit\u00e4t gew\u00e4hrleistet wird.<\/p>\n<p>Der Prim\u00e4r- und der Sekund\u00e4rspiegel profitieren von der Behandlung <strong>Radiant\u2122 Aluminum Quarz (RAQ\u2122)<\/strong>, und bietet bis zu <strong>94% Reflektivit\u00e4t<\/strong>. Diese Technologie optimiert die Lichtdurchl\u00e4ssigkeit und sorgt f\u00fcr helle, scharfe und kontrastreiche Bilder.<\/p>\n<p>Die Fokussierung durch Verschieben des Hauptspiegels erm\u00f6glicht eine pr\u00e4zise und stufenweise Einstellung, die unerl\u00e4sslich ist, um die F\u00e4higkeiten des Teleskops bei hoher Vergr\u00f6\u00dferung voll auszusch\u00f6pfen.<\/p>\n<h3>EQ6-R PRO SynScan-Mount: Stabilit\u00e4t und professionelle Pr\u00e4zision<\/h3>\n<p>Das Teleskop ist mit der <strong>\u00e4quatoriale Montierung EQ6-R PRO SynScan\u2122 Go-To<\/strong>, ist eine Referenz im Bereich der fortgeschrittenen Amateurastronomie. Sie wurde f\u00fcr hohe Belastungen konzipiert und bietet eine <strong>au\u00dfergew\u00f6hnliche Stabilit\u00e4t und bemerkenswerte Trackinggenauigkeit<\/strong>, Die Kamera ist ideal f\u00fcr Beobachtungen und Astrofotografie mit langer Belichtungszeit.<\/p>\n<p>Dank seiner <strong>Schrittmotoren auf beiden Achsen<\/strong> und seinem optimierten \u00dcbertragungssystem sorgt das Gestell f\u00fcr fl\u00fcssige und pr\u00e4zise Bewegungen. Das System <strong>Go-To SynScan<\/strong> erm\u00f6glicht <strong>automatisch auf Tausende von Himmelsobjekten zeigen<\/strong> \u00fcber eine umfassende Datenbank.<\/p>\n<p>Sobald die Ausrichtung mithilfe des <strong>eingebauter Polsucher<\/strong>, Die Montierung gleicht die Drehung der Erde aus, um die Objekte im Bildfeld perfekt zentriert zu halten.<\/p>\n<h3>Beobachtungskomfort und Ausstattung inklusive<\/h3>\n<p>Das SKYMAX-180 PRO wird mit zwei Okularen geliefert: einem <strong>SP 10 mm<\/strong> und ein <strong>LET 25 mm<\/strong>, Die Vergr\u00f6\u00dferungen betragen <strong>x270 und x108<\/strong>. Die <strong>abgewinkelte Umlenkung 2\u201d (50.8 mm)<\/strong> verbessert den Beobachtungskomfort, insbesondere bei h\u00f6her gelegenen Objekten.<\/p>\n<p>Die <strong>optischer Sucher 9\u00d750<\/strong> mit Halterung erleichtert das Auffinden von Himmelsobjekten, w\u00e4hrend die Qualit\u00e4t des Zubeh\u00f6rs eine angenehme Nutzung schon bei den ersten Beobachtungen gew\u00e4hrleistet.<\/p>\n<p>Das Ganze beruht auf einem <strong>2\u201d-Stativ aus rostfreiem Stahl\u201d<\/strong>, Das Objektiv ist mit einer speziellen Konstruktion ausgestattet, die eine maximale Steifigkeit und Stabilit\u00e4t selbst bei Beobachtungen mit sehr hoher Vergr\u00f6\u00dferung oder bei der Astrofotografie gew\u00e4hrleistet.<\/p>\n<h3>Technische Daten zum Sky-Watcher SKYMAX-180 PRO EQ6-R PRO SynScan<\/h3>\n<table border=\"1\" cellspacing=\"0\" cellpadding=\"8\">\n<tbody>\n<tr>\n<th>Merkmal<\/th>\n<th>Detail<\/th>\n<\/tr>\n<tr>\n<td>Optischer Typ<\/td>\n<td>Maksutov-Cassegrain<\/td>\n<\/tr>\n<tr>\n<td>Durchmesser<\/td>\n<td>180 mm<\/td>\n<\/tr>\n<tr>\n<td>Brennweite<\/td>\n<td>2700 mm<\/td>\n<\/tr>\n<tr>\n<td>Fokusbericht<\/td>\n<td>f\/15<\/td>\n<\/tr>\n<tr>\n<td>Mitgelieferte Vergr\u00f6\u00dferungen<\/td>\n<td>x108 \/ x270<\/td>\n<\/tr>\n<tr>\n<td>Maximale Vergr\u00f6\u00dferung<\/td>\n<td>x540<\/td>\n<\/tr>\n<tr>\n<td>Optische Verarbeitung<\/td>\n<td>RAQ\u2122 (94% Reflektivit\u00e4t)<\/td>\n<\/tr>\n<tr>\n<td>Inklusive Okulare<\/td>\n<td>SP 10 mm &amp; LET 25 mm (1.25\u201d)<\/td>\n<\/tr>\n<tr>\n<td>Forscher<\/td>\n<td>9\u00d750 mit St\u00e4nder<\/td>\n<\/tr>\n<tr>\n<td>Abgewinkelte Umlenkung<\/td>\n<td>2\u201d \/ 50.8 mm<\/td>\n<\/tr>\n<tr>\n<td>Rahmen<\/td>\n<td>EQ6-R PRO SynScan\u2122 Go-To<\/td>\n<\/tr>\n<tr>\n<td>Motoren<\/td>\n<td>Doppelachse Schritt f\u00fcr Schritt<\/td>\n<\/tr>\n<tr>\n<td>Ern\u00e4hrung<\/td>\n<td>12V DC<\/td>\n<\/tr>\n<tr>\n<td>Stativ<\/td>\n<td>Edelstahl 2\u201d mit Tablett<\/td>\n<\/tr>\n<tr>\n<td>Fokussieren<\/td>\n<td>Durch Verschieben des Hauptspiegels<\/td>\n<\/tr>\n<tr>\n<td>Polsucher<\/td>\n<td>Integrierte Halterung<\/td>\n<\/tr>\n<\/tbody>\n<\/table>\n<h3>Warum sollte man sich f\u00fcr den SKYMAX-180 PRO EQ6-R PRO SynScan entscheiden?<\/h3>\n<p>Die <strong>Sky-Watcher SKYMAX-180 PRO EQ6-R PRO SynScan<\/strong> ist das Instrument der Wahl f\u00fcr Astronomen, die ein Expertenniveau erreichen wollen. Seine Kombination aus <strong>leistungsstarke Optik, ultra-stabiler Rahmen und fortschrittliche Go-To-Technologie<\/strong> macht es zu einem Teleskop, das sich perfekt f\u00fcr die detaillierte Beobachtung und die Astrofotografie mit langer Belichtungszeit eignet. Es ist robust, pr\u00e4zise und erweiterbar und stellt eine dauerhafte Investition dar, um den Himmel mit au\u00dfergew\u00f6hnlicher Pr\u00e4zision zu erkunden.<\/p>","protected":false},"excerpt":{"rendered":"<p>T\u00e9lescope Sky-Watcher SKYMAX-180 PRO EQ6-R PRO SynScan : puissance maximale et monture ultra robuste Le Sky-Watcher SKYMAX-180 PRO EQ6-R PRO SynScan est un t\u00e9lescope Maksutov-Cassegrain haut de gamme con\u00e7u pour les astronomes exigeants recherchant une puissance optique exceptionnelle associ\u00e9e \u00e0 une monture \u00e9quatoriale ultra robuste et pr\u00e9cise. Avec son diam\u00e8tre de 180 mm et sa [&hellip;]<\/p>\n","protected":false},"featured_media":14667,"comment_status":"open","ping_status":"closed","template":"","meta":[],"product_brand":[822],"product_cat":[392,762,752,20],"product_tag":[],"class_list":{"0":"post-14666","1":"product","2":"type-product","3":"status-publish","4":"has-post-thumbnail","6":"product_brand-sky-watcher","7":"product_cat-telescopes_reflecteurs","8":"product_cat-equatoriales","9":"product_cat-maksutov-cassegrain","10":"product_cat-montures","12":"first","13":"on_supplier","14":"taxable","15":"shipping-taxable","16":"purchasable","17":"product-type-simple"},"_links":{"self":[{"href":"https:\/\/deep-space-astronomy.ch\/de\/wp-json\/wp\/v2\/product\/14666","targetHints":{"allow":["GET"]}}],"collection":[{"href":"https:\/\/deep-space-astronomy.ch\/de\/wp-json\/wp\/v2\/product"}],"about":[{"href":"https:\/\/deep-space-astronomy.ch\/de\/wp-json\/wp\/v2\/types\/product"}],"replies":[{"embeddable":true,"href":"https:\/\/deep-space-astronomy.ch\/de\/wp-json\/wp\/v2\/comments?post=14666"}],"wp:featuredmedia":[{"embeddable":true,"href":"https:\/\/deep-space-astronomy.ch\/de\/wp-json\/wp\/v2\/media\/14667"}],"wp:attachment":[{"href":"https:\/\/deep-space-astronomy.ch\/de\/wp-json\/wp\/v2\/media?parent=14666"}],"wp:term":[{"taxonomy":"product_brand","embeddable":true,"href":"https:\/\/deep-space-astronomy.ch\/de\/wp-json\/wp\/v2\/product_brand?post=14666"},{"taxonomy":"product_cat","embeddable":true,"href":"https:\/\/deep-space-astronomy.ch\/de\/wp-json\/wp\/v2\/product_cat?post=14666"},{"taxonomy":"product_tag","embeddable":true,"href":"https:\/\/deep-space-astronomy.ch\/de\/wp-json\/wp\/v2\/product_tag?post=14666"}],"curies":[{"name":"wp","href":"https:\/\/api.w.org\/{rel}","templated":true}]}}