{"id":14670,"date":"2026-04-14T10:45:25","date_gmt":"2026-04-14T08:45:25","guid":{"rendered":"https:\/\/deep-space-astronomy.ch\/?post_type=product&#038;p=14670"},"modified":"2026-04-14T10:45:38","modified_gmt":"2026-04-14T08:45:38","slug":"sky-watcher-mercury-607","status":"publish","type":"product","link":"https:\/\/deep-space-astronomy.ch\/de\/produkt\/sky-watcher-mercury-607\/","title":{"rendered":"Sky-Watcher MERCURY-607"},"content":{"rendered":"<h3>Sky-Watcher MERCURY-607: Ideal f\u00fcr Einsteiger in die Astronomie<\/h3>\n<p>Das Teleskop <strong>Sky-Watcher MERCURY-607<\/strong> ist ein hervorragender Einstieg in die faszinierende Welt der Astronomie. Es wurde speziell f\u00fcr Anf\u00e4nger und junge Benutzer entwickelt und vereint einfache Bedienung, geringes Gewicht und zuverl\u00e4ssige optische Leistung. Mit diesem Modell k\u00f6nnen Sie <strong>den Nachthimmel ohne Schwierigkeiten entdecken<\/strong>, Die Bildqualit\u00e4t reicht aus, um die Leidenschaft f\u00fcr die Beobachtung zu wecken.<\/p>\n<p>Im Gegensatz zu vielen auf dem Markt befindlichen Einsteigerteleskopen zeichnet sich das MERCURY-607 durch sein hochwertigeres Zubeh\u00f6r aus. Es ist mit Okularen im Standardformat 1,25\u2033 ausgestattet, die wesentlich leistungsf\u00e4higer und entwicklungsf\u00e4higer sind als \u00e4ltere Formate wie 0,96\u2033. Dar\u00fcber hinaus wurden die mitgelieferten Vergr\u00f6\u00dferungen sorgf\u00e4ltig ausgew\u00e4hlt, um wirklich nutzbar zu sein, wobei zu hohe Leistungen vermieden wurden, die bei dieser Art von Instrument oft unbrauchbar sind. Dies garantiert ein sch\u00e4rferes, stabileres und angenehmeres Beobachtungserlebnis.<\/p>\n<h3>Einfache, genaue und vielseitige Beobachtung<\/h3>\n<p>Mit seinem 60-mm-Objektiv und einer Brennweite von 700 mm (f\/11,66) liefert dieses Refraktorteleskop kontrastreiche Bilder mit guter Detailgenauigkeit. Es eignet sich hervorragend zur Beobachtung von :<\/p>\n<ul>\n<li>Krater, Mondmeere und Mondreliefs genau erkennen<\/li>\n<li>Helle Planeten wie Jupiter (und seine Monde) oder Saturn<\/li>\n<li>Helle Sterne und einige offene Sternhaufen<\/li>\n<\/ul>\n<p>Durch das hohe \u00d6ffnungsverh\u00e4ltnis werden chromatische Aberrationen minimiert, ein wichtiger Vorteil f\u00fcr ein Instrument der Einstiegsklasse. Dadurch bleiben die Bilder sch\u00e4rfer und angenehmer zu beobachten, insbesondere bei Planetenbeobachtungen.<\/p>\n<p>Mit seinem 1,5-fach aufrichtenden Okular kann das MERCURY-607 auch zur terrestrischen Beobachtung verwendet werden. Dadurch wird es zu einem idealen Spektiv f\u00fcr die Beobachtung von Natur, Landschaften oder sogar entfernten Objekten am Tag, was ihm eine sehr willkommene vielseitige Dimension verleiht.<\/p>\n<h3>Intuitives Gestell und sofortiger Griff<\/h3>\n<p>Das Teleskop ist mit einer einfachen und intuitiven azimutalen Montierung ausgestattet, die sich perfekt f\u00fcr Anf\u00e4nger eignet. Die horizontalen und vertikalen Bewegungen sind fl\u00fcssig, so dass Sie Himmelsobjekte leicht anpeilen k\u00f6nnen. Ein System zur Mikroanpassung der Elevation erm\u00f6glicht die Feinabstimmung der Objektverfolgung, was besonders hilfreich ist, wenn Sie einen Planeten oder den Mond im Blickfeld behalten m\u00f6chten.<\/p>\n<p>Das Aluminiumstativ bietet eine gute Stabilit\u00e4t, ist aber dennoch leicht und einfach zu transportieren. Es verf\u00fcgt \u00fcber eine praktische Zubeh\u00f6rablage, sodass Okulare und Zubeh\u00f6r w\u00e4hrend der Beobachtungssessions stets griffbereit sind.<\/p>\n<h3>Umfangreiches Zubeh\u00f6r, um sofort loszulegen<\/h3>\n<p>Der Sky-Watcher MERCURY-607 wird mit einem kompletten Zubeh\u00f6rpaket geliefert, sodass Sie sofort mit der Beobachtung beginnen k\u00f6nnen:<\/p>\n<ul>\n<li>Zwei 1,25\u2033-Okulare (10 mm und 20 mm) zur Variation der Vergr\u00f6\u00dferungen<\/li>\n<li>Eine x2 Barlow-Linse f\u00fcr doppelte Leistung<\/li>\n<li>Ein 1,5-faches Richtokular f\u00fcr die terrestrische Beobachtung<\/li>\n<li>Ein 5\u00d724-Sucher zur einfachen Lokalisierung von Himmelsobjekten<\/li>\n<li>Eine abgewinkelte 31,7 mm Umlenkung f\u00fcr mehr Beobachtungskomfort<\/li>\n<\/ul>\n<p>Vollst\u00e4ndig verg\u00fctete Optiken (Fully Coated) verbessern die Lichtdurchl\u00e4ssigkeit und erh\u00f6hen die Helligkeit der Bilder. Dies f\u00fchrt zu einer klareren und kontrastreicheren Wiedergabe, selbst unter bescheidenen Beobachtungsbedingungen.<\/p>\n<h3>Technische Daten<\/h3>\n<table border=\"1\" cellspacing=\"0\" cellpadding=\"8\">\n<tbody>\n<tr>\n<th>Merkmal<\/th>\n<th>Detail<\/th>\n<\/tr>\n<tr>\n<td>Typ<\/td>\n<td>Astronomisches Fernrohr (Refraktor)<\/td>\n<\/tr>\n<tr>\n<td>Durchmesser<\/td>\n<td>60 mm<\/td>\n<\/tr>\n<tr>\n<td>Brennweite<\/td>\n<td>700 mm<\/td>\n<\/tr>\n<tr>\n<td>Fokusbericht<\/td>\n<td>f\/11.66<\/td>\n<\/tr>\n<tr>\n<td>Mitgelieferte Vergr\u00f6\u00dferungen<\/td>\n<td>x35, x70, x140<\/td>\n<\/tr>\n<tr>\n<td>Okulare<\/td>\n<td>10 mm und 20 mm (Format 1,25\u2033)<\/td>\n<\/tr>\n<tr>\n<td>Zubeh\u00f6r<\/td>\n<td>Barlow x2, Okularaufrichter x1,5, Sucher 5\u00d724, abgewinkelter Umlenker<\/td>\n<\/tr>\n<tr>\n<td>Rahmen<\/td>\n<td>Azimutal mit Feineinstellung<\/td>\n<\/tr>\n<tr>\n<td>Stativ<\/td>\n<td>Aluminium mit Zubeh\u00f6rtablett<\/td>\n<\/tr>\n<tr>\n<td>Material des Rohrs<\/td>\n<td>Aluminium<\/td>\n<\/tr>\n<\/tbody>\n<\/table>\n<h3>Warum sollten Sie sich f\u00fcr den MERCURY-607 entscheiden?<\/h3>\n<p>Das Sky-Watcher MERCURY-607 ist eine ausgezeichnete Wahl f\u00fcr ein erstes Teleskop. Er vereint Zug\u00e4nglichkeit, Einfachheit und ausreichende Qualit\u00e4t f\u00fcr \u00fcberzeugende Beobachtungen. Seine umfangreiche Ausstattung erm\u00f6glicht schnelle Fortschritte, ohne sofort in zus\u00e4tzliches Zubeh\u00f6r investieren zu m\u00fcssen.<\/p>\n<p>Seine einfache Handhabung macht es auch zu einem idealen Instrument f\u00fcr Kinder oder f\u00fcr den Gebrauch in der Familie. Es erm\u00f6glicht gemeinsame Entdeckungsmomente rund um den Mond und die Planeten und ist dabei einfach aufzubauen und zu transportieren.<\/p>\n<p>Und schlie\u00dflich macht seine Vielseitigkeit in der astronomischen und terrestrischen Beobachtung es zu einem ganzj\u00e4hrig n\u00fctzlichen Instrument. Ob Sie nun Mondkrater, die Ringe des Saturn oder Landschaften bei Tageslicht beobachten wollen, das MERCURY-607 ist eine erschwingliche Komplettl\u00f6sung f\u00fcr den sicheren Einstieg.<\/p>","protected":false},"excerpt":{"rendered":"<p>Sky-Watcher MERCURY-607 : id\u00e9al pour d\u00e9buter en astronomie Le t\u00e9lescope Sky-Watcher MERCURY-607 est une excellente porte d\u2019entr\u00e9e dans le monde fascinant de l\u2019astronomie. Con\u00e7u sp\u00e9cialement pour les d\u00e9butants et les jeunes utilisateurs, il combine simplicit\u00e9 d\u2019utilisation, l\u00e9g\u00e8ret\u00e9 et performances optiques fiables. Ce mod\u00e8le permet de d\u00e9couvrir le ciel nocturne sans difficult\u00e9, tout en offrant une [&hellip;]<\/p>\n","protected":false},"featured_media":14671,"comment_status":"open","ping_status":"closed","template":"","meta":[],"product_brand":[822],"product_cat":[815,384,754],"product_tag":[],"class_list":{"0":"post-14670","1":"product","2":"type-product","3":"status-publish","4":"has-post-thumbnail","6":"product_brand-sky-watcher","7":"product_cat-debutants","8":"product_cat-lunettes_refracteurs","9":"product_cat-lunettes-achromatiques","11":"first","12":"on_supplier","13":"taxable","14":"shipping-taxable","15":"purchasable","16":"product-type-simple"},"_links":{"self":[{"href":"https:\/\/deep-space-astronomy.ch\/de\/wp-json\/wp\/v2\/product\/14670","targetHints":{"allow":["GET"]}}],"collection":[{"href":"https:\/\/deep-space-astronomy.ch\/de\/wp-json\/wp\/v2\/product"}],"about":[{"href":"https:\/\/deep-space-astronomy.ch\/de\/wp-json\/wp\/v2\/types\/product"}],"replies":[{"embeddable":true,"href":"https:\/\/deep-space-astronomy.ch\/de\/wp-json\/wp\/v2\/comments?post=14670"}],"wp:featuredmedia":[{"embeddable":true,"href":"https:\/\/deep-space-astronomy.ch\/de\/wp-json\/wp\/v2\/media\/14671"}],"wp:attachment":[{"href":"https:\/\/deep-space-astronomy.ch\/de\/wp-json\/wp\/v2\/media?parent=14670"}],"wp:term":[{"taxonomy":"product_brand","embeddable":true,"href":"https:\/\/deep-space-astronomy.ch\/de\/wp-json\/wp\/v2\/product_brand?post=14670"},{"taxonomy":"product_cat","embeddable":true,"href":"https:\/\/deep-space-astronomy.ch\/de\/wp-json\/wp\/v2\/product_cat?post=14670"},{"taxonomy":"product_tag","embeddable":true,"href":"https:\/\/deep-space-astronomy.ch\/de\/wp-json\/wp\/v2\/product_tag?post=14670"}],"curies":[{"name":"wp","href":"https:\/\/api.w.org\/{rel}","templated":true}]}}