{"id":14673,"date":"2026-04-14T10:59:32","date_gmt":"2026-04-14T08:59:32","guid":{"rendered":"https:\/\/deep-space-astronomy.ch\/?post_type=product&#038;p=14673"},"modified":"2026-04-14T10:59:45","modified_gmt":"2026-04-14T08:59:45","slug":"sky-watcher-mercury-705-az-3","status":"publish","type":"product","link":"https:\/\/deep-space-astronomy.ch\/de\/produkt\/sky-watcher-mercury-705-az-3\/","title":{"rendered":"Sky-Watcher Mercury-705 (AZ-3)"},"content":{"rendered":"<h3>Sky-Watcher Mercury-705 (AZ-3) Teleskop: Ein vielseitiges und erweiterbares Teleskop f\u00fcr Anf\u00e4nger<\/h3>\n<p>Die <strong>Sky-Watcher Mercury-705 (AZ-3)<\/strong> ist ein astronomisches Fernrohr, das sich ideal f\u00fcr die ersten Schritte in der Himmelsbeobachtung eignet und gleichzeitig einen interessanten Spielraum f\u00fcr Verbesserungen bietet. Dank seiner <strong>Durchmesser von 70 mm<\/strong>, Er nimmt bis zu <strong>100-mal mehr Licht als das blo\u00dfe Auge<\/strong>, Dies ist eine deutliche Verbesserung im Vergleich zu den Einstiegsmodellen mit 60 mm.<\/p>\n<p>Diese \u00fcberlegene Lichtsammelf\u00e4higkeit sorgt f\u00fcr hellere und detailreichere Bilder. In Verbindung mit einer <strong>verbesserte Aufl\u00f6sung<\/strong> und ein <strong>nutzbare Vergr\u00f6\u00dferung bis zu 140x<\/strong>, Mit diesem Fernrohr k\u00f6nnen Sie die ersten Details der Planeten beobachten, wie zum Beispiel <strong>Jupiter, Saturn und Mars<\/strong>, Sie k\u00f6nnen die Mondlandschaft in vollen Z\u00fcgen genie\u00dfen.<\/p>\n<h3>Detailreiche Beobachtungen<\/h3>\n<p>Der Mond ist mit dem Mercury-705 wohl eines der beeindruckendsten Spektakel. Sie k\u00f6nnen seine <strong>Krater, Mondmeere und geologische Formationen<\/strong> die ihr Aussehen je nach Phase ver\u00e4ndern. Helle Planeten offenbaren auch ihre Hauptmerkmale, darunter die <strong>Jupitersatelliten<\/strong> oder die <strong>Saturnringe<\/strong>.<\/p>\n<p>Dank seiner <strong>Brennweitenverh\u00e4ltnis von f\/7,1<\/strong>, Dieses Teleskop bietet einen guten Kompromiss zwischen Helligkeit und Gesichtsfeld. Es ist auch in der Lage, einige Deep-Sky-Objekte wie z. B. <strong>Sternhaufen<\/strong> oder die hellsten Objekte am Himmel.<\/p>\n<p>Tags\u00fcber ist die Verwendung eines <strong>abgewinkelte Umlenkung <\/strong>erm\u00f6glicht eine komfortable terrestrische Beobachtung und verwandelt das Instrument in eine echte <strong>vielseitiges Fernrohr<\/strong> um die Natur oder die Landschaft zu beobachten.<\/p>\n<h3>Pr\u00e4zise Fokussierung und fl\u00fcssige Bedienung<\/h3>\n<p>Der Mercury-705 ist mit einem <strong>Okularhalter mit Zahnstange<\/strong>, Die <strong>pr\u00e4ziser und stabiler Fokus<\/strong>. Dieses System sorgt f\u00fcr eine Feinabstimmung der Sch\u00e4rfe, die f\u00fcr den vollen Genuss von Beobachtungen bei hoher Vergr\u00f6\u00dferung unerl\u00e4sslich ist.<\/p>\n<p>Die L\u00fcnette ist auf einem <strong>azimutale Montierung AZ-3<\/strong>, bekannt f\u00fcr seine <strong>Stabilit\u00e4t und seine einfache Handhabung<\/strong>. Sie erm\u00f6glicht fl\u00fcssige Bewegungen im Azimut und in der H\u00f6he mit einem <strong>Feineinstellung in beiden Achsen \u00fcber flexible Steuerungen<\/strong>, Dies erleichtert die Verfolgung von Himmelsobjekten erheblich.<\/p>\n<h3>AZ-3-Rahmen: Komfort und Pr\u00e4zision<\/h3>\n<p>Das Gestell <strong>AZ-3<\/strong> bietet viel Bewegungsfreiheit mit einer <strong>360\u00b0-Drehung<\/strong> und eine Neigung von <strong>der Horizont bis zum Zenit<\/strong>. Sie verf\u00fcgt \u00fcber einen <strong>schnelle Einstellung mit Feststellsystem<\/strong> sowie ein <strong>pr\u00e4zise Feinabstimmung<\/strong>, So k\u00f6nnen Sie Objekte auch bei starker Vergr\u00f6\u00dferung verfolgen.<\/p>\n<p>Sie kann Instrumente bis zu <strong>5 kg<\/strong>, Dies macht ihn zu einem erweiterbaren Rahmen, der mit anderen optischen R\u00f6hren kompatibel ist. Die <strong>verstellbares Aluminiumstativ (70 bis 123 cm)<\/strong> garantiert eine gute Stabilit\u00e4t und ist gleichzeitig leicht und transportabel.<\/p>\n<h3>Ein skalierbares Teleskop<\/h3>\n<p>Er wird mit einem umfangreichen Zubeh\u00f6rpaket geliefert, darunter <strong>1,25\u2033 Okulare mit 25 mm und 10 mm Durchmesser<\/strong>ein <strong>Rotpunktsucher<\/strong> um die Stempelung zu erleichtern, sowie ein <strong>abgewinkelte Umlenkung<\/strong>\u00a0f\u00fcr eine bequeme Beobachtung.<\/p>\n<h3>Technische Daten<\/h3>\n<table border=\"1\" cellspacing=\"0\" cellpadding=\"8\">\n<tbody>\n<tr>\n<th>Merkmal<\/th>\n<th>Detail<\/th>\n<\/tr>\n<tr>\n<td>Typ<\/td>\n<td>Achromatische L\u00fcnette<\/td>\n<\/tr>\n<tr>\n<td>Durchmesser<\/td>\n<td><strong>70 mm<\/strong><\/td>\n<\/tr>\n<tr>\n<td>Brennweite<\/td>\n<td><strong>500 mm<\/strong><\/td>\n<\/tr>\n<tr>\n<td>Fokusbericht<\/td>\n<td><strong>f\/7,1<\/strong><\/td>\n<\/tr>\n<tr>\n<td>Max. nutzbare Vergr\u00f6\u00dferung<\/td>\n<td><strong>140x<\/strong><\/td>\n<\/tr>\n<tr>\n<td>Rahmen<\/td>\n<td>AZ-3 azimutal<\/td>\n<\/tr>\n<tr>\n<td>Tragf\u00e4higkeit<\/td>\n<td>5 kg<\/td>\n<\/tr>\n<tr>\n<td>Stativ<\/td>\n<td>Verstellbares Aluminium (70-123 cm)<\/td>\n<\/tr>\n<tr>\n<td>Okulare<\/td>\n<td>25 mm und 10 mm (1,25\u2033)<\/td>\n<\/tr>\n<tr>\n<td>Zubeh\u00f6r<\/td>\n<td>Rotpunktsucher, gekr\u00f6pfte Amici-Umlenkung, flexible Steuerungen<\/td>\n<\/tr>\n<\/tbody>\n<\/table>\n<h3>Warum sollte man sich f\u00fcr den Mercury-705 (AZ-3) entscheiden?<\/h3>\n<p>Die <strong>Sky-Watcher Mercury-705 (AZ-3)<\/strong> ist ein hervorragender Kompromiss zwischen Leistung, Einfachheit und Skalierbarkeit. Sie eignet sich hervorragend f\u00fcr <strong>Anf\u00e4nger<\/strong> die die Astronomie mit einem zuverl\u00e4ssigen und benutzerfreundlichen Instrument entdecken m\u00f6chten.<\/p>\n<p>Seine <strong>Vielseitigkeit<\/strong> in der Erd- und Himmelsbeobachtung, seine <strong>stabiler und pr\u00e4ziser Rahmen<\/strong> sowie seine <strong>h\u00f6here optische Qualit\u00e4t als Einstiegsmodelle<\/strong> machen sie zu einer guten Wahl f\u00fcr die ganze Familie.<\/p>\n<p>Obwohl es nicht mit fortschrittlicheren Instrumenten konkurrieren kann, bietet es eine <strong>immersive Beobachtungserfahrung<\/strong> und stellt eine ausgezeichnete Grundlage dar, um sich in der astronomischen Praxis weiterzuentwickeln.<\/p>","protected":false},"excerpt":{"rendered":"<p>T\u00e9lescope Sky-Watcher Mercury-705 (AZ-3) : une lunette polyvalente et \u00e9volutive pour d\u00e9buter Le Sky-Watcher Mercury-705 (AZ-3) est une lunette astronomique id\u00e9ale pour faire ses premiers pas dans l\u2019observation du ciel tout en offrant une marge de progression int\u00e9ressante. Gr\u00e2ce \u00e0 son diam\u00e8tre de 70 mm, il capte jusqu\u2019\u00e0 100 fois plus de lumi\u00e8re que l\u2019\u0153il [&hellip;]<\/p>\n","protected":false},"featured_media":14674,"comment_status":"open","ping_status":"closed","template":"","meta":[],"product_brand":[822],"product_cat":[815,759,384,754,20],"product_tag":[],"class_list":{"0":"post-14673","1":"product","2":"type-product","3":"status-publish","4":"has-post-thumbnail","6":"product_brand-sky-watcher","7":"product_cat-debutants","8":"product_cat-alt-azimutales","9":"product_cat-lunettes_refracteurs","10":"product_cat-lunettes-achromatiques","11":"product_cat-montures","13":"first","14":"on_supplier","15":"taxable","16":"shipping-taxable","17":"purchasable","18":"product-type-simple"},"_links":{"self":[{"href":"https:\/\/deep-space-astronomy.ch\/de\/wp-json\/wp\/v2\/product\/14673","targetHints":{"allow":["GET"]}}],"collection":[{"href":"https:\/\/deep-space-astronomy.ch\/de\/wp-json\/wp\/v2\/product"}],"about":[{"href":"https:\/\/deep-space-astronomy.ch\/de\/wp-json\/wp\/v2\/types\/product"}],"replies":[{"embeddable":true,"href":"https:\/\/deep-space-astronomy.ch\/de\/wp-json\/wp\/v2\/comments?post=14673"}],"wp:featuredmedia":[{"embeddable":true,"href":"https:\/\/deep-space-astronomy.ch\/de\/wp-json\/wp\/v2\/media\/14674"}],"wp:attachment":[{"href":"https:\/\/deep-space-astronomy.ch\/de\/wp-json\/wp\/v2\/media?parent=14673"}],"wp:term":[{"taxonomy":"product_brand","embeddable":true,"href":"https:\/\/deep-space-astronomy.ch\/de\/wp-json\/wp\/v2\/product_brand?post=14673"},{"taxonomy":"product_cat","embeddable":true,"href":"https:\/\/deep-space-astronomy.ch\/de\/wp-json\/wp\/v2\/product_cat?post=14673"},{"taxonomy":"product_tag","embeddable":true,"href":"https:\/\/deep-space-astronomy.ch\/de\/wp-json\/wp\/v2\/product_tag?post=14673"}],"curies":[{"name":"wp","href":"https:\/\/api.w.org\/{rel}","templated":true}]}}