{"id":14676,"date":"2026-04-14T11:13:58","date_gmt":"2026-04-14T09:13:58","guid":{"rendered":"https:\/\/deep-space-astronomy.ch\/?post_type=product&#038;p=14676"},"modified":"2026-04-14T11:14:11","modified_gmt":"2026-04-14T09:14:11","slug":"lunette-astronomique-capricorn-70-eq-1","status":"publish","type":"product","link":"https:\/\/deep-space-astronomy.ch\/de\/produkt\/lunette-astronomique-capricorn-70-eq-1\/","title":{"rendered":"Astronomisches Fernrohr Capricorn-70 EQ-1"},"content":{"rendered":"<h3>Capricorn-70 EQ-1 Astronomisches Fernrohr: Ein stabiles und leistungsstarkes Fernrohr f\u00fcr den ernsthaften Einstieg<\/h3>\n<p>Das astronomische Fernrohr <strong>Capricorn-70 EQ-1<\/strong> ist ein astronomisches Fernrohr, das f\u00fcr anspruchsvolle Anf\u00e4nger entwickelt wurde, die den Himmel unter guten Bedingungen entdecken m\u00f6chten. Dank seiner <strong>Durchmesser von 70 mm<\/strong>, Es nimmt etwa <strong>36 % mehr Licht als ein 60-mm-Modell<\/strong>, Dies f\u00fchrt zu helleren und detailreicheren Bildern.<\/p>\n<p>Dieser Helligkeitsgewinn erm\u00f6glicht es, nicht nur den Mond und die Planeten zu beobachten, sondern auch einige Deep-Sky-Objekte wie die <strong>Sternhaufen<\/strong>, Die Bildqualit\u00e4t ist f\u00fcr diese Instrumentenkategorie bemerkenswert.<\/p>\n<h3>\u00dcberzeugende optische Qualit\u00e4t<\/h3>\n<p>Der Capricorn-70 zeichnet sich durch eine <strong>ausgezeichnete Sch\u00e4rfe und guter Kontrast<\/strong>, Dies gilt insbesondere f\u00fcr die Beobachtung des Mondes und der Planeten. Die <strong>mehrfach verg\u00fctete Optiken (multi-coated)<\/strong> verbessern die Lichtdurchl\u00e4ssigkeit und sorgen so f\u00fcr klarere und sch\u00e4rfere Bilder.<\/p>\n<p>Selbst bei starker Vergr\u00f6\u00dferung bleiben die Sterne <strong>punktuell und klar definiert<\/strong>, Dies ist besonders bei der Beobachtung von Sternhaufen von Vorteil. Dieser Grad an Genauigkeit erm\u00f6glicht ein angenehmes Eintauchen in den Nachthimmel.<\/p>\n<h3>\u00c4quatoriale Montierung EQ-1: Stabilit\u00e4t und Pr\u00e4zision<\/h3>\n<p>Das Teleskop ist mit einer <strong>\u00c4quatoriale Montierung EQ-1<\/strong>, bekannt f\u00fcr seine <strong>gute mechanische Stabilit\u00e4t<\/strong>. Im Gegensatz zu billigen Fassungen schr\u00e4nkt es Vibrationen stark ein, was das Fokussieren und Beobachten auch bei hoher Vergr\u00f6\u00dferung erleichtert.<\/p>\n<p>Diese Montierung erm\u00f6glicht auch eine <strong>nat\u00fcrlichere Verfolgung von Himmelsobjekten<\/strong> indem sie die Erdrotation ausgleicht. Sie kann durch einen <strong>Tracking-Engine<\/strong> (im Lieferumfang enthalten), wodurch eine automatische Verfolgung der Gestirne m\u00f6glich ist, was bei langen Beobachtungen ein gro\u00dfer Vorteil ist.<\/p>\n<h3>Einfacher und schneller Einstieg<\/h3>\n<p>Das Capricorn-70 wurde mit einer einfachen Philosophie entwickelt: <strong>schnelle Installation und sofortige Nutzung<\/strong>. Das Teleskop ist einfach zu montieren und schnell einsatzbereit, selbst f\u00fcr einen unerfahrenen Benutzer.<\/p>\n<p>Nach einer kurzen Einarbeitung kann es problemlos auch von <strong>begleitete Kinder<\/strong>. Dank seiner robusten Konstruktion h\u00e4lt er regelm\u00e4\u00dfiger Nutzung auch unter weniger heiklen Bedingungen stand.<\/p>\n<p>Die <strong>h\u00f6henverstellbares Aluminiumstativ<\/strong> erm\u00f6glicht eine einfache Anpassung des Instruments an die Gr\u00f6\u00dfe des Benutzers und garantiert so einen guten Beobachtungskomfort.<\/p>\n<h3>Eine umfassende und erweiterbare Ausstattung<\/h3>\n<p>Das Capricorn-70 wird mit einer Reihe von Zubeh\u00f6rteilen geliefert, mit denen Sie sofort loslegen k\u00f6nnen:<\/p>\n<ul>\n<li><strong>Zwei 1,25\u2033-Okulare (10 mm und 25 mm)<\/strong><\/li>\n<li><strong>Eine Barlow-Linse x2<\/strong> um die Vergr\u00f6\u00dferungen zu verdoppeln<\/li>\n<li><strong>Ein 6\u00d724-Sucher<\/strong> um Objekte leicht zu lokalisieren<\/li>\n<li><strong>Eine abgewinkelte Umlenkung 1,25\u2033.<\/strong> f\u00fcr mehr Komfort<\/li>\n<\/ul>\n<p>Die verschiedenen Kombinationen erm\u00f6glichen Vergr\u00f6\u00dferungen von <strong>36x, 72x, 90x und bis zu 180x<\/strong>, Die meisten der von uns verwendeten Materialien sind in der Lage, eine Vielzahl von Objekten zu beobachten.<\/p>\n<p>Die <strong>Okularhalter im Format 1,25\u2033.<\/strong> \u00f6ffnet au\u00dferdem die T\u00fcr zu einer breiten Palette an zus\u00e4tzlichem Zubeh\u00f6r sowie zu einer <strong>Einf\u00fchrung in die Astrofotografie<\/strong>.<\/p>\n<h3>Technische Daten<\/h3>\n<table border=\"1\" cellspacing=\"0\" cellpadding=\"8\">\n<tbody>\n<tr>\n<th>Merkmal<\/th>\n<th>Detail<\/th>\n<\/tr>\n<tr>\n<td>Typ<\/td>\n<td>Astronomisches Fernrohr (Refraktor)<\/td>\n<\/tr>\n<tr>\n<td>Durchmesser<\/td>\n<td><strong>70 mm<\/strong><\/td>\n<\/tr>\n<tr>\n<td>Brennweite<\/td>\n<td><strong>900mm<\/strong><\/td>\n<\/tr>\n<tr>\n<td>Lichtgewinn<\/td>\n<td><strong>+36 % vs 60 mm<\/strong><\/td>\n<\/tr>\n<tr>\n<td>Vergr\u00f6\u00dferungen<\/td>\n<td><strong>36x, 72x, 90x, 180x<\/strong><\/td>\n<\/tr>\n<tr>\n<td>Rahmen<\/td>\n<td><strong>\u00c4quatorial EQ-1<\/strong><\/td>\n<\/tr>\n<tr>\n<td>Stativ<\/td>\n<td>H\u00f6henverstellbares Aluminium<\/td>\n<\/tr>\n<tr>\n<td>Okulare<\/td>\n<td>10 mm und 25 mm (1,25\u2033)<\/td>\n<\/tr>\n<tr>\n<td>Zubeh\u00f6r<\/td>\n<td>Barlow x2, Sucher 6\u00d724, abgewinkelte Umlenkung<\/td>\n<\/tr>\n<tr>\n<td>Skalierbarkeit<\/td>\n<td>Kompatibel mit Tracking-Engine<\/td>\n<\/tr>\n<\/tbody>\n<\/table>\n<h3>Warum sollten Sie sich f\u00fcr den Capricorn-70 EQ-1 entscheiden?<\/h3>\n<p>Die <strong>Capricorn-70 EQ-1<\/strong> ist eine ausgezeichnete Wahl f\u00fcr Anf\u00e4nger, die mehr als nur ein Einsteigerteleskop haben m\u00f6chten. Es kombiniert <strong>gute optische Qualit\u00e4t<\/strong>, <strong>mechanische Stabilit\u00e4t<\/strong> und <strong>Skalierbarkeit<\/strong>.<\/p>\n<p>Seine <strong>\u00e4quatoriale Fassung<\/strong> ist eine echte Bereicherung, um die Grundlagen der Astronomie und der Beobachtung der Gestirne zu erlernen. Seine Robustheit, die einfache Bedienung und die umfangreiche Ausstattung machen es zu einem zuverl\u00e4ssigen und langlebigen Instrument.<\/p>\n<p>Ob Sie den Mond, Planeten oder Sternhaufen beobachten wollen, dieses Teleskop bietet eine <strong>stabile, genaue und immersive Beobachtungserfahrung<\/strong>, Die Schule ist ein idealer Ort f\u00fcr einen guten Start.<\/p>","protected":false},"excerpt":{"rendered":"<p>Lunette astronomique Capricorn-70 EQ-1 : une lunette stable et performante pour d\u00e9buter s\u00e9rieusement La Lunette astronomique Capricorn-70 EQ-1 est une lunette astronomique con\u00e7ue pour les d\u00e9butants exigeants souhaitant d\u00e9couvrir le ciel dans de bonnes conditions. Gr\u00e2ce \u00e0 son diam\u00e8tre de 70 mm, il capte environ 36 % de lumi\u00e8re en plus qu\u2019un mod\u00e8le 60 mm, [&hellip;]<\/p>\n","protected":false},"featured_media":14677,"comment_status":"open","ping_status":"closed","template":"","meta":[],"product_brand":[822],"product_cat":[384,762,754,20],"product_tag":[],"class_list":{"0":"post-14676","1":"product","2":"type-product","3":"status-publish","4":"has-post-thumbnail","6":"product_brand-sky-watcher","7":"product_cat-lunettes_refracteurs","8":"product_cat-equatoriales","9":"product_cat-lunettes-achromatiques","10":"product_cat-montures","12":"first","13":"on_supplier","14":"taxable","15":"shipping-taxable","16":"purchasable","17":"product-type-simple"},"_links":{"self":[{"href":"https:\/\/deep-space-astronomy.ch\/de\/wp-json\/wp\/v2\/product\/14676","targetHints":{"allow":["GET"]}}],"collection":[{"href":"https:\/\/deep-space-astronomy.ch\/de\/wp-json\/wp\/v2\/product"}],"about":[{"href":"https:\/\/deep-space-astronomy.ch\/de\/wp-json\/wp\/v2\/types\/product"}],"replies":[{"embeddable":true,"href":"https:\/\/deep-space-astronomy.ch\/de\/wp-json\/wp\/v2\/comments?post=14676"}],"wp:featuredmedia":[{"embeddable":true,"href":"https:\/\/deep-space-astronomy.ch\/de\/wp-json\/wp\/v2\/media\/14677"}],"wp:attachment":[{"href":"https:\/\/deep-space-astronomy.ch\/de\/wp-json\/wp\/v2\/media?parent=14676"}],"wp:term":[{"taxonomy":"product_brand","embeddable":true,"href":"https:\/\/deep-space-astronomy.ch\/de\/wp-json\/wp\/v2\/product_brand?post=14676"},{"taxonomy":"product_cat","embeddable":true,"href":"https:\/\/deep-space-astronomy.ch\/de\/wp-json\/wp\/v2\/product_cat?post=14676"},{"taxonomy":"product_tag","embeddable":true,"href":"https:\/\/deep-space-astronomy.ch\/de\/wp-json\/wp\/v2\/product_tag?post=14676"}],"curies":[{"name":"wp","href":"https:\/\/api.w.org\/{rel}","templated":true}]}}