{"id":14685,"date":"2026-04-14T12:39:25","date_gmt":"2026-04-14T10:39:25","guid":{"rendered":"https:\/\/deep-space-astronomy.ch\/?post_type=product&#038;p=14685"},"modified":"2026-04-14T12:39:39","modified_gmt":"2026-04-14T10:39:39","slug":"sky-watcher-hac125dx-monture-eq-al55i-pro","status":"publish","type":"product","link":"https:\/\/deep-space-astronomy.ch\/de\/produkt\/sky-watcher-hac125dx-monture-eq-al55i-pro\/","title":{"rendered":"Sky-Watcher HAC125DX + Montierung EQ-AL55i PRO"},"content":{"rendered":"<p>&nbsp;<\/p>\n<h3>Sky-Watcher HAC125DX + Montierung EQ-AL55i PRO: Der ultraschnelle und kompakte Astrograf der n\u00e4chsten Generation<\/h3>\n<p>Die <strong>Sky-Watcher HAC125DX + Montierung EQ-AL55i PRO Minigraph<\/strong> ist ein revolution\u00e4rer Astrograf, der f\u00fcr Astrofotografie-Enthusiasten entwickelt wurde, die auf der Suche nach <strong>Geschwindigkeit, Kompaktheit und Leistung<\/strong>. Dank seines innovativen Designs <strong>Honders Advanced Catadioptric (HAC)<\/strong>, Es kombiniert refraktive und reflektierende optische Elemente zu einem Instrument, das auf dem Markt einzigartig ist.<\/p>\n<p>Mit seinem kompakten Format und seiner au\u00dfergew\u00f6hnlichen Leistung verdient dieses Modell voll und ganz seinen Spitznamen als <strong>\u201cUltimate Grab-and-Go Astrograph\u201d<\/strong>, Das ist ideal f\u00fcr schnelle und effektive Sitzungen unter dem Sternenhimmel.<\/p>\n<h3>Eine superschnelle 1:2-Optik f\u00fcr Bilder in Rekordzeit<\/h3>\n<p>Die gr\u00f6\u00dfte St\u00e4rke des HAC125DX ist seine <strong>extrem kurze Brennweite von f\/2<\/strong>, verbunden mit einer <strong>250 mm Brennweite<\/strong>. Diese Geschwindigkeit erm\u00f6glicht die Aufnahme von Bildern bis zu <strong>5-mal schneller als ein herk\u00f6mmliches Instrument f\/4.9<\/strong>.<\/p>\n<p>Konkret bedeutet dies:<\/p>\n<ul>\n<li><strong>Mehr Signal in weniger Zeit<\/strong><\/li>\n<li><strong>K\u00fcrzere und effizientere Imaging-Sitzungen<\/strong><\/li>\n<li><strong>Weniger Nachf\u00fchrzw\u00e4nge und oft ohne Autoguiding<\/strong><\/li>\n<\/ul>\n<p>Mit seinem <strong>125 mm Durchmesser<\/strong>, Dieser Astrograf bietet eine hervorragende Lichtsammelf\u00e4higkeit und ist dabei \u00e4u\u00dferst tragbar.<\/p>\n<h3>Fortschrittliches optisches Design HAC<\/h3>\n<p>Das System <strong>fortgeschrittener R\u00fcckstrahler Honders<\/strong> verwendet einen <strong>Spiegel vom Typ Mangin<\/strong> in Kombination mit Korrektionslinsen, die garantiert <strong>scharfe, kontrastreiche und gut korrigierte Bilder<\/strong> \u00fcber das gesamte Feld.<\/p>\n<p>Die hochwertigen optischen Behandlungen verst\u00e4rken diese Leistung:<\/p>\n<ul>\n<li><strong>RAQ\u2122 (Radiant Aluminum Quartz) Spiegelbeschichtung<\/strong> f\u00fcr eine hervorragende Reflektivit\u00e4t<\/li>\n<li><strong>HTMC\u2122-Korrekturbehandlung<\/strong> um die Lichtdurchl\u00e4ssigkeit zu maximieren<\/li>\n<\/ul>\n<p>Die <strong>16-mm-Bildkreis<\/strong> eignet sich hervorragend f\u00fcr moderne, kompakte Sensoren, einschlie\u00dflich <strong>IMX533 und IMX585<\/strong>, Das Ergebnis ist eine hervorragende Sternenwiedergabe.<\/p>\n<h3>Optimiert f\u00fcr die moderne Astrofotografie<\/h3>\n<p>Der HAC125DX wurde f\u00fcr den Betrieb mit <strong>leichte Kameras (bis zu 300 g)<\/strong>, Die Lichtstrahlen werden durch die beiden Seiten der Lampe geleitet, wodurch eine perfekte Balance gew\u00e4hrleistet wird und der Lichtstrahl nicht behindert wird.<\/p>\n<p>Der neue <strong>spiralf\u00f6rmiges hinteres Fokussiersystem<\/strong> auf dem Hauptspiegel verbessert die Genauigkeit und die Kompatibilit\u00e4t mit verschiedenen Sensoren erheblich. Diese Entwicklung im Vergleich zum Vorg\u00e4ngermodell erm\u00f6glicht eine <strong>flexiblere und komfortablere Nutzung<\/strong>.<\/p>\n<p>Seine <strong>kompakte L\u00e4nge von nur 40 cm<\/strong> und sein <strong>Gewicht von 3,82 kg<\/strong> machen sie zu einer idealen L\u00f6sung f\u00fcr mobile Astrofotografen.<\/p>\n<h3>EQ-AL55i PRO SynScan-Mount: Pr\u00e4zision und Automatisierung<\/h3>\n<p>Die HAC125DX wird mit der <strong>\u00e4quatoriale Montierung EQ-AL55i PRO SynScan Go-To<\/strong>, Eine moderne und leistungsf\u00e4hige L\u00f6sung f\u00fcr die Verfolgung von Himmelsobjekten.<\/p>\n<p>Dank seiner <strong>eingebautes Wi-Fi-Modul<\/strong>, Sie l\u00e4sst sich ganz einfach per Smartphone mit der App steuern. <strong>SynScan Pro<\/strong> (iOS und Android). Sie bietet Zugang zu einer Datenbank mit <strong>\u00fcber 10.000 Himmelsobjekte<\/strong>, einschlie\u00dflich :<\/p>\n<ul>\n<li>Kataloge <strong>Messier, NGC, IC und Caldwell<\/strong><\/li>\n<li><strong>Benannte Sterne und Doppelsterne<\/strong><\/li>\n<li><strong>Planeten, Sonne und Mond<\/strong><\/li>\n<\/ul>\n<p>Die Montierung verf\u00fcgt au\u00dferdem \u00fcber einen <strong>beleuchteter Polsucher<\/strong> f\u00fcr eine pr\u00e4zise Ausrichtung sowie mehrere Schnittstellen (<strong>USB-C, Autoguiding, SNAP f\u00fcr DSLRs<\/strong>) und bietet damit eine gro\u00dfe Vielseitigkeit.<\/p>\n<p>Die <strong>Stativ aus rostfreiem Stahl mit 1,75\u2033.<\/strong> gew\u00e4hrleistet eine hervorragende Stabilit\u00e4t, die f\u00fcr die Langzeitbelichtung von Bildern unerl\u00e4sslich ist.<\/p>\n<h3>Ein gebrauchsfertiger Astrograph f\u00fcr unterwegs<\/h3>\n<p>Der HAC125DX wird mit allen wichtigen Zubeh\u00f6rteilen geliefert:<\/p>\n<ul>\n<li><strong>Adapter 1,25\u2033.<\/strong><\/li>\n<li><strong>Adapter M42x0.75<\/strong><\/li>\n<li><strong>Nebelf\u00e4nger<\/strong><\/li>\n<li><strong>Halsketten mit Schwalbenschwanz<\/strong><\/li>\n<\/ul>\n<p>Dank seines kompakten Designs und seiner schnellen Einsatzf\u00e4higkeit ist er perfekt f\u00fcr spontane Fotosessions geeignet. Montieren Sie es einfach auf einer tragbaren Montierung und beginnen Sie in wenigen Minuten, den Himmel einzufangen.<\/p>\n<h3>Technische Daten<\/h3>\n<table border=\"1\" cellspacing=\"0\" cellpadding=\"8\">\n<tbody>\n<tr>\n<th>Merkmal<\/th>\n<th>Detail<\/th>\n<\/tr>\n<tr>\n<td>Typ<\/td>\n<td><strong>Katadioptrischer Astrograph HAC<\/strong><\/td>\n<\/tr>\n<tr>\n<td>Durchmesser<\/td>\n<td><strong>125 mm<\/strong><\/td>\n<\/tr>\n<tr>\n<td>Brennweite<\/td>\n<td><strong>250 mm<\/strong><\/td>\n<\/tr>\n<tr>\n<td>Fokusbericht<\/td>\n<td><strong>f\/2 (ultra-schnell)<\/strong><\/td>\n<\/tr>\n<tr>\n<td>Bildkreis<\/td>\n<td><strong>16 mm<\/strong><\/td>\n<\/tr>\n<tr>\n<td>Gewicht<\/td>\n<td><strong>3,82 kg<\/strong><\/td>\n<\/tr>\n<tr>\n<td>L\u00e4nge<\/td>\n<td><strong>40 cm<\/strong><\/td>\n<\/tr>\n<tr>\n<td>Fokussieren<\/td>\n<td>Hintere Helix auf Hauptspiegel<\/td>\n<\/tr>\n<tr>\n<td>Rahmen<\/td>\n<td><strong>EQ-AL55i PRO SynScan Go-To Wi-Fi<\/strong><\/td>\n<\/tr>\n<tr>\n<td>Datenbank<\/td>\n<td><strong>10.000+ Himmelsobjekte<\/strong><\/td>\n<\/tr>\n<\/tbody>\n<\/table>\n<h3>Warum sollten Sie sich f\u00fcr den Sky-Watcher HAC125DX entscheiden?<\/h3>\n<p>Die <strong>HAC125DX Minigraph<\/strong> ist ein einzigartiges Instrument, das Folgendes vereint <strong>extreme Geschwindigkeit, Kompaktheit und fortschrittliche Technologie<\/strong>. Es richtet sich sowohl an <strong>Astrofotografie-Anf\u00e4nger<\/strong> die ihre Sitzungen vereinfachen m\u00f6chten, als auch an <strong>erfahrene Nutzer<\/strong> auf der Suche nach einem schnellen und leistungsstarken Setup sind.<\/p>\n<p>Seine F\u00e4higkeit, in k\u00fcrzester Zeit qualitativ hochwertige Bilder zu produzieren, ohne schwere Nachverfolgungszw\u00e4nge, macht es zu einem besonders attraktiven Werkzeug. Es ist kompakt, leistungsstark und innovativ und setzt neue Ma\u00dfst\u00e4be f\u00fcr die Astrografie unterwegs.<\/p>","protected":false},"excerpt":{"rendered":"<p>&nbsp; Sky-Watcher HAC125DX + Monture EQ-AL55i PRO : l\u2019astrographe ultra-rapide et compact nouvelle g\u00e9n\u00e9ration Le Sky-Watcher HAC125DX + Monture EQ-AL55i PRO\u00a0Minigraph est un astrographe r\u00e9volutionnaire con\u00e7u pour les passionn\u00e9s d\u2019astrophotographie \u00e0 la recherche de vitesse, compacit\u00e9 et performance. Gr\u00e2ce \u00e0 sa conception innovante Honders Advanced Catadioptric (HAC), il combine des \u00e9l\u00e9ments optiques r\u00e9fractifs et r\u00e9flectifs [&hellip;]<\/p>\n","protected":false},"featured_media":14681,"comment_status":"open","ping_status":"closed","template":"","meta":[],"product_brand":[822],"product_cat":[392,762,885,20],"product_tag":[],"class_list":{"0":"post-14685","1":"product","2":"type-product","3":"status-publish","4":"has-post-thumbnail","6":"product_brand-sky-watcher","7":"product_cat-telescopes_reflecteurs","8":"product_cat-equatoriales","9":"product_cat-honders-astrographes-rapides","10":"product_cat-montures","12":"first","13":"on_supplier","14":"taxable","15":"shipping-taxable","16":"purchasable","17":"product-type-simple"},"_links":{"self":[{"href":"https:\/\/deep-space-astronomy.ch\/de\/wp-json\/wp\/v2\/product\/14685","targetHints":{"allow":["GET"]}}],"collection":[{"href":"https:\/\/deep-space-astronomy.ch\/de\/wp-json\/wp\/v2\/product"}],"about":[{"href":"https:\/\/deep-space-astronomy.ch\/de\/wp-json\/wp\/v2\/types\/product"}],"replies":[{"embeddable":true,"href":"https:\/\/deep-space-astronomy.ch\/de\/wp-json\/wp\/v2\/comments?post=14685"}],"wp:featuredmedia":[{"embeddable":true,"href":"https:\/\/deep-space-astronomy.ch\/de\/wp-json\/wp\/v2\/media\/14681"}],"wp:attachment":[{"href":"https:\/\/deep-space-astronomy.ch\/de\/wp-json\/wp\/v2\/media?parent=14685"}],"wp:term":[{"taxonomy":"product_brand","embeddable":true,"href":"https:\/\/deep-space-astronomy.ch\/de\/wp-json\/wp\/v2\/product_brand?post=14685"},{"taxonomy":"product_cat","embeddable":true,"href":"https:\/\/deep-space-astronomy.ch\/de\/wp-json\/wp\/v2\/product_cat?post=14685"},{"taxonomy":"product_tag","embeddable":true,"href":"https:\/\/deep-space-astronomy.ch\/de\/wp-json\/wp\/v2\/product_tag?post=14685"}],"curies":[{"name":"wp","href":"https:\/\/api.w.org\/{rel}","templated":true}]}}