{"id":14688,"date":"2026-04-14T12:54:24","date_gmt":"2026-04-14T10:54:24","guid":{"rendered":"https:\/\/deep-space-astronomy.ch\/?post_type=product&#038;p=14688"},"modified":"2026-04-14T12:54:37","modified_gmt":"2026-04-14T10:54:37","slug":"sky-watcher-skytee-2-sans-trepied","status":"publish","type":"product","link":"https:\/\/deep-space-astronomy.ch\/de\/produkt\/sky-watcher-skytee-2-sans-trepied\/","title":{"rendered":"Sky-Watcher SKYTEE-2 (ohne Stativ)"},"content":{"rendered":"<h3>Sky-Watcher SKYTEE-2: Robuste alt-azimutale Doppelmontierung f\u00fcr fortgeschrittene visuelle Beobachtungen<\/h3>\n<p>Die <strong>Sky-Watcher SKYTEE-2<\/strong> ist eine robuste alt-azimutale Montierung, die f\u00fcr Amateur- und fortgeschrittene Astronomen entwickelt wurde, die mit <strong>zwei optische R\u00f6hren gleichzeitig<\/strong>. Dank seines verst\u00e4rkten Designs kann er bis zu <strong>15 kg pro Seite<\/strong>, Dies erm\u00f6glicht eine gro\u00dfe Vielseitigkeit f\u00fcr visuelle Beobachtungskonfigurationen.<\/p>\n<p>Diese Montierung ist besonders beliebt f\u00fcr vergleichende Beobachtungen, die Verwendung von zwei sich erg\u00e4nzenden Instrumenten (z. B. Teleskop + Fernrohr) oder auch f\u00fcr Beobachtungssitzungen mit mehreren Benutzern parallel.<\/p>\n<h3>Ein Doppelrahmen f\u00fcr maximale Vielseitigkeit<\/h3>\n<p>Die SKYTEE-2 erm\u00f6glicht die Montage <strong>zwei Teleskope parallel<\/strong>, die jeweils an einer <strong>Plattenspieler vom Typ Vixen\/Sky-Watcher<\/strong> auf beiden Seiten der Montierung. Diese einzigartige Konfiguration bietet eine gro\u00dfe Freiheit bei der Verwendung, insbesondere beim Vergleich verschiedener Vergr\u00f6\u00dferungen oder Sichtfelder auf ein und dasselbe Himmelsobjekt.<\/p>\n<p>Diese F\u00e4higkeit macht sie zu einer idealen L\u00f6sung f\u00fcr anspruchsvolle Beobachter, die ihre Erfahrung optimieren m\u00f6chten, ohne st\u00e4ndig das Instrument zu wechseln.<\/p>\n<h3>Robuste Konstruktion und hohe Stabilit\u00e4t<\/h3>\n<p>Die SKYTEE-2 ist als Montierung konzipiert <strong>Schwerstarbeit<\/strong>, Die Konstruktion ist sehr stabil und bietet auch bei hohen Belastungen eine hervorragende mechanische Stabilit\u00e4t. Die solide Struktur d\u00e4mmt Vibrationen effektiv ein und garantiert so eine komfortablere Beobachtung auch bei hoher Vergr\u00f6\u00dferung.<\/p>\n<p>Sie ist ausgestattet mit einem <strong>Gegengewicht mit Sky-Watcher-kompatibler Stange<\/strong>, Die Optikr\u00f6hren lassen sich pr\u00e4zise ausbalancieren. Dies verbessert die Fl\u00fcssigkeit der Bewegungen und verringert den Kraftaufwand beim Anvisieren von Himmelsobjekten.<\/p>\n<h3>Flie\u00dfende Bewegungen und pr\u00e4zise manuelle Steuerung<\/h3>\n<p>Die SKYTEE-2 Montierung ist ausgestattet mit <strong>mikrometrische Steuerungen auf beiden Achsen<\/strong> (Azimut und H\u00f6he). Diese Systeme von <strong>langsame Bewegungen mit Schnecken<\/strong> erm\u00f6glichen eine ruckelfreie, pr\u00e4zise und fl\u00fcssige Verfolgung von Himmelsobjekten.<\/p>\n<p>Dank dieser Feineinstellungen kann ein Objekt auch bei hoher Vergr\u00f6\u00dferung leicht im Blickfeld gehalten werden, was besonders bei der Beobachtung von Planeten oder des Mondes hilfreich ist.<\/p>\n<h3>Einfaches, alt-azimutales Gestell<\/h3>\n<p>Im Gegensatz zu \u00e4quatorialen Fassungen nimmt die SKYTEE-2 eine Konfiguration an, die <strong>alt-azimutale intuitiv<\/strong>, Sie k\u00f6nnen direkt auf die H\u00f6he und den Azimut zeigen. Diese Einfachheit macht sie sehr schnell einsatzbereit, ohne dass ein komplizierter Stationsaufbau erforderlich ist.<\/p>\n<p>Sie ist daher ideal f\u00fcr spontane Beobachtungssitzungen, schnelle Reisen und f\u00fcr Nutzer, die Wert auf Einfachheit und Effizienz legen.<\/p>\n<h3>Verst\u00e4rkte Kompatibilit\u00e4t und Unterst\u00fctzung<\/h3>\n<p>Die SKYTEE-2 ist kompatibel mit dem <strong>Stativ aus rostfreiem Stahl mit 1,75\u2033.<\/strong> die auf EQ5- und HEQ5-Rahmen verwendet wird. Diese Kompatibilit\u00e4t garantiert eine solide und stabile Basis, selbst bei schweren Konfigurationen.<\/p>\n<p>Diese Kompatibilit\u00e4t erm\u00f6glicht es auch Benutzern, die bereits mit Sky-Watcher-Montierungen ausgestattet sind, ihr Stativ wiederzuverwenden, was es zu einer kosteng\u00fcnstigen und flexiblen L\u00f6sung macht.<\/p>\n<h3>Eine ideale L\u00f6sung f\u00fcr fortgeschrittene visuelle Beobachtung<\/h3>\n<p>Die SKYTEE-2 ist besonders geeignet f\u00fcr :<\/p>\n<ul>\n<li><strong>Detaillierte Planetenbeobachtung<\/strong><\/li>\n<li><strong>Mondbeobachtung bei starker Vergr\u00f6\u00dferung<\/strong><\/li>\n<li><strong>Vergleiche zwischen zwei Instrumenten<\/strong><\/li>\n<li><strong>Die gleichzeitige Verwendung von Brillen und Teleskopen<\/strong><\/li>\n<\/ul>\n<p>Seine F\u00e4higkeit, zwei schwere Instrumente zu tragen, macht ihn zu einer einzigartigen L\u00f6sung f\u00fcr Amateure, die verschiedene Konfigurationen erkunden m\u00f6chten, ohne Kompromisse bei der Stabilit\u00e4t eingehen zu m\u00fcssen.<\/p>\n<h3>Technische Daten<\/h3>\n<table border=\"1\" cellspacing=\"0\" cellpadding=\"8\">\n<tbody>\n<tr>\n<th>Merkmal<\/th>\n<th>Detail<\/th>\n<\/tr>\n<tr>\n<td>Typ<\/td>\n<td><strong>Doppeltes alt-azimutales Gestell<\/strong><\/td>\n<\/tr>\n<tr>\n<td>Tragf\u00e4higkeit<\/td>\n<td><strong>15 kg pro Seite<\/strong><\/td>\n<\/tr>\n<tr>\n<td>Anzahl der Instrumente<\/td>\n<td><strong>2 simultane Teleskope<\/strong><\/td>\n<\/tr>\n<tr>\n<td>Befestigung<\/td>\n<td>Vixen\/Sky-Watcher-Platte auf beiden Seiten<\/td>\n<\/tr>\n<tr>\n<td>Kontrolle<\/td>\n<td>Langsame Bewegungen auf beiden Achsen<\/td>\n<\/tr>\n<tr>\n<td>Gegengewicht<\/td>\n<td>Sky-Watcher-kompatible Stange inbegriffen<\/td>\n<\/tr>\n<tr>\n<td>Stativ-Kompatibilit\u00e4t<\/td>\n<td>EQ5 \/ HEQ5 (Edelstahl 1,75\u2033)<\/td>\n<\/tr>\n<\/tbody>\n<\/table>\n<h3>Warum sollte man sich f\u00fcr den Sky-Watcher SKYTEE-2 entscheiden?<\/h3>\n<p>Die <strong>SKYTEE-2<\/strong> ist eine ideale Montierung f\u00fcr Astronomen, die eine <strong>robust, einfach und extrem vielseitig<\/strong>. Seine F\u00e4higkeit, zwei Instrumente parallel aufzunehmen, macht es zu einem einzigartigen Werkzeug f\u00fcr vergleichende Beobachtungen und fortgeschrittene Sitzungen.<\/p>\n<p>Die solide Konstruktion, die pr\u00e4zisen Bedienelemente und die Kompatibilit\u00e4t mit professionellen Stativen machen sie zu einer zuverl\u00e4ssigen Montierung f\u00fcr anspruchsvolle Anwender. Sie kombiniert <strong>leistungsstark, einfach und flexibel<\/strong>, Sie k\u00f6nnen sich auch auf die Arbeit konzentrieren, die Sie in der Schule machen, und dabei einfach zu bedienen sein.<\/p>\n<p>Ob f\u00fcr ausgedehnte visuelle Beobachtungen oder zur Optimierung der Nutzung mehrerer Instrumente, die SKYTEE-2 bietet ein stabiles, fl\u00fcssiges und sehr komfortables Beobachtungserlebnis.<\/p>","protected":false},"excerpt":{"rendered":"<p>Sky-Watcher SKYTEE-2 : monture alt-azimutale double robuste pour observations visuelles avanc\u00e9es La Sky-Watcher SKYTEE-2 est une monture alt-azimutale robuste con\u00e7ue pour les astronomes amateurs et avanc\u00e9s souhaitant utiliser deux tubes optiques simultan\u00e9ment. Gr\u00e2ce \u00e0 sa conception renforc\u00e9e, elle peut supporter jusqu\u2019\u00e0 15 kg par c\u00f4t\u00e9, offrant ainsi une grande polyvalence pour les configurations d\u2019observation visuelle. [&hellip;]<\/p>\n","protected":false},"featured_media":14689,"comment_status":"open","ping_status":"closed","template":"","meta":[],"product_brand":[822],"product_cat":[20,759],"product_tag":[],"class_list":{"0":"post-14688","1":"product","2":"type-product","3":"status-publish","4":"has-post-thumbnail","6":"product_brand-sky-watcher","7":"product_cat-montures","8":"product_cat-alt-azimutales","10":"first","11":"on_supplier","12":"taxable","13":"shipping-taxable","14":"purchasable","15":"product-type-simple"},"_links":{"self":[{"href":"https:\/\/deep-space-astronomy.ch\/de\/wp-json\/wp\/v2\/product\/14688","targetHints":{"allow":["GET"]}}],"collection":[{"href":"https:\/\/deep-space-astronomy.ch\/de\/wp-json\/wp\/v2\/product"}],"about":[{"href":"https:\/\/deep-space-astronomy.ch\/de\/wp-json\/wp\/v2\/types\/product"}],"replies":[{"embeddable":true,"href":"https:\/\/deep-space-astronomy.ch\/de\/wp-json\/wp\/v2\/comments?post=14688"}],"wp:featuredmedia":[{"embeddable":true,"href":"https:\/\/deep-space-astronomy.ch\/de\/wp-json\/wp\/v2\/media\/14689"}],"wp:attachment":[{"href":"https:\/\/deep-space-astronomy.ch\/de\/wp-json\/wp\/v2\/media?parent=14688"}],"wp:term":[{"taxonomy":"product_brand","embeddable":true,"href":"https:\/\/deep-space-astronomy.ch\/de\/wp-json\/wp\/v2\/product_brand?post=14688"},{"taxonomy":"product_cat","embeddable":true,"href":"https:\/\/deep-space-astronomy.ch\/de\/wp-json\/wp\/v2\/product_cat?post=14688"},{"taxonomy":"product_tag","embeddable":true,"href":"https:\/\/deep-space-astronomy.ch\/de\/wp-json\/wp\/v2\/product_tag?post=14688"}],"curies":[{"name":"wp","href":"https:\/\/api.w.org\/{rel}","templated":true}]}}