{"id":14717,"date":"2026-04-21T11:23:07","date_gmt":"2026-04-21T09:23:07","guid":{"rendered":"https:\/\/deep-space-astronomy.ch\/?post_type=product&#038;p=14717"},"modified":"2026-04-21T11:23:20","modified_gmt":"2026-04-21T09:23:20","slug":"sky-watcher-solarquest-sans-trepied","status":"publish","type":"product","link":"https:\/\/deep-space-astronomy.ch\/de\/produkt\/sky-watcher-solarquest-sans-trepied\/","title":{"rendered":"Sky-Watcher SolarQuest (Ohne Stativ)"},"content":{"rendered":"<p>&nbsp;<\/p>\n<h3>Sky-Watcher SolarQuest (Ohne Stativ): Die intelligente Montierung f\u00fcr die Sonnenbeobachtung<\/h3>\n<p>Die <strong>Sky-Watcher SolarQuest (ohne Stativ) <\/strong>revolutioniert die Sonnenbeobachtung mit einer vollautomatischen Technologie, die einfach zu bedienen ist und f\u00fcr ein sicheres Erlebnis konzipiert wurde. Diese Version <strong>Fassungskopf allein<\/strong> kann auf jedem kompatiblen Stativ angebracht werden, das \u00fcber einen <strong>Standardgewinde 3\/8\u2033<\/strong>, Das macht sie zu einer flexiblen und leicht zu transportierenden L\u00f6sung.<\/p>\n<p>Ausschlie\u00dflich f\u00fcr die <strong>Sonnenteleskope<\/strong>, Die SolarQuest erm\u00f6glicht es, die Sonne automatisch zu lokalisieren, sie im Gesichtsfeld zu zentrieren und sie dann kontinuierlich zu verfolgen, ohne komplizierten Aufbau oder manuelle Ausrichtung.<\/p>\n<h3>HelioFind\u2122: Automatische Lokalisierung der Sonne<\/h3>\n<p>Der gr\u00f6\u00dfte Vorteil dieses Brillengestells ist die exklusive Technologie <strong>HelioFind\u2122 Solar Alignment<\/strong>. Es gen\u00fcgt, das Stativ ungef\u00e4hr waagerecht zu positionieren und das Teleskop links von der Sonne auszurichten. Dann startet ein einfacher Knopfdruck den gesamten automatischen Vorgang.<\/p>\n<p>Die Montierung verwendet :<\/p>\n<ul>\n<li><strong>Ein Sonnenkollektor mit 4 Fotodioden<\/strong><\/li>\n<li><strong>Ein eingebautes GPS<\/strong> um die Uhrzeit und den Ort zu erhalten<\/li>\n<li><strong>Ein 3-Achsen-Neigungssensor<\/strong> f\u00fcr die Selbstnivellierung<\/li>\n<\/ul>\n<p>Anhand dieser Daten berechnet sie die genaue Position der Sonne, richtet das Teleskop automatisch aus und erfasst das Ziel, sobald es entdeckt wird. Die Sonne bleibt dann dank der motorisierten zweiachsigen Nachf\u00fchrung im Okular zentriert.<\/p>\n<h3>Einfache und zug\u00e4ngliche Sonnenbeobachtung<\/h3>\n<p>Das SolarQuest wurde entwickelt, um die Sonnenbeobachtung f\u00fcr alle zug\u00e4nglich zu machen. Es eignet sich sowohl f\u00fcr <strong>Anf\u00e4nger<\/strong>, zu <strong>Astronomievereine<\/strong>, zu <strong>Schulen<\/strong> als auch f\u00fcr erfahrene Beobachter, die eine schnelle und effektive L\u00f6sung w\u00fcnschen.<\/p>\n<p>In Verbindung mit einer geeigneten Sonnenbrille l\u00e4sst sich damit leicht beobachten :<\/p>\n<ul>\n<li><strong>Sonnenflecken<\/strong><\/li>\n<li><strong>Sonnenfinsternisse<\/strong><\/li>\n<li><strong>Details der Sonnenoberfl\u00e4che<\/strong><\/li>\n<li><strong>Transite von Merkur oder Venus<\/strong><\/li>\n<\/ul>\n<p>Dank des leisen Betriebs und der automatischen Nachf\u00fchrung k\u00f6nnen Sie die Show ohne st\u00e4ndige Anpassungen in vollen Z\u00fcgen genie\u00dfen.<\/p>\n<h3>Genaue Verfolgung und erweiterte Automatisierung<\/h3>\n<p>Das Gestell verf\u00fcgt \u00fcber einen <strong>Sonnenverfolgungsmodus ohne Ausrichtung<\/strong>, Die Sonnenuhr wurde speziell kalibriert, um die scheinbare Bewegung der Sonne zu kompensieren. Sie enth\u00e4lt au\u00dferdem :<\/p>\n<ul>\n<li><strong>Automatische Driftkorrektur<\/strong><\/li>\n<li><strong>Automatische Zeigefingerkorrektur<\/strong><\/li>\n<li><strong>8-Wege-Steuerung<\/strong> um die Sonne leicht wieder zu zentrieren<\/li>\n<\/ul>\n<p>Seine Genauigkeit kann bis zu <strong>3 Bogenminuten nach Benutzerkalibrierung<\/strong>, w\u00e4hrend seine Aufl\u00f6sung von <strong>0,625 Winkelsekunden<\/strong> garantiert eine fl\u00fcssige und stabile Betreuung.<\/p>\n<h3>Kompakt, leicht und mobil<\/h3>\n<p>Mit einem Leichtgewicht von nur <strong>1,3 kg<\/strong>, Der SolarQuest-Montierungskopf ist ideal f\u00fcr unterwegs. Er kann auf jedem kompatiblen, robusten Foto- oder astronomischen Stativ montiert werden. <strong>3\/8\u2033<\/strong>, Das erleichtert den Transport.<\/p>\n<p>Sie akzeptiert Instrumente, die mit einer <strong>45 mm Vixen \/ Sky-Watcher Standardschwalbenschwanz<\/strong> und tr\u00e4gt eine maximale Last von <strong>4 kg<\/strong>, Die meisten kompakten Sonnenbrillen sind mit einer Schutzh\u00fclle ausgestattet, die f\u00fcr die meisten Sonnenbrillen ausreicht.<\/p>\n<h3>Flexible Ern\u00e4hrung<\/h3>\n<p>Die SolarQuest funktioniert entweder mit :<\/p>\n<ul>\n<li><strong>8 AA-Batterien<\/strong> (nicht mitgeliefert)<\/li>\n<li><strong>Ein externes 12V-Netzteil<\/strong><\/li>\n<\/ul>\n<p>Der geringe Stromverbrauch erm\u00f6glicht lange Beobachtungssessions im Freien.<\/p>\n<h3>Technische Daten<\/h3>\n<table border=\"1\" cellspacing=\"0\" cellpadding=\"8\">\n<tbody>\n<tr>\n<th>Merkmal<\/th>\n<th>Detail<\/th>\n<\/tr>\n<tr>\n<td>Typ<\/td>\n<td><strong>Automatisiertes Sonnengestell<\/strong><\/td>\n<\/tr>\n<tr>\n<td>Technologie<\/td>\n<td><strong>HelioFind\u2122 + Integriertes GPS<\/strong><\/td>\n<\/tr>\n<tr>\n<td>Folge<\/td>\n<td><strong>Automatische doppelte Sonnenachse<\/strong><\/td>\n<\/tr>\n<tr>\n<td>Tragf\u00e4higkeit<\/td>\n<td><strong>4 kg<\/strong><\/td>\n<\/tr>\n<tr>\n<td>Befestigung Instrument<\/td>\n<td>Schwalbenschwanz 45 mm Typ Vixen<\/td>\n<\/tr>\n<tr>\n<td>Stativbefestigung<\/td>\n<td><strong>3\/8\u2033-Gewinde<\/strong><\/td>\n<\/tr>\n<tr>\n<td>Gewicht Kopf der Fassung<\/td>\n<td><strong>1,3 kg<\/strong><\/td>\n<\/tr>\n<tr>\n<td>Geschwindigkeiten<\/td>\n<td>16x \/ 1200x<\/td>\n<\/tr>\n<tr>\n<td>Ern\u00e4hrung<\/td>\n<td>8 AA-Batterien oder externe 12V-Batterien<\/td>\n<\/tr>\n<\/tbody>\n<\/table>\n<h3>Warum sollte man sich f\u00fcr den Sky-Watcher SolarQuest entscheiden?<\/h3>\n<p>Die <strong>SolarQuest<\/strong>\u00a0ist eine der einfachsten und innovativsten L\u00f6sungen, um die Sonne in aller Ruhe zu beobachten. Sein automatisiertes System macht komplizierte Einstellungen \u00fcberfl\u00fcssig und erm\u00f6glicht eine schnelle Inbetriebnahme in wenigen Sekunden.<\/p>\n<p>Sie ist leicht, pr\u00e4zise und intuitiv und eine ausgezeichnete Wahl f\u00fcr alle, die das Sonnenph\u00e4nomen ohne technische Einschr\u00e4nkungen genie\u00dfen m\u00f6chten. Es ist das ideale Gestell f\u00fcr Sonnenanbeter, die Folgendes suchen <strong>Einfachheit, Mobilit\u00e4t und intelligente Technologie<\/strong>.<\/p>\n<p><span style=\"color: #ff0000;\"><strong>Wichtig :<\/strong> diese Montierung darf nur mit einem <strong>sicheres Solarinstrument<\/strong> mit zertifizierten Filtern ausgestattet, die f\u00fcr die Beobachtung der Sonne geeignet sind.<\/span><\/p>\n<p>&nbsp;<\/p>","protected":false},"excerpt":{"rendered":"<p>&nbsp; Sky-Watcher SolarQuest (Sans tr\u00e9pied) : la monture intelligente d\u00e9di\u00e9e \u00e0 l\u2019observation solaire La Sky-Watcher SolarQuest (sans tr\u00e9pied) r\u00e9volutionne l\u2019observation du Soleil gr\u00e2ce \u00e0 une technologie enti\u00e8rement automatis\u00e9e, simple \u00e0 utiliser et con\u00e7ue pour offrir une exp\u00e9rience s\u00e9curis\u00e9e. Cette version t\u00eate de monture seule peut \u00eatre install\u00e9e sur tout tr\u00e9pied compatible disposant d\u2019un filetage standard [&hellip;]<\/p>\n","protected":false},"featured_media":14718,"comment_status":"open","ping_status":"closed","template":"","meta":[],"product_brand":[822],"product_cat":[20,759],"product_tag":[],"class_list":{"0":"post-14717","1":"product","2":"type-product","3":"status-publish","4":"has-post-thumbnail","6":"product_brand-sky-watcher","7":"product_cat-montures","8":"product_cat-alt-azimutales","10":"first","11":"on_supplier","12":"taxable","13":"shipping-taxable","14":"purchasable","15":"product-type-simple"},"_links":{"self":[{"href":"https:\/\/deep-space-astronomy.ch\/de\/wp-json\/wp\/v2\/product\/14717","targetHints":{"allow":["GET"]}}],"collection":[{"href":"https:\/\/deep-space-astronomy.ch\/de\/wp-json\/wp\/v2\/product"}],"about":[{"href":"https:\/\/deep-space-astronomy.ch\/de\/wp-json\/wp\/v2\/types\/product"}],"replies":[{"embeddable":true,"href":"https:\/\/deep-space-astronomy.ch\/de\/wp-json\/wp\/v2\/comments?post=14717"}],"wp:featuredmedia":[{"embeddable":true,"href":"https:\/\/deep-space-astronomy.ch\/de\/wp-json\/wp\/v2\/media\/14718"}],"wp:attachment":[{"href":"https:\/\/deep-space-astronomy.ch\/de\/wp-json\/wp\/v2\/media?parent=14717"}],"wp:term":[{"taxonomy":"product_brand","embeddable":true,"href":"https:\/\/deep-space-astronomy.ch\/de\/wp-json\/wp\/v2\/product_brand?post=14717"},{"taxonomy":"product_cat","embeddable":true,"href":"https:\/\/deep-space-astronomy.ch\/de\/wp-json\/wp\/v2\/product_cat?post=14717"},{"taxonomy":"product_tag","embeddable":true,"href":"https:\/\/deep-space-astronomy.ch\/de\/wp-json\/wp\/v2\/product_tag?post=14717"}],"curies":[{"name":"wp","href":"https:\/\/api.w.org\/{rel}","templated":true}]}}