{"id":14720,"date":"2026-04-21T11:29:20","date_gmt":"2026-04-21T09:29:20","guid":{"rendered":"https:\/\/deep-space-astronomy.ch\/?post_type=product&#038;p=14720"},"modified":"2026-04-21T11:29:33","modified_gmt":"2026-04-21T09:29:33","slug":"sky-watcher-star-discovery-az-go-to","status":"publish","type":"product","link":"https:\/\/deep-space-astronomy.ch\/de\/produkt\/sky-watcher-star-discovery-az-go-to\/","title":{"rendered":"Sky-Watcher Star Discovery AZ Go-To"},"content":{"rendered":"<h3>Sky-Watcher Star Discovery AZ Go-To Wi-Fi: vernetztes und ultra-tragbares Altazimut-Reittier<\/h3>\n<p>Die <strong>Sky-Watcher Star Discovery AZ Go-To<\/strong>\u00a0ist eine moderne motorisierte Montierung, die entwickelt wurde, um die Astronomie einfach, mobil und intuitiv zu machen. Dank seiner <strong>inkl. SynScan\u2122 Wi-Fi-Modul<\/strong>, Sie wird direkt von einem <strong>Smartphone oder Tablet<\/strong> \u00fcber die kostenlose SynScan-App, die f\u00fcr iOS und Android erh\u00e4ltlich ist.<\/p>\n<p>Diese kompakte, leise und leicht zu transportierende Montierung ist ideal f\u00fcr Anf\u00e4nger und erfahrene Astronomen, die eine L\u00f6sung suchen <strong>Leistungsstarkes Go-To, schnell zu installieren und einfach zu bedienen<\/strong>.<\/p>\n<h3>Intelligente drahtlose Steuerung \u00fcber Smartphone<\/h3>\n<p>Das mitgelieferte Wi-Fi-Modul erstellt seinen eigenen <strong>eigenst\u00e4ndiges drahtloses Netzwerk<\/strong>, Das bedeutet, dass die Halterung \u00fcberall, sogar in der Wildnis, verwendet werden kann, ohne auf ein externes Internetnetzwerk angewiesen zu sein.<\/p>\n<p>Nachdem Sie Ihre geografischen Koordinaten in die App eingegeben und ein kurzes Ausrichtungsverfahren durchgef\u00fchrt haben, ist die Montierung bereit, den Himmel automatisch zu erkunden. \u00dcber die ber\u00fchrungsempfindliche Oberfl\u00e4che der SynScan App k\u00f6nnen Sie die zu beobachtenden Objekte einfach ausw\u00e4hlen.<\/p>\n<p>Die Montierung kann dann automatisch auf jedes Objekt zeigen, das in der Datenbank von <strong>\u00fcber 10.000 Himmelsobjekte<\/strong>.<\/p>\n<h3>Umfassende astronomische Datenbank<\/h3>\n<p>Das SynScan-System bietet Zugang zu einer riesigen Bibliothek von Objekten, darunter :<\/p>\n<ul>\n<li><strong>Messier-, NGC-, IC- und Caldwell-Kataloge<\/strong><\/li>\n<li><strong>Benannte Deep-Sky-Objekte<\/strong><\/li>\n<li><strong>305 Sterne nominiert<\/strong><\/li>\n<li><strong>55 Doppelsterne<\/strong><\/li>\n<li><strong>Planeten, Sonne und Mond<\/strong><\/li>\n<\/ul>\n<p>Sie ist auch mit Software von Drittanbietern kompatibel, z. B. <strong>SkySafari Plus \/ Pro<\/strong> oder die Plattform <strong>ASCOM Windows<\/strong>, Sie k\u00f6nnen sich auch auf den Bildschirm setzen, um noch mehr Kontrollm\u00f6glichkeiten zu haben.<\/p>\n<h3>Freedom-Find\u2122-Technologie: Totale Freiheit<\/h3>\n<p>Eine der gro\u00dfen St\u00e4rken der Star Discovery ist die patentierte Technologie <strong>Freedom-Find\u2122 Dual Encoder<\/strong>. Diese erm\u00f6glicht die manuelle Bewegung des Teleskops in beiden Achsen <strong>ohne Verlust der Ausrichtung oder der Positionsinformationen<\/strong>.<\/p>\n<p>In der Praxis bedeutet dies, dass Sie manuell auf ein interessantes Objekt zeigen und danach sofort wieder die Go-To-Steuerung \u00fcbernehmen k\u00f6nnen. Diese Technologie bietet Ihnen eine gro\u00dfe Freiheit bei der Beobachtung.<\/p>\n<h3>Pr\u00e4zise motorisierte Nachf\u00fchrung in zwei Achsen<\/h3>\n<p>Der Star Discovery ist ein Reittier <strong>alt-azimutale motorisierte Doppelachse<\/strong>, Die neue, automatische Verfolgung von Himmelsobjekten nach dem Anpeilen. Sie bietet verschiedene Verfolgungsgeschwindigkeiten :<\/p>\n<ul>\n<li><strong>Seitenlinie<\/strong> f\u00fcr Sterne und Deep-Sky-Objekte<\/li>\n<li><strong>Lunar<\/strong> f\u00fcr den Mond<\/li>\n<li><strong>Solar<\/strong> f\u00fcr die Beobachtung der Sonne (nur mit geeignetem Filter)<\/li>\n<\/ul>\n<p>Die Reisegeschwindigkeiten reichen von <strong>1x bis 800x<\/strong>, Sie k\u00f6nnen sowohl Feineinstellungen vornehmen als auch schnell von einem Objekt zum anderen wechseln.<\/p>\n<h3>Tragf\u00e4higkeit und Kompatibilit\u00e4t<\/h3>\n<p>Die Montierung unterst\u00fctzt eine Nutzlast von bis zu <strong>5 kg<\/strong>, Das bedeutet, dass es mit vielen Fernrohren und kleinen Teleskopen kompatibel ist.<\/p>\n<p>Sie akzeptiert Instrumente, die mit einer <strong>Sky-Watcher \/ Vixen Standardschwalbenschwanz 45 mm<\/strong>, Das bedeutet, dass sie mit vielen auf dem Markt erh\u00e4ltlichen optischen R\u00f6hren kompatibel sind.<\/p>\n<p>Von <strong>Schnellentriegelungskupplungen<\/strong> sind ebenfalls vorhanden, um eine einfache und sofortige manuelle Handhabung zu erm\u00f6glichen.<\/p>\n<h3>Stabiles Stativ und flexibler Einzug<\/h3>\n<p>Die Fassung ruht auf einem <strong>verstellbares Stativ aus rostfreiem Stahl<\/strong>, Die Tasche ist sehr stabil und leicht zu transportieren. F\u00fcr zus\u00e4tzlichen Komfort ist ein Zubeh\u00f6rtablett enthalten.<\/p>\n<p>Sie funktioniert entweder mit :<\/p>\n<ul>\n<li><strong>8 AA-Batterien<\/strong> (nicht mitgeliefert)<\/li>\n<li><strong>Ein externes 12V DC-Netzteil<\/strong><\/li>\n<\/ul>\n<p>F\u00fcr l\u00e4ngere Sessions werden die externen Sky-Watcher 7Ah oder 17Ah Akkus empfohlen.<\/p>\n<h3>Technische Daten<\/h3>\n<table border=\"1\" cellspacing=\"0\" cellpadding=\"8\">\n<tbody>\n<tr>\n<th>Merkmal<\/th>\n<th>Detail<\/th>\n<\/tr>\n<tr>\n<td>Typ<\/td>\n<td><strong>Alt-azimutales Go-To Wi-Fi-Brillengestell<\/strong><\/td>\n<\/tr>\n<tr>\n<td>Kontrolle<\/td>\n<td>SynScan iOS \/ Android App<\/td>\n<\/tr>\n<tr>\n<td>Datenbank<\/td>\n<td><strong>10.000+ Himmelsobjekte<\/strong><\/td>\n<\/tr>\n<tr>\n<td>Technologie<\/td>\n<td><strong>Freedom-Find\u2122 Dual Encoder<\/strong><\/td>\n<\/tr>\n<tr>\n<td>Folge<\/td>\n<td>Motorisierte Doppelachse<\/td>\n<\/tr>\n<tr>\n<td>Geschwindigkeiten<\/td>\n<td>1x bis 800x<\/td>\n<\/tr>\n<tr>\n<td>Nutzlast<\/td>\n<td><strong>5 kg<\/strong><\/td>\n<\/tr>\n<tr>\n<td>Befestigung<\/td>\n<td>Schwalbenschwanz Vixen \/ Sky-Watcher 45 mm<\/td>\n<\/tr>\n<tr>\n<td>Stativ<\/td>\n<td>Einstellbarer rostfreier Stahl<\/td>\n<\/tr>\n<tr>\n<td>Ern\u00e4hrung<\/td>\n<td>12V DC oder 8 AA-Batterien<\/td>\n<\/tr>\n<\/tbody>\n<\/table>\n<h3>Warum sollte man sich f\u00fcr den Sky-Watcher Star Discovery entscheiden?<\/h3>\n<p>Die <strong>Star Discovery AZ Go-To Wi-Fi<\/strong> ist eine ideale Montierung f\u00fcr alle, die die Vorteile der automatischen Ausrichtung ohne technische Komplexit\u00e4t nutzen m\u00f6chten. Seine Steuerung \u00fcber das Smartphone, seine Portabilit\u00e4t und die umfassende Datenbank machen es zu einer modernen und intuitiven L\u00f6sung.<\/p>\n<p>Dank der Technologie <strong>Freedom-Find\u2122<\/strong>, Sie ist eine perfekte Kombination aus manueller Freiheit und fortschrittlicher Automatisierung. Sie ist eine ausgezeichnete Wahl f\u00fcr Astronomen, die nach einer Montierung suchen, die sie in die Hand nehmen k\u00f6nnen. <strong>vernetzt, praktisch, leise und leistungsstark<\/strong>.<\/p>","protected":false},"excerpt":{"rendered":"<p>Sky-Watcher Star Discovery AZ Go-To Wi-Fi : monture alt-azimutale connect\u00e9e et ultra portable La Sky-Watcher Star Discovery AZ Go-To\u00a0est une monture motoris\u00e9e moderne con\u00e7ue pour rendre l\u2019astronomie simple, mobile et intuitive. Gr\u00e2ce \u00e0 son module SynScan\u2122 Wi-Fi inclus, elle se pilote directement depuis un smartphone ou une tablette via l\u2019application gratuite SynScan disponible sur iOS [&hellip;]<\/p>\n","protected":false},"featured_media":14721,"comment_status":"open","ping_status":"closed","template":"","meta":[],"product_brand":[822],"product_cat":[20,759],"product_tag":[],"class_list":{"0":"post-14720","1":"product","2":"type-product","3":"status-publish","4":"has-post-thumbnail","6":"product_brand-sky-watcher","7":"product_cat-montures","8":"product_cat-alt-azimutales","10":"first","11":"on_supplier","12":"taxable","13":"shipping-taxable","14":"purchasable","15":"product-type-simple"},"_links":{"self":[{"href":"https:\/\/deep-space-astronomy.ch\/de\/wp-json\/wp\/v2\/product\/14720","targetHints":{"allow":["GET"]}}],"collection":[{"href":"https:\/\/deep-space-astronomy.ch\/de\/wp-json\/wp\/v2\/product"}],"about":[{"href":"https:\/\/deep-space-astronomy.ch\/de\/wp-json\/wp\/v2\/types\/product"}],"replies":[{"embeddable":true,"href":"https:\/\/deep-space-astronomy.ch\/de\/wp-json\/wp\/v2\/comments?post=14720"}],"wp:featuredmedia":[{"embeddable":true,"href":"https:\/\/deep-space-astronomy.ch\/de\/wp-json\/wp\/v2\/media\/14721"}],"wp:attachment":[{"href":"https:\/\/deep-space-astronomy.ch\/de\/wp-json\/wp\/v2\/media?parent=14720"}],"wp:term":[{"taxonomy":"product_brand","embeddable":true,"href":"https:\/\/deep-space-astronomy.ch\/de\/wp-json\/wp\/v2\/product_brand?post=14720"},{"taxonomy":"product_cat","embeddable":true,"href":"https:\/\/deep-space-astronomy.ch\/de\/wp-json\/wp\/v2\/product_cat?post=14720"},{"taxonomy":"product_tag","embeddable":true,"href":"https:\/\/deep-space-astronomy.ch\/de\/wp-json\/wp\/v2\/product_tag?post=14720"}],"curies":[{"name":"wp","href":"https:\/\/api.w.org\/{rel}","templated":true}]}}