{"id":14734,"date":"2026-04-22T11:41:13","date_gmt":"2026-04-22T09:41:13","guid":{"rendered":"https:\/\/deep-space-astronomy.ch\/?post_type=product&#038;p=14734"},"modified":"2026-04-22T11:42:42","modified_gmt":"2026-04-22T09:42:42","slug":"sky-watcher-az4-1","status":"publish","type":"product","link":"https:\/\/deep-space-astronomy.ch\/de\/produkt\/sky-watcher-az4-1\/","title":{"rendered":"Sky-Watcher AZ4-1 (Aluminium-Stativ)"},"content":{"rendered":"<h3>Sky-Watcher AZ4-1: Einfaches, pr\u00e4zises und ultra-vielseitiges Alt-azimutales Brillengestell<\/h3>\n<p>Die <strong>Sky-Watcher AZ4-1<\/strong> ist ein alt-azimutales Brillengestell, das f\u00fcr seine <strong>einfache Handhabung, seine Robustheit und seine gro\u00dfe Vielseitigkeit<\/strong>. Sie ist eine hervorragende Beobachtungsbasis f\u00fcr kleine Teleskope, astronomische Ferngl\u00e4ser, terrestrische Spektive und sogar Kameras.<\/p>\n<p>Dank seines schlanken und intuitiven Designs ist das AZ4 schnell aufgebaut und erm\u00f6glicht es Ihnen, in wenigen Minuten mit dem Beobachten zu beginnen. Sie eignet sich sowohl f\u00fcr Anf\u00e4nger als auch f\u00fcr erfahrene Benutzer, die eine zuverl\u00e4ssige und benutzerfreundliche Montierung suchen.<\/p>\n<h3>Ein ideales Gestell f\u00fcr den Himmel und die Natur<\/h3>\n<p>Die AZ4-1 Montierung wurde f\u00fcr den gemischten Gebrauch entwickelt und ist sowohl f\u00fcr die Astronomie als auch f\u00fcr die Erdbeobachtung geeignet. Ihr alt-azimutales System arbeitet mit zwei nat\u00fcrlichen Bewegungen:<\/p>\n<ul>\n<li><strong>H\u00f6he<\/strong> : oben \/ unten<\/li>\n<li><strong>Azimut<\/strong> : links \/ rechts<\/li>\n<\/ul>\n<p>Mit dieser Konfiguration k\u00f6nnen Sie intuitiv auf jedes Ziel zielen, egal ob es sich um den Mond, einen Planeten, einen Vogel oder eine ferne Landschaft handelt.<\/p>\n<p>Sie ist daher perfekt f\u00fcr alle, die sich ein vielseitiges Instrument w\u00fcnschen, das sowohl bei Tag als auch bei Nacht eingesetzt werden kann.<\/p>\n<p>So kann das Teleskop m\u00fchelos bedient werden, w\u00e4hrend es gleichzeitig eine hervorragende Stabilit\u00e4t beibeh\u00e4lt. Die manuelle Verfolgung von Himmelsobjekten wird selbst bei hoher Vergr\u00f6\u00dferung einfach und nat\u00fcrlich.<\/p>\n<p>Diese Fl\u00fcssigkeit verbessert den Beobachtungskomfort deutlich und verringert die Vibrationen bei der Bewegung.<\/p>\n<h3>Unabh\u00e4ngige Doppelkupplung<\/h3>\n<p>Die Montierung verf\u00fcgt \u00fcber <strong>zwei separate Kupplungen<\/strong>, Die beiden anderen sind auf der H\u00f6henachse und auf der Azimutachse angeordnet. Dadurch kann der Widerstand jeder Bewegung unabh\u00e4ngig eingestellt werden gem\u00e4\u00df :<\/p>\n<ul>\n<li>Das Gewicht der installierten R\u00f6hre<\/li>\n<li>Die Art der Beobachtung<\/li>\n<li>Pers\u00f6nliche Vorlieben des Nutzers<\/li>\n<\/ul>\n<p>Dieses System bringt eine hervorragende Kontrolle und eine komfortable Verwendung mit verschiedenen Instrumenten.<\/p>\n<h3>Ergonomischer Panoramaarm<\/h3>\n<p>Der AZ4-1 wird mit einem <strong>Panorama-Scanarm<\/strong> die in installiert werden kann <strong>zwei verschiedene Positionen<\/strong>, :<\/p>\n<ul>\n<li><strong>Astronomische Beobachtung<\/strong><\/li>\n<li><strong>Erdbeobachtung<\/strong><\/li>\n<\/ul>\n<p>Dieser Arm liegt sehr gut in der Hand und erm\u00f6glicht es, das Instrument pr\u00e4zise zu bewegen, ohne zu ruckeln oder ruckartige Bewegungen zu machen.<\/p>\n<h3>Kompatibilit\u00e4t mit vielen Instrumenten<\/h3>\n<p>Die Befestigung der optischen R\u00f6hren erfolgt \u00fcber eine <strong>Standard-Schwalbenschwanz Vixen<\/strong> (nicht im Lieferumfang enthalten), wodurch eine breite Kompatibilit\u00e4t mit vielen auf dem Markt erh\u00e4ltlichen Ger\u00e4ten gew\u00e4hrleistet wird.<\/p>\n<p>Die Halterung kann Rohre bis zu <strong>150 mm maximaler Durchmesser<\/strong>, Damit ist sie geeignet f\u00fcr :<\/p>\n<ul>\n<li><strong>Kleine und mittlere astronomische Fernrohre<\/strong><\/li>\n<li><strong>Maksutov kompakt<\/strong><\/li>\n<li><strong>Leichte Newton<\/strong><\/li>\n<li><strong>Terrestrische Fernrohre<\/strong><\/li>\n<li><strong>Fernglas auf Adapter<\/strong><\/li>\n<\/ul>\n<p>Eine <strong>inkl. L-Schwalbenschwanz<\/strong> erm\u00f6glicht auch die einfache Befestigung einer Spiegelreflex- oder Hybridkamera f\u00fcr Beobachtungen oder terrestrische Fotografie.<\/p>\n<h3>Schneller Aufbau und sofortige Nutzung<\/h3>\n<p>Die Philosophie der AZ4-1 beruht auf Einfachheit. Es werden keine Polausrichtung, Elektronik oder Batterien ben\u00f6tigt. Sie ist in wenigen Augenblicken einsatzbereit.<\/p>\n<p>Das macht sie zu einem idealen Rahmen f\u00fcr :<\/p>\n<ul>\n<li><strong>Die Schnellbeobachtungen<\/strong><\/li>\n<li><strong>Improvisierte Ausfl\u00fcge<\/strong><\/li>\n<li><strong>Angehende Nutzer<\/strong><\/li>\n<li><strong>Astronomen, die eine leichte Sekund\u00e4rl\u00f6sung w\u00fcnschen<\/strong><\/li>\n<\/ul>\n<h3>Technische Daten<\/h3>\n<table border=\"1\" cellspacing=\"0\" cellpadding=\"8\">\n<tbody>\n<tr>\n<th>Merkmal<\/th>\n<th>Detail<\/th>\n<\/tr>\n<tr>\n<td>Typ<\/td>\n<td><strong>Manuelle alt-azimutale Fassung<\/strong><\/td>\n<\/tr>\n<tr>\n<td>Bewegungen<\/td>\n<td>H\u00f6he + Azimut<\/td>\n<\/tr>\n<tr>\n<td>Fl\u00fcssigkeit<\/td>\n<td><strong>Teflonoberfl\u00e4chen auf 2 Achsen<\/strong><\/td>\n<\/tr>\n<tr>\n<td>Einstellungen<\/td>\n<td>Unabh\u00e4ngige Kupplungen<\/td>\n<\/tr>\n<tr>\n<td>Bestellung<\/td>\n<td>Panoramaarm mit zwei Positionen<\/td>\n<\/tr>\n<tr>\n<td>Rohrbefestigung<\/td>\n<td>Schwalbenschwanz Vixen<\/td>\n<\/tr>\n<tr>\n<td>Empfohlener Durchmesser max<\/td>\n<td><strong>150 mm<\/strong><\/td>\n<\/tr>\n<tr>\n<td>Inklusive Zubeh\u00f6r<\/td>\n<td>L-Schwalbenschwanz f\u00fcr PNA<\/td>\n<\/tr>\n<\/tbody>\n<\/table>\n<h3>Warum sollten Sie sich f\u00fcr den Sky-Watcher AZ4-1 entscheiden?<\/h3>\n<p>Die <strong>Sky-Watcher AZ4-1<\/strong> ist eine der besten manuellen Fassungen f\u00fcr diejenigen, die eine L\u00f6sung suchen <strong>einfach, zuverl\u00e4ssig, stabil und angenehm zu verwenden<\/strong>. Sie erm\u00f6glicht es, den Himmel ohne technische Einschr\u00e4nkungen in vollen Z\u00fcgen zu genie\u00dfen.<\/p>\n<p>Die beispielhafte Fl\u00fcssigkeit, die umfassende Kompatibilit\u00e4t und der gemischte Einsatz bei Tag und Nacht machen es zu einer ausgezeichneten Wahl f\u00fcr Enthusiasten, die mit einem Minimum an Vorbereitung mehr beobachten m\u00f6chten.<\/p>\n<p>Die AZ4-1 ist ein vielseitiges und langlebiges Gestell, das f\u00fcr einfache Erkundungen konzipiert wurde. <strong>der wunderbare Himmel am Tag und in der Nacht<\/strong>.<\/p>","protected":false},"excerpt":{"rendered":"<p>Sky-Watcher AZ4-1 : monture alt-azimutale simple, pr\u00e9cise et ultra polyvalente La Sky-Watcher AZ4-1 est une monture alt-azimutale reconnue pour sa simplicit\u00e9 d\u2019utilisation, sa robustesse et sa grande polyvalence. Elle constitue une excellente base d\u2019observation pour les petits t\u00e9lescopes, les jumelles astronomiques, les longues-vues terrestres et m\u00eame les appareils photo. Gr\u00e2ce \u00e0 sa conception \u00e9pur\u00e9e et [&hellip;]<\/p>\n","protected":false},"featured_media":14736,"comment_status":"open","ping_status":"closed","template":"","meta":[],"product_brand":[822],"product_cat":[20,759],"product_tag":[],"class_list":{"0":"post-14734","1":"product","2":"type-product","3":"status-publish","4":"has-post-thumbnail","6":"product_brand-sky-watcher","7":"product_cat-montures","8":"product_cat-alt-azimutales","10":"first","11":"on_supplier","12":"taxable","13":"shipping-taxable","14":"purchasable","15":"product-type-simple"},"_links":{"self":[{"href":"https:\/\/deep-space-astronomy.ch\/de\/wp-json\/wp\/v2\/product\/14734","targetHints":{"allow":["GET"]}}],"collection":[{"href":"https:\/\/deep-space-astronomy.ch\/de\/wp-json\/wp\/v2\/product"}],"about":[{"href":"https:\/\/deep-space-astronomy.ch\/de\/wp-json\/wp\/v2\/types\/product"}],"replies":[{"embeddable":true,"href":"https:\/\/deep-space-astronomy.ch\/de\/wp-json\/wp\/v2\/comments?post=14734"}],"wp:featuredmedia":[{"embeddable":true,"href":"https:\/\/deep-space-astronomy.ch\/de\/wp-json\/wp\/v2\/media\/14736"}],"wp:attachment":[{"href":"https:\/\/deep-space-astronomy.ch\/de\/wp-json\/wp\/v2\/media?parent=14734"}],"wp:term":[{"taxonomy":"product_brand","embeddable":true,"href":"https:\/\/deep-space-astronomy.ch\/de\/wp-json\/wp\/v2\/product_brand?post=14734"},{"taxonomy":"product_cat","embeddable":true,"href":"https:\/\/deep-space-astronomy.ch\/de\/wp-json\/wp\/v2\/product_cat?post=14734"},{"taxonomy":"product_tag","embeddable":true,"href":"https:\/\/deep-space-astronomy.ch\/de\/wp-json\/wp\/v2\/product_tag?post=14734"}],"curies":[{"name":"wp","href":"https:\/\/api.w.org\/{rel}","templated":true}]}}