{"id":14742,"date":"2026-04-22T14:25:15","date_gmt":"2026-04-22T12:25:15","guid":{"rendered":"https:\/\/deep-space-astronomy.ch\/?post_type=product&#038;p=14742"},"modified":"2026-04-22T14:40:30","modified_gmt":"2026-04-22T12:40:30","slug":"sky-watcher-az5-deluxe","status":"publish","type":"product","link":"https:\/\/deep-space-astronomy.ch\/de\/produkt\/sky-watcher-az5-deluxe\/","title":{"rendered":"Sky-Watcher AZ5 Deluxe"},"content":{"rendered":"<h3>Sky-Watcher AZ5 Deluxe: Leichtes, pr\u00e4zises und perfektes Alt-azimutales Grab-and-Go-Brillengestell<\/h3>\n<p>Die <strong>Sky-Watcher AZ5 Deluxe<\/strong> ist eine alt-azimutale Montierung, die f\u00fcr Astronomen entwickelt wurde, die eine <strong>einfach, leicht, schnell zu installieren und angenehm zu benutzen<\/strong>. Echtes Reittier <strong>grab-and-go<\/strong>, Es eignet sich sowohl f\u00fcr die visuelle astronomische Beobachtung als auch f\u00fcr terrestrische Beobachtungen am Tag.<\/p>\n<p>Kompakt, elegant und hergestellt in <strong>Aluminiumguss<\/strong>, Die AZ5 kombiniert Tragbarkeit, Robustheit und Pr\u00e4zision. Sie ist ideal f\u00fcr Nutzer, die schnell und ohne komplizierte Installation beobachten m\u00f6chten.<\/p>\n<h3>Ein auf Einfachheit ausgelegtes Gestell<\/h3>\n<p>Der Sky-Watcher AZ5 arbeitet mit einem System <strong>alt-azimutal<\/strong>, Mit zwei nat\u00fcrlichen Bewegungen:<\/p>\n<ul>\n<li><strong>H\u00f6he<\/strong> : oben \/ unten<\/li>\n<li><strong>Azimut<\/strong> : links \/ rechts<\/li>\n<\/ul>\n<p>Mit dieser Konfiguration k\u00f6nnen Sie intuitiv jedes Ziel anpeilen, ohne Polstationierung oder komplizierte Einstellungen. Stellen Sie einfach das Stativ auf, befestigen Sie den optischen Tubus und beginnen Sie mit der Beobachtung.<\/p>\n<p>Sie eignet sich besonders f\u00fcr Anf\u00e4nger, nomadische Beobachter und erfahrene Astronomen, die eine zweite Montierung w\u00fcnschen, die schnell hervorgeholt werden kann.<\/p>\n<h3>Bemerkenswerte Genauigkeit bei langsamen Bewegungen<\/h3>\n<p>Der AZ5 deluxe wird geliefert mit <strong>zwei flexible Kabel f\u00fcr langsame Bewegungen<\/strong>, eine f\u00fcr jede Achse. Diese erm\u00f6glichen Feineinstellungen, die bei starker Vergr\u00f6\u00dferung \u00e4u\u00dferst n\u00fctzlich sind.<\/p>\n<p>So k\u00f6nnen Sie ganz einfach verfolgen :<\/p>\n<ul>\n<li><strong>Der Mond<\/strong><\/li>\n<li><strong>Die Planeten<\/strong><\/li>\n<li><strong>Weit entfernte V\u00f6gel oder Flugzeuge<\/strong><\/li>\n<li><strong>Bewegliche Objekte auf der Erde<\/strong><\/li>\n<\/ul>\n<p>Das mechanische System verwendet eine <strong>Spiralschnecke mit 96 Z\u00e4hnen<\/strong> auf beiden Achsen, wodurch Fl\u00fcssigkeit, Pr\u00e4zision und ausgezeichnete mechanische Festigkeit gew\u00e4hrleistet werden.<\/p>\n<h3>Manuelle Schnellverschiebungen<\/h3>\n<p>Zus\u00e4tzlich zu den mikrometrischen Steuerungen kann die Montierung <strong>manuell auf beiden Achsen<\/strong> f\u00fcr eine schnelle Neupositionierung.<\/p>\n<p>Dieser doppelte Ansatz ist besonders praktisch :<\/p>\n<ul>\n<li><strong>Schnelles Bewegen zu einem neuen Ziel<\/strong><\/li>\n<li><strong>Genaue Anpassung bei langsamen Kabeln<\/strong><\/li>\n<\/ul>\n<p>Die AZ5 bietet also sowohl Schnelligkeit als auch Pr\u00e4zision in einem sehr einfachen Format.<\/p>\n<h3>Kompatibilit\u00e4t mit vielen Instrumenten<\/h3>\n<p>Das Gestell nimmt Teleskope und Brillen bis zu einer Gr\u00f6\u00dfe von <strong>5 kg Nutzlast<\/strong>. Sie ist kompatibel mit R\u00f6hren, die mit einer <strong>Sky-Watcher \/ Vixen Standardschwalbenschwanz 45 mm<\/strong>.<\/p>\n<p>Sie eignet sich ideal f\u00fcr :<\/p>\n<ul>\n<li><strong>Kleine Brille von 70 bis 102 mm<\/strong><\/li>\n<li><strong>Maksutov 90 \/ 102 \/ 127 mm<\/strong><\/li>\n<li><strong>Newton kompakt leicht<\/strong><\/li>\n<li><strong>Terrestrische Fernrohre<\/strong><\/li>\n<\/ul>\n<p>Sein Gabelarm verf\u00fcgt \u00fcber <strong>zwei einstellbare Positionen<\/strong>, Die meisten der von uns getesteten Modelle sind mit einer speziellen Halterung ausgestattet, die es erm\u00f6glicht, die Halterung an verschiedene Rohrformate anzupassen.<\/p>\n<h3>Gro\u00dfer Bewegungsradius<\/h3>\n<p>Die Fassung bietet eine kontinuierliche Rotation von :<\/p>\n<ul>\n<li><strong>360\u00b0 im Azimut<\/strong><\/li>\n<li><strong>-50\u00b0 bis +90\u00b0 in der H\u00f6he<\/strong><\/li>\n<\/ul>\n<p>Dieser gro\u00dfe Bewegungsbereich erm\u00f6glicht sowohl die Beobachtung nahe am Horizont als auch das Zielen auf den Zenit.<\/p>\n<h3>Verstellbares Stativ und einfacher Transport<\/h3>\n<p>Der AZ5 wird mit einem <strong>teleskopisches Aluminiumstativ<\/strong> deren Beine sich durch integrierte Klemmvorrichtungen in der gew\u00fcnschten H\u00f6he arretieren lassen.<\/p>\n<p>Die Gesamth\u00f6he inklusive Gestell (ohne optischen Tubus) variiert von :<\/p>\n<ul>\n<li><strong>86,5 cm bis 158 cm<\/strong><\/li>\n<\/ul>\n<p>Eine <strong>21,5 cm langes Verl\u00e4ngerungsrohr<\/strong> ist enthalten, um die Ergonomie je nach verwendetem Instrument zu verbessern.<\/p>\n<p>Mit einem Gesamtgewicht von nur <strong>4,9 kg<\/strong>, Das Ganze ist sehr leicht zu transportieren.<\/p>\n<h3>Technische Daten<\/h3>\n<table border=\"1\" cellspacing=\"0\" cellpadding=\"8\">\n<tbody>\n<tr>\n<th>Merkmal<\/th>\n<th>Detail<\/th>\n<\/tr>\n<tr>\n<td>Typ<\/td>\n<td><strong>Manuelle alt-azimutale Fassung<\/strong><\/td>\n<\/tr>\n<tr>\n<td>Nutzlast<\/td>\n<td><strong>5 kg<\/strong><\/td>\n<\/tr>\n<tr>\n<td>\u00dcbertragung<\/td>\n<td>Helixschnecke 96 Z\u00e4hne (2 Achsen)<\/td>\n<\/tr>\n<tr>\n<td>Feineinstellungen<\/td>\n<td><strong>2 flexible Kabel enthalten<\/strong><\/td>\n<\/tr>\n<tr>\n<td>Rotation<\/td>\n<td>360\u00b0 AZ \/ -50\u00b0 bis +90\u00b0 ALT<\/td>\n<\/tr>\n<tr>\n<td>Rohrbefestigung<\/td>\n<td>Vixen-Schwalbenschwanz 45 mm<\/td>\n<\/tr>\n<tr>\n<td>Stativ<\/td>\n<td>Teleskopisches Aluminium<\/td>\n<\/tr>\n<tr>\n<td>H\u00f6he<\/td>\n<td>86,5 cm bis 158 cm<\/td>\n<\/tr>\n<tr>\n<td>Gesamtgewicht<\/td>\n<td><strong>4,9 kg<\/strong><\/td>\n<\/tr>\n<\/tbody>\n<\/table>\n<h3>Warum sollte man sich f\u00fcr den Sky-Watcher AZ5 Deluxe entscheiden?<\/h3>\n<p>Die <strong>Sky-Watcher AZ5 Deluxe<\/strong> ist eine der besten manuellen Fassungen f\u00fcr diejenigen, die oft, schnell und ungezwungen beobachten m\u00f6chten. Sie kombiniert <strong>Tragbarkeit, echte mechanische Pr\u00e4zision und v\u00f6llige Einfachheit<\/strong>.<\/p>\n<p>Perfekt f\u00fcr spontane Beobachtungen des Himmels oder der Natur, bietet es einen Komfort, der in dieser Gewichtsklasse selten ist. Sein hervorragendes Verh\u00e4ltnis von Stabilit\u00e4t und Mobilit\u00e4t macht ihn zur idealen L\u00f6sung f\u00fcr mobile Enthusiasten.<\/p>\n<p>Wenn Sie ein zuverl\u00e4ssiges, leichtes und sofort einsatzbereites Gestell suchen, ist die AZ5 eine ausgezeichnete Wahl.<\/p>","protected":false},"excerpt":{"rendered":"<p>Sky-Watcher AZ5 Deluxe : monture alt-azimutale l\u00e9g\u00e8re, pr\u00e9cise et parfaite en grab-and-go La Sky-Watcher AZ5 Deluxe est une monture alt-azimutale con\u00e7ue pour les astronomes recherchant une solution simple, l\u00e9g\u00e8re, rapide \u00e0 installer et agr\u00e9able \u00e0 utiliser. V\u00e9ritable monture grab-and-go, elle convient aussi bien \u00e0 l\u2019observation astronomique visuelle qu\u2019aux observations terrestres en journ\u00e9e. Compacte, \u00e9l\u00e9gante et [&hellip;]<\/p>\n","protected":false},"featured_media":14743,"comment_status":"open","ping_status":"closed","template":"","meta":[],"product_brand":[822],"product_cat":[20,759],"product_tag":[],"class_list":{"0":"post-14742","1":"product","2":"type-product","3":"status-publish","4":"has-post-thumbnail","6":"product_brand-sky-watcher","7":"product_cat-montures","8":"product_cat-alt-azimutales","10":"first","11":"on_supplier","12":"taxable","13":"shipping-taxable","14":"purchasable","15":"product-type-simple"},"_links":{"self":[{"href":"https:\/\/deep-space-astronomy.ch\/de\/wp-json\/wp\/v2\/product\/14742","targetHints":{"allow":["GET"]}}],"collection":[{"href":"https:\/\/deep-space-astronomy.ch\/de\/wp-json\/wp\/v2\/product"}],"about":[{"href":"https:\/\/deep-space-astronomy.ch\/de\/wp-json\/wp\/v2\/types\/product"}],"replies":[{"embeddable":true,"href":"https:\/\/deep-space-astronomy.ch\/de\/wp-json\/wp\/v2\/comments?post=14742"}],"wp:featuredmedia":[{"embeddable":true,"href":"https:\/\/deep-space-astronomy.ch\/de\/wp-json\/wp\/v2\/media\/14743"}],"wp:attachment":[{"href":"https:\/\/deep-space-astronomy.ch\/de\/wp-json\/wp\/v2\/media?parent=14742"}],"wp:term":[{"taxonomy":"product_brand","embeddable":true,"href":"https:\/\/deep-space-astronomy.ch\/de\/wp-json\/wp\/v2\/product_brand?post=14742"},{"taxonomy":"product_cat","embeddable":true,"href":"https:\/\/deep-space-astronomy.ch\/de\/wp-json\/wp\/v2\/product_cat?post=14742"},{"taxonomy":"product_tag","embeddable":true,"href":"https:\/\/deep-space-astronomy.ch\/de\/wp-json\/wp\/v2\/product_tag?post=14742"}],"curies":[{"name":"wp","href":"https:\/\/api.w.org\/{rel}","templated":true}]}}