{"id":14745,"date":"2026-04-22T14:37:07","date_gmt":"2026-04-22T12:37:07","guid":{"rendered":"https:\/\/deep-space-astronomy.ch\/?post_type=product&#038;p=14745"},"modified":"2026-04-22T14:37:21","modified_gmt":"2026-04-22T12:37:21","slug":"sky-watcher-az5-deluxe-tete-seul","status":"publish","type":"product","link":"https:\/\/deep-space-astronomy.ch\/de\/produkt\/sky-watcher-az5-deluxe-tete-seul\/","title":{"rendered":"Sky-Watcher AZ5 Deluxe (nur Kopf)"},"content":{"rendered":"<h3>Sky-Watcher AZ5 Deluxe: Ultraleichter und vielseitiger Alt-azimutaler Montierungskopf<\/h3>\n<p>Die <strong>Sky-Watcher AZ5 Deluxe Mount Head<\/strong> ist die Nur-Kopf-Version des beliebten AZ5-Montierungssystems. Sie ist f\u00fcr Nutzer gedacht, die eine L\u00f6sung suchen, die <strong>grab-and-go kompakt, leicht und leistungsstark<\/strong>, Die Sch\u00fclerinnen und Sch\u00fcler sollten sich auf ein Stativ ihrer Wahl stellen.<\/p>\n<p>Diese Montierung wurde sowohl f\u00fcr die visuelle astronomische Beobachtung als auch f\u00fcr die terrestrische Beobachtung am Tag entwickelt und vereint Folgendes <strong>mechanische Einfachheit, manuelle Nachf\u00fchrgenauigkeit und maximale Transportf\u00e4higkeit<\/strong>.<\/p>\n<p>Dank des Standardgewindes <strong>3\/8\u2033<\/strong>, Die Kamera kann auf vielen Fotostativen, astronomischen Stativen oder kompatiblen Halterungen montiert werden.<\/p>\n<h3>Ein echtes Nomadengestell ohne Einschr\u00e4nkungen<\/h3>\n<p>Der AZ5 Deluxe \u00fcbernimmt die Philosophie des <strong>\u201cNo Fuss Mount\u201d<\/strong> : keine komplizierten Einstellungen, keine Stromversorgung, keine Stationierung.<\/p>\n<p>Sie m\u00fcssen nur :<\/p>\n<ul>\n<li><strong>Befestigen Sie den Kopf auf einem kompatiblen Stativ<\/strong><\/li>\n<li><strong>Installieren Sie den optischen Tubus<\/strong><\/li>\n<li><strong>Sofort mit der Beobachtung beginnen<\/strong><\/li>\n<\/ul>\n<p>Sie ist eine ausgezeichnete Wahl f\u00fcr schnelle Ausfl\u00fcge, Urlaube, improvisierte Beobachtungen oder als leichte Zweitmontierung.<\/p>\n<h3>Intuitive alt-azimutale Bewegungen<\/h3>\n<p>Die Montierung funktioniert auf zwei nat\u00fcrlichen Achsen:<\/p>\n<ul>\n<li><strong>H\u00f6he<\/strong> : oben \/ unten<\/li>\n<li><strong>Azimut<\/strong> : links \/ rechts<\/li>\n<\/ul>\n<p>Mit dieser Konfiguration k\u00f6nnen Sie ohne besonderen technischen Lernaufwand leicht auf den Mond, die Planeten, eine ferne Landschaft oder andere bewegliche Objekte zielen.<\/p>\n<h3>Sehr pr\u00e4zise Feinsteuerungen<\/h3>\n<p>Der AZ5 Deluxe wird geliefert mit <strong>zwei flexible Kabel f\u00fcr langsame Bewegungen<\/strong>, eine f\u00fcr jede Achse. Sie erm\u00f6glichen eine stufenlose und pr\u00e4zise Einstellung, die bei starker Vergr\u00f6\u00dferung besonders angenehm ist.<\/p>\n<p>So k\u00f6nnen Sie bequem verfolgen :<\/p>\n<ul>\n<li><strong>Der Mond und die Planeten<\/strong><\/li>\n<li><strong>Entfernte V\u00f6gel oder Tiere<\/strong><\/li>\n<li><strong>Bewegte irdische Objekte<\/strong><\/li>\n<\/ul>\n<p>Die manuelle Verfolgung wird fl\u00fcssig und angenehm, ohne \u00fcberm\u00e4\u00dfige Vibrationen.<\/p>\n<h3>Robustes mechanisches Getriebe<\/h3>\n<p>Die Montierung verwendet eine <strong>Spiralschnecke mit 96 Z\u00e4hnen<\/strong> auf beiden Achsen (H\u00f6he und Azimut), garantiert :<\/p>\n<ul>\n<li><strong>Hohe Laufruhe<\/strong><\/li>\n<li><strong>Gute mechanische Genauigkeit<\/strong><\/li>\n<li><strong>Ausgezeichnete Kontrolle bei starker Vergr\u00f6\u00dferung<\/strong><\/li>\n<li><strong>Langlebigkeit des Systems<\/strong><\/li>\n<\/ul>\n<h3>Manuelle Schnellverschiebung<\/h3>\n<p>Zus\u00e4tzlich zu den langsamen Befehlen kann die Montierung manuell um ihre Achsen bewegt werden, um das Instrument schnell zu einem neuen Ziel zu repositionieren.<\/p>\n<p>Diese doppelte Nutzung erm\u00f6glicht :<\/p>\n<ul>\n<li><strong>Schnelles Punkten<\/strong><\/li>\n<li><strong>Sofortige Feineinstellung<\/strong><\/li>\n<\/ul>\n<p>Eine sehr praktische Funktionsweise auf dem Feld.<\/p>\n<h3>Mit vielen Instrumenten kompatibel<\/h3>\n<p>Der Fassungskopf nimmt Instrumente bis zu einer Gr\u00f6\u00dfe von <strong>5 kg<\/strong> und verf\u00fcgt \u00fcber eine <strong>Sky-Watcher \/ Vixen Standardschwalbenschwanz 45 mm<\/strong>.<\/p>\n<p>Sie eignet sich hervorragend f\u00fcr :<\/p>\n<ul>\n<li><strong>Kleine astronomische Fernrohre<\/strong><\/li>\n<li><strong>Maksutov kompakt<\/strong><\/li>\n<li><strong>Leichte Newton<\/strong><\/li>\n<li><strong>Terrestrische Fernrohre<\/strong><\/li>\n<\/ul>\n<p>Eine <strong>optionaler L-St\u00e4nder<\/strong> erm\u00f6glicht auch die Installation einer Kamera oder anderer kompatibler Ger\u00e4te.<\/p>\n<h3>Arm in zwei Positionen verstellbar<\/h3>\n<p>Der Gabelarm H\u00f6he verf\u00fcgt \u00fcber <strong>zwei einstellbare Positionen<\/strong>, Die Geometrie des Rahmens kann an die L\u00e4nge oder die Form des verwendeten optischen Tubus angepasst werden.<\/p>\n<p>Dies verbessert die Balance und den Komfort.<\/p>\n<h3>Ultraleicht und leicht zu transportieren<\/h3>\n<p>Mit nur <strong>2,3 kg<\/strong>, Der AZ5 Deluxe-Kopf ist extrem tragbar. Er kann problemlos in einer Tasche oder Materialkiste transportiert werden.<\/p>\n<p>In Kombination mit einem Karbon-, Foto- oder Aluminiumstativ wird es zu einem hervorragenden ultramobilen Stativ.<\/p>\n<h3>Technische Daten<\/h3>\n<table border=\"1\" cellspacing=\"0\" cellpadding=\"8\">\n<tbody>\n<tr>\n<th>Merkmal<\/th>\n<th>Detail<\/th>\n<\/tr>\n<tr>\n<td>Typ<\/td>\n<td><strong>Alt-azimutaler Fassungskopf<\/strong><\/td>\n<\/tr>\n<tr>\n<td>Nutzlast<\/td>\n<td><strong>5 kg<\/strong><\/td>\n<\/tr>\n<tr>\n<td>Gewicht<\/td>\n<td><strong>2,3 kg<\/strong><\/td>\n<\/tr>\n<tr>\n<td>\u00dcbertragung<\/td>\n<td>Helixschnecke 96 Z\u00e4hne (2 Achsen)<\/td>\n<\/tr>\n<tr>\n<td>Feineinstellungen<\/td>\n<td>2 flexible Kabel enthalten<\/td>\n<\/tr>\n<tr>\n<td>Rotation<\/td>\n<td>360\u00b0 AZ \/ -50\u00b0 bis +90\u00b0 ALT<\/td>\n<\/tr>\n<tr>\n<td>Befestigung Instrument<\/td>\n<td>Vixen-Schwalbenschwanz 45 mm<\/td>\n<\/tr>\n<tr>\n<td>Stativ-Anschluss<\/td>\n<td><strong>Standardgewinde 3\/8\u2033<\/strong><\/td>\n<\/tr>\n<\/tbody>\n<\/table>\n<h3>Warum sollte man sich f\u00fcr den Sky-Watcher AZ5 Deluxe entscheiden?<\/h3>\n<p>Die <strong>AZ5 Deluxe Mount Head<\/strong> ist perfekt f\u00fcr Beobachter, die ihr eigenes Stativ verwenden und gleichzeitig von einer leichten, seri\u00f6sen und angenehm zu handhabenden Montierung profitieren m\u00f6chten.<\/p>\n<p>Sie kombiniert <strong>extreme Tragbarkeit, mechanische Pr\u00e4zision und totale Einfachheit<\/strong>, Das macht es zu einer ausgezeichneten L\u00f6sung f\u00fcr mobile Astronomen und Erdbeobachter.<\/p>\n<p>Wenn Sie einen zuverl\u00e4ssigen und sofort einsatzbereiten Montierungskopf suchen, ist der AZ5 Deluxe eine ausgezeichnete Wahl.<\/p>","protected":false},"excerpt":{"rendered":"<p>Sky-Watcher AZ5 Deluxe : t\u00eate de monture alt-azimutale ultra l\u00e9g\u00e8re et polyvalente La Sky-Watcher AZ5 Deluxe Mount Head est la version t\u00eate seule de la c\u00e9l\u00e8bre monture AZ5. Elle s\u2019adresse aux utilisateurs recherchant une solution grab-and-go compacte, l\u00e9g\u00e8re et performante, \u00e0 installer sur le tr\u00e9pied de leur choix. Con\u00e7ue pour l\u2019observation astronomique visuelle comme pour [&hellip;]<\/p>\n","protected":false},"featured_media":14746,"comment_status":"open","ping_status":"closed","template":"","meta":[],"product_brand":[822],"product_cat":[20,759],"product_tag":[],"class_list":{"0":"post-14745","1":"product","2":"type-product","3":"status-publish","4":"has-post-thumbnail","6":"product_brand-sky-watcher","7":"product_cat-montures","8":"product_cat-alt-azimutales","10":"first","11":"on_supplier","12":"taxable","13":"shipping-taxable","14":"purchasable","15":"product-type-simple"},"_links":{"self":[{"href":"https:\/\/deep-space-astronomy.ch\/de\/wp-json\/wp\/v2\/product\/14745","targetHints":{"allow":["GET"]}}],"collection":[{"href":"https:\/\/deep-space-astronomy.ch\/de\/wp-json\/wp\/v2\/product"}],"about":[{"href":"https:\/\/deep-space-astronomy.ch\/de\/wp-json\/wp\/v2\/types\/product"}],"replies":[{"embeddable":true,"href":"https:\/\/deep-space-astronomy.ch\/de\/wp-json\/wp\/v2\/comments?post=14745"}],"wp:featuredmedia":[{"embeddable":true,"href":"https:\/\/deep-space-astronomy.ch\/de\/wp-json\/wp\/v2\/media\/14746"}],"wp:attachment":[{"href":"https:\/\/deep-space-astronomy.ch\/de\/wp-json\/wp\/v2\/media?parent=14745"}],"wp:term":[{"taxonomy":"product_brand","embeddable":true,"href":"https:\/\/deep-space-astronomy.ch\/de\/wp-json\/wp\/v2\/product_brand?post=14745"},{"taxonomy":"product_cat","embeddable":true,"href":"https:\/\/deep-space-astronomy.ch\/de\/wp-json\/wp\/v2\/product_cat?post=14745"},{"taxonomy":"product_tag","embeddable":true,"href":"https:\/\/deep-space-astronomy.ch\/de\/wp-json\/wp\/v2\/product_tag?post=14745"}],"curies":[{"name":"wp","href":"https:\/\/api.w.org\/{rel}","templated":true}]}}