{"id":14793,"date":"2026-04-27T22:25:52","date_gmt":"2026-04-27T20:25:52","guid":{"rendered":"https:\/\/deep-space-astronomy.ch\/?post_type=product&#038;p=14793"},"modified":"2026-04-27T22:26:05","modified_gmt":"2026-04-27T20:26:05","slug":"sky-watcher-az-pronto-tete-seul","status":"publish","type":"product","link":"https:\/\/deep-space-astronomy.ch\/de\/produkt\/sky-watcher-az-pronto-tete-seul\/","title":{"rendered":"Sky-Watcher AZ PRONTO (nur Kopf)"},"content":{"rendered":"<h3>Sky-Watcher AZ PRONTO: Ultrakompaktes alt-azimutales Montierungssystem f\u00fcr schnelle Beobachtungen<\/h3>\n<p>Die <strong>Sky-Watcher AZ PRONTO<\/strong> ist ein alt-azimutaler Montierungskopf, der speziell f\u00fcr Astronomen und Beobachter entwickelt wurde, die nach einem <strong>ultraleicht, einfach und sofort einsatzbereit<\/strong>. Getreu der Philosophie <strong>grab-and-go<\/strong>, In der Regel ist es m\u00f6glich, den Himmel oder die Natur ohne technische Einschr\u00e4nkungen zu genie\u00dfen.<\/p>\n<p>Kompakt und hergestellt in <strong>Aluminium<\/strong>, Die AZ PRONTO ist ideal f\u00fcr kleine Instrumente und schnelle Ausfl\u00fcge. Sie l\u00e4sst sich dank ihres <strong>Standardgewinde 3\/8\u2033<\/strong>.<\/p>\n<h3>Ein f\u00fcr die Mobilit\u00e4t konzipiertes Gestell<\/h3>\n<p>Die AZ PRONTO richtet sich vor allem an Nutzer, die eine :<\/p>\n<ul>\n<li><strong>Leicht zu transportieren<\/strong><\/li>\n<li><strong>Schnell zu installieren<\/strong><\/li>\n<li><strong>Ohne komplizierte Einstellungen<\/strong><\/li>\n<\/ul>\n<p>Sie eignet sich perfekt f\u00fcr spontane Beobachtungen, Reisen oder kurze Sitzungen, bei denen man beobachten m\u00f6chte, ohne Zeit zu verlieren.<\/p>\n<h3>Nat\u00fcrliche und intuitive Bewegungen<\/h3>\n<p>Wie jede alt-azimutale Fassung funktioniert auch die AZ PRONTO mit zwei einfachen Achsen:<\/p>\n<ul>\n<li><strong>H\u00f6he<\/strong> : oben \/ unten<\/li>\n<li><strong>Azimut<\/strong> : links \/ rechts<\/li>\n<\/ul>\n<p>Mit diesem System kann man problemlos auf jedes beliebige Objekt, sei es ein Himmels- oder ein Erdobjekt, zeigen, ohne dass man eine besondere technische Ausbildung ben\u00f6tigt.<\/p>\n<h3>Schlanke Steuerungen mit flexiblen Kabeln<\/h3>\n<p>Das Gestell wird geliefert mit <strong>zwei Kabel f\u00fcr langsame Bewegungen<\/strong> die eine genaue Einstellung auf jeder Achse erm\u00f6glichen. Diese Befehle sind besonders n\u00fctzlich f\u00fcr :<\/p>\n<ul>\n<li><strong>Dem Mond und den Planeten folgen<\/strong><\/li>\n<li><strong>Feinabstimmung des Bildausschnitts<\/strong><\/li>\n<li><strong>Beobachten von entfernten Objekten in Bewegung<\/strong><\/li>\n<\/ul>\n<p>Die Kabel k\u00f6nnen an <strong>zwei verschiedene Positionen pro Achse<\/strong>, Dies verbessert die Ergonomie je nach Art des verwendeten Teleskops (Refraktor oder Newton).<\/p>\n<h3>Pr\u00e4zise und reibungslose \u00dcbertragung<\/h3>\n<p>Die AZ PRONTO verwendet eine <strong>Spiralschnecke<\/strong> mit :<\/p>\n<ul>\n<li><strong>180 Z\u00e4hne auf der Azimutachse<\/strong><\/li>\n<li><strong>116 Z\u00e4hne auf der H\u00f6henachse<\/strong><\/li>\n<\/ul>\n<p>Diese Konfiguration garantiert fl\u00fcssige Bewegungen, eine gute Pr\u00e4zision und eine angenehme Kontrolle auch bei hoher Vergr\u00f6\u00dferung.<\/p>\n<h3>Manuelle Schnellverschiebung<\/h3>\n<p>Zus\u00e4tzlich zu den Feinsteuerungen kann die Montierung manuell um ihre Achsen bewegt werden, um schnell auf ein neues Ziel zu zeigen. Dies erm\u00f6glicht :<\/p>\n<ul>\n<li><strong>Eine schnelle Neupositionierung<\/strong><\/li>\n<li><strong>Sofortige pr\u00e4zise Anpassung<\/strong><\/li>\n<\/ul>\n<p>Eine ideale Kombination aus Schnelligkeit und Pr\u00e4zision.<\/p>\n<h3>Kompatibilit\u00e4t mit kleinen Instrumenten<\/h3>\n<p>Die AZ PRONTO ist so konzipiert, dass sie Instrumente bis zu einer Gr\u00f6\u00dfe von <strong>3 kg<\/strong>. Sie verf\u00fcgt \u00fcber eine <strong>Sky-Watcher \/ Vixen Standardschwalbenschwanz 45 mm<\/strong>, Die meisten der von uns verwendeten Materialien sind in der Lage, eine breite Kompatibilit\u00e4t zu gew\u00e4hrleisten.<\/p>\n<p>Sie eignet sich besonders f\u00fcr :<\/p>\n<ul>\n<li><strong>Kleine Brille (60-80 mm)<\/strong><\/li>\n<li><strong>Maksutov kompakt (90 mm)<\/strong><\/li>\n<li><strong>Kleine, leichte Teleskope<\/strong><\/li>\n<li><strong>Terrestrische Fernrohre<\/strong><\/li>\n<\/ul>\n<h3>Gro\u00dfer Bewegungsradius<\/h3>\n<p>Das Gestell bietet eine wichtige Bewegungsfreiheit :<\/p>\n<ul>\n<li><strong>360\u00b0 im Azimut<\/strong><\/li>\n<li><strong>-70\u00b0 bis +90\u00b0 in der H\u00f6he<\/strong><\/li>\n<\/ul>\n<p>So kann man mit ihr sowohl am Horizont als auch im Zenit beobachten.<\/p>\n<h3>Skalierbar mit Verl\u00e4ngerungsrohr (Option)<\/h3>\n<p>Die Arbeitsh\u00f6he kann durch eine <strong>21,5 cm langes Verl\u00e4ngerungsrohr<\/strong> (nicht im Lieferumfang enthalten), ideal, um den Beobachtungskomfort je nach verwendetem Stativ zu optimieren.<\/p>\n<p><strong>Wichtig :<\/strong> dieses Verl\u00e4ngerungsrohr ist ein optionales Zubeh\u00f6r und wird nicht mit der Montierung geliefert.<\/p>\n<h3>Technische Daten<\/h3>\n<table border=\"1\" cellspacing=\"0\" cellpadding=\"8\">\n<tbody>\n<tr>\n<th>Merkmal<\/th>\n<th>Detail<\/th>\n<\/tr>\n<tr>\n<td>Typ<\/td>\n<td><strong>Alt-azimutaler Fassungskopf<\/strong><\/td>\n<\/tr>\n<tr>\n<td>Nutzlast<\/td>\n<td><strong>3 kg<\/strong><\/td>\n<\/tr>\n<tr>\n<td>\u00dcbertragung<\/td>\n<td>Schnecke (180 Z\u00e4hne AZ \/ 116 Z\u00e4hne ALT)<\/td>\n<\/tr>\n<tr>\n<td>Feineinstellungen<\/td>\n<td>2 flexible, repositionierbare Kabel<\/td>\n<\/tr>\n<tr>\n<td>Rotation<\/td>\n<td>360\u00b0 AZ \/ -70\u00b0 bis +90\u00b0 ALT<\/td>\n<\/tr>\n<tr>\n<td>Befestigung Instrument<\/td>\n<td>Vixen-Schwalbenschwanz 45 mm<\/td>\n<\/tr>\n<tr>\n<td>Stativ-Anschluss<\/td>\n<td><strong>3\/8\u2033-Gewinde<\/strong><\/td>\n<\/tr>\n<\/tbody>\n<\/table>\n<h3>Warum sollte man sich f\u00fcr den Sky-Watcher AZ PRONTO entscheiden?<\/h3>\n<p>Die <strong>AZ PRONTO<\/strong> ist ein ideales Gestell f\u00fcr alle, die Wert auf die <strong>Leichtigkeit, Einfachheit und Schnelligkeit der Nutzung<\/strong>. Sie erm\u00f6glicht ungezwungenes Beobachten zu jeder Zeit.<\/p>\n<p>Perfekt f\u00fcr kleine Instrumente, bietet sie einen hervorragenden Kompromiss zwischen <strong>tragbar, pr\u00e4zise und komfortabel<\/strong>.<\/p>\n<p>Wenn Sie ein ultrakompaktes Gestell f\u00fcr schnelle Ausfl\u00fcge oder Reisen suchen, ist die AZ PRONTO eine besonders relevante Wahl.<\/p>","protected":false},"excerpt":{"rendered":"<p>Sky-Watcher AZ PRONTO : monture alt-azimutale ultra compacte pour observations rapides La Sky-Watcher AZ PRONTO est une t\u00eate de monture alt-azimutale sp\u00e9cialement con\u00e7ue pour les astronomes et observateurs recherchant une solution ultra l\u00e9g\u00e8re, simple et imm\u00e9diatement op\u00e9rationnelle. Fid\u00e8le \u00e0 la philosophie grab-and-go, elle permet de profiter du ciel ou de la nature sans contrainte technique. [&hellip;]<\/p>\n","protected":false},"featured_media":14794,"comment_status":"open","ping_status":"closed","template":"","meta":[],"product_brand":[822],"product_cat":[20,759],"product_tag":[],"class_list":{"0":"post-14793","1":"product","2":"type-product","3":"status-publish","4":"has-post-thumbnail","6":"product_brand-sky-watcher","7":"product_cat-montures","8":"product_cat-alt-azimutales","10":"first","11":"on_supplier","12":"taxable","13":"shipping-taxable","14":"purchasable","15":"product-type-simple"},"_links":{"self":[{"href":"https:\/\/deep-space-astronomy.ch\/de\/wp-json\/wp\/v2\/product\/14793","targetHints":{"allow":["GET"]}}],"collection":[{"href":"https:\/\/deep-space-astronomy.ch\/de\/wp-json\/wp\/v2\/product"}],"about":[{"href":"https:\/\/deep-space-astronomy.ch\/de\/wp-json\/wp\/v2\/types\/product"}],"replies":[{"embeddable":true,"href":"https:\/\/deep-space-astronomy.ch\/de\/wp-json\/wp\/v2\/comments?post=14793"}],"wp:featuredmedia":[{"embeddable":true,"href":"https:\/\/deep-space-astronomy.ch\/de\/wp-json\/wp\/v2\/media\/14794"}],"wp:attachment":[{"href":"https:\/\/deep-space-astronomy.ch\/de\/wp-json\/wp\/v2\/media?parent=14793"}],"wp:term":[{"taxonomy":"product_brand","embeddable":true,"href":"https:\/\/deep-space-astronomy.ch\/de\/wp-json\/wp\/v2\/product_brand?post=14793"},{"taxonomy":"product_cat","embeddable":true,"href":"https:\/\/deep-space-astronomy.ch\/de\/wp-json\/wp\/v2\/product_cat?post=14793"},{"taxonomy":"product_tag","embeddable":true,"href":"https:\/\/deep-space-astronomy.ch\/de\/wp-json\/wp\/v2\/product_tag?post=14793"}],"curies":[{"name":"wp","href":"https:\/\/api.w.org\/{rel}","templated":true}]}}