{"id":14867,"date":"2026-05-04T21:21:05","date_gmt":"2026-05-04T19:21:05","guid":{"rendered":"https:\/\/deep-space-astronomy.ch\/?post_type=product&#038;p=14867"},"modified":"2026-05-04T21:21:20","modified_gmt":"2026-05-04T19:21:20","slug":"sky-watcher-eq6i-pro","status":"publish","type":"product","link":"https:\/\/deep-space-astronomy.ch\/de\/produkt\/sky-watcher-eq6i-pro\/","title":{"rendered":"Sky-Watcher EQ6i PRO"},"content":{"rendered":"<h3>Sky-Watcher EQ6i PRO SynScan: Pr\u00e4zision, Leistung und erweiterte Kontrolle<\/h3>\n<p>Die <strong>Sky-Watcher EQ6i PRO SynScan<\/strong> ist eine deutsche \u00e4quatoriale Montierung, die f\u00fcr anspruchsvolle Amateurastronomen und begeisterte Astrofotografen entwickelt wurde. Sie zeichnet sich durch ihre <strong>hohe Belastbarkeit von 25 kg<\/strong>seine <strong>hohe Zeigegenauigkeit<\/strong> und sein <strong>computergest\u00fctztes GO-TO-System<\/strong> mit dem sich der Deep-Sky-Himmel leicht erkunden l\u00e4sst. Robust, zuverl\u00e4ssig und leise ist es die ideale Basis f\u00fcr detaillierte Beobachtungen und lange Belichtungszeiten.<\/p>\n<p>Dank seiner <strong>hochpr\u00e4zise Schrittmotoren<\/strong> mit Mikroschritten (64 Mikrosteps) sorgt die EQ6i PRO f\u00fcr fl\u00fcssige Bewegungen und \u00e4u\u00dferst pr\u00e4zises Tracking. Seine <strong>Aufl\u00f6sung von 0,144 Winkelsekunden<\/strong> und seine <strong>Zeigergeschwindigkeit bis zu 3,4\u00b0\/Sekunde<\/strong> erm\u00f6glichen es, Himmelsobjekte schnell zu lokalisieren und effizient von einem Ziel zum anderen zu wechseln.<\/p>\n<h3>Ein robustes und stabiles Gestell f\u00fcr schwere Ausr\u00fcstung<\/h3>\n<p>Entwickelt, um gro\u00dfe Instrumente zu tragen, bietet diese Halterung eine <strong>au\u00dfergew\u00f6hnliche Stabilit\u00e4t<\/strong> dank seines Stativs aus rostfreiem Stahl mit Beinen mit einem Durchmesser von 2 Zoll. Sie wird geliefert mit <strong>zwei Gegengewichte \u00e0 5,1 kg<\/strong> die eine pr\u00e4zise Ausbalancierung des Teleskops und des Zubeh\u00f6rs erm\u00f6glicht. Diese Stabilit\u00e4t ist wichtig, um Vibrationen zu reduzieren, insbesondere bei der Astrofotografie, wo es auf Pr\u00e4zision ankommt.<\/p>\n<p>Mit einem <strong>Gewicht des Reittiers von 16 kg<\/strong> und einem soliden Design garantiert sie auch bei intensiver Nutzung eine hervorragende Haltbarkeit.<\/p>\n<h3>GO-TO SynScan-System und erweiterte Datenbank<\/h3>\n<p>Das System <strong>SynScan GO-TO<\/strong> integriert bietet Zugang zu einer Datenbank mit \u00fcber <strong>42 900 Himmelsobjekte<\/strong>, einschlie\u00dflich der Kataloge Messier, NGC und IC. Die Montierung bietet eine <strong>Zielgenauigkeit von bis zu 1 Bogenminute<\/strong>, Die meisten Sch\u00fclerinnen und Sch\u00fcler haben eine <strong>Kompensation von mechanischen Fehlern<\/strong> f\u00fcr eine h\u00f6here Zuverl\u00e4ssigkeit.<\/p>\n<p>Sie bietet mehrere Ausrichtungsmethoden (<strong>1 Stern, 2 Sterne oder 3 Sterne<\/strong>), wodurch ein passender Stationsbetrieb f\u00fcr alle Erfahrungsstufen erm\u00f6glicht wird.<\/p>\n<h3>Moderne Wi-Fi-Steuerung und umfassende Konnektivit\u00e4t<\/h3>\n<p>Die EQ6i PRO ist mit einem <strong>integrierter SynScan Wi-Fi-Adapter<\/strong>, Die App erm\u00f6glicht eine drahtlose Steuerung \u00fcber die App. <strong>SynScan Pro<\/strong> die f\u00fcr iOS, Android und PC verf\u00fcgbar ist. Diese L\u00f6sung bietet eine gro\u00dfe Benutzerfreiheit und eine intuitive Benutzeroberfl\u00e4che zum Steuern der Montierung, Ausw\u00e4hlen von Objekten und Verwalten von Einstellungen.<\/p>\n<p>Au\u00dferdem verf\u00fcgt sie \u00fcber zahlreiche H\u00e4fen: <strong>USB, ST-4 (Autoguiding), SNAP (Kamera), Stromversorgung<\/strong> und einen Hafen f\u00fcr <strong>SynScan-Schl\u00e4ger<\/strong> (optional). Diese umfangreiche Konnektivit\u00e4t erm\u00f6glicht eine einfache Integration in jedes Astronomie-Setup.<\/p>\n<h3>Perfekt f\u00fcr die Astrofotografie<\/h3>\n<p>Optimiert f\u00fcr lange Belichtungszeiten bietet die Montierung eine <strong>pr\u00e4zise motorisierte Verfolgung<\/strong> mit mehreren Geschwindigkeiten : <strong>siderisch, lunar und solar<\/strong>. Der Hafen <strong>ST-4<\/strong> erm\u00f6glicht Autoguiding mit verschiedenen Korrekturraten (0,25x, 0,5x, 0,75x, 1x), wodurch eine stabile und genaue Nachf\u00fchrung gew\u00e4hrleistet wird.<\/p>\n<p>Die <strong>SNAP-Port<\/strong> erm\u00f6glicht das Ausl\u00f6sen einer DSLR-Kamera direkt \u00fcber die Montierung und erleichtert so automatisierte Bildsequenzen. Der ger\u00e4uscharme Betrieb und die Reduzierung von Vibrationen sorgen f\u00fcr optimale Bedingungen, um scharfe und detailreiche Bilder einzufangen.<\/p>\n<h3>Pr\u00e4zise Ausrichtung und vereinfachte Nutzung<\/h3>\n<p>Das Vorhandensein eines <strong>beleuchteter Polsucher<\/strong> erleichtert das Einrichten der Station, ein wichtiger Schritt f\u00fcr die genaue Verfolgung von Himmelsobjekten. Die leisen Motoren erh\u00f6hen den Komfort bei l\u00e4ngeren Nachtbeobachtungen.<\/p>\n<p>Die Halterung ist auch mit einem SynScan-Schl\u00e4ger (nicht im Lieferumfang enthalten) kompatibel und bietet eine alternative Kontrollm\u00f6glichkeit f\u00fcr diejenigen, die eine klassische Nutzung bevorzugen.<\/p>\n<h3>Technische Daten<\/h3>\n<table border=\"1\" cellspacing=\"0\" cellpadding=\"8\">\n<tbody>\n<tr>\n<th>Merkmal<\/th>\n<th>Detail<\/th>\n<\/tr>\n<tr>\n<td><strong>Art der Fassung<\/strong><\/td>\n<td>Deutsch-\u00c4quatorialguinea<\/td>\n<\/tr>\n<tr>\n<td><strong>Tragf\u00e4higkeit<\/strong><\/td>\n<td><strong>25 kg<\/strong><\/td>\n<\/tr>\n<tr>\n<td><strong>Genauigkeit beim Zeigen<\/strong><\/td>\n<td><strong>Bis zu 1 Bogen Minute<\/strong><\/td>\n<\/tr>\n<tr>\n<td><strong>Aufl\u00f6sung<\/strong><\/td>\n<td><strong>0,144 arcsec<\/strong><\/td>\n<\/tr>\n<tr>\n<td><strong>Geschwindigkeit des Zeigens<\/strong><\/td>\n<td><strong>3,4\u00b0\/Sekunde<\/strong><\/td>\n<\/tr>\n<tr>\n<td><strong>Motoren<\/strong><\/td>\n<td>Schritt f\u00fcr Schritt 1.8\u00b0 mit Mikroschritten (64)<\/td>\n<\/tr>\n<tr>\n<td><strong>Nachverfolgungsmodi<\/strong><\/td>\n<td><strong>Siderisch, lunar, solar<\/strong><\/td>\n<\/tr>\n<tr>\n<td><strong>Ausrichtung<\/strong><\/td>\n<td><strong>1, 2 oder 3 Sterne<\/strong><\/td>\n<\/tr>\n<tr>\n<td><strong>Datenbank<\/strong><\/td>\n<td><strong>42 900+ Gegenst\u00e4nde<\/strong><\/td>\n<\/tr>\n<tr>\n<td><strong>Ports<\/strong><\/td>\n<td>USB, ST-4, SNAP, Stromversorgung, Racket-Anschluss<\/td>\n<\/tr>\n<tr>\n<td><strong>Stativ<\/strong><\/td>\n<td>Rostfreier Stahl (85 bis 147 cm)<\/td>\n<\/tr>\n<tr>\n<td><strong>Gewicht Fassung<\/strong><\/td>\n<td><strong>16 kg<\/strong><\/td>\n<\/tr>\n<tr>\n<td><strong>Gegengewicht<\/strong><\/td>\n<td>2 x <strong>5,1 kg<\/strong><\/td>\n<\/tr>\n<tr>\n<td><strong>Ern\u00e4hrung<\/strong><\/td>\n<td><strong>12V DC 2A (nicht im Lieferumfang enthalten)<\/strong><\/td>\n<\/tr>\n<\/tbody>\n<\/table>\n<h3>Schlussfolgerung<\/h3>\n<p>Die <strong>Sky-Watcher EQ6i PRO SynScan<\/strong> ist eine komplette, leistungsstarke und erweiterbare Montierung, die sich perfekt f\u00fcr die fortgeschrittene Beobachtung und Astrofotografie eignet. Dank seiner <strong>Macht<\/strong>seine <strong>Genauigkeit<\/strong> und seine <strong>moderne Konnektivit\u00e4t<\/strong>, Sie erf\u00fcllt die Erwartungen der anspruchsvollsten Nutzer und ist eine nachhaltige Investition, um das Universum unter den besten Bedingungen zu erforschen.<\/p>","protected":false},"excerpt":{"rendered":"<p>Sky-Watcher EQ6i PRO SynScan : pr\u00e9cision, puissance et contr\u00f4le avanc\u00e9 La Sky-Watcher EQ6i PRO SynScan est une monture \u00e9quatoriale allemande con\u00e7ue pour les astronomes amateurs exigeants et les passionn\u00e9s d\u2019astrophotographie. Elle se distingue par sa capacit\u00e9 de charge \u00e9lev\u00e9e de 25 kg, sa grande pr\u00e9cision de pointage et son syst\u00e8me GO-TO informatis\u00e9 permettant d\u2019explorer facilement [&hellip;]<\/p>\n","protected":false},"featured_media":14868,"comment_status":"open","ping_status":"closed","template":"","meta":[],"product_brand":[822],"product_cat":[20,762],"product_tag":[],"class_list":{"0":"post-14867","1":"product","2":"type-product","3":"status-publish","4":"has-post-thumbnail","6":"product_brand-sky-watcher","7":"product_cat-montures","8":"product_cat-equatoriales","10":"first","11":"on_supplier","12":"taxable","13":"shipping-taxable","14":"purchasable","15":"product-type-simple"},"_links":{"self":[{"href":"https:\/\/deep-space-astronomy.ch\/de\/wp-json\/wp\/v2\/product\/14867","targetHints":{"allow":["GET"]}}],"collection":[{"href":"https:\/\/deep-space-astronomy.ch\/de\/wp-json\/wp\/v2\/product"}],"about":[{"href":"https:\/\/deep-space-astronomy.ch\/de\/wp-json\/wp\/v2\/types\/product"}],"replies":[{"embeddable":true,"href":"https:\/\/deep-space-astronomy.ch\/de\/wp-json\/wp\/v2\/comments?post=14867"}],"wp:featuredmedia":[{"embeddable":true,"href":"https:\/\/deep-space-astronomy.ch\/de\/wp-json\/wp\/v2\/media\/14868"}],"wp:attachment":[{"href":"https:\/\/deep-space-astronomy.ch\/de\/wp-json\/wp\/v2\/media?parent=14867"}],"wp:term":[{"taxonomy":"product_brand","embeddable":true,"href":"https:\/\/deep-space-astronomy.ch\/de\/wp-json\/wp\/v2\/product_brand?post=14867"},{"taxonomy":"product_cat","embeddable":true,"href":"https:\/\/deep-space-astronomy.ch\/de\/wp-json\/wp\/v2\/product_cat?post=14867"},{"taxonomy":"product_tag","embeddable":true,"href":"https:\/\/deep-space-astronomy.ch\/de\/wp-json\/wp\/v2\/product_tag?post=14867"}],"curies":[{"name":"wp","href":"https:\/\/api.w.org\/{rel}","templated":true}]}}