{"id":14952,"date":"2026-05-07T16:28:26","date_gmt":"2026-05-07T14:28:26","guid":{"rendered":"https:\/\/deep-space-astronomy.ch\/?post_type=product&#038;p=14952"},"modified":"2026-05-07T16:41:07","modified_gmt":"2026-05-07T14:41:07","slug":"reducteur-correcteur-0-77x-pour-esprit-150ed","status":"publish","type":"product","link":"https:\/\/deep-space-astronomy.ch\/de\/produkt\/reducteur-correcteur-0-77x-pour-esprit-150ed\/","title":{"rendered":"Reducer \/ Corrector 0.77x f\u00fcr Esprit-150ED"},"content":{"rendered":"<h3>Reducer \/ Corrector 0.77x f\u00fcr Esprit-150ED<\/h3>\n<p>Die <strong>Sky-Watcher 0.77x Focus Reducer \/ Field Corrector<\/strong> wurde speziell f\u00fcr das apochromatische Fernrohr entwickelt <strong>Sky-Watcher Esprit-150 ED<\/strong>. Dieses Zubeh\u00f6r wurde entwickelt, um den Anforderungen fortgeschrittener Astrofotografen gerecht zu werden. Es vergr\u00f6\u00dfert das fotografische Feld und verbessert gleichzeitig die Helligkeit und die optische Korrektur des Instruments.<\/p>\n<p>Dank seines Reduktionsfaktors von <strong>0.77x<\/strong>, wird die Brennweite der Esprit-150ED verk\u00fcrzt, um ein schnelles Fokusverh\u00e4ltnis von <strong>f\/5.4<\/strong>. Diese Verkleinerung erm\u00f6glicht es, die bei der Deep-Sky-Astrofotografie erforderlichen Belichtungszeiten zu verringern und gleichzeitig ein gr\u00f6\u00dferes Feld einzufangen. Dies macht sie ideal, um ausgedehnte Nebel, gro\u00dfe Sternregionen oder gro\u00dfe Galaxien mit maximaler Detailgenauigkeit zu fotografieren.<\/p>\n<p>Der Korrektor verwendet ein fortschrittliches optisches Design mit <strong>drei vollst\u00e4ndig mehrschichtige Linsen <\/strong>(Fully Multi-Coated). Diese Mehrschichtverg\u00fctung optimiert die Lichtdurchl\u00e4ssigkeit und reduziert effektiv interne Reflexionen und Kontrastverluste. Das Ergebnis ist ein helleres, sch\u00e4rferes Bild und punktf\u00f6rmige Sterne bis zum Rand des fotografischen Feldes.<\/p>\n<p>Der Reducer\/Korrektor erzeugt einen entzerrten und vollst\u00e4ndig ausgeleuchteten Bildkreis von <strong>36 mm<\/strong>, und eignet sich daher hervorragend f\u00fcr Sensoren <strong>APS-C<\/strong> und kompatibel mit Fotoapparaten und Kameras <strong>Vollformat<\/strong>. Diese gro\u00dfe Feldabdeckung erm\u00f6glicht es, die optische Leistung des Esprit-150ED-Fernrohrs mit modernen hochaufl\u00f6senden Sensoren voll auszunutzen.<\/p>\n<p>Das System wird mit einem Standardadapter mit Gewinde geliefert. <strong>M48 x 0.75<\/strong> und einem optischen Abzug von <strong>55 mm<\/strong>. Diese Konfiguration ist ideal f\u00fcr die direkte Verwendung mit Canon EOS- und Nikon Sky-Watcher-Adapterringen, erleichtert<br \/>\ndie Integration von Spiegelreflex- oder Hybridkameras in eine Astrofotografie-Konfiguration.<\/p>\n<p>Nach Entfernen des mitgelieferten Adapters ein Innengewinde <strong>M71x1<\/strong> wird mit einem maximalen Backfocus von <strong>75 mm<\/strong>. Diese Konfiguration bietet eine gro\u00dfe Flexibilit\u00e4t f\u00fcr Astrofotografen, die individuelle L\u00f6sungen verwenden m\u00f6chten, die gek\u00fchlte Kameras, Filterr\u00e4der, zus\u00e4tzliche Korrektoren oder motorisierte Fokussierungssysteme umfassen.<\/p>\n<p>Der Sky-Watcher 0.77x Reducer\/Corrector ist auch kompatibel mit den <strong>astronomische Filter 2 Zoll<\/strong>. Diese Kompatibilit\u00e4t erm\u00f6glicht die Verwendung von Lichtverschmutzungs-, UHC-, OIII- oder Narrowband-Filtern, die besonders n\u00fctzlich f\u00fcr die Astrofotografie aus st\u00e4dtischen Gebieten oder f\u00fcr die Schmalband-Bildgebung sind.<\/p>\n<p>Mit einem Gewicht von ca. <strong>910 g<\/strong> Der Korrektor ist stabil und pr\u00e4zise konstruiert und bietet einen hervorragenden Halt f\u00fcr den optischen Zug. Die hochwertige Verarbeitung f\u00fcgt sich nahtlos in die Sky-Watcher Esprit-Serie ein und garantiert eine zuverl\u00e4ssige Verwendung auch bei schweren und komplexen Fotokonfigurationen.<\/p>\n<p>Der Sky-Watcher 0,77x Reducer\/Corrector f\u00fcr Esprit-150ED ist ein wichtiges Zubeh\u00f6r f\u00fcr Astrofotografen, die das Potenzial ihres apochromatischen Refraktors voll aussch\u00f6pfen m\u00f6chten. Er sorgt f\u00fcr ein perfekt korrigiertes Feld, mehr Helligkeit und eine hervorragende Bildqualit\u00e4t, die auf moderne hochaufl\u00f6sende Sensoren abgestimmt ist.<\/p>\n<h3>Technische Eigenschaften<\/h3>\n<table border=\"1\" cellspacing=\"0\" cellpadding=\"8\">\n<tbody>\n<tr>\n<th>Merkmal<\/th>\n<th>Detail<\/th>\n<\/tr>\n<tr>\n<td>Produkt<\/td>\n<td>Sky-Watcher Reducer \/ Corrector 0.77x<\/td>\n<\/tr>\n<tr>\n<td>Kompatibilit\u00e4t<\/td>\n<td>Sky-Watcher Esprit-150ED<\/td>\n<\/tr>\n<tr>\n<td>Reduktionsfaktor<\/td>\n<td>0.77x<\/td>\n<\/tr>\n<tr>\n<td>Fokusverh\u00e4ltnis erhalten<\/td>\n<td>f\/5.4<\/td>\n<\/tr>\n<tr>\n<td>Optisches Design<\/td>\n<td>3 Linsen Fully Multi-Coated<\/td>\n<\/tr>\n<tr>\n<td>Korrigierter Bildkreis<\/td>\n<td>36 mm<\/td>\n<\/tr>\n<tr>\n<td>Kompatibilit\u00e4t der Sensoren<\/td>\n<td>APS-C und Vollformat<\/td>\n<\/tr>\n<tr>\n<td>Filterkompatibilit\u00e4t<\/td>\n<td>2-Zoll-Filter<\/td>\n<\/tr>\n<tr>\n<td>Back focus<\/td>\n<td>55 mm mit Adapter \/ 75 mm ohne Adapter<\/td>\n<\/tr>\n<tr>\n<td>Adaptergewinde<\/td>\n<td>M48 x 0.75<\/td>\n<\/tr>\n<tr>\n<td>Innengewinde<\/td>\n<td>M71x1<\/td>\n<\/tr>\n<tr>\n<td>Gewicht<\/td>\n<td>910 g mit Kappen<\/td>\n<\/tr>\n<\/tbody>\n<\/table>","protected":false},"excerpt":{"rendered":"<p>R\u00e9ducteur \/ Correcteur 0.77x pour Esprit-150ED Le r\u00e9ducteur de focale \/ correcteur de champ Sky-Watcher 0.77x a \u00e9t\u00e9 sp\u00e9cialement d\u00e9velopp\u00e9 pour la lunette apochromatique Sky-Watcher Esprit-150 ED. Con\u00e7u pour r\u00e9pondre aux exigences des astrophotographes avanc\u00e9s, cet accessoire permet d\u2019augmenter le champ photographique tout en am\u00e9liorant la luminosit\u00e9 et la correction optique de l\u2019instrument. Gr\u00e2ce \u00e0 [&hellip;]<\/p>\n","protected":false},"featured_media":14953,"comment_status":"open","ping_status":"closed","template":"","meta":[],"product_brand":[822],"product_cat":[650,19],"product_tag":[],"class_list":{"0":"post-14952","1":"product","2":"type-product","3":"status-publish","4":"has-post-thumbnail","6":"product_brand-sky-watcher","7":"product_cat-rducteurs-correcteurs-ap","8":"product_cat-accessoires","10":"first","11":"on_supplier","12":"taxable","13":"shipping-taxable","14":"purchasable","15":"product-type-simple"},"_links":{"self":[{"href":"https:\/\/deep-space-astronomy.ch\/de\/wp-json\/wp\/v2\/product\/14952","targetHints":{"allow":["GET"]}}],"collection":[{"href":"https:\/\/deep-space-astronomy.ch\/de\/wp-json\/wp\/v2\/product"}],"about":[{"href":"https:\/\/deep-space-astronomy.ch\/de\/wp-json\/wp\/v2\/types\/product"}],"replies":[{"embeddable":true,"href":"https:\/\/deep-space-astronomy.ch\/de\/wp-json\/wp\/v2\/comments?post=14952"}],"wp:featuredmedia":[{"embeddable":true,"href":"https:\/\/deep-space-astronomy.ch\/de\/wp-json\/wp\/v2\/media\/14953"}],"wp:attachment":[{"href":"https:\/\/deep-space-astronomy.ch\/de\/wp-json\/wp\/v2\/media?parent=14952"}],"wp:term":[{"taxonomy":"product_brand","embeddable":true,"href":"https:\/\/deep-space-astronomy.ch\/de\/wp-json\/wp\/v2\/product_brand?post=14952"},{"taxonomy":"product_cat","embeddable":true,"href":"https:\/\/deep-space-astronomy.ch\/de\/wp-json\/wp\/v2\/product_cat?post=14952"},{"taxonomy":"product_tag","embeddable":true,"href":"https:\/\/deep-space-astronomy.ch\/de\/wp-json\/wp\/v2\/product_tag?post=14952"}],"curies":[{"name":"wp","href":"https:\/\/api.w.org\/{rel}","templated":true}]}}