{"id":14964,"date":"2026-05-08T16:47:26","date_gmt":"2026-05-08T14:47:26","guid":{"rendered":"https:\/\/deep-space-astronomy.ch\/?post_type=product&#038;p=14964"},"modified":"2026-05-08T17:16:57","modified_gmt":"2026-05-08T15:16:57","slug":"askar-60f-flat-field","status":"publish","type":"product","link":"https:\/\/deep-space-astronomy.ch\/de\/produkt\/askar-60f-flat-field\/","title":{"rendered":"Askar 60F Flat-Field"},"content":{"rendered":"<h2>Askar 60F Flat-Field - Ultraportables APO-Quadruplet-Refraktor f\u00fcr Full Frame Astrofotografie<\/h2>\n<p>L'<strong>Askar 60F Flat-Field<\/strong> ist ein kompaktes, apochromatisches astronomisches Fernrohr, das f\u00fcr anspruchsvolle Astrofotografen entwickelt wurde, die ein ultramobiles, leistungsstarkes und einfach zu bedienendes Instrument suchen. Mit einer \u00d6ffnung von 60 mm, einer Brennweite von 408 mm und einem nativen Brennverh\u00e4ltnis von <strong>f\/6.8<\/strong>, Dieses Zielfernrohr bietet ein hervorragendes Gleichgewicht zwischen gro\u00dfem Sehfeld, optischer Qualit\u00e4t und einfachem Transport.<\/p>\n<p>Dank seines Designs <strong>APO-Quadrupel mit beabstandeten Linsen<\/strong>, Mit einem ED-Glaselement liefert das Askar 60F feine, kontrastreiche Sterne und reduziert gleichzeitig effektiv chromatische Aberrationen. Seine eingebaute Feldkorrektur erm\u00f6glicht den sofortigen Einsatz ohne komplexe Backfocus-Berechnungen oder das Hinzuf\u00fcgen eines externen Weichzeichners.<\/p>\n<h3>Ein Astrograf-Refraktor, der f\u00fcr die moderne Astrofotografie entwickelt wurde<\/h3>\n<p>Die Askar 60F wurde entwickelt, um die Erfahrung der Astrofotografie so einfach wie m\u00f6glich zu machen. Im Gegensatz zu vielen anderen Brillen, die zus\u00e4tzliches Zubeh\u00f6r erfordern, ist in dieser Version direkt eine Feldkorrektur integriert, die f\u00fcr Sensoren bis zu einer Gr\u00f6\u00dfe von 1,5 mm optimiert ist. <strong>Vollformat 24\u00d736 mm<\/strong>.<\/p>\n<p>Der Bildkreis von <strong>44 mm<\/strong> gew\u00e4hrleistet eine hervorragende Abdeckung von Full-Frame-Sensoren mit sauberen Sternen bis in die Ecken. Schlie\u00dfen Sie einfach Ihre Kamera an, fokussieren Sie und beginnen Sie mit der Erfassung.<\/p>\n<p>Die R\u00f6hre wird mit mehreren kompatiblen Fotoadaptern geliefert <strong>M48x0.75<\/strong> und <strong>M54x0.75<\/strong>, Die meisten Astronomie- und Spiegelreflexkameras auf dem Markt lassen sich so einfach integrieren.<\/p>\n<h3>Hochwertige APO-Vierfachoptik<\/h3>\n<p>Das optische System beruht auf einer Formel <strong>quadruplet air-spaced APO<\/strong> bestehend aus drei Frontlinsen und einer korrigierenden R\u00fccklinse. Durch das ED-Glaselement werden chromatische Aberrationen stark eingeschr\u00e4nkt und kontrastreiche und detailreiche Bilder erzielt.<\/p>\n<p>Durch dieses Design ist der Askar 60F besonders geeignet f\u00fcr :<\/p>\n<ul>\n<li>Astrofotografie mit gro\u00dfem Bildfeld<\/li>\n<li>Ausgedehnte Nebel<\/li>\n<li>Offene Sternhaufen<\/li>\n<li>Die gro\u00dfen Felder der Milchstra\u00dfe<\/li>\n<li>Fortgeschrittene Nachtlandschaften<\/li>\n<\/ul>\n<h3>Ultrakompakt und leicht zu transportieren<\/h3>\n<p>Mit nur <strong>2.36 kg<\/strong> auf der Waage und einer k\u00fcrzeren L\u00e4nge dank des einziehbaren Nebelf\u00e4ngers ist das Askar 60F ideal f\u00fcr nomadische Astronomen und auf Reisen.<\/p>\n<p>Der optische Tubus misst nur :<\/p>\n<ul>\n<li>289 mm mit eingezogenem Windschutz<\/li>\n<li>323 mm mit ausgeklapptem Windschutz<\/li>\n<\/ul>\n<p>Selbst mit Fotozubeh\u00f6r ausgestattet, bleibt das Fernglas extrem kompakt, was es zu einem perfekten Kandidaten f\u00fcr leichte Fassungen und Reise-Setups macht.<\/p>\n<h3>Rack &amp; Pinion 2.4\u201d hochpr\u00e4ziser Okularhalter<\/h3>\n<p>Die Askar 60F ist mit einem robusten Okularhalter ausgestattet <strong>Rack &amp; Pinion von 2,4 Zoll<\/strong> die selbst bei schweren Kameras eine hervorragende mechanische Steifigkeit bieten.<\/p>\n<p>Wir finden :<\/p>\n<ul>\n<li>Eine feine Untersetzung 1:10<\/li>\n<li>Eine um 360\u00b0 abgestufte Rotation<\/li>\n<li>Ausgezeichnete mechanische Stabilit\u00e4t<\/li>\n<li>Ein Fokussierweg von 50 mm<\/li>\n<\/ul>\n<p>Das Rotationssystem erleichtert die pr\u00e4zise Wahl des Bildausschnitts bei der Astrofotografie, w\u00e4hrend die Untersetzung eine extrem feine Fokussierung erm\u00f6glicht.<\/p>\n<h3>Mechanisches Premium-Design<\/h3>\n<p>Der Askar 60F profitiert von einer besonders sorgf\u00e4ltigen CNC-Fertigung mit einem eleganten blau-wei\u00dfen Finish. Die Innenseite der R\u00f6hre ist mit einem absorbierenden Material ausgekleidet, das st\u00f6rende Reflexionen begrenzt und den Kontrast verbessert.<\/p>\n<p>Der obere Griff enth\u00e4lt eine Sucherhalterung und zwei zus\u00e4tzliche Basen auf jeder Seite des Fokussierers, um die Montage zu erleichtern:<\/p>\n<ul>\n<li>Ein Forscher<\/li>\n<li>Ein Reisef\u00fchrer<\/li>\n<li>Ein Stellavit<\/li>\n<li>Zus\u00e4tzliches Zubeh\u00f6r<\/li>\n<\/ul>\n<p>Der 230 mm lange Vixen-Schwalbenschwanz enth\u00e4lt au\u00dferdem 1\/4\u201d- und 3\/8\u201d-Gewinde, sodass er direkt auf einem Fotostativ befestigt werden kann.<\/p>\n<h3>Kompatibel mit visueller Beobachtung und Astrofotografie<\/h3>\n<p>Obwohl das Askar 60F f\u00fcr die Bildgebung optimiert ist, kann es dank seiner 1,25\u201d- und 2\u201d-Adapter auch f\u00fcr die visuelle Beobachtung verwendet werden.<\/p>\n<p>Damit wird es zu einem hervorragenden kleinen Weitfeldfernrohr f\u00fcr :<\/p>\n<ul>\n<li>Sternhaufen<\/li>\n<li>Beobachtungen an Land<\/li>\n<li>Der Mond<\/li>\n<li>Nomadische Beobachtungen<\/li>\n<\/ul>\n<h3>Zusammenfassende Tabelle der technischen Daten<\/h3>\n<table border=\"1\" cellspacing=\"0\" cellpadding=\"8\">\n<tbody>\n<tr>\n<th>Merkmal<\/th>\n<th>Wert<\/th>\n<\/tr>\n<tr>\n<td>Optischer Typ<\/td>\n<td>Air-spaced APO-Quadruplet mit ED-Glas<\/td>\n<\/tr>\n<tr>\n<td>Er\u00f6ffnung<\/td>\n<td>60 mm<\/td>\n<\/tr>\n<tr>\n<td>Brennweite<\/td>\n<td>408 mm<\/td>\n<\/tr>\n<tr>\n<td>Fokusbericht<\/td>\n<td>f\/6.8<\/td>\n<\/tr>\n<tr>\n<td>Bildkreis<\/td>\n<td>44 mm (Full Frame)<\/td>\n<\/tr>\n<tr>\n<td>Feldkorrektur<\/td>\n<td>Integriert<\/td>\n<\/tr>\n<tr>\n<td>Komplexer Backfocus erforderlich<\/td>\n<td>Nicht<\/td>\n<\/tr>\n<tr>\n<td>Okularhalter<\/td>\n<td>2.4\u2033 Rack &amp; Pinion doppelte Geschwindigkeit<\/td>\n<\/tr>\n<tr>\n<td>\u00dcbersetzung<\/td>\n<td>1:10<\/td>\n<\/tr>\n<tr>\n<td>Rotation<\/td>\n<td>360\u00b0 skaliert<\/td>\n<\/tr>\n<tr>\n<td>Fokuserlauf<\/td>\n<td>50 mm<\/td>\n<\/tr>\n<tr>\n<td>Hintere Gewinde<\/td>\n<td>M64, M54, M48<\/td>\n<\/tr>\n<tr>\n<td>Filterkompatibilit\u00e4t<\/td>\n<td>Integriertes 2\u2033-Gewinde<\/td>\n<\/tr>\n<tr>\n<td>Minimale L\u00e4nge<\/td>\n<td>289 mm<\/td>\n<\/tr>\n<tr>\n<td>Nettogewicht<\/td>\n<td>2.36 kg<\/td>\n<\/tr>\n<tr>\n<td>Gewicht mit Schellen und Schwalbenschwanz<\/td>\n<td>2.86 kg<\/td>\n<\/tr>\n<tr>\n<td>Schwalbenschwanz<\/td>\n<td>Vixen 230 mm<\/td>\n<\/tr>\n<tr>\n<td>Kompatibilit\u00e4t der Sensoren<\/td>\n<td>Bis Full Frame<\/td>\n<\/tr>\n<\/tbody>\n<\/table>\n<h3>Warum sollten Sie sich f\u00fcr den Askar 60F entscheiden?<\/h3>\n<p>Das Askar 60F ist eine besonders interessante L\u00f6sung f\u00fcr Astrofotografen, die ein kompaktes, aber seri\u00f6ses Fernrohr w\u00fcnschen. Die optimierte optische Formel, der eingebaute Korrektor, die Full-Frame-Kompatibilit\u00e4t und die Premium-Mechanik machen es zu einem \u00e4u\u00dferst vielseitigen Instrument.<\/p>\n<p>Ob Sie mit leichtem Gep\u00e4ck reisen, ein leistungsstarkes Nomaden-Setup aufbauen oder mit einer erweiterbaren und einfach zu bedienenden Ausr\u00fcstung in die Astrofotografie einsteigen wollen, das Askar 60F bietet ein hervorragendes Preis-Leistungs-Verh\u00e4ltnis.<\/p>","protected":false},"excerpt":{"rendered":"<p>Askar 60F Flat-Field \u2013 Lunette APO Quadruplet Ultra Portable pour Astrophotographie Full Frame L\u2019Askar 60F Flat-Field est une lunette astronomique apochromatique compacte con\u00e7ue pour les astrophotographes exigeants recherchant un instrument \u00e0 la fois ultra portable, performant et simple \u00e0 utiliser. Avec son ouverture de 60 mm, sa focale de 408 mm et son rapport focal [&hellip;]<\/p>\n","protected":false},"featured_media":14965,"comment_status":"open","ping_status":"closed","template":"","meta":[],"product_brand":[382],"product_cat":[755],"product_tag":[],"class_list":{"0":"post-14964","1":"product","2":"type-product","3":"status-publish","4":"has-post-thumbnail","6":"product_brand-askar","7":"product_cat-lunettes-apochromatiques","9":"first","10":"on_supplier","11":"taxable","12":"shipping-taxable","13":"purchasable","14":"product-type-simple"},"_links":{"self":[{"href":"https:\/\/deep-space-astronomy.ch\/de\/wp-json\/wp\/v2\/product\/14964","targetHints":{"allow":["GET"]}}],"collection":[{"href":"https:\/\/deep-space-astronomy.ch\/de\/wp-json\/wp\/v2\/product"}],"about":[{"href":"https:\/\/deep-space-astronomy.ch\/de\/wp-json\/wp\/v2\/types\/product"}],"replies":[{"embeddable":true,"href":"https:\/\/deep-space-astronomy.ch\/de\/wp-json\/wp\/v2\/comments?post=14964"}],"wp:featuredmedia":[{"embeddable":true,"href":"https:\/\/deep-space-astronomy.ch\/de\/wp-json\/wp\/v2\/media\/14965"}],"wp:attachment":[{"href":"https:\/\/deep-space-astronomy.ch\/de\/wp-json\/wp\/v2\/media?parent=14964"}],"wp:term":[{"taxonomy":"product_brand","embeddable":true,"href":"https:\/\/deep-space-astronomy.ch\/de\/wp-json\/wp\/v2\/product_brand?post=14964"},{"taxonomy":"product_cat","embeddable":true,"href":"https:\/\/deep-space-astronomy.ch\/de\/wp-json\/wp\/v2\/product_cat?post=14964"},{"taxonomy":"product_tag","embeddable":true,"href":"https:\/\/deep-space-astronomy.ch\/de\/wp-json\/wp\/v2\/product_tag?post=14964"}],"curies":[{"name":"wp","href":"https:\/\/api.w.org\/{rel}","templated":true}]}}