{"id":14966,"date":"2026-05-08T16:50:05","date_gmt":"2026-05-08T14:50:05","guid":{"rendered":"https:\/\/deep-space-astronomy.ch\/?post_type=product&#038;p=14966"},"modified":"2026-05-08T17:16:24","modified_gmt":"2026-05-08T15:16:24","slug":"askar-91f","status":"publish","type":"product","link":"https:\/\/deep-space-astronomy.ch\/de\/produkt\/askar-91f\/","title":{"rendered":"Askar 91F"},"content":{"rendered":"<h2>Askar 91F Flat-Field - Premium APO Quadruplet Refraktor f\u00fcr Full Frame Astrofotografie und Beobachtung<\/h2>\n<p>L'<strong>Askar 91F Flat-Field<\/strong> ist ein apochromatisches High-End-Refraktor, das f\u00fcr Astronomen entwickelt wurde, die ein vielseitiges Instrument suchen, das sich sowohl in der Astrofotografie als auch in der visuellen Beobachtung auszeichnet. Mit seiner \u00d6ffnung von <strong>91 mm<\/strong>, seine Brennweite von <strong>609 mm<\/strong> und sein natives Fokusverh\u00e4ltnis von <strong>f\/6.7<\/strong>, Sie bietet einen ausgezeichneten Kompromiss zwischen Leistung, optischer Qualit\u00e4t und Transportf\u00e4higkeit.<\/p>\n<p>Dank seiner optischen Formel <strong>selbstkorrigierte APO-Vierlinge<\/strong>, Mit einem ED-Glaselement liefert das Askar 91F extrem saubere Bilder mit feinen Sternen selbst auf Full-Frame-Sensoren. Die eingebaute Leuchtfeldkorrektur vereinfacht die Astrofotografie erheblich, da kein externer Blender und keine komplexen Backfocus-Berechnungen mehr n\u00f6tig sind.<\/p>\n<h3>Ein gebrauchsfertiges Full-Frame-Astrographenfernrohr<\/h3>\n<p>Die Askar 91F wurde so konzipiert, dass sie eine reibungslose und effiziente Benutzererfahrung bietet. Im Gegensatz zu vielen Brillen, die eine externe Korrektur ben\u00f6tigen, ist in dieser Version direkt ein Korrektursystem integriert, das f\u00fcr einen Bildkreis von <strong>44 mm<\/strong>, Die Kamera ist mit Vollformatsensoren kompatibel.<\/p>\n<p>Schlie\u00dfen Sie einfach Ihre Kamera \u00fcber die mitgelieferten Adapter an, fokussieren Sie und beginnen Sie mit der Erfassung, ohne komplizierte Abst\u00e4nde verwalten zu m\u00fcssen.<\/p>\n<p>Dieser Ansatz reduziert nicht nur die versteckten Kosten, sondern verbessert auch die mechanische Zuverl\u00e4ssigkeit und die Einfachheit des Setups.<\/p>\n<h3>Hochleistungsf\u00e4higes optisches APO-Quadruplet-Design<\/h3>\n<p>Der Askar 91F basiert auf einer optischen Formel mit vier voneinander beabstandeten Linsen, bestehend aus :<\/p>\n<ul>\n<li>Drei Frontelemente<\/li>\n<li>Eine hintere Korrekturlinse<\/li>\n<li>Ein ED-Glaselement<\/li>\n<\/ul>\n<p>Diese Konfiguration erm\u00f6glicht eine sehr effektive Reduzierung chromatischer Aberrationen, w\u00e4hrend gleichzeitig eine hervorragende Bildsch\u00e4rfe \u00fcber das gesamte Bildfeld erhalten bleibt.<\/p>\n<p>Mit einer Brennweite von 609 mm ist die Askar 91F besonders geeignet f\u00fcr :<\/p>\n<ul>\n<li>Mittelgro\u00dfe Nebel<\/li>\n<li>Ausgedehnte Galaxien<\/li>\n<li>Kugelsternhaufen<\/li>\n<li>Die gro\u00dfen Deep-Sky-Objekte<\/li>\n<li>Detaillierte Gro\u00dffeld-Astrofotografie<\/li>\n<\/ul>\n<h3>Astrofotografie, Erdbeobachtung und -fotografie<\/h3>\n<p>Einer der gro\u00dfen Vorteile des Askar 91F ist seine Vielseitigkeit. Dieses Zielfernrohr kann sowohl f\u00fcr :<\/p>\n<ul>\n<li>Deep-Sky-Astrofotografie<\/li>\n<li>Astronomische Beobachtung<\/li>\n<li>Erdbeobachtung<\/li>\n<li>Birdwatching<\/li>\n<li>Naturfotografie<\/li>\n<\/ul>\n<p>Aus diesem Grund liefert Askar direkt mehrere visuelle Accessoires :<\/p>\n<ul>\n<li>Ein 8-mm-Okular<\/li>\n<li>Ein 20-mm-Okular<\/li>\n<li>Ein gleichrichtendes Prisma 1,25\u201d mit 45\u00b0.<\/li>\n<\/ul>\n<p>Das 20-mm-Okular bietet eine ca. 30-fache Vergr\u00f6\u00dferung, w\u00e4hrend das 8-mm-Okular eine ca. 76-fache Vergr\u00f6\u00dferung erreicht und somit sowohl die Beobachtung von Landschaften als auch von Monddetails erm\u00f6glicht.<\/p>\n<p>Das gleichrichtende Prisma liefert ein korrekt ausgerichtetes Bild, das f\u00fcr die terrestrische Beobachtung sehr wertvoll ist.<\/p>\n<h3>Robuste Mechanik und Premium-Finish<\/h3>\n<p>Der Askar 91F verf\u00fcgt \u00fcber eine besonders sorgf\u00e4ltige mechanische Konstruktion mit hochwertiger CNC-Fertigung und einem eleganten blau-wei\u00dfen Design.<\/p>\n<p>Der einziehbare Beschlagschutz verbessert die Tragbarkeit, w\u00e4hrend die Innenseite des Rohrs mit einem absorbierenden Material ausgekleidet ist, das st\u00f6rende Reflexionen wirksam begrenzt.<\/p>\n<p>Die R\u00f6hre integriert au\u00dferdem :<\/p>\n<ul>\n<li>Ein robuster 130 mm langer Griff<\/li>\n<li>Mehrere Suchermedien<\/li>\n<li>Steckpl\u00e4tze f\u00fcr Zubeh\u00f6r<\/li>\n<li>Ein 230 mm Vixen-Schwalbenschwanz<\/li>\n<\/ul>\n<p>Die integrierten 1\/4\u201d- und 3\/8\u201d-Gewinde erm\u00f6glichen die direkte Befestigung an einem Fotostativ.<\/p>\n<h3>Rack &amp; Pinion 3-Zoll-Okularhalter mit hoher Steifigkeit<\/h3>\n<p>Das Fokussierungssystem beruht auf einem imposanten Okularhalter <strong>3-Zoll-Rack &amp; Pinion<\/strong>, Das Design ist so konzipiert, dass es auch fortgeschrittene Bildgebungssetups ohne Biegen unterst\u00fctzt.<\/p>\n<p>Dieser Focuser beinhaltet :<\/p>\n<ul>\n<li>Eine feine Untersetzung 1:10<\/li>\n<li>Eine um 360\u00b0 abgestufte Rotation<\/li>\n<li>Ausgezeichnete mechanische Steifigkeit<\/li>\n<li>Eine Kompatibilit\u00e4t mit elektronischen Fokussierungsmotoren<\/li>\n<\/ul>\n<p>Dieses Design sorgt f\u00fcr eine pr\u00e4zise und stabile Fokussierung, selbst bei schweren Kameras und komplexen optischen Z\u00fcgen.<\/p>\n<h3>Erweiterte Kompatibilit\u00e4t mit Zubeh\u00f6r<\/h3>\n<p>Der Askar 91F wird mit mehreren Adaptern geliefert, die eine einfache Integration mit den meisten auf dem Markt erh\u00e4ltlichen Ger\u00e4ten erm\u00f6glichen.<\/p>\n<p>Dazu geh\u00f6ren unter anderem:<\/p>\n<ul>\n<li>M54x0.75<\/li>\n<li>M48x0.75<\/li>\n<li>Integriertes 2-Zoll-Filtergewinde<\/li>\n<li>1,25\u201d- und 2\u201d-Adapter\u201d<\/li>\n<\/ul>\n<p>Diese erweiterte Kompatibilit\u00e4t erleichtert die Verwendung mit :<\/p>\n<ul>\n<li>Astronomische CMOS-Kameras<\/li>\n<li>DSLR-Spiegelreflexkameras<\/li>\n<li>Hybridkameras<\/li>\n<li>Visuelles Standardzubeh\u00f6r<\/li>\n<\/ul>\n<h3>Zusammenfassende Tabelle der technischen Daten<\/h3>\n<table border=\"1\" cellspacing=\"0\" cellpadding=\"8\">\n<tbody>\n<tr>\n<th>Merkmal<\/th>\n<th>Wert<\/th>\n<\/tr>\n<tr>\n<td>Optischer Typ<\/td>\n<td>Air-spaced APO-Quadruplet mit ED-Glas<\/td>\n<\/tr>\n<tr>\n<td>Er\u00f6ffnung<\/td>\n<td>91 mm<\/td>\n<\/tr>\n<tr>\n<td>Brennweite<\/td>\n<td>609 mm<\/td>\n<\/tr>\n<tr>\n<td>Fokusbericht<\/td>\n<td>f\/6.7<\/td>\n<\/tr>\n<tr>\n<td>Bildkreis<\/td>\n<td>44 mm Full Frame<\/td>\n<\/tr>\n<tr>\n<td>Feldkorrektur<\/td>\n<td>Integriert<\/td>\n<\/tr>\n<tr>\n<td>Okularhalter<\/td>\n<td>3\u2033 Rack &amp; Pinion Doppelgeschwindigkeit<\/td>\n<\/tr>\n<tr>\n<td>\u00dcbersetzung<\/td>\n<td>1:10<\/td>\n<\/tr>\n<tr>\n<td>Rotation<\/td>\n<td>360\u00b0 skaliert<\/td>\n<\/tr>\n<tr>\n<td>Fokuserlauf<\/td>\n<td>30 mm<\/td>\n<\/tr>\n<tr>\n<td>Minimale L\u00e4nge<\/td>\n<td>513 mm<\/td>\n<\/tr>\n<tr>\n<td>Maximale L\u00e4nge<\/td>\n<td>636 mm<\/td>\n<\/tr>\n<tr>\n<td>Nettogewicht<\/td>\n<td>3.92 kg<\/td>\n<\/tr>\n<tr>\n<td>Gewicht mit Schellen und Schwalbenschwanz<\/td>\n<td>4.52 kg<\/td>\n<\/tr>\n<tr>\n<td>Hintere Gewinde<\/td>\n<td>M64, M54, M48<\/td>\n<\/tr>\n<tr>\n<td>Kompatibilit\u00e4t der Sensoren<\/td>\n<td>Bis Full Frame<\/td>\n<\/tr>\n<tr>\n<td>Schwalbenschwanz<\/td>\n<td>Vixen 230 mm<\/td>\n<\/tr>\n<tr>\n<td>Inklusive Zubeh\u00f6r<\/td>\n<td>Okulare 8 mm und 20 mm, 45\u00b0 Aufrichterprisma, Fotoadapter<\/td>\n<\/tr>\n<\/tbody>\n<\/table>\n<h3>Warum sollten Sie sich f\u00fcr den Askar 91F entscheiden?<\/h3>\n<p>Der Askar 91F ist ein besonders interessanter Refraktor f\u00fcr Astronomen, die sich ein Instrument w\u00fcnschen, das in mehreren Bereichen ohne gr\u00f6\u00dfere Kompromisse gl\u00e4nzen kann.<\/p>\n<p>Die moderne optische Formel, der eingebaute Korrektor, die Full-Frame-Kompatibilit\u00e4t und die robuste Mechanik machen es zu einer idealen Plattform sowohl f\u00fcr die fortgeschrittene Astrofotografie als auch f\u00fcr die visuelle oder terrestrische Beobachtung.<\/p>\n<p>Kompakt, elegant und extrem vielseitig: Das Askar 91F ist eine Premium-L\u00f6sung f\u00fcr Enthusiasten, die ein leistungsstarkes und einfach zu bedienendes Fernrohr suchen.<\/p>","protected":false},"excerpt":{"rendered":"<p>Askar 91F Flat-Field \u2013 Lunette APO Quadruplet Premium pour Astrophotographie Full Frame et Observation L\u2019Askar 91F Flat-Field est une lunette apochromatique haut de gamme con\u00e7ue pour les astronomes recherchant un instrument polyvalent capable d\u2019exceller aussi bien en astrophotographie qu\u2019en observation visuelle. Avec son ouverture de 91 mm, sa focale de 609 mm et son rapport [&hellip;]<\/p>\n","protected":false},"featured_media":14968,"comment_status":"open","ping_status":"closed","template":"","meta":[],"product_brand":[382],"product_cat":[755],"product_tag":[],"class_list":{"0":"post-14966","1":"product","2":"type-product","3":"status-publish","4":"has-post-thumbnail","6":"product_brand-askar","7":"product_cat-lunettes-apochromatiques","9":"first","10":"on_supplier","11":"taxable","12":"shipping-taxable","13":"purchasable","14":"product-type-simple"},"_links":{"self":[{"href":"https:\/\/deep-space-astronomy.ch\/de\/wp-json\/wp\/v2\/product\/14966","targetHints":{"allow":["GET"]}}],"collection":[{"href":"https:\/\/deep-space-astronomy.ch\/de\/wp-json\/wp\/v2\/product"}],"about":[{"href":"https:\/\/deep-space-astronomy.ch\/de\/wp-json\/wp\/v2\/types\/product"}],"replies":[{"embeddable":true,"href":"https:\/\/deep-space-astronomy.ch\/de\/wp-json\/wp\/v2\/comments?post=14966"}],"wp:featuredmedia":[{"embeddable":true,"href":"https:\/\/deep-space-astronomy.ch\/de\/wp-json\/wp\/v2\/media\/14968"}],"wp:attachment":[{"href":"https:\/\/deep-space-astronomy.ch\/de\/wp-json\/wp\/v2\/media?parent=14966"}],"wp:term":[{"taxonomy":"product_brand","embeddable":true,"href":"https:\/\/deep-space-astronomy.ch\/de\/wp-json\/wp\/v2\/product_brand?post=14966"},{"taxonomy":"product_cat","embeddable":true,"href":"https:\/\/deep-space-astronomy.ch\/de\/wp-json\/wp\/v2\/product_cat?post=14966"},{"taxonomy":"product_tag","embeddable":true,"href":"https:\/\/deep-space-astronomy.ch\/de\/wp-json\/wp\/v2\/product_tag?post=14966"}],"curies":[{"name":"wp","href":"https:\/\/api.w.org\/{rel}","templated":true}]}}