{"id":14969,"date":"2026-05-08T16:52:52","date_gmt":"2026-05-08T14:52:52","guid":{"rendered":"https:\/\/deep-space-astronomy.ch\/?post_type=product&#038;p=14969"},"modified":"2026-05-08T17:15:48","modified_gmt":"2026-05-08T15:15:48","slug":"askar-111f","status":"publish","type":"product","link":"https:\/\/deep-space-astronomy.ch\/de\/produkt\/askar-111f\/","title":{"rendered":"Askar 111F"},"content":{"rendered":"<h2>Askar 111F Flat-Field - Hochleistungs-APO-Quadruplet-Full-Frame-Refraktor f\u00fcr Astrofotografie<\/h2>\n<p>L'<strong>Askar 111F Flat-Field<\/strong> ist ein apochromatisches Premium-Refraktor, das f\u00fcr Astrofotografen entwickelt wurde, die eine hervorragende Bildqualit\u00e4t, native Full-Frame-Kompatibilit\u00e4t und eine einfache Bedienung w\u00fcnschen. Mit seiner \u00d6ffnung von <strong>111 mm<\/strong>, seine Brennweite von <strong>766 mm<\/strong> und sein Fokalverh\u00e4ltnis von <strong>f\/6.9<\/strong>, Sie ist eine \u00e4u\u00dferst vielseitige Plattform f\u00fcr die Deep-Sky-Bildgebung.<\/p>\n<p>Dank seines Designs <strong>selbstkorrigierte APO-Vierlinge<\/strong>, Das Askar 111F bietet feine und homogene Sterne \u00fcber das gesamte Bildfeld, ohne dass ein zus\u00e4tzlicher Weichzeichner oder eine komplexe Backfocus-Berechnung erforderlich ist.<\/p>\n<h3>Ein Full Frame Astrograph Refraktor bereit zum Abbilden<\/h3>\n<p>Die Askar 111F wurde entwickelt, um die Benutzererfahrung so einfach wie m\u00f6glich zu machen. Im Gegensatz zu vielen anderen Brillen, die mehrere zus\u00e4tzliche optische Zubeh\u00f6rteile ben\u00f6tigen, ist bei dieser Version das Feldkorrektursystem direkt integriert.<\/p>\n<p>Der Bildkreis von <strong>44 mm<\/strong> erm\u00f6glicht den optimalen Einsatz mit Vollformatsensoren, wobei die Sterne bis in die Ecken hervorragend aussehen.<\/p>\n<p>Schlie\u00dfen Sie einfach Ihre Kamera \u00fcber die mitgelieferten Adapter an, stellen Sie sie scharf und beginnen Sie sofort mit den Erfassungen.<\/p>\n<p>Dieser Ansatz reduziert :<\/p>\n<ul>\n<li>Versteckte Kosten<\/li>\n<li>Mechanische Komplexit\u00e4t<\/li>\n<li>Die Risiken von Backfocus-Fehlern<\/li>\n<li>Das Gesamtgewicht des Setups<\/li>\n<\/ul>\n<h3>APO-Vierfachoptik mit ED-Glas<\/h3>\n<p>Das optische System des Askar 111F basiert auf einer vierlinsigen Formel, bestehend aus :<\/p>\n<ul>\n<li>Drei Frontelemente<\/li>\n<li>Eine korrigierende Hinterlinse<\/li>\n<li>Ein ED-Element<\/li>\n<\/ul>\n<p>Durch dieses Design werden chromatische Aberrationen wirksam reduziert, w\u00e4hrend gleichzeitig ein ausgezeichneter Kontrast und eine sehr gute Sch\u00e4rfe erhalten bleiben.<\/p>\n<p>Die R\u00f6hre enth\u00e4lt au\u00dferdem optimierte Innenblenden, um st\u00f6rende Reflexionen zu minimieren und die Bildqualit\u00e4t weiter zu verbessern.<\/p>\n<p>Mit einer Brennweite von 766 mm ist die Askar 111F besonders geeignet f\u00fcr :<\/p>\n<ul>\n<li>Die detaillierten Nebel<\/li>\n<li>Die Zwischengalaxien<\/li>\n<li>Kugelsternhaufen<\/li>\n<li>Die gro\u00dfen Deep-Sky-Objekte<\/li>\n<li>Hochaufl\u00f6sende Gro\u00dffeld-Bildgebung<\/li>\n<\/ul>\n<h3>Erweiterte Astrofotografie-Kompatibilit\u00e4t<\/h3>\n<p>Die Askar 111F wird mit mehreren Fotoadaptern geliefert, um eine hervorragende Kompatibilit\u00e4t mit modernen Ger\u00e4ten zu gew\u00e4hrleisten:<\/p>\n<ul>\n<li>M48x0.75<\/li>\n<li>M54x0.75<\/li>\n<li>Integriertes 2-Zoll-Filtergewinde<\/li>\n<\/ul>\n<p>Diese Kompatibilit\u00e4t erm\u00f6glicht eine einfache Integration mit :<\/p>\n<ul>\n<li>Astronomische CMOS-Kameras<\/li>\n<li>DSLR-Spiegelreflexkameras<\/li>\n<li>Hybridkameras<\/li>\n<li>Filterr\u00e4der<\/li>\n<li>Korrektoren und Standardzubeh\u00f6r<\/li>\n<\/ul>\n<h3>Rack &amp; Pinion 3-Zoll-Okularhalter mit hoher Steifigkeit<\/h3>\n<p>Das Askar 111F ist mit einem robusten Okularhalter ausgestattet <strong>3-Zoll-Rack &amp; Pinion<\/strong> entwickelt, um schwere optische Z\u00fcge ohne mechanische Biegung zu tragen.<\/p>\n<p>Dieser Focuser beinhaltet :<\/p>\n<ul>\n<li>Eine feine Untersetzung 1:10<\/li>\n<li>Ausgezeichnete mechanische Stabilit\u00e4t<\/li>\n<li>Eine um 360\u00b0 abgestufte Rotation<\/li>\n<li>Eine Kompatibilit\u00e4t mit elektronischen Fokussierungsmotoren<\/li>\n<\/ul>\n<p>Der Feinfokus sorgt f\u00fcr optimale Genauigkeit bei der Astrofotografie, w\u00e4hrend der Rotator das genaue Einrahmen von Himmelsobjekten erleichtert.<\/p>\n<h3>Premium-Maschinenbau und Transportf\u00e4higkeit<\/h3>\n<p>Trotz der komfortablen \u00d6ffnung von 111 mm ist die Askar 111F relativ kompakt und dank des einziehbaren Beschlagschutzes transportabel.<\/p>\n<p>Das Rohr profitiert von einer hochwertigen CNC-Fertigung mit einer f\u00fcr die Askar F-Serie charakteristischen blau-wei\u00dfen Oberfl\u00e4che.<\/p>\n<p>Die R\u00f6hre umfasst au\u00dferdem :<\/p>\n<ul>\n<li>Ein robuster Griff mit Sucherhalterung<\/li>\n<li>Zwei zus\u00e4tzliche Basen f\u00fcr Zubeh\u00f6r<\/li>\n<li>Ein 300 mm Vixen-Schwalbenschwanz<\/li>\n<li>1\/4\u201d- und 3\/8\u201d-Stativgewinde<\/li>\n<\/ul>\n<p>Dieses Design erm\u00f6glicht eine einfache Montage :<\/p>\n<ul>\n<li>Ein Forscher<\/li>\n<li>Ein Reisef\u00fchrer<\/li>\n<li>Ein ASIAIR<\/li>\n<li>Zus\u00e4tzliches Zubeh\u00f6r<\/li>\n<\/ul>\n<h3>Vielseitigkeit f\u00fcr Astrofotografie und Alltagsgebrauch<\/h3>\n<p>Das Askar 111F ist nicht nur f\u00fcr die Astronomie gedacht. Ihre optische Qualit\u00e4t und die vielseitige Brennweite erm\u00f6glichen auch eine Verwendung f\u00fcr :<\/p>\n<ul>\n<li>Terrestrische Fotografie<\/li>\n<li>Die Landschaften<\/li>\n<li>Naturfotografie<\/li>\n<li>Visuelle Beobachtung<\/li>\n<\/ul>\n<p>Ihre hervorragende optische Korrektur macht sie zu einer besonders angenehmen Brille, die in vielen Situationen verwendet werden kann.<\/p>\n<h3>Zusammenfassende Tabelle der technischen Daten<\/h3>\n<table border=\"1\" cellspacing=\"0\" cellpadding=\"8\">\n<tbody>\n<tr>\n<th>Merkmal<\/th>\n<th>Wert<\/th>\n<\/tr>\n<tr>\n<td>Optischer Typ<\/td>\n<td>Air-spaced APO-Quadruplet mit ED-Glas<\/td>\n<\/tr>\n<tr>\n<td>Er\u00f6ffnung<\/td>\n<td>111 mm<\/td>\n<\/tr>\n<tr>\n<td>Brennweite<\/td>\n<td>766 mm<\/td>\n<\/tr>\n<tr>\n<td>Fokusbericht<\/td>\n<td>f\/6.9<\/td>\n<\/tr>\n<tr>\n<td>Bildkreis<\/td>\n<td>44 mm Full Frame<\/td>\n<\/tr>\n<tr>\n<td>Feldkorrektur<\/td>\n<td>Integriert<\/td>\n<\/tr>\n<tr>\n<td>Okularhalter<\/td>\n<td>3\u2033 Rack &amp; Pinion Doppelgeschwindigkeit<\/td>\n<\/tr>\n<tr>\n<td>\u00dcbersetzung<\/td>\n<td>1:10<\/td>\n<\/tr>\n<tr>\n<td>Rotation<\/td>\n<td>360\u00b0 skaliert<\/td>\n<\/tr>\n<tr>\n<td>Fokuserlauf<\/td>\n<td>30 mm<\/td>\n<\/tr>\n<tr>\n<td>Minimale L\u00e4nge<\/td>\n<td>664 mm<\/td>\n<\/tr>\n<tr>\n<td>Maximale L\u00e4nge<\/td>\n<td>815 mm<\/td>\n<\/tr>\n<tr>\n<td>Nettogewicht<\/td>\n<td>5.74 kg<\/td>\n<\/tr>\n<tr>\n<td>Gewicht mit Schellen und Schwalbenschwanz<\/td>\n<td>6.76 kg<\/td>\n<\/tr>\n<tr>\n<td>Hintere Gewinde<\/td>\n<td>M78, M54, M48<\/td>\n<\/tr>\n<tr>\n<td>Kompatibilit\u00e4t der Sensoren<\/td>\n<td>Bis Full Frame<\/td>\n<\/tr>\n<tr>\n<td>Schwalbenschwanz<\/td>\n<td>Vixen 300 mm<\/td>\n<\/tr>\n<tr>\n<td>Inklusive Adapter<\/td>\n<td>M48x0.75, M54x0.75, Filtergewinde 2\u2033.<\/td>\n<\/tr>\n<\/tbody>\n<\/table>\n<h3>Warum sollten Sie sich f\u00fcr den Askar 111F entscheiden?<\/h3>\n<p>Das Askar 111F stellt eine \u00e4u\u00dferst attraktive L\u00f6sung f\u00fcr Astrofotografen dar, die Zugang zu einem leistungsstarken Full-Frame-Refraktor haben m\u00f6chten, ohne sich mit der Komplexit\u00e4t externer Korrektoren und Backfocus-Einstellungen auseinandersetzen zu m\u00fcssen.<\/p>\n<p>Die moderne optische Formel, die robuste Mechanik und die umfassende Kompatibilit\u00e4t machen es zu einer idealen Plattform f\u00fcr den Aufbau eines fortschrittlichen und erweiterbaren Astrofotografie-Setups.<\/p>\n<p>Mit seinem hervorragenden Preis-Leistungs-Verh\u00e4ltnis ist das Askar 111F ein besonders stimmiges Fernrohr f\u00fcr anspruchsvolle Deep-Sky-Enthusiasten.<\/p>","protected":false},"excerpt":{"rendered":"<p>Askar 111F Flat-Field \u2013 Lunette APO Quadruplet Full Frame Haute Performance pour Astrophotographie L\u2019Askar 111F Flat-Field est une lunette astronomique apochromatique premium con\u00e7ue pour les astrophotographes recherchant une excellente qualit\u00e9 d\u2019image, une compatibilit\u00e9 Full Frame native et une utilisation simplifi\u00e9e. Avec son ouverture de 111 mm, sa focale de 766 mm et son rapport focal [&hellip;]<\/p>\n","protected":false},"featured_media":14971,"comment_status":"open","ping_status":"closed","template":"","meta":[],"product_brand":[382],"product_cat":[755],"product_tag":[],"class_list":{"0":"post-14969","1":"product","2":"type-product","3":"status-publish","4":"has-post-thumbnail","6":"product_brand-askar","7":"product_cat-lunettes-apochromatiques","9":"first","10":"on_supplier","11":"taxable","12":"shipping-taxable","13":"purchasable","14":"product-type-simple"},"_links":{"self":[{"href":"https:\/\/deep-space-astronomy.ch\/de\/wp-json\/wp\/v2\/product\/14969","targetHints":{"allow":["GET"]}}],"collection":[{"href":"https:\/\/deep-space-astronomy.ch\/de\/wp-json\/wp\/v2\/product"}],"about":[{"href":"https:\/\/deep-space-astronomy.ch\/de\/wp-json\/wp\/v2\/types\/product"}],"replies":[{"embeddable":true,"href":"https:\/\/deep-space-astronomy.ch\/de\/wp-json\/wp\/v2\/comments?post=14969"}],"wp:featuredmedia":[{"embeddable":true,"href":"https:\/\/deep-space-astronomy.ch\/de\/wp-json\/wp\/v2\/media\/14971"}],"wp:attachment":[{"href":"https:\/\/deep-space-astronomy.ch\/de\/wp-json\/wp\/v2\/media?parent=14969"}],"wp:term":[{"taxonomy":"product_brand","embeddable":true,"href":"https:\/\/deep-space-astronomy.ch\/de\/wp-json\/wp\/v2\/product_brand?post=14969"},{"taxonomy":"product_cat","embeddable":true,"href":"https:\/\/deep-space-astronomy.ch\/de\/wp-json\/wp\/v2\/product_cat?post=14969"},{"taxonomy":"product_tag","embeddable":true,"href":"https:\/\/deep-space-astronomy.ch\/de\/wp-json\/wp\/v2\/product_tag?post=14969"}],"curies":[{"name":"wp","href":"https:\/\/api.w.org\/{rel}","templated":true}]}}