{"id":14972,"date":"2026-05-08T16:55:07","date_gmt":"2026-05-08T14:55:07","guid":{"rendered":"https:\/\/deep-space-astronomy.ch\/?post_type=product&#038;p=14972"},"modified":"2026-05-08T17:12:16","modified_gmt":"2026-05-08T15:12:16","slug":"askar-131f-flat-field","status":"publish","type":"product","link":"https:\/\/deep-space-astronomy.ch\/de\/produkt\/askar-131f-flat-field\/","title":{"rendered":"Askar 131F Flat-Field"},"content":{"rendered":"<h2>Askar 131F Flat-Field - 131mm Full Frame Quadruplet APO-Refraktor f\u00fcr hochaufl\u00f6sende Astrofotografie<\/h2>\n<p>L'<strong>Askar 131F Flat-Field<\/strong> ist ein apochromatisches astronomisches Fernrohr mit gro\u00dfem Durchmesser, das f\u00fcr anspruchsvolle Astrofotografen entwickelt wurde, die eine fortgeschrittene Deep-Sky-Leistung anstreben. Mit seiner \u00d6ffnung von <strong>131 mm<\/strong>, seine Brennweite von <strong>983 mm<\/strong> und sein Fokalverh\u00e4ltnis von <strong>f\/7.5<\/strong>, Sie bietet eine ideale Kombination aus Aufl\u00f6sung, optischer Korrektur und Full-Frame-Kompatibilit\u00e4t.<\/p>\n<p>Dank seines Designs <strong>selbstkorrigierte APO-Vierlinge<\/strong>, Das Askar 131F liefert feine, homogene Sterne \u00fcber das gesamte Bildfeld, ohne dass ein zus\u00e4tzlicher Weichzeichner oder eine komplexe Backfocus-Berechnung erforderlich ist. Dieser Ansatz vereinfacht die Implementierung erheblich und garantiert gleichzeitig eine professionelle Bildqualit\u00e4t.<\/p>\n<h3>Ein Full Frame Astrograph Refraktor, der f\u00fcr hohe Aufl\u00f6sung konzipiert ist<\/h3>\n<p>Das Askar 131F wurde f\u00fcr Astronomen entwickelt, die Deep-Sky-Objekte mit mehr Details und einer h\u00f6heren Aufl\u00f6sung als mit kompakteren Brillen einfangen m\u00f6chten.<\/p>\n<p>Seine Brennweite von fast einem Meter erm\u00f6glicht eine besonders gute Probenahme f\u00fcr :<\/p>\n<ul>\n<li>Die Galaxien<\/li>\n<li>Kompakte Nebel<\/li>\n<li>Kugelsternhaufen<\/li>\n<li>Die detaillierten HII-Regionen<\/li>\n<li>Deep-Sky-Objekte, die eine h\u00f6here Vergr\u00f6\u00dferung ben\u00f6tigen<\/li>\n<\/ul>\n<p>Der Bildkreis von <strong>44 mm<\/strong> erm\u00f6glicht eine native Kompatibilit\u00e4t mit Full-Frame-Sensoren, wobei die hervorragende optische Leistung bis in die Ecken erhalten bleibt.<\/p>\n<h3>APO-Vierfachoptik mit ED-Glas<\/h3>\n<p>Das optische System beruht auf einer Formel <strong>quadruplet APO air-spaced<\/strong> bestehend aus :<\/p>\n<ul>\n<li>Drei Frontlinsen<\/li>\n<li>Eine hintere Korrekturlinse<\/li>\n<li>Ein ED-Glaselement<\/li>\n<\/ul>\n<p>Dieses Design reduziert effektiv chromatische Aberrationen und verbessert den Gesamtkontrast des Bildes.<\/p>\n<p>Der Tubus enth\u00e4lt au\u00dferdem optimierte interne Blenden, um st\u00f6rende Reflexionen zu minimieren und die Qualit\u00e4t des fotografischen Feldes zu maximieren.<\/p>\n<p>Die integrierte Korrekturfunktion erm\u00f6glicht eine extrem einfache Anwendung :<\/p>\n<ul>\n<li>Kein externer Flattermann zu kaufen<\/li>\n<li>Keine komplexe Backfocus-Berechnung<\/li>\n<li>Direkte Verbindung der Kamera<\/li>\n<li>Kompakteres und zuverl\u00e4ssigeres Setup<\/li>\n<\/ul>\n<h3>Kompatibel mit Full Frame Astrofotografie<\/h3>\n<p>Die Askar 131F wird mit mehreren fotografischen Adaptern geliefert, die eine hervorragende Kompatibilit\u00e4t mit modernen Ausr\u00fcstungen erm\u00f6glichen:<\/p>\n<ul>\n<li>M48x0.75<\/li>\n<li>M54x0.75<\/li>\n<li>Integriertes 2-Zoll-Filtergewinde<\/li>\n<\/ul>\n<p>Diese Kompatibilit\u00e4t erleichtert die Integration mit :<\/p>\n<ul>\n<li>Astronomische CMOS-Kameras<\/li>\n<li>DSLR-Spiegelreflexkameras<\/li>\n<li>Hybridkameras<\/li>\n<li>Filterr\u00e4der<\/li>\n<li>Markt\u00fcbliches Zubeh\u00f6r<\/li>\n<\/ul>\n<p>Das mechanische Design begrenzt die Durchbiegung und f\u00f6rdert eine pr\u00e4zise optische Ausrichtung, die f\u00fcr moderne Gro\u00dfformatsensoren unerl\u00e4sslich ist.<\/p>\n<h3>Rack &amp; Pinion 3-Zoll-Okularhalter mit hoher Steifigkeit<\/h3>\n<p>Das Askar 131F ist mit einem robusten Okularhalter ausgestattet <strong>3-Zoll-Rack &amp; Pinion<\/strong>, Das Design ist so konzipiert, dass es auch schwere optische Z\u00fcge tragen kann und gleichzeitig eine hervorragende Stabilit\u00e4t aufweist.<\/p>\n<p>Dieser Focuser umfasst :<\/p>\n<ul>\n<li>Eine feine Untersetzung 1:10<\/li>\n<li>Ausgezeichnete mechanische Steifigkeit<\/li>\n<li>Eine um 360\u00b0 abgestufte Rotation<\/li>\n<li>Eine Kompatibilit\u00e4t mit elektronischen Fokussierungsmotoren<\/li>\n<\/ul>\n<p>Dieses Design erleichtert die extrem pr\u00e4zise Fokussierung, die f\u00fcr die hochaufl\u00f6sende Astrofotografie erforderlich ist.<\/p>\n<h3>Premium-Maschinenbau<\/h3>\n<p>Der Askar 131F profitiert von einer hochwertigen CNC-Fertigung mit einer besonders sorgf\u00e4ltigen Verarbeitung. Das Rohr beh\u00e4lt die elegante visuelle Identit\u00e4t der F-Serie mit seiner blau-wei\u00dfen Lackierung bei.<\/p>\n<p>Der einziehbare Beschlagschutz verbessert die Transportf\u00e4higkeit trotz des betr\u00e4chtlichen Durchmessers des Instruments.<\/p>\n<p>Die Brille umfasst au\u00dferdem :<\/p>\n<ul>\n<li>Ein robuster Griff<\/li>\n<li>Halterungen f\u00fcr Zubeh\u00f6r<\/li>\n<li>Ein 300 mm Losmandy-Schwalbenschwanz<\/li>\n<li>1\/4\u201d- und 3\/8\u201d-Gewinde\u201d<\/li>\n<\/ul>\n<p>Diese Konfiguration erm\u00f6glicht die einfache Installation von :<\/p>\n<ul>\n<li>Ratgeber<\/li>\n<li>Forscherinnen und Forscher<\/li>\n<li>ASIAIR<\/li>\n<li>Fokussierungsmotoren<\/li>\n<li>Erweitertes Bildgebungszubeh\u00f6r<\/li>\n<\/ul>\n<h3>Eine ideale Plattform, um sich in der Astrofotografie weiterzuentwickeln<\/h3>\n<p>Mit einem Durchmesser von 131 mm und einer Brennweite von 983 mm ist die Askar 131F eine echte Plattform f\u00fcr fortgeschrittene Astrofotografie, die mit High-End-Setups mithalten kann.<\/p>\n<p>Sie ist ideal f\u00fcr Nutzer geeignet, die :<\/p>\n<ul>\n<li>An Aufl\u00f6sung gewinnen<\/li>\n<li>Nutzung von Full-Frame-Sensoren<\/li>\n<li>Mehr Details erfassen<\/li>\n<li>Ein skalierbares und nachhaltiges Setup aufbauen<\/li>\n<\/ul>\n<h3>Zusammenfassende Tabelle der technischen Daten<\/h3>\n<table border=\"1\" cellspacing=\"0\" cellpadding=\"8\">\n<tbody>\n<tr>\n<th>Merkmal<\/th>\n<th>Wert<\/th>\n<\/tr>\n<tr>\n<td>Optischer Typ<\/td>\n<td>Air-spaced APO-Quadruplet mit ED-Glas<\/td>\n<\/tr>\n<tr>\n<td>Er\u00f6ffnung<\/td>\n<td>131 mm<\/td>\n<\/tr>\n<tr>\n<td>Brennweite<\/td>\n<td>983 mm<\/td>\n<\/tr>\n<tr>\n<td>Fokusbericht<\/td>\n<td>f\/7.5<\/td>\n<\/tr>\n<tr>\n<td>Bildkreis<\/td>\n<td>44 mm Full Frame<\/td>\n<\/tr>\n<tr>\n<td>Feldkorrektur<\/td>\n<td>Integriert<\/td>\n<\/tr>\n<tr>\n<td>Okularhalter<\/td>\n<td>3\u2033 Rack &amp; Pinion Doppelgeschwindigkeit<\/td>\n<\/tr>\n<tr>\n<td>\u00dcbersetzung<\/td>\n<td>1:10<\/td>\n<\/tr>\n<tr>\n<td>Rotation<\/td>\n<td>360\u00b0 skaliert<\/td>\n<\/tr>\n<tr>\n<td>Fokuserlauf<\/td>\n<td>30 mm<\/td>\n<\/tr>\n<tr>\n<td>Minimale L\u00e4nge<\/td>\n<td>878 mm<\/td>\n<\/tr>\n<tr>\n<td>Maximale L\u00e4nge<\/td>\n<td>1026 mm<\/td>\n<\/tr>\n<tr>\n<td>Nettogewicht<\/td>\n<td>7.9 kg<\/td>\n<\/tr>\n<tr>\n<td>Gewicht mit Schellen und Schwalbenschwanz<\/td>\n<td>9.4 kg<\/td>\n<\/tr>\n<tr>\n<td>Hintere Gewinde<\/td>\n<td>M78, M54, M48<\/td>\n<\/tr>\n<tr>\n<td>Kompatibilit\u00e4t der Sensoren<\/td>\n<td>Bis Full Frame<\/td>\n<\/tr>\n<tr>\n<td>Schwalbenschwanz<\/td>\n<td>Losmandy 300 mm<\/td>\n<\/tr>\n<tr>\n<td>Inklusive Adapter<\/td>\n<td>M48x0.75, M54x0.75, Filtergewinde 2\u2033.<\/td>\n<\/tr>\n<\/tbody>\n<\/table>\n<h3>Warum sollten Sie sich f\u00fcr den Askar 131F entscheiden?<\/h3>\n<p>Das Askar 131F ist eine besonders interessante L\u00f6sung f\u00fcr Astrofotografen, die Zugang zu einem leistungsstarken Full-Frame-Refraktor mit mehr Aufl\u00f6sung und Lichtsammelkapazit\u00e4t haben m\u00f6chten.<\/p>\n<p>Die moderne optische Formel, der eingebaute Korrektor, die robuste Mechanik und die erweiterte Kompatibilit\u00e4t machen es zu einer idealen Plattform f\u00fcr ernsthafte astrofotografische Setups.<\/p>\n<p>Ob Sie nun detaillierte Galaxien und komplexe Nebel fotografieren oder ein langlebiges und skalierbares Imaging-Setup aufbauen wollen, das Askar 131F ist ein extrem konsistentes und leistungsstarkes Fernrohr.<\/p>","protected":false},"excerpt":{"rendered":"<p>Askar 131F Flat-Field \u2013 Lunette APO Quadruplet Full Frame 131 mm pour Astrophotographie Haute R\u00e9solution L\u2019Askar 131F Flat-Field est une lunette astronomique apochromatique de grand diam\u00e8tre con\u00e7ue pour les astrophotographes exigeants souhaitant acc\u00e9der \u00e0 un niveau de performance avanc\u00e9 en ciel profond. Avec son ouverture de 131 mm, sa focale de 983 mm et son [&hellip;]<\/p>\n","protected":false},"featured_media":14973,"comment_status":"open","ping_status":"closed","template":"","meta":[],"product_brand":[382],"product_cat":[15],"product_tag":[],"class_list":{"0":"post-14972","1":"product","2":"type-product","3":"status-publish","4":"has-post-thumbnail","6":"product_brand-askar","7":"product_cat-non-classe","9":"first","10":"on_supplier","11":"taxable","12":"shipping-taxable","13":"purchasable","14":"product-type-simple"},"_links":{"self":[{"href":"https:\/\/deep-space-astronomy.ch\/de\/wp-json\/wp\/v2\/product\/14972","targetHints":{"allow":["GET"]}}],"collection":[{"href":"https:\/\/deep-space-astronomy.ch\/de\/wp-json\/wp\/v2\/product"}],"about":[{"href":"https:\/\/deep-space-astronomy.ch\/de\/wp-json\/wp\/v2\/types\/product"}],"replies":[{"embeddable":true,"href":"https:\/\/deep-space-astronomy.ch\/de\/wp-json\/wp\/v2\/comments?post=14972"}],"wp:featuredmedia":[{"embeddable":true,"href":"https:\/\/deep-space-astronomy.ch\/de\/wp-json\/wp\/v2\/media\/14973"}],"wp:attachment":[{"href":"https:\/\/deep-space-astronomy.ch\/de\/wp-json\/wp\/v2\/media?parent=14972"}],"wp:term":[{"taxonomy":"product_brand","embeddable":true,"href":"https:\/\/deep-space-astronomy.ch\/de\/wp-json\/wp\/v2\/product_brand?post=14972"},{"taxonomy":"product_cat","embeddable":true,"href":"https:\/\/deep-space-astronomy.ch\/de\/wp-json\/wp\/v2\/product_cat?post=14972"},{"taxonomy":"product_tag","embeddable":true,"href":"https:\/\/deep-space-astronomy.ch\/de\/wp-json\/wp\/v2\/product_tag?post=14972"}],"curies":[{"name":"wp","href":"https:\/\/api.w.org\/{rel}","templated":true}]}}