{"id":14974,"date":"2026-05-08T17:01:18","date_gmt":"2026-05-08T15:01:18","guid":{"rendered":"https:\/\/deep-space-astronomy.ch\/?post_type=product&#038;p=14974"},"modified":"2026-05-08T17:01:32","modified_gmt":"2026-05-08T15:01:32","slug":"askar-131f-0-74x-reducteur-correcteur","status":"publish","type":"product","link":"https:\/\/deep-space-astronomy.ch\/de\/produkt\/askar-131f-0-74x-reducteur-correcteur\/","title":{"rendered":"Askar 131F 0.74\u00d7 Reducer Corrector"},"content":{"rendered":"<h2>Askar 131F 0.74\u00d7 Reducer Corrector Full Frame f\u00fcr Askar 131F<\/h2>\n<p>Die <strong>Askar 131F 0.74\u00d7 Reducer<\/strong> ist ein speziell f\u00fcr das Fernrohr entwickelter Fokussierungsreduzierer <strong>Askar 131F Flat-Field<\/strong>. Dieses Premium-Zubeh\u00f6r verwandelt das Instrument in eine schnellere und vielseitigere Plattform f\u00fcr die Astrofotografie, indem es das Brennverh\u00e4ltnis von <strong>f\/7,5 bis f\/5,6<\/strong>.<\/p>\n<p>Durch diese Brennweitenreduzierung sinkt die ben\u00f6tigte Belichtungszeit stark ab, was die Effizienz von Imaging-Sessions erh\u00f6ht und gleichzeitig das fotografische Feld erweitert.<\/p>\n<p>Der Reducer beinhaltet auch eine optimierte Feldkorrektur, um feine und gleichm\u00e4\u00dfige Sterne \u00fcber die gesamte Fl\u00e4che moderner Full-Frame-Sensoren zu erhalten.<\/p>\n<h3>Verwandeln Sie Ihre Askar 131F in einen schnellen Astrografen f\/5.6<\/h3>\n<p>Nach dem Einbau in den Askar 131F ver\u00e4ndert dieser Reducer die Brennweite von :<\/p>\n<ul>\n<li>983 mm bis 733.6 mm<\/li>\n<li>f\/7,5 bis f\/5,6<\/li>\n<\/ul>\n<p>Diese Transformation bringt mehrere wichtige Vorteile mit sich:<\/p>\n<ul>\n<li>K\u00fcrzere Einrichtungszeiten<\/li>\n<li>Gr\u00f6\u00dferes fotografisches Feld<\/li>\n<li>Bessere Effizienz bei mittlerem Himmel<\/li>\n<li>Verbesserte Lichtsammlung<\/li>\n<li>Komfortablere Abbildung von gro\u00dfen Deep-Sky-Objekten<\/li>\n<\/ul>\n<p>Der Geschwindigkeitsgewinn ist vor allem f\u00fcr die Bildgebung interessant :<\/p>\n<ul>\n<li>Ausgedehnte Nebel<\/li>\n<li>Gro\u00dfe HII-Komplexe<\/li>\n<li>Sternhaufen<\/li>\n<li>Reiche Regionen der Milchstra\u00dfe<\/li>\n<li>Schwache Objekte, die viel Signal ben\u00f6tigen<\/li>\n<\/ul>\n<h3>Integrierte Full-Frame-Feldkorrektur<\/h3>\n<p>Der Reducer reduziert nicht nur die Brennweite. Er enth\u00e4lt auch ein Feldkorrektursystem, mit dem die Feldkr\u00fcmmung effektiv beseitigt werden kann.<\/p>\n<p>Das Ergebnis ist eine hervorragende Qualit\u00e4t der Sterne :<\/p>\n<ul>\n<li>In der Mitte des Feldes<\/li>\n<li>In den Ecken<\/li>\n<li>Auf 24\u00d736 mm Full-Frame-Sensoren<\/li>\n<\/ul>\n<p>Diese fortschrittliche Korrektur erm\u00f6glicht die volle Nutzung moderner hochaufl\u00f6sender Kameras ohne wesentliche Beeintr\u00e4chtigung der Randsterne.<\/p>\n<h3>Hochleistungs-Triplet-Optik-Design<\/h3>\n<p>Der Askar 131F 0.74\u00d7 Reducer basiert auf einer optischen Formel zu <strong>drei Linsen<\/strong> sorgf\u00e4ltig f\u00fcr die Askar 131F Brille optimiert.<\/p>\n<p>Dieses Design gew\u00e4hrleistet :<\/p>\n<ul>\n<li>Eine hervorragende optische Korrektur<\/li>\n<li>Eine homogene Reduktion des Feldes<\/li>\n<li>Full-Frame-Kompatibilit\u00e4t<\/li>\n<li>Eine sehr gute Kontrolle von Aberrationen<\/li>\n<\/ul>\n<p>Der unterst\u00fctzte Bildkreis erreicht <strong>44 mm<\/strong>, Die Kamera ist f\u00fcr moderne Vollformatsensoren geeignet.<\/p>\n<h3>Backfocus Standard 55 mm<\/h3>\n<p>Der Reducer nimmt einen Standard-Backfocus von <strong>55 mm<\/strong> gemessen vom M48-Au\u00dfengewinde.<\/p>\n<p>Dieser Standardabstand erleichtert erheblich die Integration mit :<\/p>\n<ul>\n<li>Astronomische CMOS-Kameras<\/li>\n<li>DSLR-Spiegelreflexkameras<\/li>\n<li>Hybridkameras<\/li>\n<li>Filterr\u00e4der<\/li>\n<li>Tilt plates<\/li>\n<li>Standardzubeh\u00f6r f\u00fcr die Bildgebung<\/li>\n<\/ul>\n<p>Das Paket enth\u00e4lt au\u00dferdem :<\/p>\n<ul>\n<li>Ein Verl\u00e4ngerungsrohr<\/li>\n<li>Ein M54x0,75-Adapter<\/li>\n<li>Ein M48x0,75-Adapter<\/li>\n<\/ul>\n<p>Der hintere Adapter integriert direkt ein 2-Zoll-Filtergewinde M48x0,75, das die einfache Installation von astronomischen Filtern erm\u00f6glicht.<\/p>\n<h3>Premium-Maschinenbau<\/h3>\n<p>Wie die anderen hochwertigen Zubeh\u00f6rteile von Askar profitiert auch dieses Getriebe von einer pr\u00e4zisen CNC-Fertigung, die sicherstellt, dass :<\/p>\n<ul>\n<li>Ausgezeichnete mechanische Steifigkeit<\/li>\n<li>Pr\u00e4zise optische Ausrichtung<\/li>\n<li>Eine sehr gute Haltbarkeit<\/li>\n<li>Eigene mechanische Integration<\/li>\n<\/ul>\n<p>Das Getriebe wird mit Metallstopfen mit Gewinde an der Vorder- und R\u00fcckseite geliefert, um die optischen Oberfl\u00e4chen w\u00e4hrend des Transports und der Lagerung wirksam zu sch\u00fctzen.<\/p>\n<h3>Kompatibilit\u00e4t und vereinfachte Installation<\/h3>\n<p>Das Getriebe wurde speziell f\u00fcr den Betrieb mit dem Askar 131F entwickelt, um Folgendes zu gew\u00e4hrleisten :<\/p>\n<ul>\n<li>Perfekte mechanische Kompatibilit\u00e4t<\/li>\n<li>Eine optimierte optische Korrektur<\/li>\n<li>Einfache Installation<\/li>\n<li>Einheitliche Leistung<\/li>\n<\/ul>\n<p>Die auf beiden Seiten vorhandenen M72x1-Gewinde sorgen f\u00fcr eine feste und pr\u00e4zise Verbindung mit dem Fernrohr und dem Bildgebungszubeh\u00f6r.<\/p>\n<h3>Zusammenfassende Tabelle der technischen Daten<\/h3>\n<table border=\"1\" cellspacing=\"0\" cellpadding=\"8\">\n<tbody>\n<tr>\n<th>Merkmal<\/th>\n<th>Wert<\/th>\n<\/tr>\n<tr>\n<td>Kompatibilit\u00e4t<\/td>\n<td>Askar 131F Flat-Field<\/td>\n<\/tr>\n<tr>\n<td>Reduktionsfaktor<\/td>\n<td>0.74\u00d7<\/td>\n<\/tr>\n<tr>\n<td>Resultierende Brennweite<\/td>\n<td>733.6 mm<\/td>\n<\/tr>\n<tr>\n<td>Resultierendes Fokusverh\u00e4ltnis<\/td>\n<td>f\/5.6<\/td>\n<\/tr>\n<tr>\n<td>Optischer Typ<\/td>\n<td>Korrektur-\/Reduktions-Tripel<\/td>\n<\/tr>\n<tr>\n<td>Bildkreis<\/td>\n<td>44 mm Full Frame<\/td>\n<\/tr>\n<tr>\n<td>Backfocus<\/td>\n<td>55 mm ab M48-Au\u00dfengewinde<\/td>\n<\/tr>\n<tr>\n<td>Hauptgewinde<\/td>\n<td>M72x1<\/td>\n<\/tr>\n<tr>\n<td>Inklusive Adapter<\/td>\n<td>M54x0.75 und M48x0.75<\/td>\n<\/tr>\n<tr>\n<td>Filterkompatibilit\u00e4t<\/td>\n<td>Integriertes 2\u2033 M48-Filtergewinde<\/td>\n<\/tr>\n<tr>\n<td>Gewicht<\/td>\n<td>0.56 kg<\/td>\n<\/tr>\n<tr>\n<td>Herstellung<\/td>\n<td>Hochpr\u00e4zise Aluminium-CNC<\/td>\n<\/tr>\n<\/tbody>\n<\/table>\n<h3>Warum sollte man sich f\u00fcr den Askar 131F 0.74\u00d7 Reducer entscheiden?<\/h3>\n<p>Der Askar 131F 0.74\u00d7 Reducer ist das ideale Zubeh\u00f6r f\u00fcr Astrofotografen, die das volle Potenzial ihrer Askar 131F aussch\u00f6pfen m\u00f6chten.<\/p>\n<p>Indem er das Fernrohr in einen schnellen Astrographen mit Blende 5,6 verwandelt und gleichzeitig eine hervorragende Full-Frame-Korrektur beibeh\u00e4lt, sorgt dieser Reducer f\u00fcr mehr Effizienz, ein gr\u00f6\u00dferes fotografisches Feld und mehr Komfort bei der Verwendung.<\/p>\n<p>Das fortschrittliche optische Design, die Premium-Mechanik und die perfekte Kompatibilit\u00e4t mit dem 131F machen es zu einem unverzichtbaren Zubeh\u00f6r f\u00fcr anspruchsvolle Deep-Sky-Bildgebungsfans.<\/p>","protected":false},"excerpt":{"rendered":"<p>Askar 131F 0.74\u00d7 R\u00e9ducteur Correcteur Full Frame pour Askar 131F Le Askar 131F 0.74\u00d7 Reducer est un r\u00e9ducteur de focale sp\u00e9cialement con\u00e7u pour la lunette Askar 131F Flat-Field. Cet accessoire premium permet de transformer l\u2019instrument en une plateforme d\u2019astrophotographie plus rapide et plus polyvalente, en r\u00e9duisant le rapport focal de f\/7.5 \u00e0 f\/5.6. Gr\u00e2ce \u00e0 [&hellip;]<\/p>\n","protected":false},"featured_media":14976,"comment_status":"open","ping_status":"closed","template":"","meta":[],"product_brand":[382],"product_cat":[650],"product_tag":[],"class_list":{"0":"post-14974","1":"product","2":"type-product","3":"status-publish","4":"has-post-thumbnail","6":"product_brand-askar","7":"product_cat-rducteurs-correcteurs-ap","9":"first","10":"on_supplier","11":"taxable","12":"shipping-taxable","13":"purchasable","14":"product-type-simple"},"_links":{"self":[{"href":"https:\/\/deep-space-astronomy.ch\/de\/wp-json\/wp\/v2\/product\/14974","targetHints":{"allow":["GET"]}}],"collection":[{"href":"https:\/\/deep-space-astronomy.ch\/de\/wp-json\/wp\/v2\/product"}],"about":[{"href":"https:\/\/deep-space-astronomy.ch\/de\/wp-json\/wp\/v2\/types\/product"}],"replies":[{"embeddable":true,"href":"https:\/\/deep-space-astronomy.ch\/de\/wp-json\/wp\/v2\/comments?post=14974"}],"wp:featuredmedia":[{"embeddable":true,"href":"https:\/\/deep-space-astronomy.ch\/de\/wp-json\/wp\/v2\/media\/14976"}],"wp:attachment":[{"href":"https:\/\/deep-space-astronomy.ch\/de\/wp-json\/wp\/v2\/media?parent=14974"}],"wp:term":[{"taxonomy":"product_brand","embeddable":true,"href":"https:\/\/deep-space-astronomy.ch\/de\/wp-json\/wp\/v2\/product_brand?post=14974"},{"taxonomy":"product_cat","embeddable":true,"href":"https:\/\/deep-space-astronomy.ch\/de\/wp-json\/wp\/v2\/product_cat?post=14974"},{"taxonomy":"product_tag","embeddable":true,"href":"https:\/\/deep-space-astronomy.ch\/de\/wp-json\/wp\/v2\/product_tag?post=14974"}],"curies":[{"name":"wp","href":"https:\/\/api.w.org\/{rel}","templated":true}]}}