{"id":14977,"date":"2026-05-08T17:03:14","date_gmt":"2026-05-08T15:03:14","guid":{"rendered":"https:\/\/deep-space-astronomy.ch\/?post_type=product&#038;p=14977"},"modified":"2026-05-08T17:03:31","modified_gmt":"2026-05-08T15:03:31","slug":"askar-111f-0-74x-reducer","status":"publish","type":"product","link":"https:\/\/deep-space-astronomy.ch\/de\/produkt\/askar-111f-0-74x-reducer\/","title":{"rendered":"Askar 111F 0.74\u00d7 Reducer"},"content":{"rendered":"<h2>Askar 111F 0.74\u00d7 Reducer - Reducer Corrector Full Frame f\u00fcr Askar 111F<\/h2>\n<p>Die <strong>Askar 111F 0.74\u00d7 Reducer<\/strong> ist ein speziell f\u00fcr das Fernrohr optimierter Fokussierungsreduzierer <strong>Askar 111F Flat-Field<\/strong>. Dieses Zubeh\u00f6r verwandelt den Astrographen in ein schnelleres und vielseitigeres System, das sich perfekt f\u00fcr die Deep-Sky-Wide-Field-Astrofotografie eignet.<\/p>\n<p>Dank seines Reduktionsfaktors von <strong>0.74\u00d7<\/strong>, Wenn er das Fernrohr von <strong>f\/6,9 bis f\/5,1<\/strong>, Die Kamera verf\u00fcgt \u00fcber eine fortschrittliche Bildfeldkorrektur, die feine und gleichm\u00e4\u00dfige Sterne bis in die Ecken von Full-Frame-Sensoren erm\u00f6glicht.<\/p>\n<p>Durch den Gewinn an Helligkeit und fotografischem Feld k\u00f6nnen die Belichtungszeiten deutlich reduziert werden, w\u00e4hrend die Abbildung ausgedehnter Deep-Sky-Objekte erleichtert wird.<\/p>\n<h3>Verwandeln Sie Ihre Askar 111F in einen schnellen Astrografen f\/5,1<\/h3>\n<p>Nach dem Einbau in die Askar 111F reduziert der Reducer die native Brennweite :<\/p>\n<ul>\n<li>Von 766 mm bis 566 mm<\/li>\n<li>Von f\/6,9 bis f\/5,1<\/li>\n<\/ul>\n<p>Diese Transformation bringt mehrere wichtige Vorteile mit sich:<\/p>\n<ul>\n<li>K\u00fcrzere Einrichtungszeiten<\/li>\n<li>Erweitertes fotografisches Feld<\/li>\n<li>Verbesserte Lichtsammlung<\/li>\n<li>H\u00f6here Effizienz unter unvollkommenem Himmel<\/li>\n<li>Komfortablere Abbildung von gro\u00dfen Deep-Sky-Objekten<\/li>\n<\/ul>\n<p>Besonders interessant wird der Reducer beim Fotografieren :<\/p>\n<ul>\n<li>Die gro\u00dfen Nebel<\/li>\n<li>Die HII-Komplexe<\/li>\n<li>Offene Sternhaufen<\/li>\n<li>Die reichen Regionen der Milchstra\u00dfe<\/li>\n<li>Schwache Objekte, die viel Signal ben\u00f6tigen<\/li>\n<\/ul>\n<h3>Integrierte Full-Frame-Feldkorrektur<\/h3>\n<p>Das Askar 111F 0.74\u00d7 Reducer verk\u00fcrzt nicht nur die Brennweite. Er enth\u00e4lt auch eine erweiterte Feldkorrektur, mit der die Feldkr\u00fcmmung effektiv unterdr\u00fcckt werden kann.<\/p>\n<p>Diese Korrektur gew\u00e4hrleistet :<\/p>\n<ul>\n<li>Feine Sterne im Zentrum<\/li>\n<li>Hervorragende Feldhomogenit\u00e4t<\/li>\n<li>Eine sehr gute Korrektur bis in die Ecken<\/li>\n<li>Native Kompatibilit\u00e4t mit Full-Frame-Sensoren<\/li>\n<\/ul>\n<p>Der unterst\u00fctzte Bildkreis erreicht <strong>44 mm<\/strong>, Die Kamera ist f\u00fcr moderne 24\u00d736-Sensoren geeignet.<\/p>\n<h3>Hochleistungs-Triplet-Optik-Design<\/h3>\n<p>Das Reduktionsmittel beruht auf einer optischen Formel zu <strong>drei Linsen<\/strong> speziell berechnet, um mit dem Askar 111F zu funktionieren.<\/p>\n<p>Dieses Design gew\u00e4hrleistet :<\/p>\n<ul>\n<li>Eine hervorragende optische Korrektur<\/li>\n<li>Eine homogene Reduktion des Feldes<\/li>\n<li>Eine sehr gute Kontrolle von Aberrationen<\/li>\n<li>Optimale Kompatibilit\u00e4t mit modernen Sensoren<\/li>\n<\/ul>\n<p>Das Ganze wurde so konzipiert, dass die native Bildqualit\u00e4t des Fernrohrs maximal erhalten bleibt und gleichzeitig die fotografische Geschwindigkeit erh\u00f6ht wird.<\/p>\n<h3>Backfocus Standard 55 mm<\/h3>\n<p>Der Askar 111F 0.74\u00d7 Reducer nimmt einen Standard-Backfocus von <strong>55 mm<\/strong> gemessen vom M48-Au\u00dfengewinde.<\/p>\n<p>Dieser Standardabstand erleichtert die Integration mit den meisten modernen Astrofotografieausr\u00fcstungen:<\/p>\n<ul>\n<li>Astronomische CMOS-Kameras<\/li>\n<li>DSLR-Spiegelreflexkameras<\/li>\n<li>Hybridkameras<\/li>\n<li>Filterr\u00e4der<\/li>\n<li>Tilt plates<\/li>\n<li>Standardzubeh\u00f6r f\u00fcr die Bildgebung<\/li>\n<\/ul>\n<p>Der fotografische Verl\u00e4ngerungsschlauch der 111F schlie\u00dft direkt :<\/p>\n<ul>\n<li>Ein M54x0,75-Adapter<\/li>\n<li>Ein M48x0,75-Adapter<\/li>\n<\/ul>\n<p>Die Installation ist daher besonders einfach und schnell.<\/p>\n<h3>Kompatibilit\u00e4t mit 2-Zoll-Filtern<\/h3>\n<p>Der hintere Adapter des Getriebes integriert ein Standardgewinde <strong>M48x0.75<\/strong> die die direkte Montage von astronomischen 2-Zoll-Filtern erm\u00f6glicht.<\/p>\n<p>Diese Kompatibilit\u00e4t erleichtert die Verwendung von :<\/p>\n<ul>\n<li>Duo-Band-Filter<\/li>\n<li>Narrowband-Filter<\/li>\n<li>Filter gegen Lichtverschmutzung<\/li>\n<li>LRGB-Filter<\/li>\n<li>UV\/IR-Filter Cut<\/li>\n<\/ul>\n<h3>Premium-CNC-Fertigung<\/h3>\n<p>Wie die anderen hochwertigen Accessoires von Askar profitiert auch der 111F 0.74\u00d7 Reducer von einer pr\u00e4zisen CNC-Fertigung, die sicherstellt, dass :<\/p>\n<ul>\n<li>Ausgezeichnete mechanische Steifigkeit<\/li>\n<li>Pr\u00e4zise optische Ausrichtung<\/li>\n<li>Hervorragende Haltbarkeit<\/li>\n<li>Zuverl\u00e4ssige mechanische Integration<\/li>\n<\/ul>\n<p>Das Getriebe wird mit vorderen und hinteren Metall-Gewindekappen geliefert, um die optischen Oberfl\u00e4chen bei der Lagerung wirksam vor Staub und Feuchtigkeit zu sch\u00fctzen.<\/p>\n<h3>Optimierte mechanische Kompatibilit\u00e4t<\/h3>\n<p>Das Getriebe verwendet Gewinde <strong>M68x1<\/strong> auf beiden Seiten, um zu gew\u00e4hrleisten :<\/p>\n<ul>\n<li>Ausgezeichnete mechanische Stabilit\u00e4t<\/li>\n<li>Eine robuste Verbindung<\/li>\n<li>Eine Begrenzung der Beugung<\/li>\n<li>Optimale optische Ausrichtung<\/li>\n<\/ul>\n<p>Dieser Ansatz ist besonders wichtig f\u00fcr moderne Full-Frame-Setups, die eine hervorragende mechanische Pr\u00e4zision erfordern.<\/p>\n<h3>Zusammenfassende Tabelle der technischen Daten<\/h3>\n<table border=\"1\" cellspacing=\"0\" cellpadding=\"8\">\n<tbody>\n<tr>\n<th>Merkmal<\/th>\n<th>Wert<\/th>\n<\/tr>\n<tr>\n<td>Kompatibilit\u00e4t<\/td>\n<td>Askar 111F Flat-Field<\/td>\n<\/tr>\n<tr>\n<td>Reduktionsfaktor<\/td>\n<td>0.74\u00d7<\/td>\n<\/tr>\n<tr>\n<td>Resultierende Brennweite<\/td>\n<td>566 mm<\/td>\n<\/tr>\n<tr>\n<td>Resultierendes Fokusverh\u00e4ltnis<\/td>\n<td>f\/5.1<\/td>\n<\/tr>\n<tr>\n<td>Optischer Typ<\/td>\n<td>Korrektur-\/Reduktions-Tripel<\/td>\n<\/tr>\n<tr>\n<td>Bildkreis<\/td>\n<td>44 mm Full Frame<\/td>\n<\/tr>\n<tr>\n<td>Backfocus<\/td>\n<td>55 mm ab M48-Au\u00dfengewinde<\/td>\n<\/tr>\n<tr>\n<td>Hauptgewinde<\/td>\n<td>M68x1<\/td>\n<\/tr>\n<tr>\n<td>Inklusive Adapter<\/td>\n<td>M54x0.75 und M48x0.75<\/td>\n<\/tr>\n<tr>\n<td>Filterkompatibilit\u00e4t<\/td>\n<td>Integriertes 2\u2033 M48-Filtergewinde<\/td>\n<\/tr>\n<tr>\n<td>Gewicht<\/td>\n<td>0.5 kg<\/td>\n<\/tr>\n<tr>\n<td>Herstellung<\/td>\n<td>Hochpr\u00e4zise Aluminium-CNC<\/td>\n<\/tr>\n<\/tbody>\n<\/table>\n<h3>Warum sollte man sich f\u00fcr den Askar 111F 0.74\u00d7 Reducer entscheiden?<\/h3>\n<p>Der Askar 111F 0.74\u00d7 Reducer ist eine hervorragende Erg\u00e4nzung f\u00fcr Astrofotografen, die das Potenzial ihrer Askar 111F voll aussch\u00f6pfen m\u00f6chten.<\/p>\n<p>Indem er das Fernrohr in einen schnellen Astrographen mit f\/5,1 verwandelt und dabei eine hervorragende Full-Frame-Korrektur beibeh\u00e4lt, verbessert dieser Reducer die fotografische Effizienz und Vielseitigkeit des Instruments deutlich.<\/p>\n<p>Sein fortschrittliches optisches Design, die robuste Mechanik und die perfekt optimierte Kompatibilit\u00e4t mit dem 111F machen es zu einem besonders stimmigen Zubeh\u00f6r f\u00fcr anspruchsvolle Deep-Sky-Enthusiasten.<\/p>","protected":false},"excerpt":{"rendered":"<p>Askar 111F 0.74\u00d7 Reducer \u2013 R\u00e9ducteur Correcteur Full Frame pour Askar 111F Le Askar 111F 0.74\u00d7 Reducer est un r\u00e9ducteur de focale sp\u00e9cialement optimis\u00e9 pour la lunette Askar 111F Flat-Field. Cet accessoire transforme l\u2019astrographe en un syst\u00e8me plus rapide et plus polyvalent, parfaitement adapt\u00e9 \u00e0 l\u2019astrophotographie du ciel profond grand champ. Gr\u00e2ce \u00e0 son facteur [&hellip;]<\/p>\n","protected":false},"featured_media":14978,"comment_status":"open","ping_status":"closed","template":"","meta":[],"product_brand":[382],"product_cat":[650],"product_tag":[],"class_list":{"0":"post-14977","1":"product","2":"type-product","3":"status-publish","4":"has-post-thumbnail","6":"product_brand-askar","7":"product_cat-rducteurs-correcteurs-ap","9":"first","10":"on_supplier","11":"taxable","12":"shipping-taxable","13":"purchasable","14":"product-type-simple"},"_links":{"self":[{"href":"https:\/\/deep-space-astronomy.ch\/de\/wp-json\/wp\/v2\/product\/14977","targetHints":{"allow":["GET"]}}],"collection":[{"href":"https:\/\/deep-space-astronomy.ch\/de\/wp-json\/wp\/v2\/product"}],"about":[{"href":"https:\/\/deep-space-astronomy.ch\/de\/wp-json\/wp\/v2\/types\/product"}],"replies":[{"embeddable":true,"href":"https:\/\/deep-space-astronomy.ch\/de\/wp-json\/wp\/v2\/comments?post=14977"}],"wp:featuredmedia":[{"embeddable":true,"href":"https:\/\/deep-space-astronomy.ch\/de\/wp-json\/wp\/v2\/media\/14978"}],"wp:attachment":[{"href":"https:\/\/deep-space-astronomy.ch\/de\/wp-json\/wp\/v2\/media?parent=14977"}],"wp:term":[{"taxonomy":"product_brand","embeddable":true,"href":"https:\/\/deep-space-astronomy.ch\/de\/wp-json\/wp\/v2\/product_brand?post=14977"},{"taxonomy":"product_cat","embeddable":true,"href":"https:\/\/deep-space-astronomy.ch\/de\/wp-json\/wp\/v2\/product_cat?post=14977"},{"taxonomy":"product_tag","embeddable":true,"href":"https:\/\/deep-space-astronomy.ch\/de\/wp-json\/wp\/v2\/product_tag?post=14977"}],"curies":[{"name":"wp","href":"https:\/\/api.w.org\/{rel}","templated":true}]}}