{"id":14979,"date":"2026-05-08T17:05:10","date_gmt":"2026-05-08T15:05:10","guid":{"rendered":"https:\/\/deep-space-astronomy.ch\/?post_type=product&#038;p=14979"},"modified":"2026-05-08T17:05:27","modified_gmt":"2026-05-08T15:05:27","slug":"askar-91f-0-75x-reducer","status":"publish","type":"product","link":"https:\/\/deep-space-astronomy.ch\/de\/produkt\/askar-91f-0-75x-reducer\/","title":{"rendered":"Askar 91F 0.75\u00d7 Reducer"},"content":{"rendered":"<h2>Askar 91F 0.75\u00d7 Reducer - Reducer Corrector Full Frame f\u00fcr Askar 91F<\/h2>\n<p>Die <strong>Askar 91F 0.75\u00d7 Reducer<\/strong> ist ein speziell f\u00fcr das Fernrohr entwickelter Fokussierungsreduzierer <strong>Askar 91F Flat-Field<\/strong>. Mit diesem Zubeh\u00f6r k\u00f6nnen Sie den Astrographen in ein schnelleres, helleres und vielseitigeres System verwandeln, das sich ideal f\u00fcr die Deep-Sky-Wide-Field-Astrofotografie eignet.<\/p>\n<p>Dank seines Reduktionsfaktors von <strong>0.75\u00d7<\/strong>, Wenn Sie den Focus auf 91F richten, \u00e4ndert sich das Verh\u00e4ltnis zu <strong>f\/5<\/strong>, Die Kamera verf\u00fcgt \u00fcber eine fortschrittliche Bildfeldkorrektur, die feine und gleichm\u00e4\u00dfige Sterne auf allen modernen Full-Frame-Sensoren erm\u00f6glicht.<\/p>\n<p>Das gr\u00f6\u00dfere fotografische Feld und die k\u00fcrzeren Belichtungszeiten machen diesen Reducer besonders interessant f\u00fcr die Abbildung von gro\u00dfen Nebeln, Sternhaufen und schwachen Deep-Sky-Objekten.<\/p>\n<h3>Verwandeln Sie Ihre Askar 91F in einen schnellen f\/5 Astrographen<\/h3>\n<p>Nach dem Einbau in den Askar 91F reduziert der Reducer die native Brennweite :<\/p>\n<ul>\n<li>Von 609 mm bis 455 mm<\/li>\n<li>Von f\/6,7 bis f\/5<\/li>\n<\/ul>\n<p>Diese Erm\u00e4\u00dfigung bringt mehrere wichtige Vorteile mit sich:<\/p>\n<ul>\n<li>K\u00fcrzere Einrichtungszeiten<\/li>\n<li>Gr\u00f6\u00dferes fotografisches Feld<\/li>\n<li>Verbesserte Lichtsammlung<\/li>\n<li>Bessere Effizienz bei mittlerem Himmel<\/li>\n<li>Komfortablere Bildgebung von ausgedehnten Objekten<\/li>\n<\/ul>\n<p>Besonders interessant wird der Reducer beim Fotografieren :<\/p>\n<ul>\n<li>Die gro\u00dfen Nebel<\/li>\n<li>Die reichen Regionen der Milchstra\u00dfe<\/li>\n<li>Offene Sternhaufen<\/li>\n<li>Schwache Objekte, die viel Signal ben\u00f6tigen<\/li>\n<li>Schnelle oder lichtschwache Himmelsobjekte<\/li>\n<\/ul>\n<h3>Integrierte Full-Frame-Feldkorrektur<\/h3>\n<p>Das Askar 91F 0.75\u00d7 Reducer beschr\u00e4nkt sich nicht nur auf die Reduzierung der Brennweite. Er enth\u00e4lt auch eine Feldkorrektur, mit der die Feldkr\u00fcmmung effektiv begrenzt wird und eine hervorragende Sternqualit\u00e4t bis in die Ecken erhalten bleibt.<\/p>\n<p>Dieses Design garantiert :<\/p>\n<ul>\n<li>Feine Sterne in der Mitte des Feldes<\/li>\n<li>Verbesserte Bildhomogenit\u00e4t<\/li>\n<li>Ausgezeichnete Full-Frame-Kompatibilit\u00e4t<\/li>\n<li>Bessere Nutzung moderner hochaufl\u00f6sender Sensoren<\/li>\n<\/ul>\n<p>Der unterst\u00fctzte Bildkreis erreicht <strong>44 mm<\/strong>, Die Kamera ist f\u00fcr 24\u00d736 mm Vollformatsensoren geeignet.<\/p>\n<h3>Optimiertes optisches Triplet-Design<\/h3>\n<p>Das Reduktionsmittel beruht auf einer optischen Formel zu <strong>drei Linsen<\/strong> speziell f\u00fcr den Askar 91F optimiert.<\/p>\n<p>Dieses Design erm\u00f6glicht :<\/p>\n<ul>\n<li>Eine hervorragende optische Korrektur<\/li>\n<li>Eine homogene Reduktion des Feldes<\/li>\n<li>Eine gute Kontrolle \u00fcber Aberrationen<\/li>\n<li>Optimale Kompatibilit\u00e4t mit Full-Frame-Sensoren<\/li>\n<\/ul>\n<p>Das Ergebnis ist ein sauberes und gleichm\u00e4\u00dfiges Bild \u00fcber das gesamte fotografische Feld.<\/p>\n<h3>Backfocus Standard 55 mm<\/h3>\n<p>Der Askar 91F 0.75\u00d7 Reducer verwendet einen Standard-Backfocus von <strong>55 mm<\/strong> gemessen vom M48-Au\u00dfengewinde.<\/p>\n<p>Dieser Abstand erleichtert die Integration mit den meisten modernen Astrofotografieausr\u00fcstungen:<\/p>\n<ul>\n<li>Astronomische CMOS-Kameras<\/li>\n<li>DSLR-Spiegelreflexkameras<\/li>\n<li>Hybridkameras<\/li>\n<li>Filterr\u00e4der<\/li>\n<li>Tilt plates<\/li>\n<li>Standard-Zubeh\u00f6r<\/li>\n<\/ul>\n<p>Die fotografische R\u00f6hre der 91F umfasst direkt :<\/p>\n<ul>\n<li>Ein M54x0,75-Adapter<\/li>\n<li>Ein M48x0,75-Adapter<\/li>\n<\/ul>\n<p>Die Installation des Getriebes ist daher schnell und besonders einfach.<\/p>\n<h3>Kompatibilit\u00e4t mit 2-Zoll-Filtern<\/h3>\n<p>Das Getriebe integriert ein Standardgewinde <strong>M48x0.75<\/strong> kompatibel mit 2-Zoll-Astronomiefiltern.<\/p>\n<p>Dies erm\u00f6glicht die direkte Installation von :<\/p>\n<ul>\n<li>Narrowband-Filter<\/li>\n<li>Duo-Band-Filter<\/li>\n<li>Filter gegen Lichtverschmutzung<\/li>\n<li>UV\/IR-Filter Cut<\/li>\n<li>LRGB-Filter<\/li>\n<\/ul>\n<p>Diese Kompatibilit\u00e4t vereinfacht das Design des optischen Zuges erheblich.<\/p>\n<h3>Hochpr\u00e4zise CNC-Fertigung<\/h3>\n<p>Wie die anderen Premium-Zubeh\u00f6rteile von Askar profitiert auch der 91F 0.75\u00d7 Reducer von einer pr\u00e4zisen CNC-Fertigung, die sicherstellt, dass :<\/p>\n<ul>\n<li>Ausgezeichnete mechanische Steifigkeit<\/li>\n<li>Eine sehr gute Stabilit\u00e4t<\/li>\n<li>Hohe Haltbarkeit<\/li>\n<li>Pr\u00e4zise optische Ausrichtung<\/li>\n<\/ul>\n<p>Das Getriebe wird mit vorderen und hinteren Metall-Gewindekappen geliefert, die die optischen Oberfl\u00e4chen w\u00e4hrend des Transports und der Lagerung wirksam vor Staub und Feuchtigkeit sch\u00fctzen.<\/p>\n<h3>Robuste mechanische Verbindung<\/h3>\n<p>Beide Enden verwenden ein Gewinde <strong>M59x1<\/strong>, :<\/p>\n<ul>\n<li>Eine stabile Verbindung<\/li>\n<li>Eine Begrenzung der Beugung<\/li>\n<li>Hervorragende mechanische Pr\u00e4zision<\/li>\n<li>Bessere Stabilit\u00e4t mit Full-Frame-Setups<\/li>\n<\/ul>\n<p>Dieses Design tr\u00e4gt dazu bei, dass auch bei fortgeschrittenen Bildkonfigurationen die optimale Bildqualit\u00e4t erhalten bleibt.<\/p>\n<h3>Zusammenfassende Tabelle der technischen Daten<\/h3>\n<table border=\"1\" cellspacing=\"0\" cellpadding=\"8\">\n<tbody>\n<tr>\n<th>Merkmal<\/th>\n<th>Wert<\/th>\n<\/tr>\n<tr>\n<td>Kompatibilit\u00e4t<\/td>\n<td>Askar 91F Flat-Field<\/td>\n<\/tr>\n<tr>\n<td>Reduktionsfaktor<\/td>\n<td>0.75\u00d7<\/td>\n<\/tr>\n<tr>\n<td>Resultierende Brennweite<\/td>\n<td>455 mm<\/td>\n<\/tr>\n<tr>\n<td>Resultierendes Fokusverh\u00e4ltnis<\/td>\n<td>f\/5<\/td>\n<\/tr>\n<tr>\n<td>Optischer Typ<\/td>\n<td>Korrektur-\/Reduktions-Tripel<\/td>\n<\/tr>\n<tr>\n<td>Bildkreis<\/td>\n<td>44 mm Full Frame<\/td>\n<\/tr>\n<tr>\n<td>Backfocus<\/td>\n<td>55 mm ab M48-Au\u00dfengewinde<\/td>\n<\/tr>\n<tr>\n<td>Hauptgewinde<\/td>\n<td>M59x1<\/td>\n<\/tr>\n<tr>\n<td>Kompatible Adapter<\/td>\n<td>M54x0.75 und M48x0.75<\/td>\n<\/tr>\n<tr>\n<td>Filterkompatibilit\u00e4t<\/td>\n<td>Integriertes 2\u2033 M48-Filtergewinde<\/td>\n<\/tr>\n<tr>\n<td>Gewicht<\/td>\n<td>0.3 kg<\/td>\n<\/tr>\n<tr>\n<td>Herstellung<\/td>\n<td>Hochpr\u00e4zise Aluminium-CNC<\/td>\n<\/tr>\n<\/tbody>\n<\/table>\n<h3>Warum sollte man sich f\u00fcr den Askar 91F 0.75\u00d7 Reducer entscheiden?<\/h3>\n<p>Der Askar 91F 0.75\u00d7 Reducer ist eine hervorragende Erg\u00e4nzung f\u00fcr Astrofotografen, die das volle Potenzial ihres Askar 91F aussch\u00f6pfen m\u00f6chten.<\/p>\n<p>Indem er das Fernrohr in einen schnellen Astrographen mit Blende 5 verwandelt und gleichzeitig eine hervorragende Full-Frame-Korrektur beibeh\u00e4lt, verbessert dieser Reducer die Vielseitigkeit und die fotografische Effizienz des Instruments stark.<\/p>\n<p>Sein modernes optisches Design, die robuste Mechanik und die perfekte Kompatibilit\u00e4t mit dem 91F machen es zu einem besonders stimmigen Zubeh\u00f6r f\u00fcr Deep-Sky-Enthusiasten, die Einfachheit und Leistung suchen.<\/p>","protected":false},"excerpt":{"rendered":"<p>Askar 91F 0.75\u00d7 Reducer \u2013 R\u00e9ducteur Correcteur Full Frame pour Askar 91F Le Askar 91F 0.75\u00d7 Reducer est un r\u00e9ducteur de focale sp\u00e9cialement con\u00e7u pour la lunette Askar 91F Flat-Field. Cet accessoire permet de transformer l\u2019astrographe en un syst\u00e8me plus rapide, plus lumineux et plus polyvalent, id\u00e9al pour l\u2019astrophotographie du ciel profond grand champ. Gr\u00e2ce [&hellip;]<\/p>\n","protected":false},"featured_media":14980,"comment_status":"open","ping_status":"closed","template":"","meta":[],"product_brand":[382],"product_cat":[650],"product_tag":[],"class_list":{"0":"post-14979","1":"product","2":"type-product","3":"status-publish","4":"has-post-thumbnail","6":"product_brand-askar","7":"product_cat-rducteurs-correcteurs-ap","9":"first","10":"on_supplier","11":"taxable","12":"shipping-taxable","13":"purchasable","14":"product-type-simple"},"_links":{"self":[{"href":"https:\/\/deep-space-astronomy.ch\/de\/wp-json\/wp\/v2\/product\/14979","targetHints":{"allow":["GET"]}}],"collection":[{"href":"https:\/\/deep-space-astronomy.ch\/de\/wp-json\/wp\/v2\/product"}],"about":[{"href":"https:\/\/deep-space-astronomy.ch\/de\/wp-json\/wp\/v2\/types\/product"}],"replies":[{"embeddable":true,"href":"https:\/\/deep-space-astronomy.ch\/de\/wp-json\/wp\/v2\/comments?post=14979"}],"wp:featuredmedia":[{"embeddable":true,"href":"https:\/\/deep-space-astronomy.ch\/de\/wp-json\/wp\/v2\/media\/14980"}],"wp:attachment":[{"href":"https:\/\/deep-space-astronomy.ch\/de\/wp-json\/wp\/v2\/media?parent=14979"}],"wp:term":[{"taxonomy":"product_brand","embeddable":true,"href":"https:\/\/deep-space-astronomy.ch\/de\/wp-json\/wp\/v2\/product_brand?post=14979"},{"taxonomy":"product_cat","embeddable":true,"href":"https:\/\/deep-space-astronomy.ch\/de\/wp-json\/wp\/v2\/product_cat?post=14979"},{"taxonomy":"product_tag","embeddable":true,"href":"https:\/\/deep-space-astronomy.ch\/de\/wp-json\/wp\/v2\/product_tag?post=14979"}],"curies":[{"name":"wp","href":"https:\/\/api.w.org\/{rel}","templated":true}]}}