{"id":14981,"date":"2026-05-08T17:07:28","date_gmt":"2026-05-08T15:07:28","guid":{"rendered":"https:\/\/deep-space-astronomy.ch\/?post_type=product&#038;p=14981"},"modified":"2026-05-12T10:55:40","modified_gmt":"2026-05-12T08:55:40","slug":"askar-60f-0-75x-reducer","status":"publish","type":"product","link":"https:\/\/deep-space-astronomy.ch\/de\/produkt\/askar-60f-0-75x-reducer\/","title":{"rendered":"Askar 60F 0.75\u00d7 Reducer"},"content":{"rendered":"<h2>Askar 60F 0.75\u00d7 Reducer - Reducer Corrector Full Frame f\u00fcr Askar 60F<\/h2>\n<p>Die <strong>Askar 60F 0.75\u00d7 Reducer<\/strong> ist ein speziell f\u00fcr das Fernrohr entwickelter Fokussierungsreduzierer <strong>Askar 60F Flat-Field<\/strong>. Dieses Zubeh\u00f6r ist kompakt, leicht und leistungsstark und verwandelt den Astrographen in ein noch schnelleres System, das f\u00fcr die Deep-Sky-Weitfeldabbildung geeignet ist.<\/p>\n<p>Dank seines Reduktionsfaktors von <strong>0.75\u00d7<\/strong>, wird das Fernrohr auf ein Fokusverh\u00e4ltnis von <strong>f\/5.1<\/strong>, Die fortschrittliche Feldkorrektur sorgt daf\u00fcr, dass die Sterne auch in den Ecken moderner Full-Frame-Sensoren fein und gleichm\u00e4\u00dfig bleiben.<\/p>\n<p>Das gr\u00f6\u00dfere fotografische Feld und die k\u00fcrzeren Belichtungszeiten machen diesen Reducer besonders interessant f\u00fcr mobile Astrofotografen und Liebhaber von Gro\u00dffeldaufnahmen.<\/p>\n<h3>Verwandeln Sie Ihre Askar 60F in einen ultraschnellen 1:5,1 Astrographen.<\/h3>\n<p>Nach der Installation auf dem Askar 60F reduziert der Reducer die native Brennweite :<\/p>\n<ul>\n<li>Von 408 mm bis 311 mm<\/li>\n<li>Von f\/6,8 bis f\/5,1<\/li>\n<\/ul>\n<p>Diese Erm\u00e4\u00dfigung bringt mehrere wichtige Vorteile mit sich:<\/p>\n<ul>\n<li>K\u00fcrzere Einrichtungszeiten<\/li>\n<li>Gr\u00f6\u00dferes fotografisches Feld<\/li>\n<li>Verbesserte Lichtsammlung<\/li>\n<li>Effizientere Bildgebung unter mittlerem Himmel<\/li>\n<li>Vereinfachte Erfassung von gro\u00dfen Deep-Sky-Objekten<\/li>\n<\/ul>\n<p>Der Reducer eignet sich besonders gut zum Fotografieren :<\/p>\n<ul>\n<li>Die gro\u00dfen Nebel<\/li>\n<li>Reiche Sternfelder<\/li>\n<li>Die weiten Regionen der Milchstra\u00dfe<\/li>\n<li>Gro\u00dfe offene Sternhaufen<\/li>\n<li>Schwache Objekte, die viel Signal ben\u00f6tigen<\/li>\n<\/ul>\n<h3>Integrierte Full-Frame-Feldkorrektur<\/h3>\n<p>Der Askar 60F 0.75\u00d7 Reducer beschr\u00e4nkt sich nicht darauf, die Brennweite zu verk\u00fcrzen. Er enth\u00e4lt auch eine Feldkorrektur, mit der die Feldkr\u00fcmmung effektiv begrenzt wird und eine hervorragende Sternqualit\u00e4t \u00fcber den gesamten Sensor erhalten bleibt.<\/p>\n<p>Dieses Design garantiert :<\/p>\n<ul>\n<li>Feine Sterne in der Mitte des Feldes<\/li>\n<li>Eine gute Bildhomogenit\u00e4t<\/li>\n<li>Ausgezeichnete Full-Frame-Kompatibilit\u00e4t<\/li>\n<li>Optimale Nutzung moderner Sensoren<\/li>\n<\/ul>\n<p>Der unterst\u00fctzte Bildkreis erreicht <strong>44 mm<\/strong>, Dies erm\u00f6glicht eine komfortable Verwendung mit 24\u00d736 mm Vollformatsensoren.<\/p>\n<h3>Optimiertes optisches Triplet-Design<\/h3>\n<p>Das Reduktionsmittel beruht auf einer optischen Formel zu <strong>drei Linsen<\/strong> speziell f\u00fcr den Betrieb mit dem Askar 60F optimiert.<\/p>\n<p>Diese Formel versichert :<\/p>\n<ul>\n<li>Eine homogene Reduktion des Feldes<\/li>\n<li>Eine gute optische Korrektur<\/li>\n<li>Eine effektive Begrenzung von Aberrationen<\/li>\n<li>Hervorragende Kompatibilit\u00e4t mit modernen Sensoren<\/li>\n<\/ul>\n<p>Das Ergebnis ist ein sauberes, gut korrigiertes fotografisches Feld, das sich perfekt f\u00fcr die moderne Gro\u00dffeld-Astrofotografie eignet.<\/p>\n<h3>Backfocus Standard 55 mm<\/h3>\n<p>Der Askar 60F 0.75\u00d7 Reducer nimmt einen Standard-Backfocus von <strong>55 mm<\/strong> gemessen vom M48-Au\u00dfengewinde.<\/p>\n<p>Diese Distanz erleichtert die Integration mit :<\/p>\n<ul>\n<li>Astronomische CMOS-Kameras<\/li>\n<li>DSLR-Spiegelreflexkameras<\/li>\n<li>Hybridkameras<\/li>\n<li>Filterr\u00e4der<\/li>\n<li>Tilt plates<\/li>\n<li>Astrofotografisches Standardzubeh\u00f6r<\/li>\n<\/ul>\n<p>Die mit der Askar 60F gelieferte Fototube enth\u00e4lt direkt :<\/p>\n<ul>\n<li>Ein M54x0,75-Adapter<\/li>\n<li>Ein M48x0,75-Adapter<\/li>\n<\/ul>\n<p>Die Installation des Getriebes ist daher schnell, einfach und besonders intuitiv.<\/p>\n<h3>Kompatibilit\u00e4t mit 2-Zoll-Filtern<\/h3>\n<p>Das Getriebe integriert ein Standardgewinde <strong>M48x0.75<\/strong> kompatibel mit 2-Zoll-Astronomiefiltern.<\/p>\n<p>Diese Kompatibilit\u00e4t erm\u00f6glicht die direkte Montage von :<\/p>\n<ul>\n<li>Narrowband-Filter<\/li>\n<li>Duo-Band-Filter<\/li>\n<li>Filter gegen Lichtverschmutzung<\/li>\n<li>UV\/IR-Filter Cut<\/li>\n<li>LRGB-Filter<\/li>\n<\/ul>\n<p>Dieser Ansatz vereinfacht das Design des optischen Zuges stark und reduziert den Bedarf an zus\u00e4tzlichen Adaptern.<\/p>\n<h3>Kompakte und leichte CNC-Konstruktion<\/h3>\n<p>Der Askar 60F 0.75\u00d7 Reducer profitiert von einer pr\u00e4zisen CNC-Fertigung, die sicherstellt, dass :<\/p>\n<ul>\n<li>Ausgezeichnete mechanische Steifigkeit<\/li>\n<li>Pr\u00e4zise optische Ausrichtung<\/li>\n<li>Gute Haltbarkeit<\/li>\n<li>Hochwertige Verarbeitung<\/li>\n<\/ul>\n<p>Mit nur <strong>0.2 kg<\/strong>, Die Brille ist f\u00fcr Nomadensets und leichte Brillenfassungen geeignet.<\/p>\n<p>Das Getriebe wird mit vorderen und hinteren Metall-Gewindekappen geliefert, um die optischen Oberfl\u00e4chen w\u00e4hrend der Lagerung und des Transports wirksam vor Staub zu sch\u00fctzen.<\/p>\n<h3>Robuste mechanische Verbindung<\/h3>\n<p>Beide Enden verwenden ein Gewinde <strong>M50x1<\/strong>, :<\/p>\n<ul>\n<li>Eine stabile Verbindung<\/li>\n<li>Hervorragende mechanische Pr\u00e4zision<\/li>\n<li>Eine Begrenzung der Beugung<\/li>\n<li>Eine gute Stabilit\u00e4t des optischen Zuges<\/li>\n<\/ul>\n<p>Dieses Design tr\u00e4gt dazu bei, dass die Bildqualit\u00e4t auch bei modernen hochaufl\u00f6senden Sensoren gleichm\u00e4\u00dfig bleibt.<\/p>\n<h3>Zusammenfassende Tabelle der technischen Daten<\/h3>\n<table border=\"1\" cellspacing=\"0\" cellpadding=\"8\">\n<tbody>\n<tr>\n<th>Merkmal<\/th>\n<th>Wert<\/th>\n<\/tr>\n<tr>\n<td>Kompatibilit\u00e4t<\/td>\n<td>Askar 60F Flat-Field<\/td>\n<\/tr>\n<tr>\n<td>Reduktionsfaktor<\/td>\n<td>0.75\u00d7<\/td>\n<\/tr>\n<tr>\n<td>Resultierende Brennweite<\/td>\n<td>311 mm<\/td>\n<\/tr>\n<tr>\n<td>Resultierendes Fokusverh\u00e4ltnis<\/td>\n<td>f\/5.1<\/td>\n<\/tr>\n<tr>\n<td>Optischer Typ<\/td>\n<td>Korrektur-\/Reduktions-Tripel<\/td>\n<\/tr>\n<tr>\n<td>Bildkreis<\/td>\n<td>44 mm Full Frame<\/td>\n<\/tr>\n<tr>\n<td>Backfocus<\/td>\n<td>55 mm ab M48-Au\u00dfengewinde<\/td>\n<\/tr>\n<tr>\n<td>Hauptgewinde<\/td>\n<td>M50x1<\/td>\n<\/tr>\n<tr>\n<td>Kompatible Adapter<\/td>\n<td>M54x0.75 und M48x0.75<\/td>\n<\/tr>\n<tr>\n<td>Filterkompatibilit\u00e4t<\/td>\n<td>Integriertes 2\u2033 M48-Filtergewinde<\/td>\n<\/tr>\n<tr>\n<td>Gewicht<\/td>\n<td>0.2 kg<\/td>\n<\/tr>\n<tr>\n<td>Herstellung<\/td>\n<td>Hochpr\u00e4zise Aluminium-CNC<\/td>\n<\/tr>\n<\/tbody>\n<\/table>\n<h3>Warum sollte man sich f\u00fcr den Askar 60F 0.75\u00d7 Reducer entscheiden?<\/h3>\n<p>Der Askar 60F 0.75\u00d7 Reducer ist eine hervorragende Erg\u00e4nzung f\u00fcr Astrofotografen, die die Weitfeldf\u00e4higkeiten ihrer Askar 60F maximieren m\u00f6chten.<\/p>\n<p>Indem er das Fernrohr in einen schnellen Astrographen mit Blende 5,1 verwandelt und gleichzeitig eine hervorragende Full-Frame-Korrektur beibeh\u00e4lt, verbessert dieser Reducer die fotografische Geschwindigkeit und den Benutzerkomfort erheblich.<\/p>\n<p>Das optimierte optische Design, die kompakte Mechanik und die perfekte Kompatibilit\u00e4t mit dem 60F machen es zu einem besonders interessanten Zubeh\u00f6r f\u00fcr nomadische Setups und die moderne Weitfeld-Astrofotografie.<\/p>","protected":false},"excerpt":{"rendered":"<p>Askar 60F 0.75\u00d7 Reducer \u2013 R\u00e9ducteur Correcteur Full Frame pour Askar 60F Le Askar 60F 0.75\u00d7 Reducer est un r\u00e9ducteur de focale sp\u00e9cialement con\u00e7u pour la lunette Askar 60F Flat-Field. Compact, l\u00e9ger et performant, cet accessoire transforme l\u2019astrographe en un syst\u00e8me encore plus rapide et plus adapt\u00e9 \u00e0 l\u2019imagerie grand champ du ciel profond. Gr\u00e2ce [&hellip;]<\/p>\n","protected":false},"featured_media":14982,"comment_status":"open","ping_status":"closed","template":"","meta":[],"product_brand":[382],"product_cat":[650],"product_tag":[],"class_list":{"0":"post-14981","1":"product","2":"type-product","3":"status-publish","4":"has-post-thumbnail","6":"product_brand-askar","7":"product_cat-rducteurs-correcteurs-ap","9":"first","10":"on_supplier","11":"taxable","12":"shipping-taxable","13":"purchasable","14":"product-type-simple"},"_links":{"self":[{"href":"https:\/\/deep-space-astronomy.ch\/de\/wp-json\/wp\/v2\/product\/14981","targetHints":{"allow":["GET"]}}],"collection":[{"href":"https:\/\/deep-space-astronomy.ch\/de\/wp-json\/wp\/v2\/product"}],"about":[{"href":"https:\/\/deep-space-astronomy.ch\/de\/wp-json\/wp\/v2\/types\/product"}],"replies":[{"embeddable":true,"href":"https:\/\/deep-space-astronomy.ch\/de\/wp-json\/wp\/v2\/comments?post=14981"}],"wp:featuredmedia":[{"embeddable":true,"href":"https:\/\/deep-space-astronomy.ch\/de\/wp-json\/wp\/v2\/media\/14982"}],"wp:attachment":[{"href":"https:\/\/deep-space-astronomy.ch\/de\/wp-json\/wp\/v2\/media?parent=14981"}],"wp:term":[{"taxonomy":"product_brand","embeddable":true,"href":"https:\/\/deep-space-astronomy.ch\/de\/wp-json\/wp\/v2\/product_brand?post=14981"},{"taxonomy":"product_cat","embeddable":true,"href":"https:\/\/deep-space-astronomy.ch\/de\/wp-json\/wp\/v2\/product_cat?post=14981"},{"taxonomy":"product_tag","embeddable":true,"href":"https:\/\/deep-space-astronomy.ch\/de\/wp-json\/wp\/v2\/product_tag?post=14981"}],"curies":[{"name":"wp","href":"https:\/\/api.w.org\/{rel}","templated":true}]}}