{"id":1576,"date":"2024-12-28T09:05:17","date_gmt":"2024-12-28T08:05:17","guid":{"rendered":"https:\/\/deep-space-astronomy.geekworkers.dev\/?post_type=product&#038;p=1576"},"modified":"2025-06-03T10:37:24","modified_gmt":"2025-06-03T08:37:24","slug":"explore-scientific-1-25-62-14-mm","status":"publish","type":"product","link":"https:\/\/deep-space-astronomy.ch\/de\/produkt\/explore-scientific-1-25-62-14-mm\/","title":{"rendered":"Explore Scientific 1.25\u2033 62\u00b0 - 14 mm"},"content":{"rendered":"<div>\n<h3>High End Visual Experience<\/h3>\n<p>\n    Entdecken Sie die 62\u00b0-Okularserie von Explore Scientific. Sie wurde entwickelt, um allen Enthusiasten, auch Brillentr\u00e4gern, dank des gro\u00dfz\u00fcgigen Augenabstands ein erstklassiges Seherlebnis zu bieten.\n  <\/p>\n<h3>Au\u00dfergew\u00f6hnliche Bildsch\u00e4rfe<\/h3>\n<p>\n    Genie\u00dfen Sie eine au\u00dfergew\u00f6hnliche Bildsch\u00e4rfe \u00fcber das gesamte Gesichtsfeld, selbst bei sehr hellen Optiken.\n  <\/p>\n<h3>Qualit\u00e4t der Herstellung und Nachhaltigkeit<\/h3>\n<p>\n    Ihre tadellose Verarbeitungsqualit\u00e4t, ihre Wasserdichtigkeit sowie die Argonf\u00fcllung sorgen f\u00fcr eine beispielhafte Wetterbest\u00e4ndigkeit.\n  <\/p>\n<h3>Zuverl\u00e4ssige Investition<\/h3>\n<p>\n    Die Investition in diese Okulare bedeutet, dass Sie sich f\u00fcr eine zuverl\u00e4ssige und langlebige L\u00f6sung entscheiden, die Sie lange auf Ihren Himmelserkundungen begleiten wird.\n  <\/p>\n<\/div>","protected":false},"excerpt":{"rendered":"<p>Exp\u00e9rience Visuelle Haut de Gamme D\u00e9couvrez la s\u00e9rie d\u2019oculaires 62\u00b0 d\u2019Explore Scientific, con\u00e7ue pour offrir une exp\u00e9rience visuelle haut de gamme \u00e0 tous les passionn\u00e9s, y compris les porteurs de lunettes, gr\u00e2ce \u00e0 un g\u00e9n\u00e9reux d\u00e9gagement oculaire. Nettet\u00e9 d\u2019Image Exceptionnelle Profitez d\u2019une nettet\u00e9 d\u2019image exceptionnelle sur l\u2019ensemble du champ visuel, m\u00eame avec des optiques tr\u00e8s [&hellip;]<\/p>\n","protected":false},"featured_media":5798,"comment_status":"open","ping_status":"closed","template":"","meta":[],"product_brand":[403],"product_cat":[19,368,695],"product_tag":[],"class_list":{"0":"post-1576","1":"product","2":"type-product","3":"status-publish","4":"has-post-thumbnail","6":"product_brand-explore-scientific","7":"product_cat-accessoires","8":"product_cat-visuel","9":"product_cat-oculaires-et-smart-oculaires","11":"first","12":"on_supplier","13":"taxable","14":"shipping-taxable","15":"purchasable","16":"product-type-simple"},"_links":{"self":[{"href":"https:\/\/deep-space-astronomy.ch\/de\/wp-json\/wp\/v2\/product\/1576","targetHints":{"allow":["GET"]}}],"collection":[{"href":"https:\/\/deep-space-astronomy.ch\/de\/wp-json\/wp\/v2\/product"}],"about":[{"href":"https:\/\/deep-space-astronomy.ch\/de\/wp-json\/wp\/v2\/types\/product"}],"replies":[{"embeddable":true,"href":"https:\/\/deep-space-astronomy.ch\/de\/wp-json\/wp\/v2\/comments?post=1576"}],"wp:featuredmedia":[{"embeddable":true,"href":"https:\/\/deep-space-astronomy.ch\/de\/wp-json\/wp\/v2\/media\/5798"}],"wp:attachment":[{"href":"https:\/\/deep-space-astronomy.ch\/de\/wp-json\/wp\/v2\/media?parent=1576"}],"wp:term":[{"taxonomy":"product_brand","embeddable":true,"href":"https:\/\/deep-space-astronomy.ch\/de\/wp-json\/wp\/v2\/product_brand?post=1576"},{"taxonomy":"product_cat","embeddable":true,"href":"https:\/\/deep-space-astronomy.ch\/de\/wp-json\/wp\/v2\/product_cat?post=1576"},{"taxonomy":"product_tag","embeddable":true,"href":"https:\/\/deep-space-astronomy.ch\/de\/wp-json\/wp\/v2\/product_tag?post=1576"}],"curies":[{"name":"wp","href":"https:\/\/api.w.org\/{rel}","templated":true}]}}