{"id":1793,"date":"2024-12-31T12:20:40","date_gmt":"2024-12-31T11:20:40","guid":{"rendered":"https:\/\/deep-space-astronomy.geekworkers.dev\/?post_type=product&#038;p=1793"},"modified":"2025-06-03T10:37:39","modified_gmt":"2025-06-03T08:37:39","slug":"lentille-de-barlow-2x-en-2","status":"publish","type":"product","link":"https:\/\/deep-space-astronomy.ch\/de\/produkt\/lentille-de-barlow-2x-en-2\/","title":{"rendered":"Barlow-Linse Explore Scientific 2x in 2\u2033."},"content":{"rendered":"<div>\n<h3>Barlow-Prinzip<\/h3>\n<p>\n    Das Prinzip einer Barlow besteht darin, die Brennweite Ihres Instruments zu vervielfachen. Das bedeutet, dass das Okular, das Sie damit verwenden, nicht mit der nativen Brennweite arbeitet, sondern mit der doppelten. Dadurch wird die Vergr\u00f6\u00dferung bei gleichem Okular erh\u00f6ht.\n  <\/p>\n<h3>Beispiel f\u00fcr eine Berechnung<\/h3>\n<p>\n    Wenn Sie zum Beispiel ein Teleskop mit einer Brennweite von 1000 mm und einem 25-mm-Okular haben, dann haben Sie eine Vergr\u00f6\u00dferung von 1000\/25 = 40 Mal. Wenn Sie nun eine Barlow zu Ihrem Insutrement hinzuf\u00fcgen, betr\u00e4gt die Brennweite nicht mehr 1000 mm, sondern 2000 mm! Wenn Sie die Berechnung wiederholen, erhalten Sie eine Vergr\u00f6\u00dferung von 2000\/25 = 80 Mal.\n  <\/p>\n<h3>Vorteile der Barlow<\/h3>\n<p>\n    So k\u00f6nnen Sie mit demselben Okular die Vergr\u00f6\u00dferung Ihrer optischen Einheit variieren. Das ist der Vorteil, wenn Sie eine Barlow haben. Als solcher vervielfachen Sie Ihre Okularauswahl um das Doppelte!\n  <\/p>\n<h3>Qualit\u00e4t der Barlows Explore Scientific<\/h3>\n<p>\n    Die Explore Scientific Barlows sind hervorragend. Sie bieten dank eines genialen Vier-Linsen-Systems eine au\u00dfergew\u00f6hnliche Bildqualit\u00e4t \u00fcber das gesamte Gesichtsfeld. Sie sind perfekt f\u00fcr Beobachter geeignet, k\u00f6nnen aber auch f\u00fcr Fotos verwendet werden!\n  <\/p>\n<\/div>","protected":false},"excerpt":{"rendered":"<p>Principe de la Barlow Le principe d&rsquo;une barlow est de multiplier la focale de votre instrument. De ce fait, l&rsquo;oculaire que vous utiliserez avec ne travaillera pas \u00e0 focale native mais bien au double. Ce qui permet en r\u00e9alit\u00e9 d&rsquo;augmenter le grossissement \u00e0 oculaire \u00e9gal. Exemple de Calcul Par exemple, si vous avez un t\u00e9lescope [&hellip;]<\/p>\n","protected":false},"featured_media":4375,"comment_status":"open","ping_status":"closed","template":"","meta":[],"product_brand":[403],"product_cat":[19,369,368],"product_tag":[],"class_list":{"0":"post-1793","1":"product","2":"type-product","3":"status-publish","4":"has-post-thumbnail","6":"product_brand-explore-scientific","7":"product_cat-accessoires","8":"product_cat-barlows","9":"product_cat-visuel","11":"first","12":"on_supplier","13":"taxable","14":"shipping-taxable","15":"purchasable","16":"product-type-simple"},"_links":{"self":[{"href":"https:\/\/deep-space-astronomy.ch\/de\/wp-json\/wp\/v2\/product\/1793","targetHints":{"allow":["GET"]}}],"collection":[{"href":"https:\/\/deep-space-astronomy.ch\/de\/wp-json\/wp\/v2\/product"}],"about":[{"href":"https:\/\/deep-space-astronomy.ch\/de\/wp-json\/wp\/v2\/types\/product"}],"replies":[{"embeddable":true,"href":"https:\/\/deep-space-astronomy.ch\/de\/wp-json\/wp\/v2\/comments?post=1793"}],"wp:featuredmedia":[{"embeddable":true,"href":"https:\/\/deep-space-astronomy.ch\/de\/wp-json\/wp\/v2\/media\/4375"}],"wp:attachment":[{"href":"https:\/\/deep-space-astronomy.ch\/de\/wp-json\/wp\/v2\/media?parent=1793"}],"wp:term":[{"taxonomy":"product_brand","embeddable":true,"href":"https:\/\/deep-space-astronomy.ch\/de\/wp-json\/wp\/v2\/product_brand?post=1793"},{"taxonomy":"product_cat","embeddable":true,"href":"https:\/\/deep-space-astronomy.ch\/de\/wp-json\/wp\/v2\/product_cat?post=1793"},{"taxonomy":"product_tag","embeddable":true,"href":"https:\/\/deep-space-astronomy.ch\/de\/wp-json\/wp\/v2\/product_tag?post=1793"}],"curies":[{"name":"wp","href":"https:\/\/api.w.org\/{rel}","templated":true}]}}