{"id":2099,"date":"2025-01-05T18:13:37","date_gmt":"2025-01-05T17:13:37","guid":{"rendered":"https:\/\/deep-space-astronomy.geekworkers.dev\/?post_type=product&#038;p=2099"},"modified":"2025-06-03T10:37:46","modified_gmt":"2025-06-03T08:37:46","slug":"monture-celestron-cgx-l-complete","status":"publish","type":"product","link":"https:\/\/deep-space-astronomy.ch\/de\/produkt\/monture-celestron-cgx-l-complete\/","title":{"rendered":"Celestron CGX-L Montierung komplett"},"content":{"rendered":"<h3 style=\"text-align: center; font-weight: bold;\">Celestron CGX-L \u00c4quatoriale Montierung: Leistung und Pr\u00e4zision f\u00fcr die Astrofotografie<\/h3>\n<p>Das Gestell <strong>CGX-L<\/strong> von Celestron ist die ultimative Wahl f\u00fcr anspruchsvolle Astrofotografen und Amateursternwarten. Es wurde f\u00fcr die schwersten Konfigurationen entwickelt und kombiniert mechanische Spitzenleistung, ergonomisches Design und fortschrittliche Funktionen f\u00fcr ein unvergleichliches Erlebnis bei der Beobachtung und Fotografie des Himmels.<\/p>\n<h3><strong>Beeindruckende Ladekapazit\u00e4t<\/strong><\/h3>\n<p>- <strong>Tragf\u00e4higkeit 34 kg (75 lb)<\/strong> : Erm\u00f6glicht den Transport gro\u00dfer optischer R\u00f6hren, wie z. B. des C14 EdgeHD, mit allem notwendigen Zubeh\u00f6r.<\/p>\n<p>- <strong>Au\u00dfergew\u00f6hnliches Gewichts-\/Kapazit\u00e4tsverh\u00e4ltnis<\/strong> : Ideal f\u00fcr schwere Konfigurationen in der Astrofotografie mit hoher Stabilit\u00e4t.<\/p>\n<h3><strong>\u00dcberlegene Leistung<\/strong><\/h3>\n<p>- <strong>144 mm Messingzahnr\u00e4der<\/strong> : Garantieren ein fl\u00fcssiges und pr\u00e4zises Training, auch bei hohen Belastungen.<\/p>\n<p>- <strong>Verst\u00e4rktes Riemenantriebssystem<\/strong> : Weniger Backlash und optimierter Betrieb f\u00fcr lange Imaging-Sessions.<\/p>\n<p>- <strong>31,5-mm-Gegengewichtswelle aus rostfreiem Stahl<\/strong> : Entwickelt, um mehrere Gegengewichte zu tragen, ohne sich zu verbiegen.<\/p>\n<figure style=\"text-align: center;\"><img fetchpriority=\"high\" decoding=\"async\" src=\"https:\/\/cdn.shopify.com\/s\/files\/1\/1935\/4371\/files\/CGX-L_Precision_Tracking_M51.jpg?3096810873727709086\" alt=\"CGX M51\" width=\"454\" height=\"563\" \/><figcaption>Sternform in einer 5-min\u00fctigen gef\u00fchrten Belichtung bei 2800mm (!!) Brennweite unter einem turbulenten Himmel. Schwer zu \u00fcbertreffen!<\/figcaption><\/figure>\n<h3><strong>Technologie f\u00fcr die Astrofotografie<\/strong><\/h3>\n<p>- <strong>Erweitertes Kabelmanagement<\/strong> : Die Stromeingangsanschl\u00fcsse und das Zubeh\u00f6r bleiben w\u00e4hrend der Bewegungen der Montierung fixiert, wodurch die Gefahr von Verwicklungen verringert wird.<\/p>\n<p>- <strong>Interne optische Sensoren<\/strong> : Erkennen mechanische Begrenzungen und erm\u00f6glichen nach einem Neustart eine automatische R\u00fcckkehr in die urspr\u00fcngliche Position.<\/p>\n<p>- <strong>All-Star Polar Alignment<\/strong> Polausrichtungsverfahren: Ein schnelles und genaues Polausrichtungsverfahren, das jeden hellen Stern verwendet, ohne dass zus\u00e4tzliches Zubeh\u00f6r erforderlich ist.<\/p>\n<p>- <strong>Multi-Point Mount Modeling<\/strong> PWI-Software: Mit der von PlaneWave Instruments mitentwickelten PWI-Software erhalten Sie eine au\u00dfergew\u00f6hnliche Zielgenauigkeit bei langen Belichtungszeiten.<\/p>\n<h3><strong>Ergonomisches und robustes Design<\/strong><\/h3>\n<p>- <strong>Massives Dreibeinstativ aus Edelstahl mit 70-mm-Beinen<\/strong> : Erh\u00f6hte Stabilit\u00e4t f\u00fcr schwere Lasten, mit einstellbarer H\u00f6he durch eingravierte Markierungen.<\/p>\n<p>- <strong>270 mm Schwalbenschwanzsattel<\/strong> : Kompatibel mit Vixen- und Losmandy-Schwalbenschw\u00e4nzen, die eine optimale Unterst\u00fctzung f\u00fcr gro\u00dfe optische R\u00f6hren bieten.<\/p>\n<p>- <strong>Integrierte Griffe<\/strong> : Vereinfachen den Transport und die Installation.<\/p>\n<p>- <strong>Ergonomisches Einstellungssystem<\/strong> : Breitengrad und Azimut lassen sich dank Teflonlagern und ergonomischen Kn\u00f6pfen auch bei voller Belastung reibungslos einstellen.<\/p>\n<h3><strong>Erweiterte elektronische Eigenschaften<\/strong><\/h3>\n<p>- <strong>NexStar+ Controller mit USB-Anschluss<\/strong> : Steuern Sie Ihre Montierung mit der mitgelieferten PWI-Software direkt von Ihrem PC aus.<\/p>\n<p>- <strong>USB 2.0-Anschluss und 2 Autoguider-Anschl\u00fcsse<\/strong> : Optimiert f\u00fcr fortgeschrittene Astrofotografie-Konfigurationen.<\/p>\n<p>- <strong>Interne Echtzeituhr<\/strong> : Beh\u00e4lt die Orts- und Zeitinformationen zwischen den Sitzungen bei.<\/p>\n<p>- <strong>Genaue Verfolgung<\/strong> : Unterst\u00fctzt lange Belichtungszeiten mit angepassten Nachf\u00fchrgeschwindigkeiten f\u00fcr eine Genauigkeit im Sub-Arksekundenbereich.<\/p>\n<h3><strong>Astrofotografische Spitzenerfahrungen<\/strong><\/h3>\n<p>- <strong>Unvergleichliche Stabilit\u00e4t<\/strong> : Entwickelt f\u00fcr lange Ausstellungen mit komplexen Konfigurationen.<\/p>\n<p>- <strong>Kompatibel mit erweitertem Zubeh\u00f6r<\/strong> : Beinhaltet Unterst\u00fctzung f\u00fcr Module wie SkyPortal WiFi und StarSense AutoAlign f\u00fcr eine pr\u00e4zise automatische Ausrichtung.<\/p>\n<p>- <strong>Optimiert f\u00fcr gro\u00dfe Teleskope<\/strong> : Getestet mit 14-Zoll-Tuben und Brennweitenreduzierern, um detaillierte Bilder von Objekten wie der Whirlpool-Galaxie (M51) aufzunehmen.<\/p>\n<p>Die <strong>Celestron CGX-L<\/strong> ist eine Montierung, die entwickelt wurde, um die Grenzen der Astrofotografie zu erweitern. Mit einer hohen Belastbarkeit, kompromissloser Genauigkeit und Funktionen, die f\u00fcr Amateursternwarten oder Ferninstallationen geeignet sind, ist sie die perfekte Wahl f\u00fcr passionierte Astronomen und Nachthimmelfotografen. <strong>Verwirklichen Sie Ihre astrofotografischen Ambitionen mit der CGX-L.<\/strong><\/p>\n<h3 style=\"margin-top: 2em; font-weight: bold;\">Mark V Binokulartubus - Ein au\u00dfergew\u00f6hnliches Sehverm\u00f6gen, entwickelt von Carl Zeiss<\/h3>\n<p>G\u00f6nnen Sie sich das ultimative Beobachtungserlebnis mit der <strong>binokularer Kopf Mark V<\/strong>ein unvergleichliches St\u00fcck optischer Ingenieurskunst, das von den Experten von <strong>Carl Zeiss<\/strong>, die weltweit f\u00fcr ihr au\u00dfergew\u00f6hnliches Know-how in der Pr\u00e4zisionsoptik bekannt sind.<\/p>\n<h3><strong>Ein legend\u00e4res optisches Design<\/strong><\/h3>\n<p>Das optische Design von Carl Zeiss sorgt f\u00fcr au\u00dfergew\u00f6hnliche Klarheit und Sch\u00e4rfe. Jedes 30-mm-Prisma wurde so pr\u00e4zise geschliffen, dass es selbst bei extremen Vergr\u00f6\u00dferungen perfekte Bilder liefert. Mit mehrschichtigen Antireflexbeschichtungen bei <strong>7 Schichten<\/strong>Dieser Binokulartubus bietet eine un\u00fcbertroffene Lichttransmission und leuchtende Kontraste.<\/p>\n<h3><strong>Beeindruckende technische Details<\/strong><\/h3>\n<p>- <strong>Kollimationsgenauigkeit<\/strong> : Auf einer optischen Bank von Carl Zeiss bei 1000-facher Vergr\u00f6\u00dferung getestet, um eine perfekte Orthogonalit\u00e4t zu gew\u00e4hrleisten.<\/p>\n<p>- <strong>Hochleistungs-Strahlteiler<\/strong> : Mit einer dielektrischen Schicht, die f\u00fcr helle und scharfe Bilder sorgt.<\/p>\n<p>- <strong>Innovatives ClickLock\u00ae-System<\/strong> : Befestigen Sie Ihre Okulare schnell und fest mit einer einfachen Drehung.<\/p>\n<p>- <strong>Korrektur der sph\u00e4rischen Aberration<\/strong> : Glaspfadkorrektoren, die auf Zeiss-Berechnungen basieren, eliminieren Farbfehler und optimieren die Leistung bei kurzbrennweitigen Teleskopen.<\/p>\n<h3><strong>Ein verwandeltes Binokular-Erlebnis<\/strong><\/h3>\n<p>Wussten Sie, dass das binokulare Sehen das volle Potenzial Ihres Gehirns aussch\u00f6pft? Durch die Verwendung beider Augen kombiniert Ihr Geist visuelle Daten, um ein reichhaltigeres, sch\u00e4rferes und immersiveres Bild zu erzeugen. Mit dem Mark V Binokulartubus genie\u00dfen Sie einen unvergleichlichen Sehkomfort: keine Erm\u00fcdungserscheinungen mehr und entspanntes, l\u00e4ngeres Beobachten.<\/p>\n<h3><strong>An alle Teleskope anpassbar<\/strong><\/h3>\n<p>Dank seiner <strong>breite Kompatibilit\u00e4t mit Teleskopen<\/strong>Von Schmidt-Cassegrain bis hin zu kurzen Refraktoren ist die Mark V ein vielseitiges Werkzeug, das Ihre astronomischen Beobachtungen auf ein neues Niveau hebt. Mit dem mitgelieferten Zubeh\u00f6r, wie dem ClickLock\u00ae-System und den Wegkorrektoren, k\u00f6nnen Sie es ganz einfach in Ihre Ausr\u00fcstung integrieren.<\/p>\n<h3><strong>Warum Mark V w\u00e4hlen?<\/strong><\/h3>\n<p>- <strong>Qualit\u00e4t Made in Germany<\/strong> : Hergestellt unter strengen Standards von Carl Zeiss.<\/p>\n<p>- <strong>Ein einzigartiges St\u00fcck<\/strong> : Das fortschrittlichste Binokular, das das Unternehmen je entwickelt hat.<\/p>\n<p>- <strong>Entwickelt f\u00fcr anspruchsvolle Astronomie<\/strong> : Tadellose Leistung auch unter den anspruchsvollsten Bedingungen.<\/p>\n<p>\ud83c\udf1f <strong>G\u00f6nnen Sie sich optische Exzellenz mit dem Mark V Binokulartubus - dort, wo Innovation und Tradition aufeinandertreffen, um ein einzigartiges Seherlebnis zu bieten.<\/strong> \ud83c\udf1f<\/p>","protected":false},"excerpt":{"rendered":"<p>Monture \u00c9quatoriale Celestron CGX-L : Puissance et Pr\u00e9cision pour l\u2019Astrophotographie La monture CGX-L de Celestron est le choix ultime pour les astrophotographes exigeants et les observatoires amateurs. Con\u00e7ue pour supporter les configurations les plus lourdes, elle combine des performances m\u00e9caniques de pointe, une conception ergonomique et des fonctionnalit\u00e9s avanc\u00e9es pour une exp\u00e9rience d\u2019observation et de [&hellip;]<\/p>\n","protected":false},"featured_media":2098,"comment_status":"open","ping_status":"closed","template":"","meta":[],"product_brand":[413],"product_cat":[762,20],"product_tag":[],"class_list":{"0":"post-2099","1":"product","2":"type-product","3":"status-publish","4":"has-post-thumbnail","6":"product_brand-celestron","7":"product_cat-equatoriales","8":"product_cat-montures","10":"first","11":"on_supplier","12":"taxable","13":"shipping-taxable","14":"purchasable","15":"product-type-simple"},"_links":{"self":[{"href":"https:\/\/deep-space-astronomy.ch\/de\/wp-json\/wp\/v2\/product\/2099","targetHints":{"allow":["GET"]}}],"collection":[{"href":"https:\/\/deep-space-astronomy.ch\/de\/wp-json\/wp\/v2\/product"}],"about":[{"href":"https:\/\/deep-space-astronomy.ch\/de\/wp-json\/wp\/v2\/types\/product"}],"replies":[{"embeddable":true,"href":"https:\/\/deep-space-astronomy.ch\/de\/wp-json\/wp\/v2\/comments?post=2099"}],"wp:featuredmedia":[{"embeddable":true,"href":"https:\/\/deep-space-astronomy.ch\/de\/wp-json\/wp\/v2\/media\/2098"}],"wp:attachment":[{"href":"https:\/\/deep-space-astronomy.ch\/de\/wp-json\/wp\/v2\/media?parent=2099"}],"wp:term":[{"taxonomy":"product_brand","embeddable":true,"href":"https:\/\/deep-space-astronomy.ch\/de\/wp-json\/wp\/v2\/product_brand?post=2099"},{"taxonomy":"product_cat","embeddable":true,"href":"https:\/\/deep-space-astronomy.ch\/de\/wp-json\/wp\/v2\/product_cat?post=2099"},{"taxonomy":"product_tag","embeddable":true,"href":"https:\/\/deep-space-astronomy.ch\/de\/wp-json\/wp\/v2\/product_tag?post=2099"}],"curies":[{"name":"wp","href":"https:\/\/api.w.org\/{rel}","templated":true}]}}