{"id":2115,"date":"2025-01-05T19:31:05","date_gmt":"2025-01-05T18:31:05","guid":{"rendered":"https:\/\/deep-space-astronomy.geekworkers.dev\/?post_type=product&#038;p=2115"},"modified":"2025-06-03T10:37:46","modified_gmt":"2025-06-03T08:37:46","slug":"2115","status":"publish","type":"product","link":"https:\/\/deep-space-astronomy.ch\/de\/produkt\/2115\/","title":{"rendered":"Binokularer Kopf Mark V"},"content":{"rendered":"<h3 style=\"text-align: center\"><strong>Mark V Binokulartubus - Ein au\u00dfergew\u00f6hnliches Sehverm\u00f6gen, entwickelt von Carl Zeiss<\/strong><\/h3>\n<p>G\u00f6nnen Sie sich das ultimative Beobachtungserlebnis mit der <strong>binokularer Kopf Mark V<\/strong>ein unvergleichliches St\u00fcck optischer Ingenieurskunst, das von den Experten von <strong>Carl Zeiss<\/strong>, die weltweit f\u00fcr ihr au\u00dfergew\u00f6hnliches Know-how in der Pr\u00e4zisionsoptik bekannt sind.<\/p>\n<h3><strong>Ein legend\u00e4res optisches Design<\/strong><\/h3>\n<p>Das optische Design von Carl Zeiss sorgt f\u00fcr au\u00dfergew\u00f6hnliche Klarheit und Sch\u00e4rfe. Jedes 30-mm-Prisma wurde so pr\u00e4zise geschliffen, dass es selbst bei extremen Vergr\u00f6\u00dferungen perfekte Bilder liefert. Mit mehrschichtigen Antireflexbeschichtungen bei <strong>7 Schichten<\/strong>Dieser Binokulartubus bietet eine un\u00fcbertroffene Lichttransmission und leuchtende Kontraste.<\/p>\n<h3><strong>Beeindruckende technische Details<\/strong><\/h3>\n<ul>\n<li><strong>Kollimationsgenauigkeit<\/strong> - Auf einer optischen Bank von Carl Zeiss bei 1000-facher Vergr\u00f6\u00dferung getestet, um eine perfekte Orthogonalit\u00e4t zu gew\u00e4hrleisten.<\/li>\n<li><strong>Hochleistungs-Strahlteiler<\/strong> - Mit einer dielektrischen Schicht, die f\u00fcr helle und scharfe Bilder sorgt.<\/li>\n<li><strong>Innovatives ClickLock\u00ae-System<\/strong> - Befestigen Sie Ihre Okulare schnell und fest mit einer einfachen Drehung.<\/li>\n<li><strong>Korrektur der sph\u00e4rischen Aberration<\/strong> - Glaspfadkorrektoren, die auf Zeiss-Berechnungen basieren, eliminieren Farbfehler und optimieren die Leistung bei kurzbrennweitigen Teleskopen.<\/li>\n<\/ul>\n<h3><strong>Ein verwandeltes Binokular-Erlebnis<\/strong><\/h3>\n<p>Wussten Sie, dass das binokulare Sehen das volle Potenzial Ihres Gehirns aussch\u00f6pft? Durch die Verwendung beider Augen kombiniert Ihr Geist visuelle Daten, um ein reichhaltigeres, sch\u00e4rferes und immersiveres Bild zu erzeugen. Mit dem Mark V Binokulartubus genie\u00dfen Sie einen unvergleichlichen Sehkomfort: keine Erm\u00fcdungserscheinungen mehr, sondern entspanntes und langes Beobachten.<\/p>\n<h3><strong>An alle Teleskope anpassbar<\/strong><\/h3>\n<p>Dank seiner <strong>breite Kompatibilit\u00e4t mit Teleskopen<\/strong> - von Schmidt-Cassegrain bis zu kurzen Refraktoren - die Mark V ist ein vielseitiges Werkzeug, das Ihre astronomischen Beobachtungen auf neue H\u00f6hen hebt. Das mitgelieferte Zubeh\u00f6r, wie das ClickLock\u00ae-System und die Pfadkorrekturen, erm\u00f6glichen eine einfache Integration in Ihre Ausr\u00fcstung.<\/p>\n<h3><strong>Warum Sie sich f\u00fcr die Mark V entscheiden sollten?&lt;\/st<\/p>","protected":false},"excerpt":{"rendered":"<p>T\u00eate Binoculaire Mark V &#8211; Une Vision d\u2019Exception Con\u00e7ue par Carl Zeiss Offrez-vous l\u2019exp\u00e9rience ultime d\u2019observation avec la t\u00eate binoculaire Mark V, une pi\u00e8ce d\u2019ing\u00e9nierie optique incomparable, con\u00e7ue par les experts de Carl Zeiss, mondialement reconnus pour leur savoir-faire exceptionnel en optique de pr\u00e9cision. Une Conception Optique de L\u00e9gende Le design optique sign\u00e9 Carl Zeiss [&hellip;]<\/p>\n","protected":false},"featured_media":2117,"comment_status":"open","ping_status":"closed","template":"","meta":[],"product_brand":[624],"product_cat":[625],"product_tag":[],"class_list":{"0":"post-2115","1":"product","2":"type-product","3":"status-publish","4":"has-post-thumbnail","6":"product_brand-baader","7":"product_cat-binoculaires","9":"first","10":"on_supplier","11":"taxable","12":"shipping-taxable","13":"purchasable","14":"product-type-simple"},"_links":{"self":[{"href":"https:\/\/deep-space-astronomy.ch\/de\/wp-json\/wp\/v2\/product\/2115","targetHints":{"allow":["GET"]}}],"collection":[{"href":"https:\/\/deep-space-astronomy.ch\/de\/wp-json\/wp\/v2\/product"}],"about":[{"href":"https:\/\/deep-space-astronomy.ch\/de\/wp-json\/wp\/v2\/types\/product"}],"replies":[{"embeddable":true,"href":"https:\/\/deep-space-astronomy.ch\/de\/wp-json\/wp\/v2\/comments?post=2115"}],"wp:featuredmedia":[{"embeddable":true,"href":"https:\/\/deep-space-astronomy.ch\/de\/wp-json\/wp\/v2\/media\/2117"}],"wp:attachment":[{"href":"https:\/\/deep-space-astronomy.ch\/de\/wp-json\/wp\/v2\/media?parent=2115"}],"wp:term":[{"taxonomy":"product_brand","embeddable":true,"href":"https:\/\/deep-space-astronomy.ch\/de\/wp-json\/wp\/v2\/product_brand?post=2115"},{"taxonomy":"product_cat","embeddable":true,"href":"https:\/\/deep-space-astronomy.ch\/de\/wp-json\/wp\/v2\/product_cat?post=2115"},{"taxonomy":"product_tag","embeddable":true,"href":"https:\/\/deep-space-astronomy.ch\/de\/wp-json\/wp\/v2\/product_tag?post=2115"}],"curies":[{"name":"wp","href":"https:\/\/api.w.org\/{rel}","templated":true}]}}