{"id":2123,"date":"2025-01-06T08:36:33","date_gmt":"2025-01-06T07:36:33","guid":{"rendered":"https:\/\/deep-space-astronomy.geekworkers.dev\/?post_type=product&#038;p=2123"},"modified":"2025-06-03T10:37:46","modified_gmt":"2025-06-03T08:37:46","slug":"oculaires-baader-morpheus-76-kit-6-pieces-125","status":"publish","type":"product","link":"https:\/\/deep-space-astronomy.ch\/de\/produkt\/oculaires-baader-morpheus-76-kit-6-pieces-125\/","title":{"rendered":"Baader Morpheus 76\u00b0 Okulare - Set 6 St\u00fcck (1,25\u2033)"},"content":{"rendered":"<h3 style=\"text-align: center\"><strong>Kompletter Satz Morpheus\u00ae 76\u00b0 Okulare - Ein au\u00dfergew\u00f6hnliches Seherlebnis<\/strong><\/h3>\n<p>Tauchen Sie ein in die kompromisslose astronomische Beobachtung mit dem kompletten Set von <strong>Morpheus\u00ae 76\u00b0-Okulare<\/strong>, das entwickelt wurde, um anspruchsvolle Astronomen zufrieden zu stellen. Diese hochwertigen Okulare bieten au\u00dfergew\u00f6hnliche Sch\u00e4rfe bis zum Rand, un\u00fcbertroffenen Komfort und eine herausragende mechanische und optische Leistung.<\/p>\n<h3><strong>Un\u00fcbertroffene optische Leistung<\/strong><\/h3>\n<ul>\n<li><strong>Scharfe Sterne bis zum Rand<\/strong> - Das 76\u00b0-Sichtfeld garantiert eine au\u00dfergew\u00f6hnliche Sch\u00e4rfe \u00fcber das gesamte flache Feld. Die Leistung konkurriert mit den ber\u00fchmten Zeiss Abbe II-Okularen, bietet aber ein viel gr\u00f6\u00dferes Feld. Selbst bei schnellen Teleskopen bleiben die Sterne perfekt definiert, ohne Feldkr\u00fcmmung.<\/li>\n<li><strong>Minimale Verzerrung<\/strong> - Das fortschrittliche Design des Morpheus\u00ae reduziert Winkelverzerrungen, um die Treue der Himmelsformen zu bewahren.<\/li>\n<li><strong>Austrittseffekt im Weltraum<\/strong> - Mit ihrem immersiven Design lassen Sie diese Okulare buchst\u00e4blich in das Herz der Sterne eintauchen und schaffen ein visuelles Erlebnis, bei dem die R\u00e4nder des Feldes zu verschwinden scheinen.<\/li>\n<\/ul>\n<h3><strong>\u00dcberlegener Komfort und Anpassungsf\u00e4higkeit<\/strong><\/h3>\n<ul>\n<li><strong>Optimierte Augenfreiheit<\/strong> - Mit fast 20 mm sind diese Okulare f\u00fcr Brillentr\u00e4ger geeignet und garantieren maximalen Komfort bei langen Beobachtungen.<\/li>\n<li><strong>Geeignet f\u00fcr binokulare Beobachtung<\/strong> - Ihr schlankes und leichtes Design bietet eine perfekte Kompatibilit\u00e4t mit binokularen Ferngl\u00e4sern, keine Vignettierung und eine Ergonomie, die f\u00fcr alle Nasenformen geeignet ist.<\/li>\n<li><strong>Lumineszierende Markierungen<\/strong> - Die Gravuren leuchten im Dunkeln, sodass Sie die Brennweiten auch bei v\u00f6lliger Dunkelheit leicht erkennen k\u00f6nnen.<\/li>\n<\/ul>\n<h3><strong>Vielseitigkeit bei Foto und Video<\/strong><\/h3>\n<p>Jedes Okular ist mit einem M43-Gewinde ausgestattet, ideal f\u00fcr :<\/p>\n<ul>\n<li>Fotografie durch afokale oder okulare Projektion.<\/li>\n<li>Kompatibilit\u00e4t mit den besten Kameras \u00fcber T-2- oder SP54-Adapterringe.<\/li>\n<\/ul>\n<p>Dank dieses Designs ist das Morpheus\u00ae-Set ein wertvolles Werkzeug, um atemberaubende Bilder des Universums einzufangen.<\/p>\n<h3><strong>Inhalt des Komplettpakets<\/strong><\/h3>\n<p>Dieses Ensemble vereint die <strong>sechs Brennpunkte<\/strong> der Morpheus\u00ae -Reihe:<\/p>\n<p><strong>4,5 mm, 6,5 mm, 9 mm, 12,5 mm, 14 mm und 17,5 mm<\/strong> - die alle Anwendungen vom Planeten bis zum Deep Sky abdecken.<\/p>\n<p>Er beinhaltet au\u00dferdem :<\/p>\n<ul>\n<li><strong>Ein Etui f\u00fcr Hyperion\u00ae\/Morpheus\u00ae-Okulare<\/strong> (Wert: 80 .-).<\/li>\n<li><strong>Eine Baader Utility Bag<\/strong> f\u00fcr Zubeh\u00f6r (Wert: 10 .-).<\/li>\n<li><strong>Faltbare Augenmuscheln<\/strong> und Zubeh\u00f6r f\u00fcr die Einstellung des Augenabstandes.<\/li>\n<li><strong>Brennweitenindex-Clips<\/strong> f\u00fcr eine schnelle Identifizierung.<\/li>\n<li><strong>Ein ausf\u00fchrliches Handbuch<\/strong> von 12 Seiten mit Anwendungsbeispielen und einer vollst\u00e4ndigen Liste des kompatiblen Zubeh\u00f6rs.<\/li>\n<\/ul>\n<h3><strong>Technische Eigenschaften<\/strong><\/h3>\n<ul>\n<li><strong>Leichte und robuste Konstruktion<\/strong> - Ideal f\u00fcr die Verwendung an binokularen K\u00f6pfen.<\/li>\n<li><strong>Phantom Coating\u00ae optimiert<\/strong> - Reduziert Reflexionen und verbessert die Lichtdurchl\u00e4ssigkeit.<\/li>\n<li><strong>Optimierte interne \u00d6ffnungen<\/strong> - Beseitigen effektiv Streulicht.<\/li>\n<\/ul>\n<h3 style=\"text-align: center\"><strong>Eine kompromisslose Wahl f\u00fcr anspruchsvolle Astronomen<\/strong><\/h3>\n<p>Mit ihrer optischen Pr\u00e4zision, ihrer mechanischen Vielseitigkeit und ihrem innovativen Design sind die Okulare <strong>Morpheus\u00ae 76\u00b0<\/strong> sind viel mehr als nur ein Accessoire. Sie sind das perfekte Werkzeug, um das Universum zu erkunden, sei es bei der Beobachtung oder beim Fotografieren.<\/p>","protected":false},"excerpt":{"rendered":"<p>Ensemble Complet d\u2019Oculaires Morpheus\u00ae 76\u00b0 \u2013 Une Exp\u00e9rience Visuelle Exceptionnelle Plongez dans une observation astronomique sans compromis avec l\u2019ensemble complet des oculaires Morpheus\u00ae 76\u00b0, con\u00e7u pour satisfaire les astronomes exigeants. Ces oculaires haut de gamme offrent une nettet\u00e9 exceptionnelle jusqu\u2019au bord, un confort in\u00e9gal\u00e9 et des performances m\u00e9caniques et optiques hors pair. Des Performances Optiques [&hellip;]<\/p>\n","protected":false},"featured_media":2224,"comment_status":"open","ping_status":"closed","template":"","meta":[],"product_brand":[624],"product_cat":[19,368,695],"product_tag":[],"class_list":{"0":"post-2123","1":"product","2":"type-product","3":"status-publish","4":"has-post-thumbnail","6":"product_brand-baader","7":"product_cat-accessoires","8":"product_cat-visuel","9":"product_cat-oculaires-et-smart-oculaires","11":"first","12":"on_supplier","13":"taxable","14":"shipping-taxable","15":"purchasable","16":"product-type-simple"},"_links":{"self":[{"href":"https:\/\/deep-space-astronomy.ch\/de\/wp-json\/wp\/v2\/product\/2123","targetHints":{"allow":["GET"]}}],"collection":[{"href":"https:\/\/deep-space-astronomy.ch\/de\/wp-json\/wp\/v2\/product"}],"about":[{"href":"https:\/\/deep-space-astronomy.ch\/de\/wp-json\/wp\/v2\/types\/product"}],"replies":[{"embeddable":true,"href":"https:\/\/deep-space-astronomy.ch\/de\/wp-json\/wp\/v2\/comments?post=2123"}],"wp:featuredmedia":[{"embeddable":true,"href":"https:\/\/deep-space-astronomy.ch\/de\/wp-json\/wp\/v2\/media\/2224"}],"wp:attachment":[{"href":"https:\/\/deep-space-astronomy.ch\/de\/wp-json\/wp\/v2\/media?parent=2123"}],"wp:term":[{"taxonomy":"product_brand","embeddable":true,"href":"https:\/\/deep-space-astronomy.ch\/de\/wp-json\/wp\/v2\/product_brand?post=2123"},{"taxonomy":"product_cat","embeddable":true,"href":"https:\/\/deep-space-astronomy.ch\/de\/wp-json\/wp\/v2\/product_cat?post=2123"},{"taxonomy":"product_tag","embeddable":true,"href":"https:\/\/deep-space-astronomy.ch\/de\/wp-json\/wp\/v2\/product_tag?post=2123"}],"curies":[{"name":"wp","href":"https:\/\/api.w.org\/{rel}","templated":true}]}}