{"id":2227,"date":"2025-01-06T11:37:33","date_gmt":"2025-01-06T10:37:33","guid":{"rendered":"https:\/\/deep-space-astronomy.geekworkers.dev\/?post_type=product&#038;p=2227"},"modified":"2025-06-03T10:37:46","modified_gmt":"2025-06-03T08:37:46","slug":"jeu-complet-doculaires-hyperion-68-de-champ","status":"publish","type":"product","link":"https:\/\/deep-space-astronomy.ch\/de\/produkt\/jeu-complet-doculaires-hyperion-68-de-champ\/","title":{"rendered":"Kompletter Satz Hyperion-Okulare 68\u00b0 Feldst\u00e4rke"},"content":{"rendered":"<h3 style=\"text-align: center\"><strong>Hyperion\u00ae 68\u00b0 Okularset - Un\u00fcbertroffene optische Leistung und Modularit\u00e4t<\/strong><\/h3>\n<p>Verwandeln Sie Ihre Beobachtungsn\u00e4chte mit dem <strong>Kompletter Satz Hyperion\u00ae 68\u00b0-Okulare<\/strong>sind ein Muss, um das Beste aus Ihrem Teleskop herauszuholen. Dank ihres modularen Designs und ihrer fortschrittlichen optischen Pr\u00e4zision bieten diese Okulare ein au\u00dfergew\u00f6hnliches Seherlebnis zu einem bemerkenswerten Preis-Leistungs-Verh\u00e4ltnis.<\/p>\n<h3><strong>\u00dcberlegene optische Qualit\u00e4t<\/strong><\/h3>\n<ul>\n<li><strong>Breites Sichtfeld von 68\u00b0<\/strong> - Hyperion\u00ae-Okulare bieten konstante Sch\u00e4rfe und Kontrast \u00fcber die gesamte Breite des Feldes und sind ideal f\u00fcr die pr\u00e4zise Erforschung von Himmelsobjekten.<\/li>\n<li><strong>Phantom Coating\u00ae-Beschichtung<\/strong> - Diese 7-lagige Mehrschichtverg\u00fctung optimiert die Lichtdurchl\u00e4ssigkeit und minimiert Reflexionen, sodass selbst bei schlechten Lichtverh\u00e4ltnissen eine au\u00dfergew\u00f6hnliche Helligkeit und ein Bild ohne Lichtstreuung gew\u00e4hrleistet sind.<\/li>\n<\/ul>\n<h3><strong>Un\u00fcbertroffener Komfort<\/strong><\/h3>\n<ul>\n<li><strong>Gro\u00dfz\u00fcgiger Augenabstand (20 mm)<\/strong> - Perfekt f\u00fcr l\u00e4ngere Beobachtungen, auch f\u00fcr Brillentr\u00e4ger.<\/li>\n<li><strong>Faltbare und gefl\u00fcgelte Augenmuscheln<\/strong> - Sch\u00fctzen vor Streulicht und erm\u00f6glichen eine einfache Anpassung f\u00fcr eine optimale Sicht.<\/li>\n<\/ul>\n<h3><strong>Anpassungsf\u00e4higkeit und Vielseitigkeit<\/strong><\/h3>\n<ul>\n<li><strong>Doppelter Anschluss 1,25\" und 2\"<\/strong> - Kompatibilit\u00e4t mit fast allen verf\u00fcgbaren Teleskopen f\u00fcr absolute Flexibilit\u00e4t.<\/li>\n<li><strong>Einzigartige Modularit\u00e4t<\/strong> - Erm\u00f6glicht das Einstellen der Brennweite mithilfe der 14 mm und 28 mm Feineinstellringe (separat erh\u00e4ltlich), sodass Sie Ihre Vergr\u00f6\u00dferungen an Ihre Bed\u00fcrfnisse anpassen k\u00f6nnen.<\/li>\n<li><strong>Intelligenter Stoppring<\/strong> - Stellen Sie die Einf\u00fchrtiefe der Okulare pr\u00e4zise ein, um schnell und bequem fokussieren zu k\u00f6nnen.<\/li>\n<\/ul>\n<h3><strong>Eine umfassende Ausstattung<\/strong><\/h3>\n<p>Das Spiel enth\u00e4lt alle wichtigen Brennpunkte der Hyperion\u00ae -Reihe:<\/p>\n<p><strong>5 mm, 8 mm, 10 mm, 13 mm, 17 mm, 21 mm und 24 mm<\/strong> - die ein breites Spektrum an Anwendungen abdecken, von Planeten bis hin zu Deep-Sky-Objekten.<\/p>\n<p>Jedes Okular wird geliefert mit :<\/p>\n<ul>\n<li><strong>Robustes Aufbewahrungsetui<\/strong> - Zum Schutz deiner Ausr\u00fcstung, wenn du unterwegs bist.<\/li>\n<li><strong>Staubschutzkappen<\/strong> - Um die Sauberkeit und Qualit\u00e4t der Linsen zu erhalten.<\/li>\n<li><strong>Ausf\u00fchrliches Handbuch<\/strong> - Ein 6-seitiger Leitfaden, der die Einstellungsm\u00f6glichkeiten und technischen Daten erl\u00e4utert.<\/li>\n<\/ul>\n<h3><strong>Ein fortschrittliches Design<\/strong><\/h3>\n<ul>\n<li><strong>Robuste und leichte Konstruktion<\/strong> - Die Hyperion\u00ae-Okulare wurden f\u00fcr eine lange Lebensdauer entwickelt und vereinen dank ihres ergonomischen, rutschfesten Designs Haltbarkeit und Handlichkeit.<\/li>\n<li><strong>Gewinde M48 und M28.5<\/strong> - Kompatibel mit 1,25\"- und 2\"-Astronomiefiltern f\u00fcr zus\u00e4tzliche Flexibilit\u00e4t bei der individuellen Gestaltung Ihrer Beobachtungen.<\/li>\n<li><strong>Anti-Reflex-Optimierung<\/strong> - Die inneren \u00d6ffnungen sind speziell gestaltet, um st\u00f6rende Reflexionen zu reduzieren und eine klare und immersive Sicht zu gew\u00e4hrleisten.<\/li>\n<\/ul>\n<h3><strong>Eine immersive Erfahrung<\/strong><\/h3>\n<p>Die Hyperion\u00ae-Okulare zeichnen sich durch ihre v\u00f6llige Immersion aus. Ihr gro\u00dfes und scharfes Sichtfeld in Verbindung mit der modularen Bauweise vermittelt ein Gef\u00fchl des \"Hinausgehens in den Raum\", ideal f\u00fcr komfortable und lohnende Beobachtungsstunden.<\/p>","protected":false},"excerpt":{"rendered":"<p>Jeu d\u2019Oculaires Hyperion\u00ae 68\u00b0 \u2013 Performances Optiques et Modularit\u00e9 In\u00e9gal\u00e9es Transformez vos nuits d\u2019observation avec le jeu complet d\u2019oculaires Hyperion\u00ae 68\u00b0, un incontournable pour tirer le meilleur parti de votre t\u00e9lescope. Gr\u00e2ce \u00e0 leur conception modulaire et leur pr\u00e9cision optique avanc\u00e9e, ces oculaires offrent une exp\u00e9rience visuelle exceptionnelle avec un rapport qualit\u00e9-prix remarquable. Une Qualit\u00e9 [&hellip;]<\/p>\n","protected":false},"featured_media":2231,"comment_status":"open","ping_status":"closed","template":"","meta":[],"product_brand":[624],"product_cat":[19,368,695],"product_tag":[],"class_list":{"0":"post-2227","1":"product","2":"type-product","3":"status-publish","4":"has-post-thumbnail","6":"product_brand-baader","7":"product_cat-accessoires","8":"product_cat-visuel","9":"product_cat-oculaires-et-smart-oculaires","11":"first","12":"on_supplier","13":"taxable","14":"shipping-taxable","15":"purchasable","16":"product-type-simple"},"_links":{"self":[{"href":"https:\/\/deep-space-astronomy.ch\/de\/wp-json\/wp\/v2\/product\/2227","targetHints":{"allow":["GET"]}}],"collection":[{"href":"https:\/\/deep-space-astronomy.ch\/de\/wp-json\/wp\/v2\/product"}],"about":[{"href":"https:\/\/deep-space-astronomy.ch\/de\/wp-json\/wp\/v2\/types\/product"}],"replies":[{"embeddable":true,"href":"https:\/\/deep-space-astronomy.ch\/de\/wp-json\/wp\/v2\/comments?post=2227"}],"wp:featuredmedia":[{"embeddable":true,"href":"https:\/\/deep-space-astronomy.ch\/de\/wp-json\/wp\/v2\/media\/2231"}],"wp:attachment":[{"href":"https:\/\/deep-space-astronomy.ch\/de\/wp-json\/wp\/v2\/media?parent=2227"}],"wp:term":[{"taxonomy":"product_brand","embeddable":true,"href":"https:\/\/deep-space-astronomy.ch\/de\/wp-json\/wp\/v2\/product_brand?post=2227"},{"taxonomy":"product_cat","embeddable":true,"href":"https:\/\/deep-space-astronomy.ch\/de\/wp-json\/wp\/v2\/product_cat?post=2227"},{"taxonomy":"product_tag","embeddable":true,"href":"https:\/\/deep-space-astronomy.ch\/de\/wp-json\/wp\/v2\/product_tag?post=2227"}],"curies":[{"name":"wp","href":"https:\/\/api.w.org\/{rel}","templated":true}]}}