{"id":2239,"date":"2025-01-06T14:22:28","date_gmt":"2025-01-06T13:22:28","guid":{"rendered":"https:\/\/deep-space-astronomy.geekworkers.dev\/?post_type=product&#038;p=2239"},"modified":"2025-06-03T10:37:46","modified_gmt":"2025-06-03T08:37:46","slug":"tete-binoculaire-baader-maxbright-ii-avec-malette-rigide","status":"publish","type":"product","link":"https:\/\/deep-space-astronomy.ch\/de\/produkt\/tete-binoculaire-baader-maxbright-ii-avec-malette-rigide\/","title":{"rendered":"Baader MaxBright II Binokular-Kopf mit Hartschalenkoffer"},"content":{"rendered":"<h3 style=\"text-align: center\"><strong>Binokular MaxBright II<\/strong><\/h3>\n<h3><strong>Allgemeine Darstellung<\/strong><\/h3>\n<p>Die <strong>MaxBright II Binokular<\/strong> ist ein fortschrittliches Zubeh\u00f6r f\u00fcr Amateurastronomen, die mit beiden Augen beobachten m\u00f6chten, und bietet ein immersives und komfortables Seherlebnis. Es zeichnet sich aus durch :<\/p>\n<ul>\n<li>Von <strong>27-mm-Prismen<\/strong> die ein breites Sichtfeld bietet.<\/li>\n<li>Von <strong>mehrschichtige Beschichtungen<\/strong> f\u00fcr eine maximale Lichtdurchl\u00e4ssigkeit.<\/li>\n<li>Ein System <strong>ClickLock\u00ae<\/strong> innovativ, um die Okulare zu sichern.<\/li>\n<\/ul>\n<h3><strong>Hauptanwendungen<\/strong><\/h3>\n<p>Der MaxBright II ist f\u00fcr :<\/p>\n<ul>\n<li>Eine Verwendung an einer Vielzahl von Teleskopen (Refraktoren, Newton, Schmidt-Cassegrains).<\/li>\n<li>Korrigieren Sie optische Fehler wie chromatische Aberration mit <strong>Glaswegkorrektoren (GWK)<\/strong>.<\/li>\n<li>Liefern auch bei hohen Vergr\u00f6\u00dferungen ein scharfes und helles Bild.<\/li>\n<\/ul>\n<h3><strong>Konfigurationen und Anpassungen<\/strong><\/h3>\n<p>Mit dem verf\u00fcgbaren Zubeh\u00f6r k\u00f6nnen Sie die Verwendung des Binokulars an Ihr Teleskop und Ihre Objektive anpassen :<\/p>\n<p><!-- Images int\u00e9gr\u00e9es --><br \/>\n<img fetchpriority=\"high\" decoding=\"async\" class=\"wp-image-2242 alignleft\" src=\"https:\/\/deep-space-astronomy.ch\/wp-content\/uploads\/2025\/01\/Capture-decran-06.01.2025-a-14.15.01-PM.png\" alt=\"\" width=\"215\" height=\"242\" srcset=\"https:\/\/deep-space-astronomy.ch\/wp-content\/uploads\/2025\/01\/Capture-decran-06.01.2025-a-14.15.01-PM.png 464w, https:\/\/deep-space-astronomy.ch\/wp-content\/uploads\/2025\/01\/Capture-decran-06.01.2025-a-14.15.01-PM-267x300.png 267w\" sizes=\"(max-width: 215px) 100vw, 215px\" \/><br \/>\n<img decoding=\"async\" class=\"wp-image-2241 alignleft\" src=\"https:\/\/deep-space-astronomy.ch\/wp-content\/uploads\/2025\/01\/Capture-decran-06.01.2025-a-14.14.15-PM.png\" alt=\"\" width=\"126\" height=\"257\" srcset=\"https:\/\/deep-space-astronomy.ch\/wp-content\/uploads\/2025\/01\/Capture-decran-06.01.2025-a-14.14.15-PM.png 404w, https:\/\/deep-space-astronomy.ch\/wp-content\/uploads\/2025\/01\/Capture-decran-06.01.2025-a-14.14.15-PM-147x300.png 147w\" sizes=\"(max-width: 126px) 100vw, 126px\" \/><\/p>\n<p>&nbsp;<\/p>\n<p><img decoding=\"async\" class=\"wp-image-2240 alignleft\" src=\"https:\/\/deep-space-astronomy.ch\/wp-content\/uploads\/2025\/01\/Capture-decran-2025-01-06-a-14.11.38-1024x283.png\" alt=\"\" width=\"612\" height=\"169\" srcset=\"https:\/\/deep-space-astronomy.ch\/wp-content\/uploads\/2025\/01\/Capture-decran-2025-01-06-a-14.11.38-1024x283.png 1024w, https:\/\/deep-space-astronomy.ch\/wp-content\/uploads\/2025\/01\/Capture-decran-2025-01-06-a-14.11.38-300x83.png 300w, https:\/\/deep-space-astronomy.ch\/wp-content\/uploads\/2025\/01\/Capture-decran-2025-01-06-a-14.11.38-768x213.png 768w, https:\/\/deep-space-astronomy.ch\/wp-content\/uploads\/2025\/01\/Capture-decran-2025-01-06-a-14.11.38-1536x425.png 1536w, https:\/\/deep-space-astronomy.ch\/wp-content\/uploads\/2025\/01\/Capture-decran-2025-01-06-a-14.11.38-600x166.png 600w, https:\/\/deep-space-astronomy.ch\/wp-content\/uploads\/2025\/01\/Capture-decran-2025-01-06-a-14.11.38.png 1568w\" sizes=\"(max-width: 612px) 100vw, 612px\" \/><\/p>\n<p>&nbsp;<\/p>\n<p>&nbsp;<\/p>\n<p>&nbsp;<\/p>\n<p>&nbsp;<\/p>\n<p>&nbsp;<\/p>\n<p><img loading=\"lazy\" decoding=\"async\" class=\"size-large wp-image-2243 alignleft\" src=\"https:\/\/deep-space-astronomy.ch\/wp-content\/uploads\/2025\/01\/Capture-decran-2025-01-06-a-14.16.36-1024x335.png\" alt=\"\" width=\"800\" height=\"262\" srcset=\"https:\/\/deep-space-astronomy.ch\/wp-content\/uploads\/2025\/01\/Capture-decran-2025-01-06-a-14.16.36-1024x335.png 1024w, https:\/\/deep-space-astronomy.ch\/wp-content\/uploads\/2025\/01\/Capture-decran-2025-01-06-a-14.16.36-300x98.png 300w, https:\/\/deep-space-astronomy.ch\/wp-content\/uploads\/2025\/01\/Capture-decran-2025-01-06-a-14.16.36-768x251.png 768w, https:\/\/deep-space-astronomy.ch\/wp-content\/uploads\/2025\/01\/Capture-decran-2025-01-06-a-14.16.36-1536x503.png 1536w, https:\/\/deep-space-astronomy.ch\/wp-content\/uploads\/2025\/01\/Capture-decran-2025-01-06-a-14.16.36-600x196.png 600w, https:\/\/deep-space-astronomy.ch\/wp-content\/uploads\/2025\/01\/Capture-decran-2025-01-06-a-14.16.36.png 1930w\" sizes=\"(max-width: 800px) 100vw, 800px\" \/><\/p>\n<p>&nbsp;<\/p>\n<p>&nbsp;<\/p>\n<p>&nbsp;<\/p>\n<p>&nbsp;<\/p>\n<p>&nbsp;<\/p>\n<p>&nbsp;<\/p>\n<p>&nbsp;<\/p>\n<h3><strong>Glaswegkorrektoren (GWK)<\/strong><\/h3>\n<ul>\n<li><strong>1,25x<\/strong> (# 2456314) : Optische Korrektur mit einem Gewinn von 20 mm im Backfokus.<\/li>\n<li><strong>1,7x<\/strong> (# 2456316): 35 mm Back-Focus-Gewinn, geeignet f\u00fcr Teleskope mit geringer \u00d6ffnung.<\/li>\n<li><strong>2,6x<\/strong> (# 2456317): Ideal f\u00fcr sehr starke Vergr\u00f6\u00dferungen mit einem Gewinn von 65 mm im Backfocus.<\/li>\n<li><strong>GWK 2\u201d Newton 1,7x<\/strong> (# 2456300) : Speziell f\u00fcr Newton-Teleskope zur Korrektur von Koma-Aberrationen.<\/li>\n<\/ul>\n<h3><strong>Prismen und Spiegel T-2<\/strong><\/h3>\n<p>Empfohlene Modelle zur Minimierung der optischen L\u00e4nge sind u. a. :<\/p>\n<ul>\n<li><strong>T-2 90\u00b0 mit 32 mm Prisma<\/strong> (# 2456005)<\/li>\n<li><strong>T-2 BBHS\u00ae Zenitspiegel 36mm<\/strong> : Mit BBHS\u00ae-Beschichtung f\u00fcr ein besseres Reflexionsverm\u00f6gen.<\/li>\n<\/ul>\n<p>Die MaxBright II kann auf verschiedene Weise konfiguriert werden, je nach Ihrem Teleskop und Ihren Bed\u00fcrfnissen :<\/p>\n<p><strong>1. Mit Prismen oder Spiegeln T-2 :<\/strong><\/p>\n<ul>\n<li>Empfohlen, um die optische L\u00e4nge zu minimieren und eine einfache Fokussierung zu gew\u00e4hrleisten.<\/li>\n<li>Verwendung von GWK zur Anpassung des Strahlengangs.<\/li>\n<\/ul>\n<p><strong>2. Mit 1,25\u201d- oder 2\u201d-Adaptern :<\/strong><\/p>\n<ul>\n<li>Praktisch, wenn der Back-Focus des Teleskops ausreicht.<\/li>\n<\/ul>\n<p><strong>3. Bei telezentrischen Systemen (z. B. SunDancer II) :<\/strong><\/p>\n<ul>\n<li>Ideal f\u00fcr Planetenbeobachtungen mit hohen Vergr\u00f6\u00dferungen.<\/li>\n<\/ul>\n<h3><strong>Auswahl an Zubeh\u00f6r<\/strong><\/h3>\n<ul>\n<li><strong>Glaswegkorrektoren (GWK)<\/strong> : Korrigiert die durch Prismen eingef\u00fchrten Aberrationen und verl\u00e4ngert die Brennweite. Es stehen verschiedene Korrekturfaktoren zur Verf\u00fcgung (1,25x, 1,7x, 2,6x).<\/li>\n<li><strong>Zenitspiegel und T-2 Prismen<\/strong> : Bieten verschiedene optische L\u00e4ngen und sind f\u00fcr verschiedene Teleskope geeignet. Beispiele: T-2 90\u00b0 (32 mm), T-2 BBHS\u00ae f\u00fcr scharfe Bilder.<\/li>\n<li><strong>Okulare<\/strong> : Kompatibel mit 1,25\u201d-Okularen. Empfohlen werden die Serien Hyperion\u00ae und Morpheus\u00ae. Identische Okulare (gleicher Hersteller und gleiches Modell) sind f\u00fcr ein ausgewogenes binokulares Bild unerl\u00e4sslich.<\/li>\n<\/ul>\n<h3><strong>Installation und Einstellungen<\/strong><\/h3>\n<ul>\n<li><strong>Einstellen des Augenabstands<\/strong> - Passen Sie das Binokular an Ihren Augenabstand an, um ein optimales Sichtfeld zu erhalten.<\/li>\n<li><strong>Dioptrie<\/strong> - Stellen Sie jedes Auge separat ein, um Unterschiede in der Fokussierung zu korrigieren.<\/li>\n<li><strong>Befestigung<\/strong> - Zu den Optionen geh\u00f6ren die direkte Verwendung eines GWK oder die Integration in einen Spiegel\/Prisma mit einem T-2-Adapter.<\/li>\n<\/ul>\n<h3><strong>Kompatibilit\u00e4t mit verschiedenen Teleskopen<\/strong><\/h3>\n<p>Der MaxBright II ist kompatibel mit :<\/p>\n<ul>\n<li><strong>Newton<\/strong> - Ben\u00f6tigt oft einen speziellen GWK (1,7x), um den schwachen Backfokus zu kompensieren.<\/li>\n<li><strong>Schmidt-Cassegrains<\/strong> - Kann ohne GWK verwendet werden, wenn die Blende gr\u00f6\u00dfer als f\/10 ist.<\/li>\n<li><strong>Astronomische Brillen<\/strong> - Empfohlen mit T-2 Prismen, um die optische L\u00e4nge zu minimieren.<\/li>\n<\/ul>\n<h3><strong>Spezifische Anwendungen<\/strong><\/h3>\n<ul>\n<li><strong>Sonnenbeobachtung<\/strong> - Verbunden mit dem <strong>Herschel Prisma<\/strong> f\u00fcr au\u00dfergew\u00f6hnliche Details der Sonnenoberfl\u00e4che. (Vorsichtsma\u00dfnahmen zur Vermeidung von Risiken bei der Sonnenbeobachtung erforderlich).<\/li>\n<li><strong>Astrofotografie<\/strong> - M\u00f6glichkeit, spezielle Adapter zum Anschluss von Kameras zu verwenden.<\/li>\n<\/ul>\n<h3><strong>Pflege und Wartung<\/strong><\/h3>\n<ul>\n<li>Reinigen Sie Prismen und Linsen mit geeigneten Mitteln.<\/li>\n<li>Stellen Sie sicher, dass die Einstellmechanismen (Dioptrie, ClickLock\u00ae) richtig funktionieren.<\/li>\n<\/ul>\n<h3><strong>Vorteile<\/strong><\/h3>\n<ul>\n<li>Das Handbuch bietet klare Erkl\u00e4rungen zu den Grundlagen der optischen und mechanischen Anpassungen.<\/li>\n<li>Vorgefertigte Konfigurationen verringern die Komplexit\u00e4t der Installation.<\/li>\n<li>Die Verwendung von binokularen Okularen erh\u00f6ht den Komfort bei langen Beobachtungssitzungen.<\/li>\n<\/ul>\n<h3><strong>Inhalt der Schachtel<\/strong><\/h3>\n<p>Der MaxBright II Binokular wird mit den folgenden Komponenten geliefert:<\/p>\n<ul>\n<li>Das Binokular MaxBright II (# 2456460)<\/li>\n<li>Ein T-2-Drehadapter (vorinstalliert) mit einem Kunststoff-Einstellring<\/li>\n<li>Eine Zeiss-Microbayonet-Schnittstelle<\/li>\n<li>Ein Schl\u00fcssel f\u00fcr die Montage\/Demontage von T-2- und Zeiss-Adaptern<\/li>\n<li>Ein ABS-Hartschalenkoffer mit F\u00e4chern f\u00fcr Zubeh\u00f6r<\/li>\n<\/ul>","protected":false},"excerpt":{"rendered":"<p>Binoculaire MaxBright II Pr\u00e9sentation g\u00e9n\u00e9rale Le MaxBright II Binokular est un accessoire avanc\u00e9 destin\u00e9 aux amateurs d\u2019astronomie qui souhaitent observer avec les deux yeux, offrant une exp\u00e9rience visuelle immersive et confortable. Il se distingue par : Des prismes de 27 mm offrant un large champ visuel. Des rev\u00eatements multicouches pour une transmission lumineuse maximale. Un [&hellip;]<\/p>\n","protected":false},"featured_media":2244,"comment_status":"open","ping_status":"closed","template":"","meta":[],"product_brand":[624],"product_cat":[625],"product_tag":[],"class_list":{"0":"post-2239","1":"product","2":"type-product","3":"status-publish","4":"has-post-thumbnail","6":"product_brand-baader","7":"product_cat-binoculaires","9":"first","10":"on_supplier","11":"taxable","12":"shipping-taxable","13":"purchasable","14":"product-type-simple"},"_links":{"self":[{"href":"https:\/\/deep-space-astronomy.ch\/de\/wp-json\/wp\/v2\/product\/2239","targetHints":{"allow":["GET"]}}],"collection":[{"href":"https:\/\/deep-space-astronomy.ch\/de\/wp-json\/wp\/v2\/product"}],"about":[{"href":"https:\/\/deep-space-astronomy.ch\/de\/wp-json\/wp\/v2\/types\/product"}],"replies":[{"embeddable":true,"href":"https:\/\/deep-space-astronomy.ch\/de\/wp-json\/wp\/v2\/comments?post=2239"}],"wp:featuredmedia":[{"embeddable":true,"href":"https:\/\/deep-space-astronomy.ch\/de\/wp-json\/wp\/v2\/media\/2244"}],"wp:attachment":[{"href":"https:\/\/deep-space-astronomy.ch\/de\/wp-json\/wp\/v2\/media?parent=2239"}],"wp:term":[{"taxonomy":"product_brand","embeddable":true,"href":"https:\/\/deep-space-astronomy.ch\/de\/wp-json\/wp\/v2\/product_brand?post=2239"},{"taxonomy":"product_cat","embeddable":true,"href":"https:\/\/deep-space-astronomy.ch\/de\/wp-json\/wp\/v2\/product_cat?post=2239"},{"taxonomy":"product_tag","embeddable":true,"href":"https:\/\/deep-space-astronomy.ch\/de\/wp-json\/wp\/v2\/product_tag?post=2239"}],"curies":[{"name":"wp","href":"https:\/\/api.w.org\/{rel}","templated":true}]}}