{"id":2257,"date":"2025-01-06T14:56:09","date_gmt":"2025-01-06T13:56:09","guid":{"rendered":"https:\/\/deep-space-astronomy.geekworkers.dev\/?post_type=product&#038;p=2257"},"modified":"2025-06-03T10:37:54","modified_gmt":"2025-06-03T08:37:54","slug":"oculaire-celestron-luminos-82-19mm","status":"publish","type":"product","link":"https:\/\/deep-space-astronomy.ch\/de\/produkt\/oculaire-celestron-luminos-82-19mm\/","title":{"rendered":"Celestron Luminos 82\u00b0 19mm Okular"},"content":{"rendered":"<h3 style=\"text-align: center\"><strong>Celestron Luminos Okular: Tauchen Sie in ein au\u00dfergew\u00f6hnliches Sichtfeld ein.<\/strong><\/h3>\n<p>Entdecken Sie eine neue Dimension der Beobachtung mit dem Okular <strong>Celestron Luminos<\/strong>Die Kamera wurde entwickelt, um spektakul\u00e4re und immersive Ansichten mit einem breiten Sichtfeld von bis zu 10 Metern zu erm\u00f6glichen. <strong>82\u00b0<\/strong>. Ob Sie den Deep-Sky-Himmel mit einem Teleskop mit kurzer Brennweite erkunden oder die Planeten mit einem <strong>Celestron EdgeHD<\/strong>Dieses Okular ist Ihr idealer Partner f\u00fcr unvergleichliche Beobachtungserlebnisse.<\/p>\n<h3><strong>Ein hochpr\u00e4zises optisches Design<\/strong><\/h3>\n<ul>\n<li><strong>Design mit 6 oder 7 Elementen<\/strong> - Bietet eine optimale Korrektur von Aberrationen f\u00fcr scharfe und detailreiche Ansichten.<\/li>\n<li><strong>Vollst\u00e4ndige mehrschichtige Behandlung<\/strong> - Sorgt f\u00fcr helle, kontrastreiche Bilder ohne unerw\u00fcnschte Reflexionen.<\/li>\n<li><strong>Parfokalit\u00e4t<\/strong> - Wechseln Sie das Okular, ohne refokussieren zu m\u00fcssen, sodass Sie sich weiterhin auf Ihr Ziel konzentrieren k\u00f6nnen.<\/li>\n<\/ul>\n<h3><strong>Komfort und Ergonomie<\/strong><\/h3>\n<ul>\n<li><strong>Einziehbare Augenschale<\/strong> - Stellen Sie die H\u00f6he einfach ein, um sie an Ihren Sehkomfort anzupassen, unabh\u00e4ngig davon, ob Sie eine Brille tragen oder nicht.<\/li>\n<li><strong>Sicherer Einstieg<\/strong> - Ein Gummistreifen um das Okular bietet einen festen Griff, auch bei kaltem Wetter oder mit Handschuhen.<\/li>\n<li><strong>Robuster K\u00f6rper<\/strong> - Hergestellt aus poliertem und eloxiertem Aluminium f\u00fcr eine lange Haltbarkeit und ein ansprechendes \u00c4u\u00dferes.<\/li>\n<\/ul>\n<h3><strong>Vielseitigkeit und Kompatibilit\u00e4t<\/strong><\/h3>\n<ul>\n<li><strong>Gewinde f\u00fcr Filter<\/strong> - Das Gewindeende nimmt 1,25\"- oder 2\"-Filter auf, sodass Sie eine Vielzahl von Zielen mit speziellen Verbesserungen erkunden k\u00f6nnen.<\/li>\n<li><strong>Breites Sichtfeld von 82\u00b0<\/strong> - Perfekt, um ausgedehnte Nebel, reiche Sternhaufen oder planetarische Details mit au\u00dfergew\u00f6hnlicher Klarheit einzufangen.<\/li>\n<\/ul>\n<h3><strong>Warum sollten Sie sich f\u00fcr das Luminos Okular entscheiden?<\/strong><\/h3>\n<p>Das Luminos-Okular ist nicht nur ein Zubeh\u00f6r; es ist eine Investition in atemberaubende Ausblicke. Mit seiner fortschrittlichen optischen Technologie, dem eleganten Design und dem ergonomischen Komfort verwandelt es jede Beobachtungssitzung in ein unvergessliches Erlebnis.<\/p>\n<p><strong>G\u00f6nnen Sie sich ein Werkzeug, das Ihre Beobachtungsf\u00e4higkeiten vervollkommnet und Sie in atemberaubende Himmelspanoramen eintauchen l\u00e4sst. Lassen Sie den <strong>Celestron Luminos<\/strong> Ihre Art, das Universum zu betrachten, neu definieren. Erleben Sie die Erhabenheit der Sterne wie nie zuvor.<\/strong><\/p>","protected":false},"excerpt":{"rendered":"<p>Oculaire Celestron Luminos : Plongez dans un Champ de Vision Exceptionnel D\u00e9couvrez une nouvelle dimension d\u2019observation avec l\u2019oculaire Celestron Luminos, con\u00e7u pour offrir des vues spectaculaires et immersives gr\u00e2ce \u00e0 son large champ de vision de 82\u00b0. Que vous exploriez le ciel profond avec un t\u00e9lescope \u00e0 courte focale ou que vous admiriez les plan\u00e8tes [&hellip;]<\/p>\n","protected":false},"featured_media":2261,"comment_status":"open","ping_status":"closed","template":"","meta":[],"product_brand":[413],"product_cat":[19,368,695],"product_tag":[],"class_list":{"0":"post-2257","1":"product","2":"type-product","3":"status-publish","4":"has-post-thumbnail","6":"product_brand-celestron","7":"product_cat-accessoires","8":"product_cat-visuel","9":"product_cat-oculaires-et-smart-oculaires","11":"first","12":"on_supplier","13":"taxable","14":"shipping-taxable","15":"purchasable","16":"product-type-simple"},"_links":{"self":[{"href":"https:\/\/deep-space-astronomy.ch\/de\/wp-json\/wp\/v2\/product\/2257","targetHints":{"allow":["GET"]}}],"collection":[{"href":"https:\/\/deep-space-astronomy.ch\/de\/wp-json\/wp\/v2\/product"}],"about":[{"href":"https:\/\/deep-space-astronomy.ch\/de\/wp-json\/wp\/v2\/types\/product"}],"replies":[{"embeddable":true,"href":"https:\/\/deep-space-astronomy.ch\/de\/wp-json\/wp\/v2\/comments?post=2257"}],"wp:featuredmedia":[{"embeddable":true,"href":"https:\/\/deep-space-astronomy.ch\/de\/wp-json\/wp\/v2\/media\/2261"}],"wp:attachment":[{"href":"https:\/\/deep-space-astronomy.ch\/de\/wp-json\/wp\/v2\/media?parent=2257"}],"wp:term":[{"taxonomy":"product_brand","embeddable":true,"href":"https:\/\/deep-space-astronomy.ch\/de\/wp-json\/wp\/v2\/product_brand?post=2257"},{"taxonomy":"product_cat","embeddable":true,"href":"https:\/\/deep-space-astronomy.ch\/de\/wp-json\/wp\/v2\/product_cat?post=2257"},{"taxonomy":"product_tag","embeddable":true,"href":"https:\/\/deep-space-astronomy.ch\/de\/wp-json\/wp\/v2\/product_tag?post=2257"}],"curies":[{"name":"wp","href":"https:\/\/api.w.org\/{rel}","templated":true}]}}