{"id":2270,"date":"2025-01-06T15:36:26","date_gmt":"2025-01-06T14:36:26","guid":{"rendered":"https:\/\/deep-space-astronomy.geekworkers.dev\/?post_type=product&#038;p=2270"},"modified":"2025-06-03T10:38:01","modified_gmt":"2025-06-03T08:38:01","slug":"lentille-de-barlow-celestron-luminos-2-5x","status":"publish","type":"product","link":"https:\/\/deep-space-astronomy.ch\/de\/produkt\/lentille-de-barlow-celestron-luminos-2-5x\/","title":{"rendered":"Barlow-Linse Celestron Luminos 2.5x"},"content":{"rendered":"<h3 style=\"text-align: center\"><strong>Celestron Luminos 2.5x Barlow-Linse: Verst\u00e4rken Sie Ihr Universum<\/strong><\/h3>\n<p>Verwandeln Sie Ihre Beobachtungssitzungen mit der <strong>Barlow-Linse Celestron Luminos 2.5x<\/strong>ist ein Werkzeug, das entwickelt wurde, um eine au\u00dfergew\u00f6hnliche optische Leistung zu bieten und gleichzeitig die Leistung Ihrer 2\"- und 1,25\"-Okulare erheblich zu steigern. Ob Sie nun ein begeisterter Astronom oder ein erfahrener Beobachter sind, mit dieser Barlow-Linse k\u00f6nnen Sie atemberaubende Details mit einer unvergleichlichen Bildqualit\u00e4t erkunden.<\/p>\n<h3><strong>Optische Verst\u00e4rkung und Leistung<\/strong><\/h3>\n<ul>\n<li><strong>2,5-fache Vergr\u00f6\u00dferung<\/strong> - Erh\u00f6ht die Leistung Ihrer 2\"- und 1,25\"-Okulare, um verborgene Details von Planeten, Galaxien, Nebeln und anderen Himmelsobjekten zu enth\u00fcllen.<\/li>\n<li><strong>Premium-Optiken mit 4 Elementen<\/strong> - Apochromatisches Design bietet ein flaches Feld, scharfe Bilder und keine chromatischen Aberrationen.<\/li>\n<li><strong>Vollst\u00e4ndige mehrschichtige Behandlung<\/strong> - Maximiert die Lichtdurchl\u00e4ssigkeit f\u00fcr helle Bilder und einen au\u00dfergew\u00f6hnlichen Kontrast.<\/li>\n<\/ul>\n<h3><strong>Elegantes und funktionales Design<\/strong><\/h3>\n<ul>\n<li><strong>Konstruktion aus hart eloxiertem Aluminium<\/strong> - Es ist robust und \u00e4sthetisch und passt perfekt zu den Okularen der Celestron Luminos-Reihe.<\/li>\n<li><strong>Zentraler Gummigriff<\/strong> - Sorgt f\u00fcr einen sicheren Griff, auch bei kaltem Wetter oder mit Handschuhen.<\/li>\n<li><strong>Kompressionsring aus Messing<\/strong> - H\u00e4lt Ihre Okulare durch gleichm\u00e4\u00dfigen Druck fest an ihrem Platz, ohne die Trommel zu besch\u00e4digen.<\/li>\n<li><strong>\u00dcbergro\u00dfe Klemmschrauben<\/strong> - Leicht zu handhaben, auch unter schwierigen Bedingungen.<\/li>\n<\/ul>\n<h3><strong>Vielseitigkeit und Kompatibilit\u00e4t<\/strong><\/h3>\n<ul>\n<li><strong>Adapter von 2\" auf 1,25\" enthalten<\/strong> - Erm\u00f6glicht die Verwendung all Ihrer Okulare, egal ob im 2\"- oder 1,25\"-Format, f\u00fcr ein umfassendes und flexibles Erlebnis.<\/li>\n<li><strong>Gewinde f\u00fcr 2\"-Filter<\/strong> - Wechseln Sie das Okular, ohne jedes Mal Ihren Filter herausnehmen und neu einsetzen zu m\u00fcssen, und vereinfachen Sie so die Handhabung.<\/li>\n<\/ul>\n<h3><strong>Warum Luminos 2.5x w\u00e4hlen?<\/strong><\/h3>\n<p>Mit ihrem raffinierten Design und ihrer \u00fcberlegenen optischen Leistung ist die Barlow-Linse <strong>Celestron Luminos 2.5x<\/strong> ist ein unverzichtbares Werkzeug f\u00fcr jeden Astronomen, der seine Beobachtungen noch weiter ausdehnen m\u00f6chte. Sie verwandelt Ihre vorhandenen Okulare in Pr\u00e4zisionsinstrumente, die klare, scharfe und farbgetreue Bilder liefern und dabei eine fl\u00fcssige und intuitive Bedienung gew\u00e4hrleisten.<\/p>\n<p><strong>Entfesseln Sie das Potenzial Ihrer Ausr\u00fcstung und erkunden Sie die Wunder des Himmels mit un\u00fcbertroffener Kraft und Klarheit.<\/strong><\/p>","protected":false},"excerpt":{"rendered":"<p>Lentille de Barlow Celestron Luminos 2.5x : Amplifiez Votre Univers Transformez vos sessions d\u2019observation avec la lentille de Barlow Celestron Luminos 2.5x, un outil con\u00e7u pour offrir des performances optiques exceptionnelles tout en am\u00e9liorant consid\u00e9rablement la puissance de vos oculaires 2\u201d et 1,25\u201d. Que vous soyez un passionn\u00e9 d\u2019astronomie ou un observateur exp\u00e9riment\u00e9, cette lentille [&hellip;]<\/p>\n","protected":false},"featured_media":2273,"comment_status":"open","ping_status":"closed","template":"","meta":[],"product_brand":[413],"product_cat":[369],"product_tag":[],"class_list":{"0":"post-2270","1":"product","2":"type-product","3":"status-publish","4":"has-post-thumbnail","6":"product_brand-celestron","7":"product_cat-barlows","9":"first","10":"on_supplier","11":"taxable","12":"shipping-taxable","13":"purchasable","14":"product-type-simple"},"_links":{"self":[{"href":"https:\/\/deep-space-astronomy.ch\/de\/wp-json\/wp\/v2\/product\/2270","targetHints":{"allow":["GET"]}}],"collection":[{"href":"https:\/\/deep-space-astronomy.ch\/de\/wp-json\/wp\/v2\/product"}],"about":[{"href":"https:\/\/deep-space-astronomy.ch\/de\/wp-json\/wp\/v2\/types\/product"}],"replies":[{"embeddable":true,"href":"https:\/\/deep-space-astronomy.ch\/de\/wp-json\/wp\/v2\/comments?post=2270"}],"wp:featuredmedia":[{"embeddable":true,"href":"https:\/\/deep-space-astronomy.ch\/de\/wp-json\/wp\/v2\/media\/2273"}],"wp:attachment":[{"href":"https:\/\/deep-space-astronomy.ch\/de\/wp-json\/wp\/v2\/media?parent=2270"}],"wp:term":[{"taxonomy":"product_brand","embeddable":true,"href":"https:\/\/deep-space-astronomy.ch\/de\/wp-json\/wp\/v2\/product_brand?post=2270"},{"taxonomy":"product_cat","embeddable":true,"href":"https:\/\/deep-space-astronomy.ch\/de\/wp-json\/wp\/v2\/product_cat?post=2270"},{"taxonomy":"product_tag","embeddable":true,"href":"https:\/\/deep-space-astronomy.ch\/de\/wp-json\/wp\/v2\/product_tag?post=2270"}],"curies":[{"name":"wp","href":"https:\/\/api.w.org\/{rel}","templated":true}]}}