{"id":2277,"date":"2025-01-06T15:46:28","date_gmt":"2025-01-06T14:46:28","guid":{"rendered":"https:\/\/deep-space-astronomy.geekworkers.dev\/?post_type=product&#038;p=2277"},"modified":"2025-06-03T10:38:01","modified_gmt":"2025-06-03T08:38:01","slug":"reducteur-de-focale-7x-c11-edgehd","status":"publish","type":"product","link":"https:\/\/deep-space-astronomy.ch\/de\/produkt\/reducteur-de-focale-7x-c11-edgehd\/","title":{"rendered":"Brennweitenreduzierer .7x C11 EdgeHD"},"content":{"rendered":"<h3 style=\"text-align: center\"><strong>.7x EdgeHD Focus Reducer f\u00fcr 11\": Mehr aufnehmen, schneller aufnehmen<\/strong><\/h3>\n<p>Verwandeln Sie Ihr <strong>EdgeHD 1100<\/strong> in ein leistungsstarkes Astrofotografiewerkzeug mit dem .7x Focus Reducer von Celestron. Dieser Reducer wurde speziell f\u00fcr das 11\"-EdgeHD-System entwickelt und bietet Ihnen un\u00fcbertroffene Geschwindigkeit und Vielseitigkeit, wobei die au\u00dfergew\u00f6hnliche Qualit\u00e4t des flachen Feldes, die f\u00fcr die EdgeHD-Serie typisch ist, erhalten bleibt.<\/p>\n<h3><strong>Verbesserte optische Leistung<\/strong><\/h3>\n<ul>\n<li><strong>H\u00f6here Geschwindigkeit: f\/7<\/strong> - Wechseln Sie von einem Brennweitenverh\u00e4ltnis von f\/10 zu f\/7, was einer Steigerung um eine volle Blende entspricht. Dadurch halbieren sich Ihre Belichtungszeiten, um Himmelsobjekte bei gleicher Helligkeit einzufangen.<\/li>\n<li><strong>Erweitertes Gesichtsfeld von 43 %<\/strong> - Ideal f\u00fcr die Aufnahme von Galaxien, Nebeln und anderen ausgedehnten Himmelsobjekten mit erh\u00f6hter Genauigkeit.<\/li>\n<li><strong>Optisches Design mit 5 Elementen<\/strong> - H\u00e4lt das Feld flach und korrigiert optische Aberrationen f\u00fcr scharfe und detailreiche Bilder auf dem gesamten Sensor.<\/li>\n<\/ul>\n<h3><strong>High-End-Optik-Technologie<\/strong><\/h3>\n<ul>\n<li><strong>Lanthanisches Glas \"Seltene Erde\"<\/strong> - Elemente aus Lanthan-Glas minimieren chromatische Aberrationen und bieten einen au\u00dfergew\u00f6hnlichen Kontrast - ideal f\u00fcr pr\u00e4zise und detailreiche Bilder.<\/li>\n<li><strong>Mehrschichtige Behandlungen<\/strong> - Die Luft-Glas-Oberfl\u00e4chen sind vollst\u00e4ndig mehrschichtig, um die Lichtdurchl\u00e4ssigkeit zu maximieren und eine optimale Farbkorrektur zu gew\u00e4hrleisten.<\/li>\n<li><strong>Geschw\u00e4rzte R\u00e4nder<\/strong> - Reduzieren interne Reflexionen, um den Kontrast zu optimieren und st\u00f6rende Effekte zu beseitigen.<\/li>\n<li><strong>Helle \u00d6ffnung von 60 mm<\/strong> - Optimiert f\u00fcr einen Bildkreis von 42 mm, perfekt geeignet f\u00fcr gro\u00dfe Vollformat-CCD-Sensoren.<\/li>\n<\/ul>\n<h3><strong>Ein robustes mechanisches Design<\/strong><\/h3>\n<ul>\n<li><strong>Direkte Befestigung an den 3,25\"-Gewinden des EdgeHD-Rohrs<\/strong> - Beseitigt mechanische Vignettierung und erm\u00f6glicht die Verwendung von Vollformatsensoren und Off-Axis-F\u00fchrungen.<\/li>\n<li><strong>CNC-gefr\u00e4ster Aluminiumk\u00f6rper<\/strong> - Sorgt f\u00fcr einen pr\u00e4zisen Abstand und eine perfekte Ausrichtung der optischen Elemente, um eine optimale Qualit\u00e4t zu gew\u00e4hrleisten.<\/li>\n<li><strong>Metalldeckel mit Gewinde<\/strong> - Sch\u00fctzen die Linsen vor Staub und Kratzern und sorgen so f\u00fcr eine l\u00e4ngere Lebensdauer.<\/li>\n<\/ul>\n<h3><strong>Vielseitigkeit und Kompatibilit\u00e4t<\/strong><\/h3>\n<ul>\n<li><strong>Beibehaltung des nativen Back-Focus<\/strong> - Das Reduzierst\u00fcck bewahrt denselben Backfokus wie bei f\/10 und bietet volle Kompatibilit\u00e4t mit einer Vielzahl von Zubeh\u00f6rteilen und Kameras sowie mit vorhandenen T EdgeHD-Adaptern.<\/li>\n<li><strong>Fastar-Kompatibilit\u00e4t<\/strong> - Kombinieren Sie das Fastar-System mit dem Reducer, um eine beeindruckende Abbildungsleistung bei Blende 2 zu erzielen - ideal, um schwache Objekte in k\u00fcrzester Zeit einzufangen.<\/li>\n<li><strong>Bereit f\u00fcr Vollformatsensoren<\/strong> - Optimiert f\u00fcr gro\u00dfe Sensoren, ohne merkliche Vignettierung.<\/li>\n<\/ul>\n<h3 style=\"text-align: center\"><strong>Warum sollten Sie den .7x EdgeHD Reducer f\u00fcr 11\" w\u00e4hlen?<\/strong><\/h3>\n<p>Dieser Fokussierungsreduzierer ist mehr als nur ein Zubeh\u00f6rteil. Er wurde entwickelt, um die Leistung Ihres EdgeHD 1100-Systems zu optimieren, indem er Schnelligkeit, Vielseitigkeit und Bildqualit\u00e4t kombiniert. Mit diesem Reduzierer erhalten Sie ein au\u00dfergew\u00f6hnliches Werkzeug, mit dem Sie die Wunder des Himmels pr\u00e4zise und effizient einfangen k\u00f6nnen.<\/p>\n<p><strong>G\u00f6nnen Sie sich eine neue Perspektive auf das Universum mit breiteren, schnelleren und sch\u00e4rferen Bildern.<\/strong><\/p>","protected":false},"excerpt":{"rendered":"<p>R\u00e9ducteur de Focale .7x EdgeHD pour 11\u201d : Capturez Plus, Plus Rapidement Transformez votre EdgeHD 1100 en un outil d\u2019astrophotographie ultra-performant gr\u00e2ce au r\u00e9ducteur de focale .7x de Celestron. Con\u00e7u sp\u00e9cifiquement pour le syst\u00e8me EdgeHD 11\u201d, ce r\u00e9ducteur vous offre une rapidit\u00e9 et une polyvalence in\u00e9gal\u00e9es, tout en pr\u00e9servant la qualit\u00e9 exceptionnelle du champ plat [&hellip;]<\/p>\n","protected":false},"featured_media":2280,"comment_status":"open","ping_status":"closed","template":"","meta":[],"product_brand":[413],"product_cat":[650],"product_tag":[],"class_list":{"0":"post-2277","1":"product","2":"type-product","3":"status-publish","4":"has-post-thumbnail","6":"product_brand-celestron","7":"product_cat-rducteurs-correcteurs-ap","9":"first","10":"on_supplier","11":"taxable","12":"shipping-taxable","13":"purchasable","14":"product-type-simple"},"_links":{"self":[{"href":"https:\/\/deep-space-astronomy.ch\/de\/wp-json\/wp\/v2\/product\/2277","targetHints":{"allow":["GET"]}}],"collection":[{"href":"https:\/\/deep-space-astronomy.ch\/de\/wp-json\/wp\/v2\/product"}],"about":[{"href":"https:\/\/deep-space-astronomy.ch\/de\/wp-json\/wp\/v2\/types\/product"}],"replies":[{"embeddable":true,"href":"https:\/\/deep-space-astronomy.ch\/de\/wp-json\/wp\/v2\/comments?post=2277"}],"wp:featuredmedia":[{"embeddable":true,"href":"https:\/\/deep-space-astronomy.ch\/de\/wp-json\/wp\/v2\/media\/2280"}],"wp:attachment":[{"href":"https:\/\/deep-space-astronomy.ch\/de\/wp-json\/wp\/v2\/media?parent=2277"}],"wp:term":[{"taxonomy":"product_brand","embeddable":true,"href":"https:\/\/deep-space-astronomy.ch\/de\/wp-json\/wp\/v2\/product_brand?post=2277"},{"taxonomy":"product_cat","embeddable":true,"href":"https:\/\/deep-space-astronomy.ch\/de\/wp-json\/wp\/v2\/product_cat?post=2277"},{"taxonomy":"product_tag","embeddable":true,"href":"https:\/\/deep-space-astronomy.ch\/de\/wp-json\/wp\/v2\/product_tag?post=2277"}],"curies":[{"name":"wp","href":"https:\/\/api.w.org\/{rel}","templated":true}]}}