{"id":2556,"date":"2025-03-06T14:47:51","date_gmt":"2025-03-06T13:47:51","guid":{"rendered":"https:\/\/deep-space-astronomy.geekworkers.dev\/produit\/sqa85-2\/"},"modified":"2025-12-31T06:18:58","modified_gmt":"2025-12-31T05:18:58","slug":"sqa85-2","status":"publish","type":"product","link":"https:\/\/deep-space-astronomy.ch\/de\/produkt\/sqa85-2\/","title":{"rendered":"Astrograf Super Apo Askar SQA85"},"content":{"rendered":"<h3 style=\"text-align: center;\">SQA85 - Super Quintuplet Astrograph<\/h3>\n<p><img decoding=\"async\" src=\"https:\/\/omo-oss-image.thefastimg.com\/portal-saas\/new2022072923460240318\/cms\/image\/a30c51ab-d255-4fe3-9a5e-2c0a3ed3aeb9.jpg\" alt=\"\u957f\u53cb\u6c14\u4f53\" \/><\/p>\n<p>Die SQA85 zeichnet sich durch ihre au\u00dfergew\u00f6hnliche Leistung in der Astrofotografie aus. Dies wird durch das Design mit f\u00fcnf Petzvals im Luftabstand erm\u00f6glicht, das zwei Elemente aus SD-Glas enth\u00e4lt (Details zum SD-Glas weiter unten). Der zentrale Sternpunkt hat einen RMS-Radius von weniger als 1,6 \u00b5m, und der Sternpunkt in den Ecken ist nicht gr\u00f6\u00dfer als 2,5 \u00b5m, was eine extrem feine Aufl\u00f6sung erm\u00f6glicht. Die Optik sorgt au\u00dferdem f\u00fcr eine homogene vollst\u00e4ndige Ausleuchtung und qualitativ hochwertige MTF-Daten.<\/p>\n<h3>Petzval-Struktur<\/h3>\n<h3><img decoding=\"async\" src=\"https:\/\/omo-oss-image.thefastimg.com\/common\/design\/detail\/09b2be19-bb01-4f8b-be2e-85eb90190386.jpg\" alt=\"\u957f\u53cb\u6c14\u4f53\" \/><\/h3>\n<p>Das selbstabflachende Design des SQA85 deckt einen Vollformat-Bildkreis von 44 mm ab, ohne dass ein zus\u00e4tzlicher Ebner oder eine zus\u00e4tzliche Berechnung der Fokussierungsentfernung (Back-Focus) erforderlich ist. Bei einem Anschlussabstand zwischen 40 mm und 70 mm (idealerweise sollte man sich bei 55 mm befinden) k\u00f6nnen Sie das Fernrohr direkt verwenden, ohne sich den Kopf \u00fcber weit hergeholte Backfocus-Berechnungen zerbrechen zu m\u00fcssen. Technisch gesehen ist das Einzige, was Sie tun m\u00fcssen, eine gute Fokussierung! Dies ist bei Standardbrillen nicht der Fall, die selbst dann, wenn es Ihnen gelingt, in der Mitte des Bildes zu fokussieren, Verzerrungen am Bildrand zeigen k\u00f6nnen (dies ist auf die Korrektur zur\u00fcckzuf\u00fchren). Hier kommt es nicht in Frage, eine Korrektur hinzuzuf\u00fcgen!<\/p>\n<h3>Nebelf\u00e4nger Einziehbar<\/h3>\n<p>Der Beschlagschutz der SQA85 ist so konzipiert, dass er einziehbar ist und sich bei Gebrauch leicht ausklappen l\u00e4sst. Er sch\u00fctzt die Linse vor dem Eindringen von externem und internem Licht und bewahrt sie gleichzeitig vor m\u00f6glichen Sch\u00e4den und Beschlag.<\/p>\n<p><img decoding=\"async\" src=\"https:\/\/omo-oss-image.thefastimg.com\/portal-saas\/new2022072923460240318\/cms\/image\/fa369e77-7fe7-447d-b8ac-37c699275377.gif\" alt=\"\u957f\u53cb\u6c14\u4f53\" \/><\/p>\n<h3>Integrierte Rohrschelle<\/h3>\n<p>Gro\u00dfe Schrauben erm\u00f6glichen das Schlie\u00dfen und \u00d6ffnen der Schelle ohne zus\u00e4tzliches Werkzeug. Sechs M4- und M6-Gewindel\u00f6cher auf jeder Seite der Schelle erleichtern das Anbringen der Basis oder einer Schwalbenschwanzplatte und den Anschluss von verschiedenem Zubeh\u00f6r. Die leichte Struktur der Halskette mit einem Griff an der Oberseite (optional) beinhaltet einen Platz f\u00fcr astronomisches Zubeh\u00f6r. Auf beiden Seiten des Fokussierers befinden sich Sucherbasen, wodurch die Notwendigkeit entf\u00e4llt, sie bei der Neupositionierung des Suchers abzunehmen, und zus\u00e4tzliche Pl\u00e4tze f\u00fcr weiteres Zubeh\u00f6r zur Verf\u00fcgung stehen.<\/p>\n<h3>290 mm Schwalbenschwanzplatte vom Typ Vixen<\/h3>\n<p>Diese mit dem Fernrohr gelieferte Platte hat ein Standardformat. Sie l\u00e4sst sich leicht anbringen und bei Bedarf wieder abbauen.<\/p>\n<h3>Vielf\u00e4ltige Anwendungen f\u00fcr die Fotografie<\/h3>\n<ul>\n<li>Kometen detailliert fotografieren<\/li>\n<li>Die gro\u00dfen Nebel am Himmel in ihrem Sternenfeld abbilden<\/li>\n<li>Bestimmte Konjunktionen (z. B. Venus, Jupiter und Mars) n\u00e4her erl\u00e4utern<\/li>\n<li>Ideal, um sich originelle Bildausschnitte auszudenken<\/li>\n<li>Das geringe Gewicht dieser Optik eignet sich besonders f\u00fcr den spontanen Einsatz auf Partys oder bei unvorhergesehenen Ereignissen!<\/li>\n<\/ul>\n<p><img decoding=\"async\" src=\"https:\/\/omo-oss-image.thefastimg.com\/portal-saas\/new2022072923460240318\/cms\/image\/c11f2e1b-9bfe-4f1c-b278-895bf4bd452d.gif\" alt=\"\u957f\u53cb\u6c14\u4f53\" \/><\/p>\n<h3>MTF-Grafik (Modulation Transfer Function)<\/h3>\n<p>Die Modulations\u00fcbertragungsfunktion (MTF) misst die Sch\u00e4rfe einer Linse, indem sie analysiert, wie klar selbst feine Details im Bild sind. Sie ist sozusagen ein \"Sch\u00e4rfe-Score\", der uns sagt, ob d\u00fcnne Details (wie feine Linien oder weit entfernte Sterne) klar abgegrenzt erscheinen. Die SQA85 beh\u00e4lt eine sehr hohe Bildqualit\u00e4t bei: Im MTF-Diagramm beh\u00e4lt sie selbst bei niedrigen Frequenzen (10 LP\/mm) eine MTF von \u00fcber 0,9 bei, selbst am Rand des Bildausschnitts. Das bedeutet, dass die Sterne selbst an den R\u00e4ndern des Bildes klar und deutlich bleiben, ohne dass sie an Kontrast verlieren.<\/p>\n<h3>Relative Illumination (IR)<\/h3>\n<p>Die relative Beleuchtung (IR) bewertet, ob das Licht gleichm\u00e4\u00dfig von der Mitte bis in die Ecken des Bildes verteilt ist. Wenn die IR hoch ist, werden die Ecken des Bildes genauso gut beleuchtet wie die Mitte, wodurch das Ph\u00e4nomen der Vignettierung (Schatten am Rand) verhindert wird. Die SQA85 bietet am Bildrand eine relative Ausleuchtung von etwa 85 %, wodurch sichergestellt wird, dass das Bild auch an den R\u00e4ndern hell und ausgewogen bleibt und in den Ecken keine Details verloren gehen.<\/p>\n<h3>Punktediagramm<\/h3>\n<p>Anhand dieses Diagramms l\u00e4sst sich beurteilen, wie genau die Linse helle Punkte wie Sterne abbildet. Das Ziel ist es, scharfe Punkte von minimaler Gr\u00f6\u00dfe zu erhalten, ohne dass Licht um sie herum gestreut wird. Bei der SQA85 hat der zentrale Punkt einen RMS-Radius von weniger als 1,6 \u00b5m, w\u00e4hrend der Punkt am Rand weniger als 2,5 \u00b5m erreicht. Das bedeutet, dass die Sterne sowohl in der Mitte als auch in den Ecken des Bildes als sehr feine Punkte erscheinen, die eine bemerkenswerte Sch\u00e4rfe f\u00fcr die Astrofotografie bieten.<\/p>\n<h3>ZYGO-Diagramm<\/h3>\n<p>Der ZYGO ist ein internationales Referenzinstrument zur Pr\u00fcfung der optischen Qualit\u00e4t von Linsen. Er ist so etwas wie ein \"Qualit\u00e4tsscanner\", der die Oberfl\u00e4chendetails und die Genauigkeit der Linse analysiert. Die Ergebnisse des ZYGO-Tests der SQA85 zeigen eine hervorragende Qualit\u00e4t der Sternpunkte und best\u00e4tigen, dass die Linse die Sterne selbst bei den anspruchsvollsten Stufen der optischen Kontrolle scharf und pr\u00e4zise abbildet.<\/p>\n<h3>Vergleich SQA85 vs. SQA106<\/h3>\n<ul>\n<li><strong>Durchmesser und Brennweite :<\/strong> Das SQA85 hat einen Durchmesser von 85 mm bei einer Brennweite von 408 mm, w\u00e4hrend das SQA106 mit einem gr\u00f6\u00dferen Durchmesser von 106 mm eine Brennweite von 509 mm bietet. Bei gleichem f\/D-Verh\u00e4ltnis (f\/4,8 f\u00fcr beide) erm\u00f6glicht der gr\u00f6\u00dfere Durchmesser der SQA106 eine l\u00e4ngere Brennweite, wodurch die Probenahme verbessert wird. Das bedeutet, dass sie feinere Details einfangen kann, ohne an Lichtaufnahmegeschwindigkeit (f\/d) zu verlieren - eine wertvolle Eigenschaft f\u00fcr Astrofotografen.<\/li>\n<li><strong>Bildkreis :<\/strong> Die SQA85 deckt einen Bildkreis von 44 mm ab und ist damit ideal f\u00fcr Vollformatsensoren. Die SQA106 hingegen kann f\u00fcr Mittelformatsensoren bis 55 mm optimiert werden und bietet somit mehr Flexibilit\u00e4t f\u00fcr Kameras mit gro\u00dfem Sensor.<\/li>\n<li><strong>Gewicht und Platzbedarf :<\/strong> Die SQA85 ist leichter und kompakter (Gesamtgewicht 4,62 kg), so dass sie f\u00fcr Beobachtungen auf Reisen leicht transportiert werden kann. Im Gegensatz dazu wiegt das gr\u00f6\u00dfere SQA106 8,12 kg. Beide bleiben im Feld sehr transportabel!<\/li>\n<\/ul>\n<p><img decoding=\"async\" src=\"https:\/\/omo-oss-image.thefastimg.com\/portal-saas\/new2022072923460240318\/cms\/image\/58475961-2259-4c09-b67c-b75d08f64724.jpg\" alt=\"\u957f\u53cb\u6c14\u4f53\" \/><\/p>","protected":false},"excerpt":{"rendered":"<p>Einzigartiges Werbeangebot f\u00fcr dieses au\u00dfergew\u00f6hnliche Instrument - nur solange der Vorrat reicht.<\/p>","protected":false},"featured_media":801,"comment_status":"open","ping_status":"closed","template":"","meta":[],"product_brand":[382],"product_cat":[384,755,816],"product_tag":[857],"class_list":{"0":"post-2556","1":"product","2":"type-product","3":"status-publish","4":"has-post-thumbnail","6":"product_brand-askar","7":"product_cat-lunettes_refracteurs","8":"product_cat-lunettes-apochromatiques","9":"product_cat-nouveautes","10":"product_tag-produits-mis-en-avant","12":"first","13":"on_supplier","14":"taxable","15":"shipping-taxable","16":"purchasable","17":"product-type-simple"},"_links":{"self":[{"href":"https:\/\/deep-space-astronomy.ch\/de\/wp-json\/wp\/v2\/product\/2556","targetHints":{"allow":["GET"]}}],"collection":[{"href":"https:\/\/deep-space-astronomy.ch\/de\/wp-json\/wp\/v2\/product"}],"about":[{"href":"https:\/\/deep-space-astronomy.ch\/de\/wp-json\/wp\/v2\/types\/product"}],"replies":[{"embeddable":true,"href":"https:\/\/deep-space-astronomy.ch\/de\/wp-json\/wp\/v2\/comments?post=2556"}],"wp:featuredmedia":[{"embeddable":true,"href":"https:\/\/deep-space-astronomy.ch\/de\/wp-json\/wp\/v2\/media\/801"}],"wp:attachment":[{"href":"https:\/\/deep-space-astronomy.ch\/de\/wp-json\/wp\/v2\/media?parent=2556"}],"wp:term":[{"taxonomy":"product_brand","embeddable":true,"href":"https:\/\/deep-space-astronomy.ch\/de\/wp-json\/wp\/v2\/product_brand?post=2556"},{"taxonomy":"product_cat","embeddable":true,"href":"https:\/\/deep-space-astronomy.ch\/de\/wp-json\/wp\/v2\/product_cat?post=2556"},{"taxonomy":"product_tag","embeddable":true,"href":"https:\/\/deep-space-astronomy.ch\/de\/wp-json\/wp\/v2\/product_tag?post=2556"}],"curies":[{"name":"wp","href":"https:\/\/api.w.org\/{rel}","templated":true}]}}