{"id":2577,"date":"2025-03-06T15:23:04","date_gmt":"2025-03-06T14:23:04","guid":{"rendered":"https:\/\/deep-space-astronomy.geekworkers.dev\/produit\/sca260-v2\/"},"modified":"2025-07-07T17:45:14","modified_gmt":"2025-07-07T15:45:14","slug":"sca260-v2","status":"publish","type":"product","link":"https:\/\/deep-space-astronomy.ch\/de\/produkt\/sca260-v2\/","title":{"rendered":"SCA260 V2"},"content":{"rendered":"<h3>Teleskop SCA260 v2 - Astrograf Cassegrain Asph\u00e4risch<\/h3>\n<p>\nDas SCA260 v2-Teleskop ist ein hochmoderner Astrograf, der entwickelt wurde, um Amateur- und Profiastronomen ein hochwertiges Beobachtungs- und Bilderlebnis zu bieten. Es wurde um eine fortschrittliche Technologie herum gebaut und zeichnet sich durch seine optische Leistung, seine Langlebigkeit und sein elegantes Design aus.\n<\/p>\n<h3>Au\u00dfergew\u00f6hnliche optische Eigenschaften<\/h3>\n<ul>\n<li><strong>Mirror prim\u00e4r asph\u00e4risch :<\/strong> Hergestellt aus PZ33 (\u00e4hnlich Pyrexglas) f\u00fcr \u00fcberlegene Temperaturstabilit\u00e4t und scharfe, gleichbleibende Bilder.<\/li>\n<li><strong>\u00d6ffnungsdurchmesser :<\/strong> 260 mm<\/li>\n<li><strong>Brennweite \/ Focal Ratio :<\/strong> 1300 mm \/ f\/5<\/li>\n<li><strong>Korrekturlesen:<\/strong> Dreigliedrige Linse mit Luftspalt f\u00fcr ein volles Feld und geringe Vignettierung.<\/li>\n<\/ul>\n<h3>Leistung und Pr\u00e4zision<\/h3>\n<p>\nDer SCA260 v2 verf\u00fcgt \u00fcber verbesserte Aluminiumbeschichtungen auf seinem Prim\u00e4r- und Sekund\u00e4rspiegel, die eine Lichtreflexion von mehr als 95 % gew\u00e4hrleisten. Diese hohe Lichtdurchl\u00e4ssigkeit garantiert helle und kontrastreiche Bilder. Die vereinfachte optische Achse erfordert nur eine Anpassung an der Zugstange des Sekund\u00e4rspiegels, wodurch die Verwendung des 3-Zoll-Korrektors f\u00fcr die Vollbildabbildung und die Vignettierungskontrolle optimiert wird.\n<\/p>\n<h3>Robustes und leichtes Design<\/h3>\n<ul>\n<li><strong>Rohr aus Kohlefaser :<\/strong> Bietet Leichtigkeit und Robustheit f\u00fcr einen einfachen Transport und eine einfache Handhabung.<\/li>\n<li><strong>Gewicht der R\u00f6hre :<\/strong> 14,5 kg bei einem Durchmesser von 304 mm, ideal f\u00fcr eine pers\u00f6nliche Sternwarte oder f\u00fcr unterwegs.<\/li>\n<\/ul>\n<h3>Fokussierer und Vielseitiges Zubeh\u00f6r<\/h3>\n<ul>\n<li><strong>3,35-Zoll-Fokussierer :<\/strong> Mit einem Hub von 50 mm bietet er maximale Flexibilit\u00e4t beim Hinzuf\u00fcgen von Zubeh\u00f6r und sorgt f\u00fcr einen reibungslosen und stabilen Betrieb.<\/li>\n<li><strong>Mehrere Gewinde :<\/strong> M68X1, M54 \u00d7 0,75 und M48 \u00d7 0,75 sowie ein integriertes 2-Zoll-Filtergewinde f\u00fcr eine erweiterte Kompatibilit\u00e4t mit verschiedenen Zubeh\u00f6rteilen.<\/li>\n<li><strong>Back-focus :<\/strong> Standard 55 mm von der Basis des Montagegewindes f\u00fcr eine einfache und schnelle Verbindung.<\/li>\n<\/ul>\n<h3>Zubeh\u00f6r und Montage Vielseitig<\/h3>\n<ul>\n<li><strong>Vielseitiger Griff :<\/strong> Erleichtert die Handhabung und das Anbringen an verschiedenen \u00e4quatorialen Fassungen.<\/li>\n<li><strong>Schwalbenschwanz Typ Vixen :<\/strong> F\u00fcr eine einfache und sichere Montage.<\/li>\n<\/ul>\n<h3>Technische Details<\/h3>\n<ul>\n<li><strong>Nebenachse des Zweitspiegels :<\/strong> 120 mm<\/li>\n<li><strong>Bildkreis :<\/strong> 80 mm<\/li>\n<li><strong>Aufl\u00f6sung :<\/strong> 0.46 Bogensekunden<\/li>\n<li><strong>Visuelle Grenzgr\u00f6\u00dfe :<\/strong> 13.8<\/li>\n<li><strong>Brennweite M48 :<\/strong> 70 mm von der Brennebene<\/li>\n<\/ul>\n<h3>Schlussfolgerung<\/h3>\n<p>\nDas Teleskop SCA260 v2 ist das Ergebnis zahlreicher Optimierungen, um eine optimale Bildqualit\u00e4t und eine Ergonomie zu bieten, die auf die Bed\u00fcrfnisse von Astrofotografen zugeschnitten ist. Seine Kombination aus au\u00dfergew\u00f6hnlicher optischer Leistung, hochwertigen Materialien und pr\u00e4ziser Technik macht es zu einem langlebigen und eleganten Instrument, das die Anforderungen von passionierten Beobachtern und Imaging-Enthusiasten erf\u00fcllt.<\/p>","protected":false},"excerpt":{"rendered":"<p>T\u00e9lescope SCA260 v2 &#8211; Astrographe Cassegrain Asph\u00e9rique Le t\u00e9lescope SCA260 v2 est un astrographe de pointe con\u00e7u pour offrir une exp\u00e9rience d\u2019observation et d\u2019imagerie de haute qualit\u00e9 aux astronomes amateurs et professionnels. Construit autour d\u2019une technologie avanc\u00e9e, il se distingue par ses performances optiques, sa durabilit\u00e9 et son design \u00e9l\u00e9gant. Caract\u00e9ristiques Optiques Exceptionnelles Mirror primaire [&hellip;]<\/p>\n","protected":false},"featured_media":2599,"comment_status":"open","ping_status":"closed","template":"","meta":[],"product_brand":[386],"product_cat":[751,392],"product_tag":[],"class_list":{"0":"post-2577","1":"product","2":"type-product","3":"status-publish","4":"has-post-thumbnail","6":"product_brand-sharpstar","7":"product_cat-cassegrain","8":"product_cat-telescopes_reflecteurs","10":"first","11":"on_supplier","12":"taxable","13":"shipping-taxable","14":"purchasable","15":"product-type-simple"},"_links":{"self":[{"href":"https:\/\/deep-space-astronomy.ch\/de\/wp-json\/wp\/v2\/product\/2577","targetHints":{"allow":["GET"]}}],"collection":[{"href":"https:\/\/deep-space-astronomy.ch\/de\/wp-json\/wp\/v2\/product"}],"about":[{"href":"https:\/\/deep-space-astronomy.ch\/de\/wp-json\/wp\/v2\/types\/product"}],"replies":[{"embeddable":true,"href":"https:\/\/deep-space-astronomy.ch\/de\/wp-json\/wp\/v2\/comments?post=2577"}],"wp:featuredmedia":[{"embeddable":true,"href":"https:\/\/deep-space-astronomy.ch\/de\/wp-json\/wp\/v2\/media\/2599"}],"wp:attachment":[{"href":"https:\/\/deep-space-astronomy.ch\/de\/wp-json\/wp\/v2\/media?parent=2577"}],"wp:term":[{"taxonomy":"product_brand","embeddable":true,"href":"https:\/\/deep-space-astronomy.ch\/de\/wp-json\/wp\/v2\/product_brand?post=2577"},{"taxonomy":"product_cat","embeddable":true,"href":"https:\/\/deep-space-astronomy.ch\/de\/wp-json\/wp\/v2\/product_cat?post=2577"},{"taxonomy":"product_tag","embeddable":true,"href":"https:\/\/deep-space-astronomy.ch\/de\/wp-json\/wp\/v2\/product_tag?post=2577"}],"curies":[{"name":"wp","href":"https:\/\/api.w.org\/{rel}","templated":true}]}}