{"id":2582,"date":"2025-03-06T15:24:00","date_gmt":"2025-03-06T14:24:00","guid":{"rendered":"https:\/\/deep-space-astronomy.geekworkers.dev\/produit\/newton-130-hnt-f-2-8\/"},"modified":"2025-06-03T10:38:09","modified_gmt":"2025-06-03T08:38:09","slug":"newton-130-hnt-f-2-8","status":"publish","type":"product","link":"https:\/\/deep-space-astronomy.ch\/de\/produkt\/newton-130-hnt-f-2-8\/","title":{"rendered":"Astrograph Newton Askar 130mm HNT-AL f\/2.8"},"content":{"rendered":"<h3>Sharpstar 13028HNT - Hyperbolisch Newtonisch<\/h3>\n<p>\nDas Sharpstar 13028HNT ist ein superschnelles hyperbolisches Newton-Teleskop, das f\u00fcr Astronomen und Astrofotografen entwickelt wurde, die eine au\u00dfergew\u00f6hnliche Bildqualit\u00e4t in einem kompakten und leichten Format suchen. Dieses Modell hat dank seines beeindruckenden Brennweitenverh\u00e4ltnisses von 1:2,8 ein breites Publikum erobert und kombiniert Kreativit\u00e4t und Dynamik f\u00fcr ein kompromissloses Seherlebnis.\n<\/p>\n<h3>Erweiterte optische Eigenschaften<\/h3>\n<ul>\n<li><strong>\u00d6ffnungsdurchmesser :<\/strong> 130 mm<\/li>\n<li><strong>Brennweite :<\/strong> 364 mm<\/li>\n<li><strong>Fokusbericht :<\/strong> f\/2.8<\/li>\n<li><strong>Typ des Prim\u00e4rspiegels :<\/strong> Hyperbolischer reflektierender Spiegel<\/li>\n<li><strong>Material des Spiegels :<\/strong> PZ33 (\u00e4hnlich wie Pyrexglas) bietet eine hohe thermische Stabilit\u00e4t<\/li>\n<li><strong>Korrekturlesen:<\/strong> Refraktive Linsen mit zwei Elementen, eines davon aus ED-Glas, f\u00fcr eine optimale Korrektur von Aberrationen<\/li>\n<\/ul>\n<h3>Nachhaltiges und leichtes Design<\/h3>\n<ul>\n<li><strong>Rohr aus Kohlefaser :<\/strong> Hergestellt aus hochwertiger Kohlefaser f\u00fcr au\u00dfergew\u00f6hnliche Robustheit und Leichtigkeit<\/li>\n<li><strong>Nettogewicht :<\/strong> 3.2 kg<\/li>\n<li><strong>Bruttogewicht :<\/strong> 4.3 kg (mit Schutzkappe, Rohrringen, Griff und Vixen-Schwalbenschwanz)<\/li>\n<\/ul>\n<h3>Fokus und Kompatibilit\u00e4t mit Zubeh\u00f6r<\/h3>\n<ul>\n<li><strong>Fokus auf 2,5 Zoll :<\/strong> Mit Zahnstange und Ritzel, ausgestattet mit Fein- und Grobeinstellungskn\u00f6pfen f\u00fcr eine schnelle und pr\u00e4zise Fokussierung<\/li>\n<li><strong>Gewinde :<\/strong> M63-Kompatibilit\u00e4t, mit Adapter zur Umstellung auf ein gr\u00f6\u00dferes M48x0,75-Gewinde, was den Anschluss verschiedener Zubeh\u00f6rteile erleichtert<\/li>\n<li><strong>Standard-Backfokus :<\/strong> 55 mm von der Basis des Montagegewindes f\u00fcr eine einfache und schnelle Verwendung<\/li>\n<\/ul>\n<h3>Zubeh\u00f6r und Montage Vielseitig<\/h3>\n<ul>\n<li><strong>Vielseitiger Griff :<\/strong> Erleichtert die Handhabung und das Anbringen an verschiedenen \u00e4quatorialen Fassungen<\/li>\n<li><strong>Schwalbenschwanz Typ Vixen :<\/strong> F\u00fcr eine einfache und sichere Montage<\/li>\n<li><strong>Kompaktes Design :<\/strong> Ideal f\u00fcr Nutzer, die ein leistungsstarkes Teleskop in einem kleinen Format suchen<\/li>\n<\/ul>\n<h3>Technische Spezifikationen<\/h3>\n<ul>\n<li><strong>Nebenachse des Zweitspiegels :<\/strong> 65 mm<\/li>\n<li><strong>Sichtfeld :<\/strong> 6.9 Grad<\/li>\n<li><strong>Aufl\u00f6sung :<\/strong> 0.89 Bogensekunden<\/li>\n<li><strong>Visuelle Grenzgr\u00f6\u00dfe :<\/strong> 12.3<\/li>\n<li><strong>Au\u00dfendurchmesser des Rohrs :<\/strong> 174 mm<\/li>\n<\/ul>\n<h3>Schlussfolgerung<\/h3>\n<p>\nDas Sharpstar 13028HNT ist die perfekte Kombination aus optischer Leistung, hochwertiger Verarbeitung und geringem Gewicht. Mit seinem Hyperbolspiegel und einem Brennweitenverh\u00e4ltnis von 1:2,8 richtet es sich an Astronomie-Enthusiasten, die scharfe und detailreiche Bilder mit einer kurzen Belichtungszeit aufnehmen m\u00f6chten.<\/p>","protected":false},"excerpt":{"rendered":"<p>Sharpstar 13028HNT &#8211; Hyperbolique Newtonien Le Sharpstar 13028HNT est un t\u00e9lescope newtonien hyperbolique ultra-rapide, con\u00e7u pour les astronomes et astrophotographes \u00e0 la recherche d\u2019une qualit\u00e9 d\u2019image exceptionnelle dans un format compact et l\u00e9ger. Ce mod\u00e8le a conquis un large public gr\u00e2ce \u00e0 son rapport focal impressionnant de f\/2.8, combinant cr\u00e9ativit\u00e9 et dynamisme pour une exp\u00e9rience [&hellip;]<\/p>\n","protected":false},"featured_media":2602,"comment_status":"open","ping_status":"closed","template":"","meta":[],"product_brand":[386],"product_cat":[747,816,392],"product_tag":[],"class_list":{"0":"post-2582","1":"product","2":"type-product","3":"status-publish","4":"has-post-thumbnail","6":"product_brand-sharpstar","7":"product_cat-newton","8":"product_cat-nouveautes","9":"product_cat-telescopes_reflecteurs","11":"first","12":"on_supplier","13":"taxable","14":"shipping-taxable","15":"purchasable","16":"product-type-simple"},"_links":{"self":[{"href":"https:\/\/deep-space-astronomy.ch\/de\/wp-json\/wp\/v2\/product\/2582","targetHints":{"allow":["GET"]}}],"collection":[{"href":"https:\/\/deep-space-astronomy.ch\/de\/wp-json\/wp\/v2\/product"}],"about":[{"href":"https:\/\/deep-space-astronomy.ch\/de\/wp-json\/wp\/v2\/types\/product"}],"replies":[{"embeddable":true,"href":"https:\/\/deep-space-astronomy.ch\/de\/wp-json\/wp\/v2\/comments?post=2582"}],"wp:featuredmedia":[{"embeddable":true,"href":"https:\/\/deep-space-astronomy.ch\/de\/wp-json\/wp\/v2\/media\/2602"}],"wp:attachment":[{"href":"https:\/\/deep-space-astronomy.ch\/de\/wp-json\/wp\/v2\/media?parent=2582"}],"wp:term":[{"taxonomy":"product_brand","embeddable":true,"href":"https:\/\/deep-space-astronomy.ch\/de\/wp-json\/wp\/v2\/product_brand?post=2582"},{"taxonomy":"product_cat","embeddable":true,"href":"https:\/\/deep-space-astronomy.ch\/de\/wp-json\/wp\/v2\/product_cat?post=2582"},{"taxonomy":"product_tag","embeddable":true,"href":"https:\/\/deep-space-astronomy.ch\/de\/wp-json\/wp\/v2\/product_tag?post=2582"}],"curies":[{"name":"wp","href":"https:\/\/api.w.org\/{rel}","templated":true}]}}