{"id":2583,"date":"2025-03-06T15:24:20","date_gmt":"2025-03-06T14:24:20","guid":{"rendered":"https:\/\/deep-space-astronomy.geekworkers.dev\/produit\/sqa55\/"},"modified":"2026-03-04T09:15:42","modified_gmt":"2026-03-04T08:15:42","slug":"sqa55","status":"publish","type":"product","link":"https:\/\/deep-space-astronomy.ch\/de\/produkt\/sqa55\/","title":{"rendered":"Astrograf Super Apo Askar SQA55"},"content":{"rendered":"<h3>SQA55 - Super Quintuplet Astrograph<\/h3>\n<p>Der SQA55 ist ein f\u00fcnffacher Astrograf mit luftspaltenden Linsen, der entwickelt wurde, um eine au\u00dfergew\u00f6hnliche Bildqualit\u00e4t und Vielseitigkeit f\u00fcr die t\u00e4gliche astronomische Fotografie zu bieten. Diese Optik ist f\u00fcr diejenigen interessant, die eine vielseitige Wettbewerbsoptik haben m\u00f6chten, die sie \u00fcberall hin mitnehmen k\u00f6nnen! Die Qualit\u00e4t der Verarbeitung und der Optik machen dieses kleine Objektiv zu einem starken Verb\u00fcndeten f\u00fcr die Weitfeldfotografie.<\/p>\n<h3>Beispiele f\u00fcr die Verwendung<\/h3>\n<ul>\n<li>Kometen detailliert fotografieren<\/li>\n<li>Die gro\u00dfen Nebel am Himmel in ihrem Sternenfeld abbilden<\/li>\n<li>Bestimmte Konjunktionen (z. B. Venus, Jupiter und Mars) n\u00e4her erl\u00e4utern<\/li>\n<li>Ideal, um sich originelle Bildausschnitte auszudenken<\/li>\n<li>Spontaner Einsatz am Abend oder bei unvorhergesehenen Ereignissen dank seines geringen Gewichts<\/li>\n<\/ul>\n<h3>Optisches Design und Daten<\/h3>\n<ul>\n<li><strong>Linsensystem :<\/strong> Das SQA55 verwendet ein f\u00fcnffaches optisches Design von Petzval, das aus SD- und ED-Linsen besteht, um chromatische Aberrationen zu reduzieren und eine hohe Bildsch\u00e4rfe zu bieten. Dieses Design erm\u00f6glicht eine hohe Aufl\u00f6sung und einen hohen Kontrast durch einen geringen Lichtverlust und sorgt so f\u00fcr scharfe und pr\u00e4zise Sterne.<\/li>\n<li><strong>MTF (Modulation Transfer Function) :<\/strong> Die Modulationstransferfunktion (MTF) misst die Sch\u00e4rfe einer Linse, indem sie analysiert, wie klar selbst feine Details im Bild sind. Der SQA55 beh\u00e4lt selbst bei niedrigen Frequenzen (10 LP\/mm) eine MTF von \u00fcber 0,9 bei, selbst am Rand des Rahmens, und sorgt so f\u00fcr klare und scharfe Sterne ohne Kontrastverlust.<\/li>\n<li><strong>Relative Illumination (IR) :<\/strong> Die SQA55 h\u00e4lt eine hohe Ausleuchtung von ca. 90 % bis zu den R\u00e4ndern des Rahmens aufrecht und minimiert Vignettierungseffekte, indem sie sicherstellt, dass das Licht gleichm\u00e4\u00dfig von der Mitte bis zu den Ecken des Bildes verteilt wird.<\/li>\n<li><strong>Spot Diagram :<\/strong> Die Genauigkeit des SQA55 wird durch einen zentralen Auftreffpunkt mit einem RMS-Radius von weniger als 2,5 \u00b5m und weniger als 4 \u00b5m an den R\u00e4ndern demonstriert, was eine feine und detaillierte Sternabbildung erm\u00f6glicht.<\/li>\n<li><strong>ZYGO Objective Chart :<\/strong> Getestet mit einem ZYGO-Interferometer, zeigte der SQA55 hochwertige Ergebnisse in Bezug auf die Bildsch\u00e4rfe.<\/li>\n<\/ul>\n<h3>Struktur und mechanische Eigenschaften<\/h3>\n<ul>\n<li><strong>Petzval-Struktur :<\/strong> Autoaplanisches Design, ohne die Notwendigkeit, einen speziellen Backfokus zu berechnen, mit einem Anschlussabstand zwischen 50 mm und 60 mm f\u00fcr den direkten Einsatz in der Fotografie.<\/li>\n<li><strong>Fokussieren mit doppelter Geschwindigkeit :<\/strong> Erm\u00f6glicht unabh\u00e4ngige Fein- und Grobeinstellungen mit imperialen und metrischen Skalen. F\u00fcr die Astrofotografie bieten eine Unendlichkeitsmarkierung und ein zus\u00e4tzlicher Spielraum Flexibilit\u00e4t.<\/li>\n<li><strong>Doppelrotator :<\/strong> Der Objektivtubus und der 360\u00b0-Rotator verf\u00fcgen \u00fcber unabh\u00e4ngige Feststellschrauben, mit denen Sie die Winkel beim Fotografieren leicht einstellen und speichern k\u00f6nnen.<\/li>\n<\/ul>\n<h3>Zubeh\u00f6r und Konnektivit\u00e4t<\/h3>\n<ul>\n<li><strong>Filtergewinde M67 :<\/strong> Sie befindet sich an der Vorderseite des Objektivs und erm\u00f6glicht den Anschluss von Filtern f\u00fcr die t\u00e4gliche Fotografie.<\/li>\n<li><strong>Filtergewinde :<\/strong> Ausgestattet mit einem M48-Adapter mit integriertem Gewinde f\u00fcr 2-Zoll-Filter.<\/li>\n<li><strong>Quick Release Base :<\/strong> An vier Multifunktionsbasen kann verschiedenes Zubeh\u00f6r f\u00fcr die Fotografie und Astrofotografie angeschlossen werden.<\/li>\n<li><strong>Umkehrbare Linsenabdeckung :<\/strong> Spezielles Design mit Aufbewahrungsort am Objektivtubus, um den Platzbedarf zu reduzieren.<\/li>\n<li><strong>Griff :<\/strong> Der Griff mit einem Steckplatz f\u00fcr eine Sucherbasis erm\u00f6glicht den Anschluss verschiedener astronomischer Zubeh\u00f6rteile und kann ohne Werkzeug schnell abgenommen werden.<\/li>\n<\/ul>\n<h3>Struktur der Installation<\/h3>\n<ul>\n<li><strong>Schwalbenschwanzplatte :<\/strong> 200-mm-Platte im Vixen-Stil mit Handschrauben und einem Quick-Release-Knopf f\u00fcr die einfache Montage auf einem Stativ.<\/li>\n<li><strong>Unterst\u00fctzung :<\/strong> Die untere Halterung ist mit L\u00f6chern f\u00fcr 1\/4- und 3\/8-Schrauben ausgestattet, um die SQA55 auf einem Stativ zu befestigen.<\/li>\n<\/ul>\n<h3>Vielf\u00e4ltige Anwendungsf\u00e4lle<\/h3>\n<ul>\n<li>Fotografie von Kometen mit Details<\/li>\n<li>Deep-Sky-Astrofotografie (Nebel, Galaxien, Sternhaufen)<\/li>\n<li>Erfassen von Konjunktionen (z. B. Venus, Jupiter und Mars) und Erstellen von originellen Bildausschnitten<\/li>\n<li>Spontaner Einsatz am Abend oder bei unvorhergesehenen Ereignissen dank seines geringen Gewichts<\/li>\n<li>Kompatibel mit Astronomie-Kameras oder Spiegelreflex-\/Hybridkameras f\u00fcr den doppelten Einsatz in der Astrofotografie und in der Alltagsfotografie<\/li>\n<\/ul>\n<h3>Tragetasche<\/h3>\n<ul>\n<li><strong>Robustes Transport-Etui :<\/strong> Diese mit der SQA55 gelieferte, wasserdichte, zweist\u00f6ckige Tasche in Milit\u00e4rqualit\u00e4t mit EVA-Innenfutter bietet zus\u00e4tzlichen Platz f\u00fcr astronomisches oder fotografisches Zubeh\u00f6r.<\/li>\n<\/ul>","protected":false},"excerpt":{"rendered":"<p>SQA55 &#8211; Super Quintuplet Astrograph Le SQA55 est un astrographe quintuplet \u00e0 lentilles espac\u00e9es par air, con\u00e7u pour offrir une qualit\u00e9 d\u2019image exceptionnelle et une polyvalence pour la photographie astronomique au quotidien. L\u2019int\u00e9r\u00eat de cette optique est av\u00e9r\u00e9 pour les personnes d\u00e9sirant avoir une optique de comp\u00e9tition, versatile, \u00e0 emener partout ! La qualit\u00e9 de [&hellip;]<\/p>\n","protected":false},"featured_media":6015,"comment_status":"open","ping_status":"closed","template":"","meta":[],"product_brand":[382],"product_cat":[384,755,816],"product_tag":[],"class_list":{"0":"post-2583","1":"product","2":"type-product","3":"status-publish","4":"has-post-thumbnail","6":"product_brand-askar","7":"product_cat-lunettes_refracteurs","8":"product_cat-lunettes-apochromatiques","9":"product_cat-nouveautes","11":"first","12":"on_supplier","13":"taxable","14":"shipping-taxable","15":"purchasable","16":"product-type-simple"},"_links":{"self":[{"href":"https:\/\/deep-space-astronomy.ch\/de\/wp-json\/wp\/v2\/product\/2583","targetHints":{"allow":["GET"]}}],"collection":[{"href":"https:\/\/deep-space-astronomy.ch\/de\/wp-json\/wp\/v2\/product"}],"about":[{"href":"https:\/\/deep-space-astronomy.ch\/de\/wp-json\/wp\/v2\/types\/product"}],"replies":[{"embeddable":true,"href":"https:\/\/deep-space-astronomy.ch\/de\/wp-json\/wp\/v2\/comments?post=2583"}],"wp:featuredmedia":[{"embeddable":true,"href":"https:\/\/deep-space-astronomy.ch\/de\/wp-json\/wp\/v2\/media\/6015"}],"wp:attachment":[{"href":"https:\/\/deep-space-astronomy.ch\/de\/wp-json\/wp\/v2\/media?parent=2583"}],"wp:term":[{"taxonomy":"product_brand","embeddable":true,"href":"https:\/\/deep-space-astronomy.ch\/de\/wp-json\/wp\/v2\/product_brand?post=2583"},{"taxonomy":"product_cat","embeddable":true,"href":"https:\/\/deep-space-astronomy.ch\/de\/wp-json\/wp\/v2\/product_cat?post=2583"},{"taxonomy":"product_tag","embeddable":true,"href":"https:\/\/deep-space-astronomy.ch\/de\/wp-json\/wp\/v2\/product_tag?post=2583"}],"curies":[{"name":"wp","href":"https:\/\/api.w.org\/{rel}","templated":true}]}}