{"id":2654,"date":"2025-03-06T15:35:56","date_gmt":"2025-03-06T14:35:56","guid":{"rendered":"https:\/\/deep-space-astronomy.geekworkers.dev\/produit\/celestron-rasa-v2-280-mm-11\/"},"modified":"2025-10-01T16:14:29","modified_gmt":"2025-10-01T14:14:29","slug":"celestron-rasa-v2-280-mm-11","status":"publish","type":"product","link":"https:\/\/deep-space-astronomy.ch\/de\/produkt\/celestron-rasa-v2-280-mm-11\/","title":{"rendered":"Celestron RASA V2 280 mm (11\u2033)"},"content":{"rendered":"<h3>RASA 11 V2: Revolutionieren Sie Ihre Herangehensweise an die Deep-Sky-Astrofotografie<\/h3>\n<p>Verwandeln Sie Ihr Astrofotografie-Erlebnis mit dem Rowe-Ackermann Schmidt Astrograph (RASA) 11 V2 von Celestron, einem Instrument, das entwickelt wurde, um beeindruckende Deep-Sky-Bilder mit einer nie dagewesenen Leichtigkeit einzufangen. Egal, ob Sie eine DSLR-Kamera oder eine hochmoderne astronomische CMOS-Kamera verwenden, dieses Teleskop bietet selbst den anspruchsvollsten Astrofotografen eine unglaubliche Leistung.<\/p>\n<h3>Au\u00dfergew\u00f6hnliche Bilder in Rekordzeit<\/h3>\n<ul>\n<li><strong>Superschnelles System mit f\/2.2 :<\/strong> Erm\u00f6glicht wesentlich k\u00fcrzere Belichtungszeiten als ein herk\u00f6mmliches System mit Blende 10, ohne die Aufl\u00f6sung zu beeintr\u00e4chtigen.<\/li>\n<li><strong>Vorteile des schnellen Systems :<\/strong> Weniger Anforderungen an die \u00e4quatoriale Nachf\u00fchrung, oft ohne Bedarf an Autoguiding.<\/li>\n<li><strong>Kurze Brennweite von 620 mm :<\/strong> Ideal f\u00fcr Weitfeldaufnahmen, Himmelsmosaike oder die Jagd nach Kometen. Mit den kleinen Pixeln moderner Kameras lassen sich auch kleine, weit entfernte Galaxien einfangen.<\/li>\n<\/ul>\n<h3>Hochwertige Optik<\/h3>\n<ul>\n<li><strong>Optisches System mit 4 Linsen aus Seltenerdglas :<\/strong> Liefert scharfe Bilder, die frei von Aberrationen wie Koma, Feldkr\u00fcmmung oder Farbstichen sind.<\/li>\n<li><strong>Optimierter Bildkreis von 43,3 mm :<\/strong> Entwickelt f\u00fcr die gr\u00f6\u00dften Sensoren, mit einer hervorragenden Bildqualit\u00e4t bis zu einer Diagonale von 52 mm.<\/li>\n<li><strong>Minimaler Weinanbau :<\/strong> Genie\u00dfen Sie einheitliche Bilder, selbst bei gro\u00dfen Sensoren.<\/li>\n<\/ul>\n<h3>Ein ideales Design f\u00fcr die Astrofotografie<\/h3>\n<ul>\n<li><strong>Mehrschichtiges optisches Fenster inbegriffen :<\/strong> Kompatibel mit Bildgebungsfiltern f\u00fcr optimale Ergebnisse.<\/li>\n<li><strong>Integrierte CGE-St\u00e4be :<\/strong> Zum Befestigen von Zubeh\u00f6r wie z. B. einer F\u00fchrungsschiene.<\/li>\n<\/ul>\n<h3>Fortschrittliche Technologien f\u00fcr unerreichte Leistungen<\/h3>\n<ul>\n<li><strong>Ultra-Stable Focus System (USFS) :<\/strong> Reduziert Focus Shift und Mirror Flop und sorgt so f\u00fcr eine au\u00dfergew\u00f6hnliche Stabilit\u00e4t. Kompatibel mit dem Celestron-Fokusmotor (#94155-A) f\u00fcr eine pr\u00e4zise Steuerung.<\/li>\n<li><strong>Eingebauter MagLev-L\u00fcfter (12V DC) :<\/strong> Beschleunigt das Aufw\u00e4rmen und sorgt mit einem Staubfilter f\u00fcr eine optimale Bel\u00fcftung.<\/li>\n<\/ul>\n<h3>Ein innovatives Erbe<\/h3>\n<p>Die RASA 11 V2 f\u00fchrt das Erbe der Schmidt-Kameras von Celestron aus den 1970er Jahren fort und integriert gleichzeitig moderne Technologien, um den Anforderungen der Astrofotografen von heute gerecht zu werden. Dieser Astrograf ist nicht nur ideal f\u00fcr die Beobachtung, sondern auch f\u00fcr die Erstellung von Himmelsmosaiken, die Kartierung des Himmels und die Durchf\u00fchrung detaillierter Vermessungen.<\/p>\n<h3>Schlussfolgerung<\/h3>\n<p>Das RASA 11 V2 ist mehr als nur ein Teleskop: Es ist ein revolution\u00e4res Werkzeug, mit dem Sie das Universum erforschen und einfangen k\u00f6nnen, und zwar mit einer au\u00dfergew\u00f6hnlichen Bildqualit\u00e4t und Einfachheit. Bringen Sie Ihre Astrofotografie noch heute auf die n\u00e4chste Stufe.<\/p>","protected":false},"excerpt":{"rendered":"<p>RASA 11 V2 : R\u00e9volutionnez votre approche de l&rsquo;astrophotographie du Ciel Profond Transformez votre exp\u00e9rience d\u2019astrophotographie avec le Rowe-Ackermann Schmidt Astrograph (RASA) 11 V2 de Celestron, un instrument con\u00e7u pour capturer des images impressionnantes du ciel profond avec une facilit\u00e9 in\u00e9dite. Que vous utilisiez un appareil photo DSLR ou une cam\u00e9ra CMOS astronomique de pointe, [&hellip;]<\/p>\n","protected":false},"featured_media":2651,"comment_status":"open","ping_status":"closed","template":"","meta":[],"product_brand":[413],"product_cat":[749,392],"product_tag":[],"class_list":{"0":"post-2654","1":"product","2":"type-product","3":"status-publish","4":"has-post-thumbnail","6":"product_brand-celestron","7":"product_cat-rowe-ackermann-schmidt-rasa","8":"product_cat-telescopes_reflecteurs","10":"first","11":"onbackorder","12":"taxable","13":"shipping-taxable","14":"purchasable","15":"product-type-simple"},"_links":{"self":[{"href":"https:\/\/deep-space-astronomy.ch\/de\/wp-json\/wp\/v2\/product\/2654","targetHints":{"allow":["GET"]}}],"collection":[{"href":"https:\/\/deep-space-astronomy.ch\/de\/wp-json\/wp\/v2\/product"}],"about":[{"href":"https:\/\/deep-space-astronomy.ch\/de\/wp-json\/wp\/v2\/types\/product"}],"replies":[{"embeddable":true,"href":"https:\/\/deep-space-astronomy.ch\/de\/wp-json\/wp\/v2\/comments?post=2654"}],"wp:featuredmedia":[{"embeddable":true,"href":"https:\/\/deep-space-astronomy.ch\/de\/wp-json\/wp\/v2\/media\/2651"}],"wp:attachment":[{"href":"https:\/\/deep-space-astronomy.ch\/de\/wp-json\/wp\/v2\/media?parent=2654"}],"wp:term":[{"taxonomy":"product_brand","embeddable":true,"href":"https:\/\/deep-space-astronomy.ch\/de\/wp-json\/wp\/v2\/product_brand?post=2654"},{"taxonomy":"product_cat","embeddable":true,"href":"https:\/\/deep-space-astronomy.ch\/de\/wp-json\/wp\/v2\/product_cat?post=2654"},{"taxonomy":"product_tag","embeddable":true,"href":"https:\/\/deep-space-astronomy.ch\/de\/wp-json\/wp\/v2\/product_tag?post=2654"}],"curies":[{"name":"wp","href":"https:\/\/api.w.org\/{rel}","templated":true}]}}