{"id":2673,"date":"2025-03-06T15:38:32","date_gmt":"2025-03-06T14:38:32","guid":{"rendered":"https:\/\/deep-space-astronomy.geekworkers.dev\/produit\/schmidt-cassegrain-c9-25-edgehd-235mm-9-25\/"},"modified":"2025-09-28T19:05:05","modified_gmt":"2025-09-28T17:05:05","slug":"schmidt-cassegrain-c9-25-edgehd-235mm-9-25","status":"publish","type":"product","link":"https:\/\/deep-space-astronomy.ch\/de\/produkt\/schmidt-cassegrain-c9-25-edgehd-235mm-9-25\/","title":{"rendered":"Schmidt-Cassegrain C9.25 EdgeHD 235mm (9.25\u2033)"},"content":{"rendered":"<h3>Celestron C9.25 EdgeHD: Eine neue Dimension f\u00fcr die Erforschung des Himmels<\/h3>\n<p>Tauchen Sie mit dem Celestron C9.25 EdgeHD, einem Schmidt-Cassegrain-Teleskop der n\u00e4chsten Generation, in das Universum ein. Es liefert gestochen scharfe, aberrationsfreie Bilder bis an den Rand der gr\u00f6\u00dften Sensoren und Okulare. Egal, ob Sie sich f\u00fcr visuelle Beobachtung oder Astrofotografie begeistern, dieses Teleskop vereint au\u00dfergew\u00f6hnliche optische Leistung und fortschrittliches mechanisches Design, um Ihre h\u00f6chsten Erwartungen zu erf\u00fcllen.<\/p>\n<h3>Optiken in Astrografie-Qualit\u00e4t<\/h3>\n<ul>\n<li><strong>Korrektur von Aberrationen :<\/strong> Beseitigt Koma und Feldw\u00f6lbung f\u00fcr perfekt punktf\u00f6rmige Sterne, selbst mit den gr\u00f6\u00dften Digitalsensoren.<\/li>\n<li><strong>Ultraflache Fokusebene :<\/strong> Mehr als dreimal flacher als ein herk\u00f6mmlicher Schmidt-Cassegrain, ideal f\u00fcr die Bildgebung mit gro\u00dfen CCD- oder CMOS-Sensoren.<\/li>\n<li><strong>Maximale Lichtdurchl\u00e4ssigkeit :<\/strong> Dank der StarBright XLT-Verg\u00fctung von Celestron optimiert jede optische Oberfl\u00e4che die Lichterfassung f\u00fcr helle und kontrastreiche Bilder.<\/li>\n<\/ul>\n<h3>H\u00f6here Leistung und Vielseitigkeit<\/h3>\n<ul>\n<li><strong>Natives Brennweitenverh\u00e4ltnis f\/10 :<\/strong> Geeignet f\u00fcr eine Vielzahl von astrofotografischen und visuellen Anwendungen.<\/li>\n<li><strong>Einstellbare Brennweite dank Fastar :<\/strong> Verwandeln Sie das Teleskop in ein superschnelles 1:2-System f\u00fcr Weitwinkelaufnahmen, indem Sie den Sekund\u00e4rspiegel entfernen und ein Zubeh\u00f6rteil von Drittanbietern hinzuf\u00fcgen.<\/li>\n<li><strong>Hochaufl\u00f6sende Beobachtung :<\/strong> Kombinieren Sie es mit einer Barlow-Linse, um detaillierte Bilder des Mondes, der Planeten oder der Sonne zu erhalten.<\/li>\n<li><strong>Angereicherte visuelle Beobachtung :<\/strong> Genie\u00dfen Sie eine klare und detaillierte Ansicht von Deep-Sky-Objekten, Sternhaufen und Nebeln.<\/li>\n<\/ul>\n<h3>Fortgeschrittene mechanische Eigenschaften<\/h3>\n<ul>\n<li><strong>Verriegelung des Hauptspiegels :<\/strong> Reduziert Verschiebungen bei langen Belichtungszeiten und sorgt so f\u00fcr ein stabiles, zentriertes Bild.<\/li>\n<li><strong>Bel\u00fcftungssystem :<\/strong> Die Entl\u00fcftungs\u00f6ffnungen an der R\u00fcckseite des Tubus leiten die hei\u00dfe Luft hinter dem Hauptspiegel ab und verhindern gleichzeitig das Eindringen von Staub durch einen 50-Mikron-Maschenfilter.<\/li>\n<li><strong>Fastar-Kompatibilit\u00e4t :<\/strong> Erm\u00f6glicht eine ultraschnelle Bildgebung bei Blende 2, ideal f\u00fcr die Aufnahme von Himmelsobjekten in einem breiten Feld.<\/li>\n<\/ul>\n<h3>Rigorose Qualit\u00e4tstests<\/h3>\n<p>Jeder Celestron C9.25 EdgeHD wird vor dem Versand strengen Tests unterzogen. Dabei werden optische und mechanische Validierungen mithilfe eines k\u00fcnstlichen Sterns und einer Kamera durchgef\u00fchrt, um eine optimale Leistung im Feld zu gew\u00e4hrleisten.<\/p>\n<h3>Enthaltenes Zubeh\u00f6r f\u00fcr den sofortigen Gebrauch<\/h3>\n<ul>\n<li>Sucher 9\u00d750: Um Ihre Ziele genau zu lokalisieren.<\/li>\n<li>Diagonalspiegel 2\" : F\u00fcr die bequeme Beobachtung mit Weitfeldokularen.<\/li>\n<li>Okular Luminos 23 mm (2\") : F\u00fcr eine breite und detaillierte Sicht ab der ersten Verwendung.<\/li>\n<\/ul>\n<h3>Vielseitige Anwendungen<\/h3>\n<ul>\n<li><strong>Fortgeschrittene Astrofotografie :<\/strong> Erfassen Sie pr\u00e4zise Details von Deep-Sky-Objekten, Galaxien, Nebeln und Sternhaufen.<\/li>\n<li><strong>Immersive visuelle Beobachtung :<\/strong> Erkunden Sie die Wunder des Himmels mit unvergleichlicher Sch\u00e4rfe.<\/li>\n<li><strong>Schnelle Bildgebung mit Fastar :<\/strong> Ideal f\u00fcr kurze und effektive Imaging-Sessions.<\/li>\n<\/ul>\n<h3>Schlussfolgerung<\/h3>\n<p>Das Celestron C9.25 EdgeHD ist ein Teleskop, das f\u00fcr eine un\u00fcbertroffene Leistung bei der astronomischen Beobachtung und Bildgebung entwickelt wurde. Entdecken Sie das Universum mit einer Klarheit und Genauigkeit, die die Standards f\u00fcr die Amateur- und professionelle Astronomie neu definiert.<\/p>","protected":false},"excerpt":{"rendered":"<p>Celestron C9.25 EdgeHD : Une Nouvelle Dimension pour l\u2019Exploration du Ciel Plongez dans l\u2019univers avec le Celestron C9.25 EdgeHD, un t\u00e9lescope Schmidt-Cassegrain de nouvelle g\u00e9n\u00e9ration offrant des images nettes et sans aberration jusqu\u2019aux bords des capteurs et oculaires les plus larges. Que vous soyez passionn\u00e9 d\u2019observation visuelle ou d\u2019astrophotographie, ce t\u00e9lescope associe des performances optiques [&hellip;]<\/p>\n","protected":false},"featured_media":2669,"comment_status":"open","ping_status":"closed","template":"","meta":[],"product_brand":[413],"product_cat":[748,392],"product_tag":[],"class_list":{"0":"post-2673","1":"product","2":"type-product","3":"status-publish","4":"has-post-thumbnail","6":"product_brand-celestron","7":"product_cat-schmidt-cassegrain","8":"product_cat-telescopes_reflecteurs","10":"first","11":"instock","12":"taxable","13":"shipping-taxable","14":"purchasable","15":"product-type-simple"},"_links":{"self":[{"href":"https:\/\/deep-space-astronomy.ch\/de\/wp-json\/wp\/v2\/product\/2673","targetHints":{"allow":["GET"]}}],"collection":[{"href":"https:\/\/deep-space-astronomy.ch\/de\/wp-json\/wp\/v2\/product"}],"about":[{"href":"https:\/\/deep-space-astronomy.ch\/de\/wp-json\/wp\/v2\/types\/product"}],"replies":[{"embeddable":true,"href":"https:\/\/deep-space-astronomy.ch\/de\/wp-json\/wp\/v2\/comments?post=2673"}],"wp:featuredmedia":[{"embeddable":true,"href":"https:\/\/deep-space-astronomy.ch\/de\/wp-json\/wp\/v2\/media\/2669"}],"wp:attachment":[{"href":"https:\/\/deep-space-astronomy.ch\/de\/wp-json\/wp\/v2\/media?parent=2673"}],"wp:term":[{"taxonomy":"product_brand","embeddable":true,"href":"https:\/\/deep-space-astronomy.ch\/de\/wp-json\/wp\/v2\/product_brand?post=2673"},{"taxonomy":"product_cat","embeddable":true,"href":"https:\/\/deep-space-astronomy.ch\/de\/wp-json\/wp\/v2\/product_cat?post=2673"},{"taxonomy":"product_tag","embeddable":true,"href":"https:\/\/deep-space-astronomy.ch\/de\/wp-json\/wp\/v2\/product_tag?post=2673"}],"curies":[{"name":"wp","href":"https:\/\/api.w.org\/{rel}","templated":true}]}}