{"id":2678,"date":"2025-03-06T15:39:14","date_gmt":"2025-03-06T14:39:14","guid":{"rendered":"https:\/\/deep-space-astronomy.geekworkers.dev\/produit\/schmidt-cassegrain-c11-edgehd-280mm-11\/"},"modified":"2025-10-23T19:20:01","modified_gmt":"2025-10-23T17:20:01","slug":"schmidt-cassegrain-c11-edgehd-280mm-11","status":"publish","type":"product","link":"https:\/\/deep-space-astronomy.ch\/de\/produkt\/schmidt-cassegrain-c11-edgehd-280mm-11\/","title":{"rendered":"Schmidt-Cassegrain C11 EdgeHD 280mm (11\u2033)"},"content":{"rendered":"<h3>Celestron C11 EdgeHD: Optische Exzellenz zur Erforschung des Universums<\/h3>\n<p>\nEntdecken Sie das Celestron C11 EdgeHD, ein Schmidt-Cassegrain-Referenzteleskop, das optische Spitzenleistung mit einem fortschrittlichen mechanischen Design verbindet. Dieses Instrument ist ideal f\u00fcr die Astrofotografie und die visuelle Beobachtung und liefert scharfe, aberrationsfreie Bilder bis an die R\u00e4nder der gr\u00f6\u00dften Sensoren und Okulare.\n<\/p>\n<h3>Un\u00fcbertroffene optische Qualit\u00e4t<\/h3>\n<ul>\n<li><strong>Ultraflaches Feld :<\/strong> Beseitigt Koma und Feldkr\u00fcmmung f\u00fcr perfekt punktf\u00f6rmige Sterne \u00fcber das gesamte Sichtfeld.<\/li>\n<li><strong>Au\u00dfergew\u00f6hnliche Fokusebene :<\/strong> Dreimal flacher als ein herk\u00f6mmlicher Schmidt-Cassegrain, ideal f\u00fcr die Bildgebung mit den gr\u00f6\u00dften CCD- oder CMOS-Sensoren.<\/li>\n<li><strong>Maximale Lichtdurchl\u00e4ssigkeit :<\/strong> Dank der StarBright XLT-Verg\u00fctung maximiert jede optische Oberfl\u00e4che die Lichterfassung f\u00fcr helle und detailreiche Bilder.<\/li>\n<\/ul>\n<h3>Vielseitige Leistung<\/h3>\n<ul>\n<li><strong>Natives Brennweitenverh\u00e4ltnis f\/10 :<\/strong> Ideal, um pr\u00e4zise Details von Deep-Sky-Objekten einzufangen.<\/li>\n<li><strong>Verkleinerung auf f\/7 :<\/strong> Vergr\u00f6\u00dfert das Sichtfeld mit einem optionalen Fokussierungsreduzierer.<\/li>\n<li><strong>Schnelle Bildgebung bei f\/2 mit Fastar :<\/strong> Verwandeln Sie das Teleskop in ein ultraschnelles System, indem Sie den Sekund\u00e4rspiegel entfernen und ein Zubeh\u00f6rteil von Drittanbietern hinzuf\u00fcgen.<\/li>\n<\/ul>\n<h3>Fortgeschrittene mechanische Eigenschaften<\/h3>\n<ul>\n<li><strong>Verriegelung des Hauptspiegels :<\/strong> Reduziert das Verrutschen des Spiegels bei langen Belichtungszeiten und sorgt so f\u00fcr ein stabiles, zentriertes Bild.<\/li>\n<li><strong>Fortschrittliches Bel\u00fcftungssystem :<\/strong> Entl\u00fcftungs\u00f6ffnungen an der R\u00fcckseite des Rohrs sorgen f\u00fcr eine schnelle Ableitung der hei\u00dfen Luft und halten gleichzeitig den Staub durch einen 50-Mikron-Maschenfilter ab.<\/li>\n<li><strong>Fastar-Kompatibilit\u00e4t :<\/strong> Erm\u00f6glicht den Wechsel zu einem Brennweitenverh\u00e4ltnis von 1:2 f\u00fcr schnelle Bildgebung mit gro\u00dfem Bildfeld.<\/li>\n<\/ul>\n<h3>Rigorose Qualit\u00e4tstests<\/h3>\n<p>\nJeder C11 EdgeHD wird gr\u00fcndlich getestet, um eine optimale optische und mechanische Leistung zu gew\u00e4hrleisten. Die endg\u00fcltige Validierung erfolgt \u00fcber einen k\u00fcnstlichen Stern und eine Kamera, um die Bildqualit\u00e4t und die Genauigkeit des Systems zu \u00fcberpr\u00fcfen.\n<\/p>\n<h3>Enthaltenes Zubeh\u00f6r f\u00fcr eine umfassende Erfahrung<\/h3>\n<ul>\n<li>Sucher 9\u00d750: Finde deine Ziele mit Pr\u00e4zision.<\/li>\n<li>Diagonalspiegel 2\" : F\u00fcr die bequeme Beobachtung mit Weitfeldokularen.<\/li>\n<li>Luminos-Okular 23 mm (2\") : Genie\u00dfen Sie eine immersive und detaillierte Sicht.<\/li>\n<\/ul>\n<h3>Vielseitige Anwendungen<\/h3>\n<ul>\n<li><strong>Visuelle Beobachtung :<\/strong> Erkunden Sie Planeten, den Mond und Deep-Sky-Objekte in gestochen scharfer Qualit\u00e4t.<\/li>\n<li><strong>Fortgeschrittene Astrofotografie :<\/strong> Erfassen Sie pr\u00e4zise Details von Nebeln, Galaxien und Sternhaufen.<\/li>\n<li><strong>Schnelle Bildgebung mit Fastar :<\/strong> Ideal f\u00fcr kurze und effektive Imaging-Sessions.<\/li>\n<\/ul>\n<h3>Schlussfolgerung<\/h3>\n<p>\nDas Celestron C11 EdgeHD ist das ultimative Werkzeug f\u00fcr Astronomie-Enthusiasten, die nach au\u00dfergew\u00f6hnlicher Leistung und kompromissloser Vielseitigkeit suchen. Erkunden Sie das Universum mit einem Instrument, das entwickelt wurde, um die Grenzen Ihrer Himmelsentdeckungen zu erweitern.<\/p>","protected":false},"excerpt":{"rendered":"<p>Celestron C11 EdgeHD : L\u2019Excellence Optique pour Explorer l\u2019Univers D\u00e9couvrez le Celestron C11 EdgeHD, un t\u00e9lescope Schmidt-Cassegrain de r\u00e9f\u00e9rence qui associe des performances optiques de pointe \u00e0 une conception m\u00e9canique avanc\u00e9e. Id\u00e9al pour l\u2019astrophotographie et l\u2019observation visuelle, cet instrument offre des images nettes et sans aberration jusqu\u2019aux bords des capteurs et des oculaires les plus [&hellip;]<\/p>\n","protected":false},"featured_media":2674,"comment_status":"open","ping_status":"closed","template":"","meta":[],"product_brand":[413],"product_cat":[748,392],"product_tag":[],"class_list":{"0":"post-2678","1":"product","2":"type-product","3":"status-publish","4":"has-post-thumbnail","6":"product_brand-celestron","7":"product_cat-schmidt-cassegrain","8":"product_cat-telescopes_reflecteurs","10":"first","11":"instock","12":"sale","13":"taxable","14":"shipping-taxable","15":"purchasable","16":"product-type-simple"},"_links":{"self":[{"href":"https:\/\/deep-space-astronomy.ch\/de\/wp-json\/wp\/v2\/product\/2678","targetHints":{"allow":["GET"]}}],"collection":[{"href":"https:\/\/deep-space-astronomy.ch\/de\/wp-json\/wp\/v2\/product"}],"about":[{"href":"https:\/\/deep-space-astronomy.ch\/de\/wp-json\/wp\/v2\/types\/product"}],"replies":[{"embeddable":true,"href":"https:\/\/deep-space-astronomy.ch\/de\/wp-json\/wp\/v2\/comments?post=2678"}],"wp:featuredmedia":[{"embeddable":true,"href":"https:\/\/deep-space-astronomy.ch\/de\/wp-json\/wp\/v2\/media\/2674"}],"wp:attachment":[{"href":"https:\/\/deep-space-astronomy.ch\/de\/wp-json\/wp\/v2\/media?parent=2678"}],"wp:term":[{"taxonomy":"product_brand","embeddable":true,"href":"https:\/\/deep-space-astronomy.ch\/de\/wp-json\/wp\/v2\/product_brand?post=2678"},{"taxonomy":"product_cat","embeddable":true,"href":"https:\/\/deep-space-astronomy.ch\/de\/wp-json\/wp\/v2\/product_cat?post=2678"},{"taxonomy":"product_tag","embeddable":true,"href":"https:\/\/deep-space-astronomy.ch\/de\/wp-json\/wp\/v2\/product_tag?post=2678"}],"curies":[{"name":"wp","href":"https:\/\/api.w.org\/{rel}","templated":true}]}}