{"id":2683,"date":"2025-03-06T15:39:55","date_gmt":"2025-03-06T14:39:55","guid":{"rendered":"https:\/\/deep-space-astronomy.geekworkers.dev\/produit\/schmidt-cassegrain-c14-edgehd-360mm-14\/"},"modified":"2025-11-24T19:13:42","modified_gmt":"2025-11-24T18:13:42","slug":"schmidt-cassegrain-c14-edgehd-360mm-14","status":"publish","type":"product","link":"https:\/\/deep-space-astronomy.ch\/de\/produkt\/schmidt-cassegrain-c14-edgehd-360mm-14\/","title":{"rendered":"Schmidt-Cassegrain C14 EdgeHD 360mm (14\u2033)"},"content":{"rendered":"<h3>Celestron C14 EdgeHD: Ultimative Exzellenz f\u00fcr Astrofotografie und Beobachtung<\/h3>\n<p>\nDas Celestron C14 EdgeHD ist das ultimative Schmidt-Cassegrain-Teleskop, das eine un\u00fcbertroffene optische Leistung und ein fortschrittliches Design bietet. Es wurde entwickelt, um den Anforderungen anspruchsvoller Amateurastronomen und professioneller Astrofotografen gerecht zu werden, und garantiert scharfe, aberrationsfreie Bilder, selbst mit den gr\u00f6\u00dften Sensoren und Okularen.\n<\/p>\n<h3>Au\u00dfergew\u00f6hnliche optische Qualit\u00e4t<\/h3>\n<ul>\n<li><strong>Korrektur von Aberrationen :<\/strong> Beseitigt Koma und Feldw\u00f6lbung f\u00fcr perfekt punktf\u00f6rmige Sterne, selbst an den R\u00e4ndern von digitalen Sensoren.<\/li>\n<li><strong>Ultraflache Fokusebene :<\/strong> Dreimal flacher als ein herk\u00f6mmlicher Schmidt-Cassegrain, ideal f\u00fcr die Bildgebung mit den gr\u00f6\u00dften CCD- oder CMOS-Sensoren.<\/li>\n<li><strong>StarBright XLT-Behandlung :<\/strong> Maximiert die Lichtdurchl\u00e4ssigkeit f\u00fcr helle und kontrastreiche Bilder.<\/li>\n<\/ul>\n<h3>Au\u00dfergew\u00f6hnliche Vielseitigkeit<\/h3>\n<ul>\n<li><strong>Natives Brennweitenverh\u00e4ltnis f\/11 :<\/strong> Perfekt, um pr\u00e4zise Details von Deep-Sky-Objekten einzufangen.<\/li>\n<li><strong>Verkleinerung auf f\/7 :<\/strong> Vergr\u00f6\u00dfern Sie das Sichtfeld mit einem optionalen Brennweitenreduzierer.<\/li>\n<li><strong>Schnelle Bildgebung bei f\/2 mit Fastar :<\/strong> Verwandeln Sie Ihr Teleskop f\u00fcr ultraschnelle Aufnahmen mit gro\u00dfem Bildfeld.<\/li>\n<\/ul>\n<h3>Fortgeschrittene mechanische Eigenschaften<\/h3>\n<ul>\n<li><strong>Verriegelung des Hauptspiegels :<\/strong> Reduziert die Spiegelverschiebung f\u00fcr ein stabiles Bild bei langen Belichtungszeiten.<\/li>\n<li><strong>Integriertes Bel\u00fcftungssystem :<\/strong> Entl\u00fcftungs\u00f6ffnungen auf der R\u00fcckseite des Tubus leiten die hei\u00dfe Luft hinter dem Hauptspiegel ab und halten gleichzeitig Staub durch eingebaute 50-Mikron-Filter ab.<\/li>\n<li><strong>Fastar-Kompatibilit\u00e4t :<\/strong> Erm\u00f6glicht das Entfernen des Zweitspiegels und das Hinzuf\u00fcgen eines Drittanbieterzubeh\u00f6rs f\u00fcr einen schnellen Fokussierungsvorgang.<\/li>\n<\/ul>\n<h3>\u00dcberlegene Leistung<\/h3>\n<p>\nDie hochmoderne Optik des C14 EdgeHD verbessert die Sch\u00e4rfe der Sterne, erh\u00f6ht die Aufl\u00f6sung und verschiebt die Grenzmagnitude im Vergleich zu Teleskopen \u00e4hnlicher Gr\u00f6\u00dfe. Jede Einheit wird strengen Tests unterzogen (k\u00fcnstlicher Stern und Kamera), um eine au\u00dfergew\u00f6hnliche Bildqualit\u00e4t zu gew\u00e4hrleisten.\n<\/p>\n<h3>Enthaltenes Zubeh\u00f6r<\/h3>\n<ul>\n<li>Sucher 9\u00d750: Sp\u00fcren Sie Ihre Ziele genau auf.<\/li>\n<li>Diagonalspiegel 2\" : F\u00fcr die bequeme Beobachtung mit Weitfeldokularen.<\/li>\n<li>Okular Luminos 23 mm (2\") : F\u00fcr eine weite und immersive Sicht.<\/li>\n<\/ul>\n<h3>Verschiedene Anwendungen<\/h3>\n<ul>\n<li><strong>Visuelle Beobachtung :<\/strong> Erkunden Sie Planeten, den Mond und Deep-Sky-Objekte mit unvergleichlicher Sch\u00e4rfe.<\/li>\n<li><strong>Fortgeschrittene Astrofotografie :<\/strong> Erfassen Sie die Details von Nebeln, Galaxien und Sternhaufen.<\/li>\n<li><strong>Schnelle Bildgebung mit Fastar :<\/strong> Ideal f\u00fcr Weitfeldaufnahmen und schnelle Bildsitzungen.<\/li>\n<\/ul>\n<h3>Schlussfolgerung<\/h3>\n<p>\nDas Celestron C14 EdgeHD wurde f\u00fcr diejenigen entwickelt, die nach ultimativer optischer und mechanischer Leistung suchen. G\u00f6nnen Sie sich ein Beobachtungs- und Bilderlebnis der Weltklasse, und erkunden Sie das Universum wie nie zuvor.<\/p>","protected":false},"excerpt":{"rendered":"<p>Celestron C14 EdgeHD : L\u2019Excellence Ultime pour l\u2019Astrophotographie et l\u2019Observation Le Celestron C14 EdgeHD est le summum des t\u00e9lescopes Schmidt-Cassegrain, offrant des performances optiques in\u00e9gal\u00e9es et une conception avanc\u00e9e. Con\u00e7u pour r\u00e9pondre aux besoins des astronomes amateurs exigeants et des astrophotographes professionnels, il garantit des images nettes et sans aberration, m\u00eame avec les plus grands [&hellip;]<\/p>\n","protected":false},"featured_media":2679,"comment_status":"open","ping_status":"closed","template":"","meta":[],"product_brand":[413],"product_cat":[748,392],"product_tag":[],"class_list":{"0":"post-2683","1":"product","2":"type-product","3":"status-publish","4":"has-post-thumbnail","6":"product_brand-celestron","7":"product_cat-schmidt-cassegrain","8":"product_cat-telescopes_reflecteurs","10":"first","11":"onbackorder","12":"taxable","13":"shipping-taxable","14":"purchasable","15":"product-type-simple"},"_links":{"self":[{"href":"https:\/\/deep-space-astronomy.ch\/de\/wp-json\/wp\/v2\/product\/2683","targetHints":{"allow":["GET"]}}],"collection":[{"href":"https:\/\/deep-space-astronomy.ch\/de\/wp-json\/wp\/v2\/product"}],"about":[{"href":"https:\/\/deep-space-astronomy.ch\/de\/wp-json\/wp\/v2\/types\/product"}],"replies":[{"embeddable":true,"href":"https:\/\/deep-space-astronomy.ch\/de\/wp-json\/wp\/v2\/comments?post=2683"}],"wp:featuredmedia":[{"embeddable":true,"href":"https:\/\/deep-space-astronomy.ch\/de\/wp-json\/wp\/v2\/media\/2679"}],"wp:attachment":[{"href":"https:\/\/deep-space-astronomy.ch\/de\/wp-json\/wp\/v2\/media?parent=2683"}],"wp:term":[{"taxonomy":"product_brand","embeddable":true,"href":"https:\/\/deep-space-astronomy.ch\/de\/wp-json\/wp\/v2\/product_brand?post=2683"},{"taxonomy":"product_cat","embeddable":true,"href":"https:\/\/deep-space-astronomy.ch\/de\/wp-json\/wp\/v2\/product_cat?post=2683"},{"taxonomy":"product_tag","embeddable":true,"href":"https:\/\/deep-space-astronomy.ch\/de\/wp-json\/wp\/v2\/product_tag?post=2683"}],"curies":[{"name":"wp","href":"https:\/\/api.w.org\/{rel}","templated":true}]}}